{"id":13010,"date":"2026-02-24T16:36:21","date_gmt":"2026-02-24T15:36:21","guid":{"rendered":"https:\/\/www.aplicacionsaudiovisuals.com\/?post_type=product&#038;p=13010"},"modified":"2026-02-26T17:52:27","modified_gmt":"2026-02-26T16:52:27","slug":"hm4x4s-copia-copia-copia-copia-copia-copia-copia-copia-copia-copia-copia-copia-copia-copia-copia-copia-copia","status":"publish","type":"product","link":"https:\/\/www.aplicacionsaudiovisuals.com\/es\/producto\/mezcladores\/hm4x4s-copia-copia-copia-copia-copia-copia-copia-copia-copia-copia-copia-copia-copia-copia-copia-copia-copia\/","title":{"rendered":"ROOMMATE"},"content":{"rendered":"<p data-path-to-node=\"1\"><strong>Especificaciones T\u00e9cnicas<\/strong><\/p>\n<p data-path-to-node=\"2,0,0\"><b data-path-to-node=\"2,0,0\" data-index-in-node=\"0\">Entradas:<\/b><\/p>\n<ul>\n<li data-path-to-node=\"2,0,1,0,0\"><b data-path-to-node=\"2,0,1,0,0\" data-index-in-node=\"0\">L\u00ednea\/Aux:<\/b> Impedancia de entrada de 10k ohmios; sensibilidad de 77mV rms para una salida de 1,22V.<\/li>\n<li data-path-to-node=\"2,0,1,1,0\"><b data-path-to-node=\"2,0,1,1,0\" data-index-in-node=\"0\">Micr\u00f3fono:<\/b> Impedancia de entrada de 600 ohmios no balanceada; sensibilidad de 1mV rms para una salida de 1,22V.<\/li>\n<\/ul>\n<p data-path-to-node=\"2,1,0\"><b data-path-to-node=\"2,1,0\" data-index-in-node=\"0\">Salidas:<\/b><\/p>\n<ul>\n<li data-path-to-node=\"2,1,1,0,0\"><b data-path-to-node=\"2,1,1,0,0\" data-index-in-node=\"0\">L\u00ednea:<\/b> 9V rms m\u00e1x.<\/li>\n<li data-path-to-node=\"2,1,1,1,0\"><b data-path-to-node=\"2,1,1,1,0\" data-index-in-node=\"0\">Auriculares:<\/b> 0,5W a 47 ohms.<\/li>\n<li data-path-to-node=\"2,2,0\"><b data-path-to-node=\"2,2,0\" data-index-in-node=\"0\">Relaci\u00f3n Se\u00f1al\/Ruido (S\/N Ratio):<\/b> &gt;98 dB.<\/li>\n<li data-path-to-node=\"2,3,0\"><b data-path-to-node=\"2,3,0\" data-index-in-node=\"0\">Distorsi\u00f3n Arm\u00f3nica Total (THD):<\/b> &lt;0,02% (1 kHz).<\/li>\n<li data-path-to-node=\"2,4,0\"><b data-path-to-node=\"2,4,0\" data-index-in-node=\"0\">Respuesta en frecuencia:<\/b> 20 Hz ~ 20 kHz (+- 0,5 dB).<\/li>\n<li data-path-to-node=\"2,5,0\"><b data-path-to-node=\"2,5,0\" data-index-in-node=\"0\">Consumo de energ\u00eda:<\/b> AC 90-250V; 50 Hz-60 Hz; 21W.<\/li>\n<\/ul>\n<p data-path-to-node=\"2,6,0\"><b data-path-to-node=\"2,6,0\" data-index-in-node=\"0\">Dimensiones:<\/b><\/p>\n<ul>\n<li data-path-to-node=\"2,6,1,0,0\"><b data-path-to-node=\"2,6,1,0,0\" data-index-in-node=\"0\">Panel frontal:<\/b> 483 x 177 mm.<\/li>\n<li data-path-to-node=\"2,6,1,1,0\"><b data-path-to-node=\"2,6,1,1,0\" data-index-in-node=\"0\">Panel posterior:<\/b> 434 x 80 mm.<\/li>\n<li data-path-to-node=\"2,6,1,2,0\"><b data-path-to-node=\"2,6,1,2,0\" data-index-in-node=\"0\">Profundidad:<\/b> 85 mm (incluidos los pies de goma).<\/li>\n<li data-path-to-node=\"2,8,0\"><b data-path-to-node=\"2,8,0\" data-index-in-node=\"0\">Peso:<\/b> 4,0 kg.<\/li>\n<\/ul>\n","protected":false},"excerpt":{"rendered":"<p data-path-to-node=\"2\">El <b data-path-to-node=\"2\" data-index-in-node=\"3\">ROOMMATE<\/b> es un mezclador de matriz est\u00e9reo de 6 entradas y 4 zonas. Cualquiera de los 6 canales de entrada est\u00e9reo se puede distribuir libremente en cada una de las 4 salidas de zona est\u00e9reo. Permite conectar y controlar hasta 3 micr\u00f3fonos y 11 fuentes de l\u00ednea est\u00e9reo como reproductores de CD, radios o receptores de sat\u00e9lite y cable. Como extra, las conexiones USB duales adicionales permiten una entrada de audio est\u00e9reo de 2 canales desde un MAC o PC.   <\/p>\n<p data-path-to-node=\"3\"><b data-path-to-node=\"3\" data-index-in-node=\"0\">Caracter\u00edsticas principales<\/b><\/p>\n<ul>\n<li data-path-to-node=\"4,0,0\">5 canales de control de l\u00ednea m\u00e1s una secci\u00f3n de micr\u00f3fono independiente.<\/li>\n<li data-path-to-node=\"4,1,0\"><span class=\"citation-354 citation-end-354\">11 entradas de l\u00ednea est\u00e9reo y 3 entradas de micr\u00f3fono.<\/span><\/li>\n<li data-path-to-node=\"4,2,0\"><span class=\"citation-353 citation-end-353\">Ecualizador de 3 bandas por canal.<\/span><\/li>\n<li data-path-to-node=\"4,3,0\"><span class=\"citation-352 citation-end-352\">2 canales de entrada USB para la reproducci\u00f3n de audio desde un ordenador.<\/span><\/li>\n<li data-path-to-node=\"4,4,0\"><span class=\"citation-351 citation-end-351\">2 pares de salidas XLR est\u00e9reo balanceadas para Master y Zona 1.<\/span><\/li>\n<li data-path-to-node=\"4,5,0\">Salidas RCA para las zonas 3 y 4.<\/li>\n<li data-path-to-node=\"4,6,0\"><span class=\"citation-350 citation-end-350\">Controles de ganancia empotrados.<\/span><\/li>\n<li data-path-to-node=\"4,7,0\"><span class=\"citation-349 citation-end-349\">Conmutadores de mono\/est\u00e9reo, master y zonas empotrados.<\/span><\/li>\n<li data-path-to-node=\"4,8,0\"><span class=\"citation-348 citation-end-348\">Controles de volumen de salida empotrados y ocultables.<\/span><\/li>\n<li data-path-to-node=\"4,9,0\">Salida de auriculares con control de cue\/mix.<\/li>\n<\/ul>\n<p>&nbsp;<\/p>\n[otaru_core_button button_layout=\"filled\" text=\"Ficha t\u00e9cnica\" link=\"https:\/\/www.aplicacionsaudiovisuals.com\/wp-content\/uploads\/2026\/02\/Newhank_Roommate_Specsheet.pdf\" target=\"_blank\" _transform_keep_proportions=\"yes\" _transform_keep_proportions_hover=\"yes\"]\n[otaru_core_button button_layout=\"filled\" text=\"Manual\" link=\"https:\/\/www.aplicacionsaudiovisuals.com\/wp-content\/uploads\/2026\/02\/manual-roommate.pdf\" target=\"_blank\" _transform_keep_proportions=\"yes\" _transform_keep_proportions_hover=\"yes\"]\n<p>&nbsp;<\/p>\n<p>&nbsp;<\/p>\n<p>&nbsp;<\/p>\n","protected":false},"featured_media":13014,"template":"","meta":[],"product_brand":[],"product_cat":[214],"product_tag":[202],"class_list":{"0":"post-13010","1":"product","2":"type-product","3":"status-publish","4":"has-post-thumbnail","6":"product_cat-mezcladores","7":"product_tag-newhank-es","8":"pa_marca-newhank-es","10":"first","11":"instock","12":"shipping-taxable","13":"product-type-simple"},"yoast_head":"<!-- This site is optimized with the Yoast SEO plugin v24.9 - https:\/\/yoast.com\/wordpress\/plugins\/seo\/ -->\n<title>ROOMMATE - Aplicacions Audiovisuals<\/title>\n<meta name=\"description\" content=\"NewHank ROOMMATE en Aplicaciones Audiovisuales: Mezclador de matriz est\u00e9reo 6x4. Controla 11 l\u00edneas, 3 micros y 4 zonas independientes. La soluci\u00f3n definitiva para multi-sala.\" \/>\n<meta name=\"robots\" content=\"index, follow, max-snippet:-1, max-image-preview:large, max-video-preview:-1\" \/>\n<link rel=\"canonical\" href=\"https:\/\/www.aplicacionsaudiovisuals.com\/es\/producto\/mezcladores\/hm4x4s-copia-copia-copia-copia-copia-copia-copia-copia-copia-copia-copia-copia-copia-copia-copia-copia-copia\/\" \/>\n<meta property=\"og:locale\" content=\"es_ES\" \/>\n<meta property=\"og:type\" content=\"article\" \/>\n<meta property=\"og:title\" content=\"ROOMMATE - Aplicacions Audiovisuals\" \/>\n<meta property=\"og:description\" content=\"NewHank ROOMMATE en Aplicaciones Audiovisuales: Mezclador de matriz est\u00e9reo 6x4. Controla 11 l\u00edneas, 3 micros y 4 zonas independientes. La soluci\u00f3n definitiva para multi-sala.\" \/>\n<meta property=\"og:url\" content=\"https:\/\/www.aplicacionsaudiovisuals.com\/es\/producto\/mezcladores\/hm4x4s-copia-copia-copia-copia-copia-copia-copia-copia-copia-copia-copia-copia-copia-copia-copia-copia-copia\/\" \/>\n<meta property=\"og:site_name\" content=\"Aplicacions Audiovisuals\" \/>\n<meta property=\"article:publisher\" content=\"https:\/\/www.facebook.com\/aplicacionsaudiovisuals\" \/>\n<meta property=\"article:modified_time\" content=\"2026-02-26T16:52:27+00:00\" \/>\n<meta property=\"og:image\" content=\"https:\/\/www.aplicacionsaudiovisuals.com\/wp-content\/uploads\/2026\/02\/newhank-ROOMMATE.jpg\" \/>\n\t<meta property=\"og:image:width\" content=\"1000\" \/>\n\t<meta property=\"og:image:height\" content=\"1200\" \/>\n\t<meta property=\"og:image:type\" content=\"image\/jpeg\" \/>\n<meta name=\"twitter:card\" content=\"summary_large_image\" \/>\n<meta name=\"twitter:label1\" content=\"Tiempo de lectura\" \/>\n\t<meta name=\"twitter:data1\" content=\"1 minuto\" \/>\n<script type=\"application\/ld+json\" class=\"yoast-schema-graph\">{\"@context\":\"https:\/\/schema.org\",\"@graph\":[{\"@type\":\"WebPage\",\"@id\":\"https:\/\/www.aplicacionsaudiovisuals.com\/es\/producto\/mezcladores\/hm4x4s-copia-copia-copia-copia-copia-copia-copia-copia-copia-copia-copia-copia-copia-copia-copia-copia-copia\/\",\"url\":\"https:\/\/www.aplicacionsaudiovisuals.com\/es\/producto\/mezcladores\/hm4x4s-copia-copia-copia-copia-copia-copia-copia-copia-copia-copia-copia-copia-copia-copia-copia-copia-copia\/\",\"name\":\"ROOMMATE - Aplicacions Audiovisuals\",\"isPartOf\":{\"@id\":\"https:\/\/www.aplicacionsaudiovisuals.com\/es\/#website\"},\"primaryImageOfPage\":{\"@id\":\"https:\/\/www.aplicacionsaudiovisuals.com\/es\/producto\/mezcladores\/hm4x4s-copia-copia-copia-copia-copia-copia-copia-copia-copia-copia-copia-copia-copia-copia-copia-copia-copia\/#primaryimage\"},\"image\":{\"@id\":\"https:\/\/www.aplicacionsaudiovisuals.com\/es\/producto\/mezcladores\/hm4x4s-copia-copia-copia-copia-copia-copia-copia-copia-copia-copia-copia-copia-copia-copia-copia-copia-copia\/#primaryimage\"},\"thumbnailUrl\":\"https:\/\/www.aplicacionsaudiovisuals.com\/wp-content\/uploads\/2026\/02\/newhank-ROOMMATE.jpg\",\"datePublished\":\"2026-02-24T15:36:21+00:00\",\"dateModified\":\"2026-02-26T16:52:27+00:00\",\"description\":\"NewHank ROOMMATE en Aplicaciones Audiovisuales: Mezclador de matriz est\u00e9reo 6x4. Controla 11 l\u00edneas, 3 micros y 4 zonas independientes. La soluci\u00f3n definitiva para multi-sala.\",\"breadcrumb\":{\"@id\":\"https:\/\/www.aplicacionsaudiovisuals.com\/es\/producto\/mezcladores\/hm4x4s-copia-copia-copia-copia-copia-copia-copia-copia-copia-copia-copia-copia-copia-copia-copia-copia-copia\/#breadcrumb\"},\"inLanguage\":\"es\",\"potentialAction\":[{\"@type\":\"ReadAction\",\"target\":[\"https:\/\/www.aplicacionsaudiovisuals.com\/es\/producto\/mezcladores\/hm4x4s-copia-copia-copia-copia-copia-copia-copia-copia-copia-copia-copia-copia-copia-copia-copia-copia-copia\/\"]}]},{\"@type\":\"ImageObject\",\"inLanguage\":\"es\",\"@id\":\"https:\/\/www.aplicacionsaudiovisuals.com\/es\/producto\/mezcladores\/hm4x4s-copia-copia-copia-copia-copia-copia-copia-copia-copia-copia-copia-copia-copia-copia-copia-copia-copia\/#primaryimage\",\"url\":\"https:\/\/www.aplicacionsaudiovisuals.com\/wp-content\/uploads\/2026\/02\/newhank-ROOMMATE.jpg\",\"contentUrl\":\"https:\/\/www.aplicacionsaudiovisuals.com\/wp-content\/uploads\/2026\/02\/newhank-ROOMMATE.jpg\",\"width\":1000,\"height\":1200,\"caption\":\"NewHank ROOMMATE\"},{\"@type\":\"BreadcrumbList\",\"@id\":\"https:\/\/www.aplicacionsaudiovisuals.com\/es\/producto\/mezcladores\/hm4x4s-copia-copia-copia-copia-copia-copia-copia-copia-copia-copia-copia-copia-copia-copia-copia-copia-copia\/#breadcrumb\",\"itemListElement\":[{\"@type\":\"ListItem\",\"position\":1,\"name\":\"Inici\",\"item\":\"https:\/\/www.aplicacionsaudiovisuals.com\/es\/\"},{\"@type\":\"ListItem\",\"position\":2,\"name\":\"Cat\u00e1logo\",\"item\":\"https:\/\/www.aplicacionsaudiovisuals.com\/es\/catalogo\/\"},{\"@type\":\"ListItem\",\"position\":3,\"name\":\"ROOMMATE\"}]},{\"@type\":\"WebSite\",\"@id\":\"https:\/\/www.aplicacionsaudiovisuals.com\/es\/#website\",\"url\":\"https:\/\/www.aplicacionsaudiovisuals.com\/es\/\",\"name\":\"Aplicacions Audiovisuals\",\"description\":\"Projectes de condicionament ac\u00fastic\",\"publisher\":{\"@id\":\"https:\/\/www.aplicacionsaudiovisuals.com\/es\/#organization\"},\"alternateName\":\"Aplicacions Audiovisuals\",\"potentialAction\":[{\"@type\":\"SearchAction\",\"target\":{\"@type\":\"EntryPoint\",\"urlTemplate\":\"https:\/\/www.aplicacionsaudiovisuals.com\/es\/?s={search_term_string}\"},\"query-input\":{\"@type\":\"PropertyValueSpecification\",\"valueRequired\":true,\"valueName\":\"search_term_string\"}}],\"inLanguage\":\"es\"},{\"@type\":\"Organization\",\"@id\":\"https:\/\/www.aplicacionsaudiovisuals.com\/es\/#organization\",\"name\":\"Aplicacions Audiovisuals\",\"url\":\"https:\/\/www.aplicacionsaudiovisuals.com\/es\/\",\"logo\":{\"@type\":\"ImageObject\",\"inLanguage\":\"es\",\"@id\":\"https:\/\/www.aplicacionsaudiovisuals.com\/es\/#\/schema\/logo\/image\/\",\"url\":\"https:\/\/www.aplicacionsaudiovisuals.com\/wp-content\/uploads\/2025\/03\/aplicacions-audiovisuals-logo-negre.png\",\"contentUrl\":\"https:\/\/www.aplicacionsaudiovisuals.com\/wp-content\/uploads\/2025\/03\/aplicacions-audiovisuals-logo-negre.png\",\"width\":500,\"height\":195,\"caption\":\"Aplicacions Audiovisuals\"},\"image\":{\"@id\":\"https:\/\/www.aplicacionsaudiovisuals.com\/es\/#\/schema\/logo\/image\/\"},\"sameAs\":[\"https:\/\/www.facebook.com\/aplicacionsaudiovisuals\"]}]}<\/script>\n<!-- \/ Yoast SEO plugin. -->","yoast_head_json":{"title":"ROOMMATE - Aplicacions Audiovisuals","description":"NewHank ROOMMATE en Aplicaciones Audiovisuales: Mezclador de matriz est\u00e9reo 6x4. Controla 11 l\u00edneas, 3 micros y 4 zonas independientes. La soluci\u00f3n definitiva para multi-sala.","robots":{"index":"index","follow":"follow","max-snippet":"max-snippet:-1","max-image-preview":"max-image-preview:large","max-video-preview":"max-video-preview:-1"},"canonical":"https:\/\/www.aplicacionsaudiovisuals.com\/es\/producto\/mezcladores\/hm4x4s-copia-copia-copia-copia-copia-copia-copia-copia-copia-copia-copia-copia-copia-copia-copia-copia-copia\/","og_locale":"es_ES","og_type":"article","og_title":"ROOMMATE - Aplicacions Audiovisuals","og_description":"NewHank ROOMMATE en Aplicaciones Audiovisuales: Mezclador de matriz est\u00e9reo 6x4. Controla 11 l\u00edneas, 3 micros y 4 zonas independientes. La soluci\u00f3n definitiva para multi-sala.","og_url":"https:\/\/www.aplicacionsaudiovisuals.com\/es\/producto\/mezcladores\/hm4x4s-copia-copia-copia-copia-copia-copia-copia-copia-copia-copia-copia-copia-copia-copia-copia-copia-copia\/","og_site_name":"Aplicacions Audiovisuals","article_publisher":"https:\/\/www.facebook.com\/aplicacionsaudiovisuals","article_modified_time":"2026-02-26T16:52:27+00:00","og_image":[{"width":1000,"height":1200,"url":"https:\/\/www.aplicacionsaudiovisuals.com\/wp-content\/uploads\/2026\/02\/newhank-ROOMMATE.jpg","type":"image\/jpeg"}],"twitter_card":"summary_large_image","twitter_misc":{"Tiempo de lectura":"1 minuto"},"schema":{"@context":"https:\/\/schema.org","@graph":[{"@type":"WebPage","@id":"https:\/\/www.aplicacionsaudiovisuals.com\/es\/producto\/mezcladores\/hm4x4s-copia-copia-copia-copia-copia-copia-copia-copia-copia-copia-copia-copia-copia-copia-copia-copia-copia\/","url":"https:\/\/www.aplicacionsaudiovisuals.com\/es\/producto\/mezcladores\/hm4x4s-copia-copia-copia-copia-copia-copia-copia-copia-copia-copia-copia-copia-copia-copia-copia-copia-copia\/","name":"ROOMMATE - Aplicacions Audiovisuals","isPartOf":{"@id":"https:\/\/www.aplicacionsaudiovisuals.com\/es\/#website"},"primaryImageOfPage":{"@id":"https:\/\/www.aplicacionsaudiovisuals.com\/es\/producto\/mezcladores\/hm4x4s-copia-copia-copia-copia-copia-copia-copia-copia-copia-copia-copia-copia-copia-copia-copia-copia-copia\/#primaryimage"},"image":{"@id":"https:\/\/www.aplicacionsaudiovisuals.com\/es\/producto\/mezcladores\/hm4x4s-copia-copia-copia-copia-copia-copia-copia-copia-copia-copia-copia-copia-copia-copia-copia-copia-copia\/#primaryimage"},"thumbnailUrl":"https:\/\/www.aplicacionsaudiovisuals.com\/wp-content\/uploads\/2026\/02\/newhank-ROOMMATE.jpg","datePublished":"2026-02-24T15:36:21+00:00","dateModified":"2026-02-26T16:52:27+00:00","description":"NewHank ROOMMATE en Aplicaciones Audiovisuales: Mezclador de matriz est\u00e9reo 6x4. Controla 11 l\u00edneas, 3 micros y 4 zonas independientes. La soluci\u00f3n definitiva para multi-sala.","breadcrumb":{"@id":"https:\/\/www.aplicacionsaudiovisuals.com\/es\/producto\/mezcladores\/hm4x4s-copia-copia-copia-copia-copia-copia-copia-copia-copia-copia-copia-copia-copia-copia-copia-copia-copia\/#breadcrumb"},"inLanguage":"es","potentialAction":[{"@type":"ReadAction","target":["https:\/\/www.aplicacionsaudiovisuals.com\/es\/producto\/mezcladores\/hm4x4s-copia-copia-copia-copia-copia-copia-copia-copia-copia-copia-copia-copia-copia-copia-copia-copia-copia\/"]}]},{"@type":"ImageObject","inLanguage":"es","@id":"https:\/\/www.aplicacionsaudiovisuals.com\/es\/producto\/mezcladores\/hm4x4s-copia-copia-copia-copia-copia-copia-copia-copia-copia-copia-copia-copia-copia-copia-copia-copia-copia\/#primaryimage","url":"https:\/\/www.aplicacionsaudiovisuals.com\/wp-content\/uploads\/2026\/02\/newhank-ROOMMATE.jpg","contentUrl":"https:\/\/www.aplicacionsaudiovisuals.com\/wp-content\/uploads\/2026\/02\/newhank-ROOMMATE.jpg","width":1000,"height":1200,"caption":"NewHank ROOMMATE"},{"@type":"BreadcrumbList","@id":"https:\/\/www.aplicacionsaudiovisuals.com\/es\/producto\/mezcladores\/hm4x4s-copia-copia-copia-copia-copia-copia-copia-copia-copia-copia-copia-copia-copia-copia-copia-copia-copia\/#breadcrumb","itemListElement":[{"@type":"ListItem","position":1,"name":"Inici","item":"https:\/\/www.aplicacionsaudiovisuals.com\/es\/"},{"@type":"ListItem","position":2,"name":"Cat\u00e1logo","item":"https:\/\/www.aplicacionsaudiovisuals.com\/es\/catalogo\/"},{"@type":"ListItem","position":3,"name":"ROOMMATE"}]},{"@type":"WebSite","@id":"https:\/\/www.aplicacionsaudiovisuals.com\/es\/#website","url":"https:\/\/www.aplicacionsaudiovisuals.com\/es\/","name":"Aplicacions Audiovisuals","description":"Projectes de condicionament ac\u00fastic","publisher":{"@id":"https:\/\/www.aplicacionsaudiovisuals.com\/es\/#organization"},"alternateName":"Aplicacions Audiovisuals","potentialAction":[{"@type":"SearchAction","target":{"@type":"EntryPoint","urlTemplate":"https:\/\/www.aplicacionsaudiovisuals.com\/es\/?s={search_term_string}"},"query-input":{"@type":"PropertyValueSpecification","valueRequired":true,"valueName":"search_term_string"}}],"inLanguage":"es"},{"@type":"Organization","@id":"https:\/\/www.aplicacionsaudiovisuals.com\/es\/#organization","name":"Aplicacions Audiovisuals","url":"https:\/\/www.aplicacionsaudiovisuals.com\/es\/","logo":{"@type":"ImageObject","inLanguage":"es","@id":"https:\/\/www.aplicacionsaudiovisuals.com\/es\/#\/schema\/logo\/image\/","url":"https:\/\/www.aplicacionsaudiovisuals.com\/wp-content\/uploads\/2025\/03\/aplicacions-audiovisuals-logo-negre.png","contentUrl":"https:\/\/www.aplicacionsaudiovisuals.com\/wp-content\/uploads\/2025\/03\/aplicacions-audiovisuals-logo-negre.png","width":500,"height":195,"caption":"Aplicacions Audiovisuals"},"image":{"@id":"https:\/\/www.aplicacionsaudiovisuals.com\/es\/#\/schema\/logo\/image\/"},"sameAs":["https:\/\/www.facebook.com\/aplicacionsaudiovisuals"]}]}},"_links":{"self":[{"href":"https:\/\/www.aplicacionsaudiovisuals.com\/es\/wp-json\/wp\/v2\/product\/13010","targetHints":{"allow":["GET"]}}],"collection":[{"href":"https:\/\/www.aplicacionsaudiovisuals.com\/es\/wp-json\/wp\/v2\/product"}],"about":[{"href":"https:\/\/www.aplicacionsaudiovisuals.com\/es\/wp-json\/wp\/v2\/types\/product"}],"version-history":[{"count":3,"href":"https:\/\/www.aplicacionsaudiovisuals.com\/es\/wp-json\/wp\/v2\/product\/13010\/revisions"}],"predecessor-version":[{"id":13159,"href":"https:\/\/www.aplicacionsaudiovisuals.com\/es\/wp-json\/wp\/v2\/product\/13010\/revisions\/13159"}],"wp:featuredmedia":[{"embeddable":true,"href":"https:\/\/www.aplicacionsaudiovisuals.com\/es\/wp-json\/wp\/v2\/media\/13014"}],"wp:attachment":[{"href":"https:\/\/www.aplicacionsaudiovisuals.com\/es\/wp-json\/wp\/v2\/media?parent=13010"}],"wp:term":[{"taxonomy":"product_brand","embeddable":true,"href":"https:\/\/www.aplicacionsaudiovisuals.com\/es\/wp-json\/wp\/v2\/product_brand?post=13010"},{"taxonomy":"product_cat","embeddable":true,"href":"https:\/\/www.aplicacionsaudiovisuals.com\/es\/wp-json\/wp\/v2\/product_cat?post=13010"},{"taxonomy":"product_tag","embeddable":true,"href":"https:\/\/www.aplicacionsaudiovisuals.com\/es\/wp-json\/wp\/v2\/product_tag?post=13010"}],"curies":[{"name":"wp","href":"https:\/\/api.w.org\/{rel}","templated":true}]}}