{"id":12994,"date":"2026-02-24T16:29:58","date_gmt":"2026-02-24T15:29:58","guid":{"rendered":"https:\/\/www.aplicacionsaudiovisuals.com\/?post_type=product&#038;p=12994"},"modified":"2026-02-26T17:53:27","modified_gmt":"2026-02-26T16:53:27","slug":"hm4x4s-copia-copia-copia-copia-copia-copia-copia-copia-copia-copia-copia-copia-copia-copia-copia-copia","status":"publish","type":"product","link":"https:\/\/www.aplicacionsaudiovisuals.com\/es\/producto\/accesorios-newhank\/hm4x4s-copia-copia-copia-copia-copia-copia-copia-copia-copia-copia-copia-copia-copia-copia-copia-copia\/","title":{"rendered":"SOULMATE"},"content":{"rendered":"<p data-path-to-node=\"1\"><strong>Especificaciones T\u00e9cnicas<\/strong><\/p>\n<p data-path-to-node=\"2\"><b data-path-to-node=\"2\" data-index-in-node=\"0\">V\u00eddeo<\/b><\/p>\n<ul data-path-to-node=\"3\">\n<li><b data-path-to-node=\"3,0,0\" data-index-in-node=\"0\">Entrada de v\u00eddeo:<\/b> (4) HDMI<\/li>\n<li><b data-path-to-node=\"3,1,0\" data-index-in-node=\"0\">Conector de entrada de v\u00eddeo:<\/b> (4) HDMI tipo A hembra<\/li>\n<li><b data-path-to-node=\"3,2,0\" data-index-in-node=\"0\">Resoluci\u00f3n de la entrada de v\u00eddeo:<\/b> Hasta a 4K @60Hz 4:4:4<\/li>\n<li><b data-path-to-node=\"3,3,0\" data-index-in-node=\"0\">Salida de v\u00eddeo:<\/b> (4) HDMI<\/li>\n<li><b data-path-to-node=\"3,4,0\" data-index-in-node=\"0\">Conector de salida de v\u00eddeo:<\/b> (4) HDMI tipus A hembra<\/li>\n<li><b data-path-to-node=\"3,5,0\" data-index-in-node=\"0\">Resoluci\u00f3n de la salida de v\u00eddeo:<\/b> Hasta a 4K @60Hz 4:4:4<\/li>\n<li><b data-path-to-node=\"3,6,0\" data-index-in-node=\"0\">Salida HDMI:<\/b> Adimete hasta 5V 500mA por cable AoC<\/li>\n<li><b data-path-to-node=\"3,7,0\" data-index-in-node=\"0\">Versi\u00f3n HDMI:<\/b> Hasta a 2.0<\/li>\n<li><b data-path-to-node=\"3,8,0\" data-index-in-node=\"0\">Versi\u00f3n HDCP:<\/b> Hasta a 2.2<\/li>\n<li><b data-path-to-node=\"3,9,0\" data-index-in-node=\"0\">Se\u00f1al de audio HDMI:<\/b> LPCM 7.1, Dolby Atmos\u00ae, Dolby\u00ae TrueHD, Dolby Digital\u00ae Plus, DTS:X\u2122 y paso a trav\u00e9s de DTS-HD\u00ae Master Audio\u2122<\/li>\n<\/ul>\n<p><b data-path-to-node=\"4\" data-index-in-node=\"0\">Salida de audio digital<\/b><\/p>\n<ul data-path-to-node=\"5\">\n<li><b data-path-to-node=\"5,0,0\" data-index-in-node=\"0\">Salida:<\/b> (4) Audio digital SPDIF<\/li>\n<li><b data-path-to-node=\"5,1,0\" data-index-in-node=\"0\">Conector de salida:<\/b> (4) Toslink<\/li>\n<li><b data-path-to-node=\"5,2,0\" data-index-in-node=\"0\">Formato de audio digital SPDIF:<\/b> Admite PCM, Dolby Digital, DTS, DTS-HD<\/li>\n<li><b data-path-to-node=\"5,3,0\" data-index-in-node=\"0\">Respuesta en frecuencia:<\/b> 20 Hz a 20 kHz, \u00b11 dB<\/li>\n<li><b data-path-to-node=\"5,4,0\" data-index-in-node=\"0\">Nivel m\u00e1ximo de salida:<\/b> \u00b10,05 dBFS<\/li>\n<li><b data-path-to-node=\"5,5,0\" data-index-in-node=\"0\">THD+N:<\/b> &lt; 0,05%, ancho de banda 20 Hz \u2013 20 kHz, sinusoidal d&#8217;1 kHz a nivel 0 dBFS<\/li>\n<li><b data-path-to-node=\"5,6,0\" data-index-in-node=\"0\">SNR:<\/b> &gt; 90 dB, ancho de banda 20 Hz &#8211; 20 kHz<\/li>\n<li><b data-path-to-node=\"5,7,0\" data-index-in-node=\"0\">Aislamiento de diafon\u00eda:<\/b> &lt; -70 dB, sinusoidal de 10 kHz a nivel 0 dBFS<\/li>\n<li><b data-path-to-node=\"5,8,0\" data-index-in-node=\"0\">Ruido:<\/b> -90 dB<\/li>\n<\/ul>\n<p><b data-path-to-node=\"6\" data-index-in-node=\"0\">Salida de audio anal\u00f3gico<\/b><\/p>\n<ul data-path-to-node=\"7\">\n<li><b data-path-to-node=\"7,0,0\" data-index-in-node=\"0\">Salida:<\/b> (4) Audio anal\u00f3gico L\/R<\/li>\n<li><b data-path-to-node=\"7,1,0\" data-index-in-node=\"0\">Conector de salida:<\/b> (4) L&amp;R (RCA)<\/li>\n<li><b data-path-to-node=\"7,2,0\" data-index-in-node=\"0\">Formato de audio digital SPDIF:<\/b> PCM 2CH<\/li>\n<li><b data-path-to-node=\"7,3,0\" data-index-in-node=\"0\">Respuesta en frecuencia:<\/b> 20 Hz a 20 kHz, \u00b11 dB<\/li>\n<li><b data-path-to-node=\"7,4,0\" data-index-in-node=\"0\">Nivel m\u00e1ximo de salida:<\/b> 2,0 Vrms \u00b1 0,5 dB<\/li>\n<li><b data-path-to-node=\"7,5,0\" data-index-in-node=\"0\">THD+N:<\/b> &lt; 0,05%, ancho de banda 20 Hz \u2013 20 kHz, sinusoidal d&#8217;1 kHz a nivel 0 dBFS<\/li>\n<li><b data-path-to-node=\"7,6,0\" data-index-in-node=\"0\">SNR:<\/b> &gt; 80 dB, ancho de banda 20 Hz &#8211; 20 kHz<\/li>\n<li><b data-path-to-node=\"7,7,0\" data-index-in-node=\"0\">Aislamiento de diafon\u00eda:<\/b> &lt; -80 dB, sinusoidal de 10 kHz a nivel 0 dBFS<\/li>\n<li><b data-path-to-node=\"7,8,0\" data-index-in-node=\"0\">Desviaci\u00f3n de nivel L-R:<\/b> &lt; 0,05 dB, sinusoidal d&#8217;1 kHz a nivel 0 dBFS<\/li>\n<li><b data-path-to-node=\"7,9,0\" data-index-in-node=\"0\">Capacidad de carga de salida:<\/b> 1k ohm o superior<\/li>\n<li><b data-path-to-node=\"7,10,0\" data-index-in-node=\"0\">Ruido:<\/b> -80 dB<\/li>\n<\/ul>\n<p data-path-to-node=\"8\"><b data-path-to-node=\"8\" data-index-in-node=\"0\">Control<\/b><\/p>\n<ul data-path-to-node=\"9\">\n<li><b data-path-to-node=\"9,0,0\" data-index-in-node=\"0\">Puertos de control:<\/b> (1) IR EYE, (1) RS232, (1) FIRMWARE, (1) TCP\/IP<\/li>\n<li><b data-path-to-node=\"9,1,0\" data-index-in-node=\"0\">Conectores de control:<\/b> (1) Jack 3,5 mm, (1) Bloque de terminales de 3 pines, (1) USB-A, (1) RJ45<\/li>\n<\/ul>\n<p><b data-path-to-node=\"10\" data-index-in-node=\"0\">General<\/b><\/p>\n<ul data-path-to-node=\"11\">\n<li><b data-path-to-node=\"11,0,0\" data-index-in-node=\"0\">Distancia de transmisi\u00f3n:<\/b> 4K\/60Hz\/444 (5 m), 4K\/60Hz\/420 (10 m), 1080P (15 m)<\/li>\n<li><b data-path-to-node=\"11,1,0\" data-index-in-node=\"0\">Ancho de banda:<\/b> 18 Gbps<\/li>\n<li><b data-path-to-node=\"11,2,0\" data-index-in-node=\"0\">Temperatura de funcionamiento:<\/b> 0 \u2103 ~ +40 \u2103<\/li>\n<li><b data-path-to-node=\"11,3,0\" data-index-in-node=\"0\">Temperatura de almacenamiento:<\/b> -20 \u2103 ~ +70 \u2103<\/li>\n<li><b data-path-to-node=\"11,4,0\" data-index-in-node=\"0\">Humedad relativa:<\/b> 10% &#8211; 50% RH<\/li>\n<li><b data-path-to-node=\"11,5,0\" data-index-in-node=\"0\">Fuente de alimentaci\u00f3n externa:<\/b> AC 110~240V<\/li>\n<li><b data-path-to-node=\"11,6,0\" data-index-in-node=\"0\">Consumo m\u00e1xmom de energ\u00eda:<\/b> 60 W<\/li>\n<li><b data-path-to-node=\"11,7,0\" data-index-in-node=\"0\">Dimensiones (Ancho x Alto x Fondo):<\/b> 430 mm * 44 mm * 220 mm<\/li>\n<li><b data-path-to-node=\"11,8,0\" data-index-in-node=\"0\">Peso:<\/b> 5 kg<\/li>\n<\/ul>\n","protected":false},"excerpt":{"rendered":"<p data-path-to-node=\"2\">Bienvenidos a los nuevos auriculares profesionales cerrados <b data-path-to-node=\"2\" data-index-in-node=\"53\">NewHank SOULMATE<\/b>. Los SOULMATE reproducen un sonido detallado, limpio y potente. Tienen un ajuste excelente y su dise\u00f1o circumaural cerrado minimiza el ruido exterior, ofreciendo un confort incre\u00edble durante largos per\u00edodos de uso.  <\/p>\n<p data-path-to-node=\"3\">La calidad mec\u00e1nica es \u00f3ptima, puesto que no disponen de piezas de pl\u00e1stico m\u00f3viles que puedan romperse y los soportes met\u00e1licos garantizan la m\u00e1xima resistencia. Todo ello, sumado a un precio muy competitivo, convierte a los SOULMATE en la elecci\u00f3n obvia para profesionales y en la herramienta perfecta para DJ, Estudio, ENG, Broadcast, PA, Postproducci\u00f3n y mucho m\u00e1s. Los SOULMATE son tambi\u00e9n ideales para dispositivos de reproducci\u00f3n personales y, como extra, incluimos un cable corto adicional para este prop\u00f3sito.  <\/p>\n<p data-path-to-node=\"4\"><b data-path-to-node=\"4\" data-index-in-node=\"0\">Caracter\u00edsticas principales<\/b><\/p>\n<ul>\n<li data-path-to-node=\"5,0,0\">Auriculares est\u00e9reos cerrados.<\/li>\n<li data-path-to-node=\"5,1,0\">Controladores (drivers) de 50 mm con im\u00e1n de cobalto.<\/li>\n<li data-path-to-node=\"5,2,0\">Almohadillas de piel sint\u00e9tica.<\/li>\n<li data-path-to-node=\"5,3,0\"><span class=\"citation-332 citation-end-332\">Impedancia: 32 ohms +\/- 10%.<\/span><\/li>\n<li data-path-to-node=\"5,4,0\"><span class=\"citation-331 citation-end-331\">Sensibilitat: 107 dB +\/- 3 dB a 1 kHz SPL.<\/span><\/li>\n<li data-path-to-node=\"5,5,0\"><span class=\"citation-330 citation-end-330\">Respuesta en frecuencia: 20 Hz &#8211; 20 kHz.<\/span><\/li>\n<li data-path-to-node=\"5,6,0\"><span class=\"citation-329 citation-end-329\">Cable desconectable por un solo lado.<\/span><\/li>\n<li data-path-to-node=\"5,7,0\">Conector est\u00e9reo dorado de 3,5 mm a 6,3 mm.<\/li>\n<li data-path-to-node=\"5,8,0\">Suministrado por cables de 1,1 y 2,1 metros.<\/li>\n<li data-path-to-node=\"5,9,0\"><span class=\"citation-328 citation-end-328\">Peso neto: 440 g.<\/span><\/li>\n<li data-path-to-node=\"5,11,0\">Dimensiones de la caja de regalo: 210 x 180 x 96 mm.<\/li>\n<li data-path-to-node=\"5,14,0\">Opcional: almohadillas de repuesto y cable.<\/li>\n<\/ul>\n[otaru_core_button button_layout=\"filled\" text=\"Ficha t\u00e9cnica\" link=\"https:\/\/www.aplicacionsaudiovisuals.com\/wp-content\/uploads\/2026\/02\/Soulmate-Spec-sheet.pdf\" target=\"_blank\" _transform_keep_proportions=\"yes\" _transform_keep_proportions_hover=\"yes\"]\n<p>&nbsp;<\/p>\n<p>&nbsp;<\/p>\n<p>&nbsp;<\/p>\n","protected":false},"featured_media":13002,"template":"","meta":[],"product_brand":[],"product_cat":[212],"product_tag":[202],"class_list":{"0":"post-12994","1":"product","2":"type-product","3":"status-publish","4":"has-post-thumbnail","6":"product_cat-accesorios-newhank","7":"product_tag-newhank-es","8":"pa_marca-newhank-es","10":"first","11":"instock","12":"shipping-taxable","13":"product-type-simple"},"yoast_head":"<!-- This site is optimized with the Yoast SEO plugin v24.9 - https:\/\/yoast.com\/wordpress\/plugins\/seo\/ -->\n<title>SOULMATE - Aplicacions Audiovisuals<\/title>\n<meta name=\"description\" content=\"NewHank SOULMATE en Aplicaciones Audiovisuales: Auriculares profesionales cerrados para DJ, estudio y broadcast. Sonido potente, dise\u00f1o ultra resistente y gran confort.\" \/>\n<meta name=\"robots\" content=\"index, follow, max-snippet:-1, max-image-preview:large, max-video-preview:-1\" \/>\n<link rel=\"canonical\" href=\"https:\/\/www.aplicacionsaudiovisuals.com\/es\/producto\/accesorios-newhank\/hm4x4s-copia-copia-copia-copia-copia-copia-copia-copia-copia-copia-copia-copia-copia-copia-copia-copia\/\" \/>\n<meta property=\"og:locale\" content=\"es_ES\" \/>\n<meta property=\"og:type\" content=\"article\" \/>\n<meta property=\"og:title\" content=\"SOULMATE - Aplicacions Audiovisuals\" \/>\n<meta property=\"og:description\" content=\"NewHank SOULMATE en Aplicaciones Audiovisuales: Auriculares profesionales cerrados para DJ, estudio y broadcast. Sonido potente, dise\u00f1o ultra resistente y gran confort.\" \/>\n<meta property=\"og:url\" content=\"https:\/\/www.aplicacionsaudiovisuals.com\/es\/producto\/accesorios-newhank\/hm4x4s-copia-copia-copia-copia-copia-copia-copia-copia-copia-copia-copia-copia-copia-copia-copia-copia\/\" \/>\n<meta property=\"og:site_name\" content=\"Aplicacions Audiovisuals\" \/>\n<meta property=\"article:publisher\" content=\"https:\/\/www.facebook.com\/aplicacionsaudiovisuals\" \/>\n<meta property=\"article:modified_time\" content=\"2026-02-26T16:53:27+00:00\" \/>\n<meta property=\"og:image\" content=\"https:\/\/www.aplicacionsaudiovisuals.com\/wp-content\/uploads\/2026\/02\/newhank-SOULMATE.jpg\" \/>\n\t<meta property=\"og:image:width\" content=\"1000\" \/>\n\t<meta property=\"og:image:height\" content=\"1200\" \/>\n\t<meta property=\"og:image:type\" content=\"image\/jpeg\" \/>\n<meta name=\"twitter:card\" content=\"summary_large_image\" \/>\n<meta name=\"twitter:label1\" content=\"Tiempo de lectura\" \/>\n\t<meta name=\"twitter:data1\" content=\"2 minutos\" \/>\n<script type=\"application\/ld+json\" class=\"yoast-schema-graph\">{\"@context\":\"https:\/\/schema.org\",\"@graph\":[{\"@type\":\"WebPage\",\"@id\":\"https:\/\/www.aplicacionsaudiovisuals.com\/es\/producto\/accesorios-newhank\/hm4x4s-copia-copia-copia-copia-copia-copia-copia-copia-copia-copia-copia-copia-copia-copia-copia-copia\/\",\"url\":\"https:\/\/www.aplicacionsaudiovisuals.com\/es\/producto\/accesorios-newhank\/hm4x4s-copia-copia-copia-copia-copia-copia-copia-copia-copia-copia-copia-copia-copia-copia-copia-copia\/\",\"name\":\"SOULMATE - Aplicacions Audiovisuals\",\"isPartOf\":{\"@id\":\"https:\/\/www.aplicacionsaudiovisuals.com\/es\/#website\"},\"primaryImageOfPage\":{\"@id\":\"https:\/\/www.aplicacionsaudiovisuals.com\/es\/producto\/accesorios-newhank\/hm4x4s-copia-copia-copia-copia-copia-copia-copia-copia-copia-copia-copia-copia-copia-copia-copia-copia\/#primaryimage\"},\"image\":{\"@id\":\"https:\/\/www.aplicacionsaudiovisuals.com\/es\/producto\/accesorios-newhank\/hm4x4s-copia-copia-copia-copia-copia-copia-copia-copia-copia-copia-copia-copia-copia-copia-copia-copia\/#primaryimage\"},\"thumbnailUrl\":\"https:\/\/www.aplicacionsaudiovisuals.com\/wp-content\/uploads\/2026\/02\/newhank-SOULMATE.jpg\",\"datePublished\":\"2026-02-24T15:29:58+00:00\",\"dateModified\":\"2026-02-26T16:53:27+00:00\",\"description\":\"NewHank SOULMATE en Aplicaciones Audiovisuales: Auriculares profesionales cerrados para DJ, estudio y broadcast. Sonido potente, dise\u00f1o ultra resistente y gran confort.\",\"breadcrumb\":{\"@id\":\"https:\/\/www.aplicacionsaudiovisuals.com\/es\/producto\/accesorios-newhank\/hm4x4s-copia-copia-copia-copia-copia-copia-copia-copia-copia-copia-copia-copia-copia-copia-copia-copia\/#breadcrumb\"},\"inLanguage\":\"es\",\"potentialAction\":[{\"@type\":\"ReadAction\",\"target\":[\"https:\/\/www.aplicacionsaudiovisuals.com\/es\/producto\/accesorios-newhank\/hm4x4s-copia-copia-copia-copia-copia-copia-copia-copia-copia-copia-copia-copia-copia-copia-copia-copia\/\"]}]},{\"@type\":\"ImageObject\",\"inLanguage\":\"es\",\"@id\":\"https:\/\/www.aplicacionsaudiovisuals.com\/es\/producto\/accesorios-newhank\/hm4x4s-copia-copia-copia-copia-copia-copia-copia-copia-copia-copia-copia-copia-copia-copia-copia-copia\/#primaryimage\",\"url\":\"https:\/\/www.aplicacionsaudiovisuals.com\/wp-content\/uploads\/2026\/02\/newhank-SOULMATE.jpg\",\"contentUrl\":\"https:\/\/www.aplicacionsaudiovisuals.com\/wp-content\/uploads\/2026\/02\/newhank-SOULMATE.jpg\",\"width\":1000,\"height\":1200,\"caption\":\"NewHank SOULMATE\"},{\"@type\":\"BreadcrumbList\",\"@id\":\"https:\/\/www.aplicacionsaudiovisuals.com\/es\/producto\/accesorios-newhank\/hm4x4s-copia-copia-copia-copia-copia-copia-copia-copia-copia-copia-copia-copia-copia-copia-copia-copia\/#breadcrumb\",\"itemListElement\":[{\"@type\":\"ListItem\",\"position\":1,\"name\":\"Inici\",\"item\":\"https:\/\/www.aplicacionsaudiovisuals.com\/es\/\"},{\"@type\":\"ListItem\",\"position\":2,\"name\":\"Cat\u00e1logo\",\"item\":\"https:\/\/www.aplicacionsaudiovisuals.com\/es\/catalogo\/\"},{\"@type\":\"ListItem\",\"position\":3,\"name\":\"SOULMATE\"}]},{\"@type\":\"WebSite\",\"@id\":\"https:\/\/www.aplicacionsaudiovisuals.com\/es\/#website\",\"url\":\"https:\/\/www.aplicacionsaudiovisuals.com\/es\/\",\"name\":\"Aplicacions Audiovisuals\",\"description\":\"Projectes de condicionament ac\u00fastic\",\"publisher\":{\"@id\":\"https:\/\/www.aplicacionsaudiovisuals.com\/es\/#organization\"},\"alternateName\":\"Aplicacions Audiovisuals\",\"potentialAction\":[{\"@type\":\"SearchAction\",\"target\":{\"@type\":\"EntryPoint\",\"urlTemplate\":\"https:\/\/www.aplicacionsaudiovisuals.com\/es\/?s={search_term_string}\"},\"query-input\":{\"@type\":\"PropertyValueSpecification\",\"valueRequired\":true,\"valueName\":\"search_term_string\"}}],\"inLanguage\":\"es\"},{\"@type\":\"Organization\",\"@id\":\"https:\/\/www.aplicacionsaudiovisuals.com\/es\/#organization\",\"name\":\"Aplicacions Audiovisuals\",\"url\":\"https:\/\/www.aplicacionsaudiovisuals.com\/es\/\",\"logo\":{\"@type\":\"ImageObject\",\"inLanguage\":\"es\",\"@id\":\"https:\/\/www.aplicacionsaudiovisuals.com\/es\/#\/schema\/logo\/image\/\",\"url\":\"https:\/\/www.aplicacionsaudiovisuals.com\/wp-content\/uploads\/2025\/03\/aplicacions-audiovisuals-logo-negre.png\",\"contentUrl\":\"https:\/\/www.aplicacionsaudiovisuals.com\/wp-content\/uploads\/2025\/03\/aplicacions-audiovisuals-logo-negre.png\",\"width\":500,\"height\":195,\"caption\":\"Aplicacions Audiovisuals\"},\"image\":{\"@id\":\"https:\/\/www.aplicacionsaudiovisuals.com\/es\/#\/schema\/logo\/image\/\"},\"sameAs\":[\"https:\/\/www.facebook.com\/aplicacionsaudiovisuals\"]}]}<\/script>\n<!-- \/ Yoast SEO plugin. -->","yoast_head_json":{"title":"SOULMATE - Aplicacions Audiovisuals","description":"NewHank SOULMATE en Aplicaciones Audiovisuales: Auriculares profesionales cerrados para DJ, estudio y broadcast. Sonido potente, dise\u00f1o ultra resistente y gran confort.","robots":{"index":"index","follow":"follow","max-snippet":"max-snippet:-1","max-image-preview":"max-image-preview:large","max-video-preview":"max-video-preview:-1"},"canonical":"https:\/\/www.aplicacionsaudiovisuals.com\/es\/producto\/accesorios-newhank\/hm4x4s-copia-copia-copia-copia-copia-copia-copia-copia-copia-copia-copia-copia-copia-copia-copia-copia\/","og_locale":"es_ES","og_type":"article","og_title":"SOULMATE - Aplicacions Audiovisuals","og_description":"NewHank SOULMATE en Aplicaciones Audiovisuales: Auriculares profesionales cerrados para DJ, estudio y broadcast. Sonido potente, dise\u00f1o ultra resistente y gran confort.","og_url":"https:\/\/www.aplicacionsaudiovisuals.com\/es\/producto\/accesorios-newhank\/hm4x4s-copia-copia-copia-copia-copia-copia-copia-copia-copia-copia-copia-copia-copia-copia-copia-copia\/","og_site_name":"Aplicacions Audiovisuals","article_publisher":"https:\/\/www.facebook.com\/aplicacionsaudiovisuals","article_modified_time":"2026-02-26T16:53:27+00:00","og_image":[{"width":1000,"height":1200,"url":"https:\/\/www.aplicacionsaudiovisuals.com\/wp-content\/uploads\/2026\/02\/newhank-SOULMATE.jpg","type":"image\/jpeg"}],"twitter_card":"summary_large_image","twitter_misc":{"Tiempo de lectura":"2 minutos"},"schema":{"@context":"https:\/\/schema.org","@graph":[{"@type":"WebPage","@id":"https:\/\/www.aplicacionsaudiovisuals.com\/es\/producto\/accesorios-newhank\/hm4x4s-copia-copia-copia-copia-copia-copia-copia-copia-copia-copia-copia-copia-copia-copia-copia-copia\/","url":"https:\/\/www.aplicacionsaudiovisuals.com\/es\/producto\/accesorios-newhank\/hm4x4s-copia-copia-copia-copia-copia-copia-copia-copia-copia-copia-copia-copia-copia-copia-copia-copia\/","name":"SOULMATE - Aplicacions Audiovisuals","isPartOf":{"@id":"https:\/\/www.aplicacionsaudiovisuals.com\/es\/#website"},"primaryImageOfPage":{"@id":"https:\/\/www.aplicacionsaudiovisuals.com\/es\/producto\/accesorios-newhank\/hm4x4s-copia-copia-copia-copia-copia-copia-copia-copia-copia-copia-copia-copia-copia-copia-copia-copia\/#primaryimage"},"image":{"@id":"https:\/\/www.aplicacionsaudiovisuals.com\/es\/producto\/accesorios-newhank\/hm4x4s-copia-copia-copia-copia-copia-copia-copia-copia-copia-copia-copia-copia-copia-copia-copia-copia\/#primaryimage"},"thumbnailUrl":"https:\/\/www.aplicacionsaudiovisuals.com\/wp-content\/uploads\/2026\/02\/newhank-SOULMATE.jpg","datePublished":"2026-02-24T15:29:58+00:00","dateModified":"2026-02-26T16:53:27+00:00","description":"NewHank SOULMATE en Aplicaciones Audiovisuales: Auriculares profesionales cerrados para DJ, estudio y broadcast. Sonido potente, dise\u00f1o ultra resistente y gran confort.","breadcrumb":{"@id":"https:\/\/www.aplicacionsaudiovisuals.com\/es\/producto\/accesorios-newhank\/hm4x4s-copia-copia-copia-copia-copia-copia-copia-copia-copia-copia-copia-copia-copia-copia-copia-copia\/#breadcrumb"},"inLanguage":"es","potentialAction":[{"@type":"ReadAction","target":["https:\/\/www.aplicacionsaudiovisuals.com\/es\/producto\/accesorios-newhank\/hm4x4s-copia-copia-copia-copia-copia-copia-copia-copia-copia-copia-copia-copia-copia-copia-copia-copia\/"]}]},{"@type":"ImageObject","inLanguage":"es","@id":"https:\/\/www.aplicacionsaudiovisuals.com\/es\/producto\/accesorios-newhank\/hm4x4s-copia-copia-copia-copia-copia-copia-copia-copia-copia-copia-copia-copia-copia-copia-copia-copia\/#primaryimage","url":"https:\/\/www.aplicacionsaudiovisuals.com\/wp-content\/uploads\/2026\/02\/newhank-SOULMATE.jpg","contentUrl":"https:\/\/www.aplicacionsaudiovisuals.com\/wp-content\/uploads\/2026\/02\/newhank-SOULMATE.jpg","width":1000,"height":1200,"caption":"NewHank SOULMATE"},{"@type":"BreadcrumbList","@id":"https:\/\/www.aplicacionsaudiovisuals.com\/es\/producto\/accesorios-newhank\/hm4x4s-copia-copia-copia-copia-copia-copia-copia-copia-copia-copia-copia-copia-copia-copia-copia-copia\/#breadcrumb","itemListElement":[{"@type":"ListItem","position":1,"name":"Inici","item":"https:\/\/www.aplicacionsaudiovisuals.com\/es\/"},{"@type":"ListItem","position":2,"name":"Cat\u00e1logo","item":"https:\/\/www.aplicacionsaudiovisuals.com\/es\/catalogo\/"},{"@type":"ListItem","position":3,"name":"SOULMATE"}]},{"@type":"WebSite","@id":"https:\/\/www.aplicacionsaudiovisuals.com\/es\/#website","url":"https:\/\/www.aplicacionsaudiovisuals.com\/es\/","name":"Aplicacions Audiovisuals","description":"Projectes de condicionament ac\u00fastic","publisher":{"@id":"https:\/\/www.aplicacionsaudiovisuals.com\/es\/#organization"},"alternateName":"Aplicacions Audiovisuals","potentialAction":[{"@type":"SearchAction","target":{"@type":"EntryPoint","urlTemplate":"https:\/\/www.aplicacionsaudiovisuals.com\/es\/?s={search_term_string}"},"query-input":{"@type":"PropertyValueSpecification","valueRequired":true,"valueName":"search_term_string"}}],"inLanguage":"es"},{"@type":"Organization","@id":"https:\/\/www.aplicacionsaudiovisuals.com\/es\/#organization","name":"Aplicacions Audiovisuals","url":"https:\/\/www.aplicacionsaudiovisuals.com\/es\/","logo":{"@type":"ImageObject","inLanguage":"es","@id":"https:\/\/www.aplicacionsaudiovisuals.com\/es\/#\/schema\/logo\/image\/","url":"https:\/\/www.aplicacionsaudiovisuals.com\/wp-content\/uploads\/2025\/03\/aplicacions-audiovisuals-logo-negre.png","contentUrl":"https:\/\/www.aplicacionsaudiovisuals.com\/wp-content\/uploads\/2025\/03\/aplicacions-audiovisuals-logo-negre.png","width":500,"height":195,"caption":"Aplicacions Audiovisuals"},"image":{"@id":"https:\/\/www.aplicacionsaudiovisuals.com\/es\/#\/schema\/logo\/image\/"},"sameAs":["https:\/\/www.facebook.com\/aplicacionsaudiovisuals"]}]}},"_links":{"self":[{"href":"https:\/\/www.aplicacionsaudiovisuals.com\/es\/wp-json\/wp\/v2\/product\/12994","targetHints":{"allow":["GET"]}}],"collection":[{"href":"https:\/\/www.aplicacionsaudiovisuals.com\/es\/wp-json\/wp\/v2\/product"}],"about":[{"href":"https:\/\/www.aplicacionsaudiovisuals.com\/es\/wp-json\/wp\/v2\/types\/product"}],"version-history":[{"count":3,"href":"https:\/\/www.aplicacionsaudiovisuals.com\/es\/wp-json\/wp\/v2\/product\/12994\/revisions"}],"predecessor-version":[{"id":13160,"href":"https:\/\/www.aplicacionsaudiovisuals.com\/es\/wp-json\/wp\/v2\/product\/12994\/revisions\/13160"}],"wp:featuredmedia":[{"embeddable":true,"href":"https:\/\/www.aplicacionsaudiovisuals.com\/es\/wp-json\/wp\/v2\/media\/13002"}],"wp:attachment":[{"href":"https:\/\/www.aplicacionsaudiovisuals.com\/es\/wp-json\/wp\/v2\/media?parent=12994"}],"wp:term":[{"taxonomy":"product_brand","embeddable":true,"href":"https:\/\/www.aplicacionsaudiovisuals.com\/es\/wp-json\/wp\/v2\/product_brand?post=12994"},{"taxonomy":"product_cat","embeddable":true,"href":"https:\/\/www.aplicacionsaudiovisuals.com\/es\/wp-json\/wp\/v2\/product_cat?post=12994"},{"taxonomy":"product_tag","embeddable":true,"href":"https:\/\/www.aplicacionsaudiovisuals.com\/es\/wp-json\/wp\/v2\/product_tag?post=12994"}],"curies":[{"name":"wp","href":"https:\/\/api.w.org\/{rel}","templated":true}]}}