{"id":12933,"date":"2026-02-24T16:04:56","date_gmt":"2026-02-24T15:04:56","guid":{"rendered":"https:\/\/www.aplicacionsaudiovisuals.com\/?post_type=product&#038;p=12933"},"modified":"2026-02-26T17:50:47","modified_gmt":"2026-02-26T16:50:47","slug":"hm4x4s-copia-copia-copia-copia-copia-copia-copia-copia-copia-copia-copia-copia","status":"publish","type":"product","link":"https:\/\/www.aplicacionsaudiovisuals.com\/es\/producto\/mezcladores\/hm4x4s-copia-copia-copia-copia-copia-copia-copia-copia-copia-copia-copia-copia\/","title":{"rendered":"POWERMATE"},"content":{"rendered":"<p data-path-to-node=\"1\"><strong>Especificaciones T\u00e9cnicas<\/strong><\/p>\n<ul>\n<li data-path-to-node=\"2,0,0\"><b data-path-to-node=\"2,0,0\" data-index-in-node=\"0\">Reproductor multimedia MP3 y WAV:<\/b> con puerto USB 2.0 y ranura para tarjeta SD.<\/li>\n<li data-path-to-node=\"2,1,0\"><b data-path-to-node=\"2,1,0\" data-index-in-node=\"0\">Modos de reproducci\u00f3n seleccionables:<\/b> \u00danica (Single), Aleatoria (Random) o Continua.<\/li>\n<li data-path-to-node=\"2,2,0\"><b data-path-to-node=\"2,2,0\" data-index-in-node=\"0\">Conexi\u00f3n:<\/b> Bluetooth y radio FM.<\/li>\n<li data-path-to-node=\"2,3,0\"><b data-path-to-node=\"2,3,0\" data-index-in-node=\"0\">Entradas:<\/b> Entradas auxiliares (Aux).<\/li>\n<li data-path-to-node=\"2,4,0\"><b data-path-to-node=\"2,4,0\" data-index-in-node=\"0\">Entrada de micr\u00f3fono:<\/b> con control de volumen independiente.<\/li>\n<li data-path-to-node=\"2,5,0\"><b data-path-to-node=\"2,5,0\" data-index-in-node=\"0\">Mando a distancia:<\/b> incluido.<\/li>\n<li data-path-to-node=\"2,6,0\"><b data-path-to-node=\"2,6,0\" data-index-in-node=\"0\">Ecualizaci\u00f3n:<\/b> configuraci\u00f3n de diferentes efectos de EQ.<\/li>\n<li data-path-to-node=\"2,7,0\"><b data-path-to-node=\"2,7,0\" data-index-in-node=\"0\">Control maestro:<\/b> control de volumen general y ajuste de graves\/agudos.<\/li>\n<li data-path-to-node=\"2,8,0\"><b data-path-to-node=\"2,8,0\" data-index-in-node=\"0\">Amplificador:<\/b> 2x 100 vatios RMS (carga m\u00ednima de 4 ohmios por canal).<\/li>\n<li data-path-to-node=\"2,9,0\"><b data-path-to-node=\"2,9,0\" data-index-in-node=\"0\"><span class=\"citation-290\">Dimensiones:<\/span><\/b><span class=\"citation-290 citation-end-290\"> 482 x 44 x 220 mm.<\/span><\/li>\n<li data-path-to-node=\"2,11,0\"><b data-path-to-node=\"2,11,0\" data-index-in-node=\"0\">Peso:<\/b> 2,2 kg.<\/li>\n<\/ul>\n","protected":false},"excerpt":{"rendered":"<p data-path-to-node=\"2\">El <b data-path-to-node=\"2\" data-index-in-node=\"3\">POWERMATE<\/b> es la nueva soluci\u00f3n compacta \u00abtodo en uno\u00bb de NewHank para hilo musical est\u00e9reo con amplificador integrado de 2x 100 vatios RMS. Con s\u00f3lo una unidad de rack de altura, el POWERMATE reproduce archivos WAV o MP3 desde una unidad USB o tarjeta SD, y tambi\u00e9n puede transmitir audio desde cualquier dispositivo inteligente v\u00eda Bluetooth. <\/p>\n<p data-path-to-node=\"3\">Incluye radio FM y conexiones para micr\u00f3fono y entrada auxiliar (como un reproductor de CD). En la parte trasera, adem\u00e1s de la entrada auxiliar, hemos incorporado una entrada de etapa de potencia separada y una conexi\u00f3n de salida de preamplificador. Esto hace que sea muy sencillo conectar un limitador de sonido o ampliar la configuraci\u00f3n a\u00f1adiendo un subwoofer, entre otras opciones. El amplificador interno es capaz de alimentar hasta 4 altavoces peque\u00f1os de 8 ohmios, con potencia suficiente para sistemas de hilo musical en restaurantes, cafeter\u00edas, oficinas y similares.   <\/p>\n<p data-path-to-node=\"4\"><b data-path-to-node=\"4\" data-index-in-node=\"0\">Caracter\u00edsticas principales<\/b><\/p>\n<ul>\n<li data-path-to-node=\"5,0,0\">Amplificador integrado de 2x 100W RMS (capaz de alimentar hasta 4 altavoces de 8 ohmios).<\/li>\n<li data-path-to-node=\"5,1,0\">Reproductor de archivos WAV y MP3 desde USB o tarjeta SD.<\/li>\n<li data-path-to-node=\"5,2,0\">Receptor Bluetooth para streaming de audio inal\u00e1mbrico.<\/li>\n<li data-path-to-node=\"5,3,0\">Radio FM integrada.<\/li>\n<li data-path-to-node=\"5,4,0\">Entrada de micr\u00f3fono y entrada auxiliar (AUX) en el panel frontal.<\/li>\n<li data-path-to-node=\"5,5,0\">Entrada directa al amplificador y salida de preamplificador (Pre-amp out) en la parte posterior.<\/li>\n<li data-path-to-node=\"5,6,0\">Dise\u00f1o compacto de 1U de rack.<\/li>\n<\/ul>\n<p>&nbsp;<\/p>\n[otaru_core_button button_layout=\"filled\" text=\"Manual\" link=\"https:\/\/www.aplicacionsaudiovisuals.com\/wp-content\/uploads\/2026\/02\/PowerMate-Manual.pdf\" target=\"_blank\" _transform_keep_proportions=\"yes\" _transform_keep_proportions_hover=\"yes\"]\n<p>&nbsp;<\/p>\n<p>&nbsp;<\/p>\n<p>&nbsp;<\/p>\n","protected":false},"featured_media":12941,"template":"","meta":[],"product_brand":[],"product_cat":[214],"product_tag":[202],"class_list":{"0":"post-12933","1":"product","2":"type-product","3":"status-publish","4":"has-post-thumbnail","6":"product_cat-mezcladores","7":"product_tag-newhank-es","8":"pa_marca-newhank-es","10":"first","11":"instock","12":"shipping-taxable","13":"product-type-simple"},"yoast_head":"<!-- This site is optimized with the Yoast SEO plugin v24.9 - https:\/\/yoast.com\/wordpress\/plugins\/seo\/ -->\n<title>POWERMATE - Aplicacions Audiovisuals<\/title>\n<meta name=\"description\" content=\"NewHank POWERMATE en Aplicaciones Audiovisuales: Soluci\u00f3n 1U &quot;todo en uno&quot; con amplificador 2x100W, Bluetooth, USB, SD y FM. Ideal para hilo musical en retail y restauraci\u00f3n.\" \/>\n<meta name=\"robots\" content=\"index, follow, max-snippet:-1, max-image-preview:large, max-video-preview:-1\" \/>\n<link rel=\"canonical\" href=\"https:\/\/www.aplicacionsaudiovisuals.com\/es\/producto\/mezcladores\/hm4x4s-copia-copia-copia-copia-copia-copia-copia-copia-copia-copia-copia-copia\/\" \/>\n<meta property=\"og:locale\" content=\"es_ES\" \/>\n<meta property=\"og:type\" content=\"article\" \/>\n<meta property=\"og:title\" content=\"POWERMATE - Aplicacions Audiovisuals\" \/>\n<meta property=\"og:description\" content=\"NewHank POWERMATE en Aplicaciones Audiovisuales: Soluci\u00f3n 1U &quot;todo en uno&quot; con amplificador 2x100W, Bluetooth, USB, SD y FM. Ideal para hilo musical en retail y restauraci\u00f3n.\" \/>\n<meta property=\"og:url\" content=\"https:\/\/www.aplicacionsaudiovisuals.com\/es\/producto\/mezcladores\/hm4x4s-copia-copia-copia-copia-copia-copia-copia-copia-copia-copia-copia-copia\/\" \/>\n<meta property=\"og:site_name\" content=\"Aplicacions Audiovisuals\" \/>\n<meta property=\"article:publisher\" content=\"https:\/\/www.facebook.com\/aplicacionsaudiovisuals\" \/>\n<meta property=\"article:modified_time\" content=\"2026-02-26T16:50:47+00:00\" \/>\n<meta property=\"og:image\" content=\"https:\/\/www.aplicacionsaudiovisuals.com\/wp-content\/uploads\/2026\/02\/newhank-POWERMATE.jpg\" \/>\n\t<meta property=\"og:image:width\" content=\"1000\" \/>\n\t<meta property=\"og:image:height\" content=\"1200\" \/>\n\t<meta property=\"og:image:type\" content=\"image\/jpeg\" \/>\n<meta name=\"twitter:card\" content=\"summary_large_image\" \/>\n<script type=\"application\/ld+json\" class=\"yoast-schema-graph\">{\"@context\":\"https:\/\/schema.org\",\"@graph\":[{\"@type\":\"WebPage\",\"@id\":\"https:\/\/www.aplicacionsaudiovisuals.com\/es\/producto\/mezcladores\/hm4x4s-copia-copia-copia-copia-copia-copia-copia-copia-copia-copia-copia-copia\/\",\"url\":\"https:\/\/www.aplicacionsaudiovisuals.com\/es\/producto\/mezcladores\/hm4x4s-copia-copia-copia-copia-copia-copia-copia-copia-copia-copia-copia-copia\/\",\"name\":\"POWERMATE - Aplicacions Audiovisuals\",\"isPartOf\":{\"@id\":\"https:\/\/www.aplicacionsaudiovisuals.com\/es\/#website\"},\"primaryImageOfPage\":{\"@id\":\"https:\/\/www.aplicacionsaudiovisuals.com\/es\/producto\/mezcladores\/hm4x4s-copia-copia-copia-copia-copia-copia-copia-copia-copia-copia-copia-copia\/#primaryimage\"},\"image\":{\"@id\":\"https:\/\/www.aplicacionsaudiovisuals.com\/es\/producto\/mezcladores\/hm4x4s-copia-copia-copia-copia-copia-copia-copia-copia-copia-copia-copia-copia\/#primaryimage\"},\"thumbnailUrl\":\"https:\/\/www.aplicacionsaudiovisuals.com\/wp-content\/uploads\/2026\/02\/newhank-POWERMATE.jpg\",\"datePublished\":\"2026-02-24T15:04:56+00:00\",\"dateModified\":\"2026-02-26T16:50:47+00:00\",\"description\":\"NewHank POWERMATE en Aplicaciones Audiovisuales: Soluci\u00f3n 1U \\\"todo en uno\\\" con amplificador 2x100W, Bluetooth, USB, SD y FM. Ideal para hilo musical en retail y restauraci\u00f3n.\",\"breadcrumb\":{\"@id\":\"https:\/\/www.aplicacionsaudiovisuals.com\/es\/producto\/mezcladores\/hm4x4s-copia-copia-copia-copia-copia-copia-copia-copia-copia-copia-copia-copia\/#breadcrumb\"},\"inLanguage\":\"es\",\"potentialAction\":[{\"@type\":\"ReadAction\",\"target\":[\"https:\/\/www.aplicacionsaudiovisuals.com\/es\/producto\/mezcladores\/hm4x4s-copia-copia-copia-copia-copia-copia-copia-copia-copia-copia-copia-copia\/\"]}]},{\"@type\":\"ImageObject\",\"inLanguage\":\"es\",\"@id\":\"https:\/\/www.aplicacionsaudiovisuals.com\/es\/producto\/mezcladores\/hm4x4s-copia-copia-copia-copia-copia-copia-copia-copia-copia-copia-copia-copia\/#primaryimage\",\"url\":\"https:\/\/www.aplicacionsaudiovisuals.com\/wp-content\/uploads\/2026\/02\/newhank-POWERMATE.jpg\",\"contentUrl\":\"https:\/\/www.aplicacionsaudiovisuals.com\/wp-content\/uploads\/2026\/02\/newhank-POWERMATE.jpg\",\"width\":1000,\"height\":1200,\"caption\":\"NewHank POWERMATE\"},{\"@type\":\"BreadcrumbList\",\"@id\":\"https:\/\/www.aplicacionsaudiovisuals.com\/es\/producto\/mezcladores\/hm4x4s-copia-copia-copia-copia-copia-copia-copia-copia-copia-copia-copia-copia\/#breadcrumb\",\"itemListElement\":[{\"@type\":\"ListItem\",\"position\":1,\"name\":\"Inici\",\"item\":\"https:\/\/www.aplicacionsaudiovisuals.com\/es\/\"},{\"@type\":\"ListItem\",\"position\":2,\"name\":\"Cat\u00e1logo\",\"item\":\"https:\/\/www.aplicacionsaudiovisuals.com\/es\/catalogo\/\"},{\"@type\":\"ListItem\",\"position\":3,\"name\":\"POWERMATE\"}]},{\"@type\":\"WebSite\",\"@id\":\"https:\/\/www.aplicacionsaudiovisuals.com\/es\/#website\",\"url\":\"https:\/\/www.aplicacionsaudiovisuals.com\/es\/\",\"name\":\"Aplicacions Audiovisuals\",\"description\":\"Projectes de condicionament ac\u00fastic\",\"publisher\":{\"@id\":\"https:\/\/www.aplicacionsaudiovisuals.com\/es\/#organization\"},\"alternateName\":\"Aplicacions Audiovisuals\",\"potentialAction\":[{\"@type\":\"SearchAction\",\"target\":{\"@type\":\"EntryPoint\",\"urlTemplate\":\"https:\/\/www.aplicacionsaudiovisuals.com\/es\/?s={search_term_string}\"},\"query-input\":{\"@type\":\"PropertyValueSpecification\",\"valueRequired\":true,\"valueName\":\"search_term_string\"}}],\"inLanguage\":\"es\"},{\"@type\":\"Organization\",\"@id\":\"https:\/\/www.aplicacionsaudiovisuals.com\/es\/#organization\",\"name\":\"Aplicacions Audiovisuals\",\"url\":\"https:\/\/www.aplicacionsaudiovisuals.com\/es\/\",\"logo\":{\"@type\":\"ImageObject\",\"inLanguage\":\"es\",\"@id\":\"https:\/\/www.aplicacionsaudiovisuals.com\/es\/#\/schema\/logo\/image\/\",\"url\":\"https:\/\/www.aplicacionsaudiovisuals.com\/wp-content\/uploads\/2025\/03\/aplicacions-audiovisuals-logo-negre.png\",\"contentUrl\":\"https:\/\/www.aplicacionsaudiovisuals.com\/wp-content\/uploads\/2025\/03\/aplicacions-audiovisuals-logo-negre.png\",\"width\":500,\"height\":195,\"caption\":\"Aplicacions Audiovisuals\"},\"image\":{\"@id\":\"https:\/\/www.aplicacionsaudiovisuals.com\/es\/#\/schema\/logo\/image\/\"},\"sameAs\":[\"https:\/\/www.facebook.com\/aplicacionsaudiovisuals\"]}]}<\/script>\n<!-- \/ Yoast SEO plugin. -->","yoast_head_json":{"title":"POWERMATE - Aplicacions Audiovisuals","description":"NewHank POWERMATE en Aplicaciones Audiovisuales: Soluci\u00f3n 1U \"todo en uno\" con amplificador 2x100W, Bluetooth, USB, SD y FM. Ideal para hilo musical en retail y restauraci\u00f3n.","robots":{"index":"index","follow":"follow","max-snippet":"max-snippet:-1","max-image-preview":"max-image-preview:large","max-video-preview":"max-video-preview:-1"},"canonical":"https:\/\/www.aplicacionsaudiovisuals.com\/es\/producto\/mezcladores\/hm4x4s-copia-copia-copia-copia-copia-copia-copia-copia-copia-copia-copia-copia\/","og_locale":"es_ES","og_type":"article","og_title":"POWERMATE - Aplicacions Audiovisuals","og_description":"NewHank POWERMATE en Aplicaciones Audiovisuales: Soluci\u00f3n 1U \"todo en uno\" con amplificador 2x100W, Bluetooth, USB, SD y FM. Ideal para hilo musical en retail y restauraci\u00f3n.","og_url":"https:\/\/www.aplicacionsaudiovisuals.com\/es\/producto\/mezcladores\/hm4x4s-copia-copia-copia-copia-copia-copia-copia-copia-copia-copia-copia-copia\/","og_site_name":"Aplicacions Audiovisuals","article_publisher":"https:\/\/www.facebook.com\/aplicacionsaudiovisuals","article_modified_time":"2026-02-26T16:50:47+00:00","og_image":[{"width":1000,"height":1200,"url":"https:\/\/www.aplicacionsaudiovisuals.com\/wp-content\/uploads\/2026\/02\/newhank-POWERMATE.jpg","type":"image\/jpeg"}],"twitter_card":"summary_large_image","schema":{"@context":"https:\/\/schema.org","@graph":[{"@type":"WebPage","@id":"https:\/\/www.aplicacionsaudiovisuals.com\/es\/producto\/mezcladores\/hm4x4s-copia-copia-copia-copia-copia-copia-copia-copia-copia-copia-copia-copia\/","url":"https:\/\/www.aplicacionsaudiovisuals.com\/es\/producto\/mezcladores\/hm4x4s-copia-copia-copia-copia-copia-copia-copia-copia-copia-copia-copia-copia\/","name":"POWERMATE - Aplicacions Audiovisuals","isPartOf":{"@id":"https:\/\/www.aplicacionsaudiovisuals.com\/es\/#website"},"primaryImageOfPage":{"@id":"https:\/\/www.aplicacionsaudiovisuals.com\/es\/producto\/mezcladores\/hm4x4s-copia-copia-copia-copia-copia-copia-copia-copia-copia-copia-copia-copia\/#primaryimage"},"image":{"@id":"https:\/\/www.aplicacionsaudiovisuals.com\/es\/producto\/mezcladores\/hm4x4s-copia-copia-copia-copia-copia-copia-copia-copia-copia-copia-copia-copia\/#primaryimage"},"thumbnailUrl":"https:\/\/www.aplicacionsaudiovisuals.com\/wp-content\/uploads\/2026\/02\/newhank-POWERMATE.jpg","datePublished":"2026-02-24T15:04:56+00:00","dateModified":"2026-02-26T16:50:47+00:00","description":"NewHank POWERMATE en Aplicaciones Audiovisuales: Soluci\u00f3n 1U \"todo en uno\" con amplificador 2x100W, Bluetooth, USB, SD y FM. Ideal para hilo musical en retail y restauraci\u00f3n.","breadcrumb":{"@id":"https:\/\/www.aplicacionsaudiovisuals.com\/es\/producto\/mezcladores\/hm4x4s-copia-copia-copia-copia-copia-copia-copia-copia-copia-copia-copia-copia\/#breadcrumb"},"inLanguage":"es","potentialAction":[{"@type":"ReadAction","target":["https:\/\/www.aplicacionsaudiovisuals.com\/es\/producto\/mezcladores\/hm4x4s-copia-copia-copia-copia-copia-copia-copia-copia-copia-copia-copia-copia\/"]}]},{"@type":"ImageObject","inLanguage":"es","@id":"https:\/\/www.aplicacionsaudiovisuals.com\/es\/producto\/mezcladores\/hm4x4s-copia-copia-copia-copia-copia-copia-copia-copia-copia-copia-copia-copia\/#primaryimage","url":"https:\/\/www.aplicacionsaudiovisuals.com\/wp-content\/uploads\/2026\/02\/newhank-POWERMATE.jpg","contentUrl":"https:\/\/www.aplicacionsaudiovisuals.com\/wp-content\/uploads\/2026\/02\/newhank-POWERMATE.jpg","width":1000,"height":1200,"caption":"NewHank POWERMATE"},{"@type":"BreadcrumbList","@id":"https:\/\/www.aplicacionsaudiovisuals.com\/es\/producto\/mezcladores\/hm4x4s-copia-copia-copia-copia-copia-copia-copia-copia-copia-copia-copia-copia\/#breadcrumb","itemListElement":[{"@type":"ListItem","position":1,"name":"Inici","item":"https:\/\/www.aplicacionsaudiovisuals.com\/es\/"},{"@type":"ListItem","position":2,"name":"Cat\u00e1logo","item":"https:\/\/www.aplicacionsaudiovisuals.com\/es\/catalogo\/"},{"@type":"ListItem","position":3,"name":"POWERMATE"}]},{"@type":"WebSite","@id":"https:\/\/www.aplicacionsaudiovisuals.com\/es\/#website","url":"https:\/\/www.aplicacionsaudiovisuals.com\/es\/","name":"Aplicacions Audiovisuals","description":"Projectes de condicionament ac\u00fastic","publisher":{"@id":"https:\/\/www.aplicacionsaudiovisuals.com\/es\/#organization"},"alternateName":"Aplicacions Audiovisuals","potentialAction":[{"@type":"SearchAction","target":{"@type":"EntryPoint","urlTemplate":"https:\/\/www.aplicacionsaudiovisuals.com\/es\/?s={search_term_string}"},"query-input":{"@type":"PropertyValueSpecification","valueRequired":true,"valueName":"search_term_string"}}],"inLanguage":"es"},{"@type":"Organization","@id":"https:\/\/www.aplicacionsaudiovisuals.com\/es\/#organization","name":"Aplicacions Audiovisuals","url":"https:\/\/www.aplicacionsaudiovisuals.com\/es\/","logo":{"@type":"ImageObject","inLanguage":"es","@id":"https:\/\/www.aplicacionsaudiovisuals.com\/es\/#\/schema\/logo\/image\/","url":"https:\/\/www.aplicacionsaudiovisuals.com\/wp-content\/uploads\/2025\/03\/aplicacions-audiovisuals-logo-negre.png","contentUrl":"https:\/\/www.aplicacionsaudiovisuals.com\/wp-content\/uploads\/2025\/03\/aplicacions-audiovisuals-logo-negre.png","width":500,"height":195,"caption":"Aplicacions Audiovisuals"},"image":{"@id":"https:\/\/www.aplicacionsaudiovisuals.com\/es\/#\/schema\/logo\/image\/"},"sameAs":["https:\/\/www.facebook.com\/aplicacionsaudiovisuals"]}]}},"_links":{"self":[{"href":"https:\/\/www.aplicacionsaudiovisuals.com\/es\/wp-json\/wp\/v2\/product\/12933","targetHints":{"allow":["GET"]}}],"collection":[{"href":"https:\/\/www.aplicacionsaudiovisuals.com\/es\/wp-json\/wp\/v2\/product"}],"about":[{"href":"https:\/\/www.aplicacionsaudiovisuals.com\/es\/wp-json\/wp\/v2\/types\/product"}],"version-history":[{"count":3,"href":"https:\/\/www.aplicacionsaudiovisuals.com\/es\/wp-json\/wp\/v2\/product\/12933\/revisions"}],"predecessor-version":[{"id":13157,"href":"https:\/\/www.aplicacionsaudiovisuals.com\/es\/wp-json\/wp\/v2\/product\/12933\/revisions\/13157"}],"wp:featuredmedia":[{"embeddable":true,"href":"https:\/\/www.aplicacionsaudiovisuals.com\/es\/wp-json\/wp\/v2\/media\/12941"}],"wp:attachment":[{"href":"https:\/\/www.aplicacionsaudiovisuals.com\/es\/wp-json\/wp\/v2\/media?parent=12933"}],"wp:term":[{"taxonomy":"product_brand","embeddable":true,"href":"https:\/\/www.aplicacionsaudiovisuals.com\/es\/wp-json\/wp\/v2\/product_brand?post=12933"},{"taxonomy":"product_cat","embeddable":true,"href":"https:\/\/www.aplicacionsaudiovisuals.com\/es\/wp-json\/wp\/v2\/product_cat?post=12933"},{"taxonomy":"product_tag","embeddable":true,"href":"https:\/\/www.aplicacionsaudiovisuals.com\/es\/wp-json\/wp\/v2\/product_tag?post=12933"}],"curies":[{"name":"wp","href":"https:\/\/api.w.org\/{rel}","templated":true}]}}