{"id":12925,"date":"2026-02-24T15:59:58","date_gmt":"2026-02-24T14:59:58","guid":{"rendered":"https:\/\/www.aplicacionsaudiovisuals.com\/?post_type=product&#038;p=12925"},"modified":"2026-02-26T17:49:57","modified_gmt":"2026-02-26T16:49:57","slug":"hm4x4s-copia-copia-copia-copia-copia-copia-copia-copia-copia-copia-copia","status":"publish","type":"product","link":"https:\/\/www.aplicacionsaudiovisuals.com\/es\/producto\/reproductores\/hm4x4s-copia-copia-copia-copia-copia-copia-copia-copia-copia-copia-copia\/","title":{"rendered":"MP103 MK2 USB"},"content":{"rendered":"<p data-path-to-node=\"1\"><strong>Especificaciones T\u00e9cnicas<\/strong><\/p>\n<ul>\n<li data-path-to-node=\"2,0,0\"><b data-path-to-node=\"2,0,0\" data-index-in-node=\"0\"><span class=\"citation-274\">Frecuencia de muestreo:<\/span><\/b><span class=\"citation-274 citation-end-274\"> 44,1 kHz<\/span><\/li>\n<li data-path-to-node=\"2,1,0\"><b data-path-to-node=\"2,1,0\" data-index-in-node=\"0\"><span class=\"citation-273\">Sobremuestreo (Over Sampling):<\/span><\/b><span class=\"citation-273 citation-end-273\"> 8x<\/span><\/li>\n<li data-path-to-node=\"2,2,0\"><b data-path-to-node=\"2,2,0\" data-index-in-node=\"0\"><span class=\"citation-272\">Respuesta en frecuencia:<\/span><\/b><span class=\"citation-272 citation-end-272\"> 20 Hz &#8211; 20.000 Hz<\/span><\/li>\n<li data-path-to-node=\"2,3,0\"><b data-path-to-node=\"2,3,0\" data-index-in-node=\"0\"><span class=\"citation-271\">Separaci\u00f3n de canales:<\/span><\/b><span class=\"citation-271 citation-end-271\"> &gt; 90 dB<\/span><\/li>\n<li data-path-to-node=\"2,4,0\"><b data-path-to-node=\"2,4,0\" data-index-in-node=\"0\">Relaci\u00f3n se\u00f1al\/ruido:<\/b> 96 dB<\/li>\n<li data-path-to-node=\"2,5,0\"><b data-path-to-node=\"2,5,0\" data-index-in-node=\"0\"><span class=\"citation-270\">Distorsi\u00f3n Arm\u00f3nica Total(THD):<\/span><\/b><span class=\"citation-270 citation-end-270\"> &gt; 0,01%<\/span><\/li>\n<li data-path-to-node=\"2,6,0\"><b data-path-to-node=\"2,6,0\" data-index-in-node=\"0\"><span class=\"citation-269\">Rango din\u00e1mico:<\/span><\/b><span class=\"citation-269 citation-end-269\"> &gt; 98 dB<\/span><\/li>\n<li data-path-to-node=\"2,7,0\"><b data-path-to-node=\"2,7,0\" data-index-in-node=\"0\">Salida de se\u00f1al:<\/b> 800 mV<\/li>\n<li data-path-to-node=\"2,8,0\"><b data-path-to-node=\"2,8,0\" data-index-in-node=\"0\"><span class=\"citation-268\">Consumo de energ\u00eda:<\/span><\/b><span class=\"citation-268 citation-end-268\"> 100-240 Vac, 9-16 W<\/span><\/li>\n<li data-path-to-node=\"2,9,0\"><b data-path-to-node=\"2,9,0\" data-index-in-node=\"0\"><span class=\"citation-267\">Dimensiones:<\/span><\/b><span class=\"citation-267 citation-end-267\"> 483 x 220 x 44 mm<\/span><\/li>\n<li data-path-to-node=\"2,11,0\"><b data-path-to-node=\"2,11,0\" data-index-in-node=\"0\"><span class=\"citation-265\">Peso:<\/span><\/b><span class=\"citation-265 citation-end-265\"> 3,5 kg<\/span><\/li>\n<li data-path-to-node=\"2,14,0\"><b data-path-to-node=\"2,14,0\" data-index-in-node=\"0\">Accesorios incluidos:<\/b> Cable RCA, mando a distancia (2 pilas AAA no incluidas) y cable de alimentaci\u00f3n IEC<\/li>\n<\/ul>\n","protected":false},"excerpt":{"rendered":"<p data-path-to-node=\"2\">El <b data-path-to-node=\"2\" data-index-in-node=\"3\">NewHank MP103MK2 USB<\/b> es la soluci\u00f3n actualizada perfecta para la reproducci\u00f3n de archivos WAV y MP3 desde soportes CD, CD-R, CD-RW y USB. Incluye control de pitch con pitch bend, master tempo, bucle sin fisuras (seamless loop) y una memoria anti-shock de 40 segundos. El reproductor USB para WAV y MP3 ha sido mejorado, permitiendo ahora reproducir un archivo mientras se busca y se prepara lo siguiente (cue).  <\/p>\n<p data-path-to-node=\"3\"><b data-path-to-node=\"3\" data-index-in-node=\"0\">Caracter\u00edsticas principales<\/b><\/p>\n<ul>\n<li data-path-to-node=\"4,0,0\">Mecanisme de c\u00e0rrega per ranura (slot-in) amb l\u00e0ser Sanyo.<\/li>\n<li data-path-to-node=\"4,1,0\">Codificador rotativo de control de pitch de +\/- 20%, con pulsador para devolver a cero.<\/li>\n<li data-path-to-node=\"4,2,0\"><i data-path-to-node=\"4,2,0\" data-index-in-node=\"0\">Pitch bend<\/i> de +\/- 25%.<\/li>\n<li data-path-to-node=\"4,3,0\">Funci\u00f3n Auto Cue.<\/li>\n<li data-path-to-node=\"4,4,0\">Bucle sin fisuras (Seamless Loop).<\/li>\n<li data-path-to-node=\"4,5,0\">Modos de reproducci\u00f3n \u00fanica y continua.<\/li>\n<li data-path-to-node=\"4,6,0\">Funci\u00f3n de repetici\u00f3n de una pista o todas las pistas.<\/li>\n<li data-path-to-node=\"4,7,0\">Salida est\u00e9reo balanceada XLR.<\/li>\n<li data-path-to-node=\"4,8,0\">Salida est\u00e9reo RCA.<\/li>\n<li data-path-to-node=\"4,9,0\">Salida digital SPDIF.<\/li>\n<li data-path-to-node=\"4,10,0\">Salida de auriculares est\u00e9reo.<\/li>\n<li data-path-to-node=\"4,11,0\">Conexi\u00f3n para inicio\/parada remota (remote start\/stop).<\/li>\n<li data-path-to-node=\"4,12,0\">Pantalla LCD grande con retroiluminaci\u00f3n de f\u00e1cil lectura.<\/li>\n<li data-path-to-node=\"4,13,0\">Codificador rotativo inteligente para la b\u00fasqueda r\u00e1pida de carpetas y pistas con bot\u00f3n de regreso.<\/li>\n<li data-path-to-node=\"4,14,0\">Soporta carpetas y etiquetas ID3, m\u00e1ximo 99 carpetas \/ 999 pistas \/ 16 Gb.<\/li>\n<li data-path-to-node=\"4,15,0\">Suministrado con mando a distancia por infrarrojos.<\/li>\n<\/ul>\n<div class=\"source-inline-chip-container ng-star-inserted\"><\/div>\n[otaru_core_button button_layout=\"filled\" text=\"Manual\" link=\"https:\/\/www.aplicacionsaudiovisuals.com\/wp-content\/uploads\/2026\/02\/MP103-MK2-USB-MANUAL.pdf\" target=\"_blank\" _transform_keep_proportions=\"yes\" _transform_keep_proportions_hover=\"yes\"]\n[otaru_core_button button_layout=\"filled\" text=\"Ficha t\u00e9cnica\" link=\"https:\/\/www.aplicacionsaudiovisuals.com\/wp-content\/uploads\/2026\/02\/Newhank-MP103-mk2-USB_Specsheet.pdf\" target=\"_blank\" _transform_keep_proportions=\"yes\" _transform_keep_proportions_hover=\"yes\"]\n<p>&nbsp;<\/p>\n<p>&nbsp;<\/p>\n","protected":false},"featured_media":12929,"template":"","meta":[],"product_brand":[],"product_cat":[215],"product_tag":[202],"class_list":{"0":"post-12925","1":"product","2":"type-product","3":"status-publish","4":"has-post-thumbnail","6":"product_cat-reproductores","7":"product_tag-newhank-es","8":"pa_marca-newhank-es","10":"first","11":"instock","12":"shipping-taxable","13":"product-type-simple"},"yoast_head":"<!-- This site is optimized with the Yoast SEO plugin v24.9 - https:\/\/yoast.com\/wordpress\/plugins\/seo\/ -->\n<title>MP103 MK2 USB - Aplicacions Audiovisuals<\/title>\n<meta name=\"description\" content=\"NewHank MULTIMATE en Aplicaciones Audiovisuales: El todo en un profesional 1U con radio Internet, DAB+, FM, Spotify Connect y Bluetooth. Control remoto y WiFi.\" \/>\n<meta name=\"robots\" content=\"index, follow, max-snippet:-1, max-image-preview:large, max-video-preview:-1\" \/>\n<link rel=\"canonical\" href=\"https:\/\/www.aplicacionsaudiovisuals.com\/es\/producto\/reproductores\/hm4x4s-copia-copia-copia-copia-copia-copia-copia-copia-copia-copia-copia\/\" \/>\n<meta property=\"og:locale\" content=\"es_ES\" \/>\n<meta property=\"og:type\" content=\"article\" \/>\n<meta property=\"og:title\" content=\"MP103 MK2 USB - Aplicacions Audiovisuals\" \/>\n<meta property=\"og:description\" content=\"NewHank MULTIMATE en Aplicaciones Audiovisuales: El todo en un profesional 1U con radio Internet, DAB+, FM, Spotify Connect y Bluetooth. Control remoto y WiFi.\" \/>\n<meta property=\"og:url\" content=\"https:\/\/www.aplicacionsaudiovisuals.com\/es\/producto\/reproductores\/hm4x4s-copia-copia-copia-copia-copia-copia-copia-copia-copia-copia-copia\/\" \/>\n<meta property=\"og:site_name\" content=\"Aplicacions Audiovisuals\" \/>\n<meta property=\"article:publisher\" content=\"https:\/\/www.facebook.com\/aplicacionsaudiovisuals\" \/>\n<meta property=\"article:modified_time\" content=\"2026-02-26T16:49:57+00:00\" \/>\n<meta property=\"og:image\" content=\"https:\/\/www.aplicacionsaudiovisuals.com\/wp-content\/uploads\/2026\/02\/newhank-MP103-MK2-USB.jpg\" \/>\n\t<meta property=\"og:image:width\" content=\"1000\" \/>\n\t<meta property=\"og:image:height\" content=\"1200\" \/>\n\t<meta property=\"og:image:type\" content=\"image\/jpeg\" \/>\n<meta name=\"twitter:card\" content=\"summary_large_image\" \/>\n<script type=\"application\/ld+json\" class=\"yoast-schema-graph\">{\"@context\":\"https:\/\/schema.org\",\"@graph\":[{\"@type\":\"WebPage\",\"@id\":\"https:\/\/www.aplicacionsaudiovisuals.com\/es\/producto\/reproductores\/hm4x4s-copia-copia-copia-copia-copia-copia-copia-copia-copia-copia-copia\/\",\"url\":\"https:\/\/www.aplicacionsaudiovisuals.com\/es\/producto\/reproductores\/hm4x4s-copia-copia-copia-copia-copia-copia-copia-copia-copia-copia-copia\/\",\"name\":\"MP103 MK2 USB - Aplicacions Audiovisuals\",\"isPartOf\":{\"@id\":\"https:\/\/www.aplicacionsaudiovisuals.com\/es\/#website\"},\"primaryImageOfPage\":{\"@id\":\"https:\/\/www.aplicacionsaudiovisuals.com\/es\/producto\/reproductores\/hm4x4s-copia-copia-copia-copia-copia-copia-copia-copia-copia-copia-copia\/#primaryimage\"},\"image\":{\"@id\":\"https:\/\/www.aplicacionsaudiovisuals.com\/es\/producto\/reproductores\/hm4x4s-copia-copia-copia-copia-copia-copia-copia-copia-copia-copia-copia\/#primaryimage\"},\"thumbnailUrl\":\"https:\/\/www.aplicacionsaudiovisuals.com\/wp-content\/uploads\/2026\/02\/newhank-MP103-MK2-USB.jpg\",\"datePublished\":\"2026-02-24T14:59:58+00:00\",\"dateModified\":\"2026-02-26T16:49:57+00:00\",\"description\":\"NewHank MULTIMATE en Aplicaciones Audiovisuales: El todo en un profesional 1U con radio Internet, DAB+, FM, Spotify Connect y Bluetooth. Control remoto y WiFi.\",\"breadcrumb\":{\"@id\":\"https:\/\/www.aplicacionsaudiovisuals.com\/es\/producto\/reproductores\/hm4x4s-copia-copia-copia-copia-copia-copia-copia-copia-copia-copia-copia\/#breadcrumb\"},\"inLanguage\":\"es\",\"potentialAction\":[{\"@type\":\"ReadAction\",\"target\":[\"https:\/\/www.aplicacionsaudiovisuals.com\/es\/producto\/reproductores\/hm4x4s-copia-copia-copia-copia-copia-copia-copia-copia-copia-copia-copia\/\"]}]},{\"@type\":\"ImageObject\",\"inLanguage\":\"es\",\"@id\":\"https:\/\/www.aplicacionsaudiovisuals.com\/es\/producto\/reproductores\/hm4x4s-copia-copia-copia-copia-copia-copia-copia-copia-copia-copia-copia\/#primaryimage\",\"url\":\"https:\/\/www.aplicacionsaudiovisuals.com\/wp-content\/uploads\/2026\/02\/newhank-MP103-MK2-USB.jpg\",\"contentUrl\":\"https:\/\/www.aplicacionsaudiovisuals.com\/wp-content\/uploads\/2026\/02\/newhank-MP103-MK2-USB.jpg\",\"width\":1000,\"height\":1200,\"caption\":\"NewHank MP103 MK2 USB\"},{\"@type\":\"BreadcrumbList\",\"@id\":\"https:\/\/www.aplicacionsaudiovisuals.com\/es\/producto\/reproductores\/hm4x4s-copia-copia-copia-copia-copia-copia-copia-copia-copia-copia-copia\/#breadcrumb\",\"itemListElement\":[{\"@type\":\"ListItem\",\"position\":1,\"name\":\"Inici\",\"item\":\"https:\/\/www.aplicacionsaudiovisuals.com\/es\/\"},{\"@type\":\"ListItem\",\"position\":2,\"name\":\"Cat\u00e1logo\",\"item\":\"https:\/\/www.aplicacionsaudiovisuals.com\/es\/catalogo\/\"},{\"@type\":\"ListItem\",\"position\":3,\"name\":\"MP103 MK2 USB\"}]},{\"@type\":\"WebSite\",\"@id\":\"https:\/\/www.aplicacionsaudiovisuals.com\/es\/#website\",\"url\":\"https:\/\/www.aplicacionsaudiovisuals.com\/es\/\",\"name\":\"Aplicacions Audiovisuals\",\"description\":\"Projectes de condicionament ac\u00fastic\",\"publisher\":{\"@id\":\"https:\/\/www.aplicacionsaudiovisuals.com\/es\/#organization\"},\"alternateName\":\"Aplicacions Audiovisuals\",\"potentialAction\":[{\"@type\":\"SearchAction\",\"target\":{\"@type\":\"EntryPoint\",\"urlTemplate\":\"https:\/\/www.aplicacionsaudiovisuals.com\/es\/?s={search_term_string}\"},\"query-input\":{\"@type\":\"PropertyValueSpecification\",\"valueRequired\":true,\"valueName\":\"search_term_string\"}}],\"inLanguage\":\"es\"},{\"@type\":\"Organization\",\"@id\":\"https:\/\/www.aplicacionsaudiovisuals.com\/es\/#organization\",\"name\":\"Aplicacions Audiovisuals\",\"url\":\"https:\/\/www.aplicacionsaudiovisuals.com\/es\/\",\"logo\":{\"@type\":\"ImageObject\",\"inLanguage\":\"es\",\"@id\":\"https:\/\/www.aplicacionsaudiovisuals.com\/es\/#\/schema\/logo\/image\/\",\"url\":\"https:\/\/www.aplicacionsaudiovisuals.com\/wp-content\/uploads\/2025\/03\/aplicacions-audiovisuals-logo-negre.png\",\"contentUrl\":\"https:\/\/www.aplicacionsaudiovisuals.com\/wp-content\/uploads\/2025\/03\/aplicacions-audiovisuals-logo-negre.png\",\"width\":500,\"height\":195,\"caption\":\"Aplicacions Audiovisuals\"},\"image\":{\"@id\":\"https:\/\/www.aplicacionsaudiovisuals.com\/es\/#\/schema\/logo\/image\/\"},\"sameAs\":[\"https:\/\/www.facebook.com\/aplicacionsaudiovisuals\"]}]}<\/script>\n<!-- \/ Yoast SEO plugin. -->","yoast_head_json":{"title":"MP103 MK2 USB - Aplicacions Audiovisuals","description":"NewHank MULTIMATE en Aplicaciones Audiovisuales: El todo en un profesional 1U con radio Internet, DAB+, FM, Spotify Connect y Bluetooth. Control remoto y WiFi.","robots":{"index":"index","follow":"follow","max-snippet":"max-snippet:-1","max-image-preview":"max-image-preview:large","max-video-preview":"max-video-preview:-1"},"canonical":"https:\/\/www.aplicacionsaudiovisuals.com\/es\/producto\/reproductores\/hm4x4s-copia-copia-copia-copia-copia-copia-copia-copia-copia-copia-copia\/","og_locale":"es_ES","og_type":"article","og_title":"MP103 MK2 USB - Aplicacions Audiovisuals","og_description":"NewHank MULTIMATE en Aplicaciones Audiovisuales: El todo en un profesional 1U con radio Internet, DAB+, FM, Spotify Connect y Bluetooth. Control remoto y WiFi.","og_url":"https:\/\/www.aplicacionsaudiovisuals.com\/es\/producto\/reproductores\/hm4x4s-copia-copia-copia-copia-copia-copia-copia-copia-copia-copia-copia\/","og_site_name":"Aplicacions Audiovisuals","article_publisher":"https:\/\/www.facebook.com\/aplicacionsaudiovisuals","article_modified_time":"2026-02-26T16:49:57+00:00","og_image":[{"width":1000,"height":1200,"url":"https:\/\/www.aplicacionsaudiovisuals.com\/wp-content\/uploads\/2026\/02\/newhank-MP103-MK2-USB.jpg","type":"image\/jpeg"}],"twitter_card":"summary_large_image","schema":{"@context":"https:\/\/schema.org","@graph":[{"@type":"WebPage","@id":"https:\/\/www.aplicacionsaudiovisuals.com\/es\/producto\/reproductores\/hm4x4s-copia-copia-copia-copia-copia-copia-copia-copia-copia-copia-copia\/","url":"https:\/\/www.aplicacionsaudiovisuals.com\/es\/producto\/reproductores\/hm4x4s-copia-copia-copia-copia-copia-copia-copia-copia-copia-copia-copia\/","name":"MP103 MK2 USB - Aplicacions Audiovisuals","isPartOf":{"@id":"https:\/\/www.aplicacionsaudiovisuals.com\/es\/#website"},"primaryImageOfPage":{"@id":"https:\/\/www.aplicacionsaudiovisuals.com\/es\/producto\/reproductores\/hm4x4s-copia-copia-copia-copia-copia-copia-copia-copia-copia-copia-copia\/#primaryimage"},"image":{"@id":"https:\/\/www.aplicacionsaudiovisuals.com\/es\/producto\/reproductores\/hm4x4s-copia-copia-copia-copia-copia-copia-copia-copia-copia-copia-copia\/#primaryimage"},"thumbnailUrl":"https:\/\/www.aplicacionsaudiovisuals.com\/wp-content\/uploads\/2026\/02\/newhank-MP103-MK2-USB.jpg","datePublished":"2026-02-24T14:59:58+00:00","dateModified":"2026-02-26T16:49:57+00:00","description":"NewHank MULTIMATE en Aplicaciones Audiovisuales: El todo en un profesional 1U con radio Internet, DAB+, FM, Spotify Connect y Bluetooth. Control remoto y WiFi.","breadcrumb":{"@id":"https:\/\/www.aplicacionsaudiovisuals.com\/es\/producto\/reproductores\/hm4x4s-copia-copia-copia-copia-copia-copia-copia-copia-copia-copia-copia\/#breadcrumb"},"inLanguage":"es","potentialAction":[{"@type":"ReadAction","target":["https:\/\/www.aplicacionsaudiovisuals.com\/es\/producto\/reproductores\/hm4x4s-copia-copia-copia-copia-copia-copia-copia-copia-copia-copia-copia\/"]}]},{"@type":"ImageObject","inLanguage":"es","@id":"https:\/\/www.aplicacionsaudiovisuals.com\/es\/producto\/reproductores\/hm4x4s-copia-copia-copia-copia-copia-copia-copia-copia-copia-copia-copia\/#primaryimage","url":"https:\/\/www.aplicacionsaudiovisuals.com\/wp-content\/uploads\/2026\/02\/newhank-MP103-MK2-USB.jpg","contentUrl":"https:\/\/www.aplicacionsaudiovisuals.com\/wp-content\/uploads\/2026\/02\/newhank-MP103-MK2-USB.jpg","width":1000,"height":1200,"caption":"NewHank MP103 MK2 USB"},{"@type":"BreadcrumbList","@id":"https:\/\/www.aplicacionsaudiovisuals.com\/es\/producto\/reproductores\/hm4x4s-copia-copia-copia-copia-copia-copia-copia-copia-copia-copia-copia\/#breadcrumb","itemListElement":[{"@type":"ListItem","position":1,"name":"Inici","item":"https:\/\/www.aplicacionsaudiovisuals.com\/es\/"},{"@type":"ListItem","position":2,"name":"Cat\u00e1logo","item":"https:\/\/www.aplicacionsaudiovisuals.com\/es\/catalogo\/"},{"@type":"ListItem","position":3,"name":"MP103 MK2 USB"}]},{"@type":"WebSite","@id":"https:\/\/www.aplicacionsaudiovisuals.com\/es\/#website","url":"https:\/\/www.aplicacionsaudiovisuals.com\/es\/","name":"Aplicacions Audiovisuals","description":"Projectes de condicionament ac\u00fastic","publisher":{"@id":"https:\/\/www.aplicacionsaudiovisuals.com\/es\/#organization"},"alternateName":"Aplicacions Audiovisuals","potentialAction":[{"@type":"SearchAction","target":{"@type":"EntryPoint","urlTemplate":"https:\/\/www.aplicacionsaudiovisuals.com\/es\/?s={search_term_string}"},"query-input":{"@type":"PropertyValueSpecification","valueRequired":true,"valueName":"search_term_string"}}],"inLanguage":"es"},{"@type":"Organization","@id":"https:\/\/www.aplicacionsaudiovisuals.com\/es\/#organization","name":"Aplicacions Audiovisuals","url":"https:\/\/www.aplicacionsaudiovisuals.com\/es\/","logo":{"@type":"ImageObject","inLanguage":"es","@id":"https:\/\/www.aplicacionsaudiovisuals.com\/es\/#\/schema\/logo\/image\/","url":"https:\/\/www.aplicacionsaudiovisuals.com\/wp-content\/uploads\/2025\/03\/aplicacions-audiovisuals-logo-negre.png","contentUrl":"https:\/\/www.aplicacionsaudiovisuals.com\/wp-content\/uploads\/2025\/03\/aplicacions-audiovisuals-logo-negre.png","width":500,"height":195,"caption":"Aplicacions Audiovisuals"},"image":{"@id":"https:\/\/www.aplicacionsaudiovisuals.com\/es\/#\/schema\/logo\/image\/"},"sameAs":["https:\/\/www.facebook.com\/aplicacionsaudiovisuals"]}]}},"_links":{"self":[{"href":"https:\/\/www.aplicacionsaudiovisuals.com\/es\/wp-json\/wp\/v2\/product\/12925","targetHints":{"allow":["GET"]}}],"collection":[{"href":"https:\/\/www.aplicacionsaudiovisuals.com\/es\/wp-json\/wp\/v2\/product"}],"about":[{"href":"https:\/\/www.aplicacionsaudiovisuals.com\/es\/wp-json\/wp\/v2\/types\/product"}],"version-history":[{"count":3,"href":"https:\/\/www.aplicacionsaudiovisuals.com\/es\/wp-json\/wp\/v2\/product\/12925\/revisions"}],"predecessor-version":[{"id":13156,"href":"https:\/\/www.aplicacionsaudiovisuals.com\/es\/wp-json\/wp\/v2\/product\/12925\/revisions\/13156"}],"wp:featuredmedia":[{"embeddable":true,"href":"https:\/\/www.aplicacionsaudiovisuals.com\/es\/wp-json\/wp\/v2\/media\/12929"}],"wp:attachment":[{"href":"https:\/\/www.aplicacionsaudiovisuals.com\/es\/wp-json\/wp\/v2\/media?parent=12925"}],"wp:term":[{"taxonomy":"product_brand","embeddable":true,"href":"https:\/\/www.aplicacionsaudiovisuals.com\/es\/wp-json\/wp\/v2\/product_brand?post=12925"},{"taxonomy":"product_cat","embeddable":true,"href":"https:\/\/www.aplicacionsaudiovisuals.com\/es\/wp-json\/wp\/v2\/product_cat?post=12925"},{"taxonomy":"product_tag","embeddable":true,"href":"https:\/\/www.aplicacionsaudiovisuals.com\/es\/wp-json\/wp\/v2\/product_tag?post=12925"}],"curies":[{"name":"wp","href":"https:\/\/api.w.org\/{rel}","templated":true}]}}