{"id":12859,"date":"2026-02-24T15:30:55","date_gmt":"2026-02-24T14:30:55","guid":{"rendered":"https:\/\/www.aplicacionsaudiovisuals.com\/?post_type=product&#038;p=12859"},"modified":"2026-02-26T17:45:47","modified_gmt":"2026-02-26T16:45:47","slug":"hm4x4s-copia-copia-copia-copia-copia-copia","status":"publish","type":"product","link":"https:\/\/www.aplicacionsaudiovisuals.com\/es\/producto\/reproductores\/hm4x4s-copia-copia-copia-copia-copia-copia\/","title":{"rendered":"CONTROL FM"},"content":{"rendered":"<p data-path-to-node=\"1\"><strong>Especificaciones T\u00e9cnicas<\/strong><\/p>\n<ul>\n<li data-path-to-node=\"2,0,0\">Fuente de alimentaci\u00f3n: Voltaje \u00fanico AC 220V, 50Hz<\/li>\n<li data-path-to-node=\"2,1,0\"><b data-path-to-node=\"2,1,0\" data-index-in-node=\"0\"><span class=\"citation-190\">Consumo de energ\u00eda:<\/span><\/b><span class=\"citation-190 citation-end-190\"> 4,5W<\/span><\/li>\n<li data-path-to-node=\"2,2,0\"><b data-path-to-node=\"2,2,0\" data-index-in-node=\"0\">Condiciones ambientales:<\/b> Temperatura de funcionamiento de 5 a 35 \u00b0C<\/li>\n<li data-path-to-node=\"2,3,0\"><b data-path-to-node=\"2,3,0\" data-index-in-node=\"0\">Humedad de funcionamiento:<\/b> 25 a 85% RH (sin condensaci\u00f3n)<\/li>\n<li data-path-to-node=\"2,4,0\"><b data-path-to-node=\"2,4,0\" data-index-in-node=\"0\">Temperatura de almacenamiento:<\/b> -10 a 60 \u00b0C<\/li>\n<li data-path-to-node=\"2,5,0\"><b data-path-to-node=\"2,5,0\" data-index-in-node=\"0\">Accesorios:<\/b> Cable de alimentaci\u00f3n<\/li>\n<li data-path-to-node=\"2,6,0\">Dimensiones del panel frontal: 483 x 44,4 mm<\/li>\n<li data-path-to-node=\"2,7,0\"><b data-path-to-node=\"2,7,0\" data-index-in-node=\"0\"><span class=\"citation-186\">Dimensiones del panel posterior:<\/span><\/b><span class=\"citation-186 citation-end-186\"> 400 x 44,4 mm<\/span><\/li>\n<li data-path-to-node=\"2,8,0\"><b data-path-to-node=\"2,8,0\" data-index-in-node=\"0\">Profundidad del chasis:<\/b> 139 mm (excluyendo conectores)<\/li>\n<li data-path-to-node=\"2,11,0\"><b data-path-to-node=\"2,11,0\" data-index-in-node=\"0\"><span class=\"citation-183\">Peso:<\/span><\/b><span class=\"citation-183 citation-end-183\"> 4 kg<\/span><\/li>\n<\/ul>\n","protected":false},"excerpt":{"rendered":"<p data-path-to-node=\"2\">El CONTROL FM es una soluci\u00f3n de m\u00faltiples fuentes est\u00e9reo eficaz y asequible para sistemas de hilo musical. Combina un reproductor de MP3 est\u00e9reo y un sintonizador FM con 6 presets en una sola unidad de rack de 19&#8243; y 1U de altura. Reproduce archivos de m\u00fasica MP3 desde una tarjeta USB o SD, escucha tus emisoras de radio FM favoritas o conecta otro dispositivo de reproducci\u00f3n mediante la entrada de 3,5 mm del panel frontal.<\/p>\n<div class=\"source-inline-chip-container ng-star-inserted\"><\/div>\n<p data-path-to-node=\"3\"><b data-path-to-node=\"3\" data-index-in-node=\"0\">Caracter\u00edsticas principales<\/b><\/p>\n<ul>\n<li data-path-to-node=\"4,0,0\">Unidad reproductora de MP3 est\u00e9reo, con funciones de reproducci\u00f3n \u00fanica, total y aleatoria.<\/li>\n<li data-path-to-node=\"4,1,0\"><span class=\"citation-167 citation-end-167\">Radio FM est\u00e9reo con 6 presets (memorias).<\/span><\/li>\n<li data-path-to-node=\"4,2,0\"><span class=\"citation-166 citation-end-166\">Entrada de l\u00ednea est\u00e9reo en el panel frontal.<\/span><\/li>\n<li data-path-to-node=\"4,3,0\">Salidas RCA est\u00e9reo individuales para el reproductor MP3 y para la radio FM.<\/li>\n<li data-path-to-node=\"4,4,0\">Salida RCA est\u00e9reo combinada para MP3 y radio FM con control de balance de nivel.<\/li>\n<li data-path-to-node=\"4,5,0\"><span class=\"citation-165 citation-end-165\">Soporte opcional para RS-232 en sistemas automatizados.<\/span><\/li>\n<li id=\"p-rc_221ee2cf1bf8243c-136\" data-path-to-node=\"4,6,0\"><span class=\"citation-164 citation-end-164\">2 a\u00f1os de garant\u00eda.<\/span><\/li>\n<\/ul>\n[otaru_core_button button_layout=\"filled\" text=\"Manual\" link=\"https:\/\/www.aplicacionsaudiovisuals.com\/wp-content\/uploads\/2026\/02\/CONTROL-FM-MANUAL-1.pdf\" target=\"_blank\" _transform_keep_proportions=\"yes\" _transform_keep_proportions_hover=\"yes\"]\n[otaru_core_button button_layout=\"filled\" text=\"Ficha t\u00e9cnica\" link=\"https:\/\/www.aplicacionsaudiovisuals.com\/wp-content\/uploads\/2026\/02\/Newhank-Control-FM-Specsheet.pdf\" target=\"_blank\" _transform_keep_proportions=\"yes\" _transform_keep_proportions_hover=\"yes\"]\n<p>&nbsp;<\/p>\n","protected":false},"featured_media":12867,"template":"","meta":[],"product_brand":[],"product_cat":[215],"product_tag":[202],"class_list":{"0":"post-12859","1":"product","2":"type-product","3":"status-publish","4":"has-post-thumbnail","6":"product_cat-reproductores","7":"product_tag-newhank-es","8":"pa_marca-newhank-es","10":"first","11":"instock","12":"shipping-taxable","13":"product-type-simple"},"yoast_head":"<!-- This site is optimized with the Yoast SEO plugin v24.9 - https:\/\/yoast.com\/wordpress\/plugins\/seo\/ -->\n<title>CONTROL FM - Aplicacions Audiovisuals<\/title>\n<meta name=\"description\" content=\"NewHank CONTROL FM en Aplicaciones Audiovisuales: Fuente de audio 1U con reproductor MP3 (USB\/SD) y sintonizador FM con 6 presets. La soluci\u00f3n ideal para hilo musical y retail.\" \/>\n<meta name=\"robots\" content=\"index, follow, max-snippet:-1, max-image-preview:large, max-video-preview:-1\" \/>\n<link rel=\"canonical\" href=\"https:\/\/www.aplicacionsaudiovisuals.com\/es\/producto\/reproductores\/hm4x4s-copia-copia-copia-copia-copia-copia\/\" \/>\n<meta property=\"og:locale\" content=\"es_ES\" \/>\n<meta property=\"og:type\" content=\"article\" \/>\n<meta property=\"og:title\" content=\"CONTROL FM - Aplicacions Audiovisuals\" \/>\n<meta property=\"og:description\" content=\"NewHank CONTROL FM en Aplicaciones Audiovisuales: Fuente de audio 1U con reproductor MP3 (USB\/SD) y sintonizador FM con 6 presets. La soluci\u00f3n ideal para hilo musical y retail.\" \/>\n<meta property=\"og:url\" content=\"https:\/\/www.aplicacionsaudiovisuals.com\/es\/producto\/reproductores\/hm4x4s-copia-copia-copia-copia-copia-copia\/\" \/>\n<meta property=\"og:site_name\" content=\"Aplicacions Audiovisuals\" \/>\n<meta property=\"article:publisher\" content=\"https:\/\/www.facebook.com\/aplicacionsaudiovisuals\" \/>\n<meta property=\"article:modified_time\" content=\"2026-02-26T16:45:47+00:00\" \/>\n<meta property=\"og:image\" content=\"https:\/\/www.aplicacionsaudiovisuals.com\/wp-content\/uploads\/2026\/02\/newhank-CONTROL-FM.jpg\" \/>\n\t<meta property=\"og:image:width\" content=\"1000\" \/>\n\t<meta property=\"og:image:height\" content=\"1200\" \/>\n\t<meta property=\"og:image:type\" content=\"image\/jpeg\" \/>\n<meta name=\"twitter:card\" content=\"summary_large_image\" \/>\n<script type=\"application\/ld+json\" class=\"yoast-schema-graph\">{\"@context\":\"https:\/\/schema.org\",\"@graph\":[{\"@type\":\"WebPage\",\"@id\":\"https:\/\/www.aplicacionsaudiovisuals.com\/es\/producto\/reproductores\/hm4x4s-copia-copia-copia-copia-copia-copia\/\",\"url\":\"https:\/\/www.aplicacionsaudiovisuals.com\/es\/producto\/reproductores\/hm4x4s-copia-copia-copia-copia-copia-copia\/\",\"name\":\"CONTROL FM - Aplicacions Audiovisuals\",\"isPartOf\":{\"@id\":\"https:\/\/www.aplicacionsaudiovisuals.com\/es\/#website\"},\"primaryImageOfPage\":{\"@id\":\"https:\/\/www.aplicacionsaudiovisuals.com\/es\/producto\/reproductores\/hm4x4s-copia-copia-copia-copia-copia-copia\/#primaryimage\"},\"image\":{\"@id\":\"https:\/\/www.aplicacionsaudiovisuals.com\/es\/producto\/reproductores\/hm4x4s-copia-copia-copia-copia-copia-copia\/#primaryimage\"},\"thumbnailUrl\":\"https:\/\/www.aplicacionsaudiovisuals.com\/wp-content\/uploads\/2026\/02\/newhank-CONTROL-FM.jpg\",\"datePublished\":\"2026-02-24T14:30:55+00:00\",\"dateModified\":\"2026-02-26T16:45:47+00:00\",\"description\":\"NewHank CONTROL FM en Aplicaciones Audiovisuales: Fuente de audio 1U con reproductor MP3 (USB\/SD) y sintonizador FM con 6 presets. La soluci\u00f3n ideal para hilo musical y retail.\",\"breadcrumb\":{\"@id\":\"https:\/\/www.aplicacionsaudiovisuals.com\/es\/producto\/reproductores\/hm4x4s-copia-copia-copia-copia-copia-copia\/#breadcrumb\"},\"inLanguage\":\"es\",\"potentialAction\":[{\"@type\":\"ReadAction\",\"target\":[\"https:\/\/www.aplicacionsaudiovisuals.com\/es\/producto\/reproductores\/hm4x4s-copia-copia-copia-copia-copia-copia\/\"]}]},{\"@type\":\"ImageObject\",\"inLanguage\":\"es\",\"@id\":\"https:\/\/www.aplicacionsaudiovisuals.com\/es\/producto\/reproductores\/hm4x4s-copia-copia-copia-copia-copia-copia\/#primaryimage\",\"url\":\"https:\/\/www.aplicacionsaudiovisuals.com\/wp-content\/uploads\/2026\/02\/newhank-CONTROL-FM.jpg\",\"contentUrl\":\"https:\/\/www.aplicacionsaudiovisuals.com\/wp-content\/uploads\/2026\/02\/newhank-CONTROL-FM.jpg\",\"width\":1000,\"height\":1200,\"caption\":\"NewHank CONTROL FM\"},{\"@type\":\"BreadcrumbList\",\"@id\":\"https:\/\/www.aplicacionsaudiovisuals.com\/es\/producto\/reproductores\/hm4x4s-copia-copia-copia-copia-copia-copia\/#breadcrumb\",\"itemListElement\":[{\"@type\":\"ListItem\",\"position\":1,\"name\":\"Inici\",\"item\":\"https:\/\/www.aplicacionsaudiovisuals.com\/es\/\"},{\"@type\":\"ListItem\",\"position\":2,\"name\":\"Cat\u00e1logo\",\"item\":\"https:\/\/www.aplicacionsaudiovisuals.com\/es\/catalogo\/\"},{\"@type\":\"ListItem\",\"position\":3,\"name\":\"CONTROL FM\"}]},{\"@type\":\"WebSite\",\"@id\":\"https:\/\/www.aplicacionsaudiovisuals.com\/es\/#website\",\"url\":\"https:\/\/www.aplicacionsaudiovisuals.com\/es\/\",\"name\":\"Aplicacions Audiovisuals\",\"description\":\"Projectes de condicionament ac\u00fastic\",\"publisher\":{\"@id\":\"https:\/\/www.aplicacionsaudiovisuals.com\/es\/#organization\"},\"alternateName\":\"Aplicacions Audiovisuals\",\"potentialAction\":[{\"@type\":\"SearchAction\",\"target\":{\"@type\":\"EntryPoint\",\"urlTemplate\":\"https:\/\/www.aplicacionsaudiovisuals.com\/es\/?s={search_term_string}\"},\"query-input\":{\"@type\":\"PropertyValueSpecification\",\"valueRequired\":true,\"valueName\":\"search_term_string\"}}],\"inLanguage\":\"es\"},{\"@type\":\"Organization\",\"@id\":\"https:\/\/www.aplicacionsaudiovisuals.com\/es\/#organization\",\"name\":\"Aplicacions Audiovisuals\",\"url\":\"https:\/\/www.aplicacionsaudiovisuals.com\/es\/\",\"logo\":{\"@type\":\"ImageObject\",\"inLanguage\":\"es\",\"@id\":\"https:\/\/www.aplicacionsaudiovisuals.com\/es\/#\/schema\/logo\/image\/\",\"url\":\"https:\/\/www.aplicacionsaudiovisuals.com\/wp-content\/uploads\/2025\/03\/aplicacions-audiovisuals-logo-negre.png\",\"contentUrl\":\"https:\/\/www.aplicacionsaudiovisuals.com\/wp-content\/uploads\/2025\/03\/aplicacions-audiovisuals-logo-negre.png\",\"width\":500,\"height\":195,\"caption\":\"Aplicacions Audiovisuals\"},\"image\":{\"@id\":\"https:\/\/www.aplicacionsaudiovisuals.com\/es\/#\/schema\/logo\/image\/\"},\"sameAs\":[\"https:\/\/www.facebook.com\/aplicacionsaudiovisuals\"]}]}<\/script>\n<!-- \/ Yoast SEO plugin. -->","yoast_head_json":{"title":"CONTROL FM - Aplicacions Audiovisuals","description":"NewHank CONTROL FM en Aplicaciones Audiovisuales: Fuente de audio 1U con reproductor MP3 (USB\/SD) y sintonizador FM con 6 presets. La soluci\u00f3n ideal para hilo musical y retail.","robots":{"index":"index","follow":"follow","max-snippet":"max-snippet:-1","max-image-preview":"max-image-preview:large","max-video-preview":"max-video-preview:-1"},"canonical":"https:\/\/www.aplicacionsaudiovisuals.com\/es\/producto\/reproductores\/hm4x4s-copia-copia-copia-copia-copia-copia\/","og_locale":"es_ES","og_type":"article","og_title":"CONTROL FM - Aplicacions Audiovisuals","og_description":"NewHank CONTROL FM en Aplicaciones Audiovisuales: Fuente de audio 1U con reproductor MP3 (USB\/SD) y sintonizador FM con 6 presets. La soluci\u00f3n ideal para hilo musical y retail.","og_url":"https:\/\/www.aplicacionsaudiovisuals.com\/es\/producto\/reproductores\/hm4x4s-copia-copia-copia-copia-copia-copia\/","og_site_name":"Aplicacions Audiovisuals","article_publisher":"https:\/\/www.facebook.com\/aplicacionsaudiovisuals","article_modified_time":"2026-02-26T16:45:47+00:00","og_image":[{"width":1000,"height":1200,"url":"https:\/\/www.aplicacionsaudiovisuals.com\/wp-content\/uploads\/2026\/02\/newhank-CONTROL-FM.jpg","type":"image\/jpeg"}],"twitter_card":"summary_large_image","schema":{"@context":"https:\/\/schema.org","@graph":[{"@type":"WebPage","@id":"https:\/\/www.aplicacionsaudiovisuals.com\/es\/producto\/reproductores\/hm4x4s-copia-copia-copia-copia-copia-copia\/","url":"https:\/\/www.aplicacionsaudiovisuals.com\/es\/producto\/reproductores\/hm4x4s-copia-copia-copia-copia-copia-copia\/","name":"CONTROL FM - Aplicacions Audiovisuals","isPartOf":{"@id":"https:\/\/www.aplicacionsaudiovisuals.com\/es\/#website"},"primaryImageOfPage":{"@id":"https:\/\/www.aplicacionsaudiovisuals.com\/es\/producto\/reproductores\/hm4x4s-copia-copia-copia-copia-copia-copia\/#primaryimage"},"image":{"@id":"https:\/\/www.aplicacionsaudiovisuals.com\/es\/producto\/reproductores\/hm4x4s-copia-copia-copia-copia-copia-copia\/#primaryimage"},"thumbnailUrl":"https:\/\/www.aplicacionsaudiovisuals.com\/wp-content\/uploads\/2026\/02\/newhank-CONTROL-FM.jpg","datePublished":"2026-02-24T14:30:55+00:00","dateModified":"2026-02-26T16:45:47+00:00","description":"NewHank CONTROL FM en Aplicaciones Audiovisuales: Fuente de audio 1U con reproductor MP3 (USB\/SD) y sintonizador FM con 6 presets. La soluci\u00f3n ideal para hilo musical y retail.","breadcrumb":{"@id":"https:\/\/www.aplicacionsaudiovisuals.com\/es\/producto\/reproductores\/hm4x4s-copia-copia-copia-copia-copia-copia\/#breadcrumb"},"inLanguage":"es","potentialAction":[{"@type":"ReadAction","target":["https:\/\/www.aplicacionsaudiovisuals.com\/es\/producto\/reproductores\/hm4x4s-copia-copia-copia-copia-copia-copia\/"]}]},{"@type":"ImageObject","inLanguage":"es","@id":"https:\/\/www.aplicacionsaudiovisuals.com\/es\/producto\/reproductores\/hm4x4s-copia-copia-copia-copia-copia-copia\/#primaryimage","url":"https:\/\/www.aplicacionsaudiovisuals.com\/wp-content\/uploads\/2026\/02\/newhank-CONTROL-FM.jpg","contentUrl":"https:\/\/www.aplicacionsaudiovisuals.com\/wp-content\/uploads\/2026\/02\/newhank-CONTROL-FM.jpg","width":1000,"height":1200,"caption":"NewHank CONTROL FM"},{"@type":"BreadcrumbList","@id":"https:\/\/www.aplicacionsaudiovisuals.com\/es\/producto\/reproductores\/hm4x4s-copia-copia-copia-copia-copia-copia\/#breadcrumb","itemListElement":[{"@type":"ListItem","position":1,"name":"Inici","item":"https:\/\/www.aplicacionsaudiovisuals.com\/es\/"},{"@type":"ListItem","position":2,"name":"Cat\u00e1logo","item":"https:\/\/www.aplicacionsaudiovisuals.com\/es\/catalogo\/"},{"@type":"ListItem","position":3,"name":"CONTROL FM"}]},{"@type":"WebSite","@id":"https:\/\/www.aplicacionsaudiovisuals.com\/es\/#website","url":"https:\/\/www.aplicacionsaudiovisuals.com\/es\/","name":"Aplicacions Audiovisuals","description":"Projectes de condicionament ac\u00fastic","publisher":{"@id":"https:\/\/www.aplicacionsaudiovisuals.com\/es\/#organization"},"alternateName":"Aplicacions Audiovisuals","potentialAction":[{"@type":"SearchAction","target":{"@type":"EntryPoint","urlTemplate":"https:\/\/www.aplicacionsaudiovisuals.com\/es\/?s={search_term_string}"},"query-input":{"@type":"PropertyValueSpecification","valueRequired":true,"valueName":"search_term_string"}}],"inLanguage":"es"},{"@type":"Organization","@id":"https:\/\/www.aplicacionsaudiovisuals.com\/es\/#organization","name":"Aplicacions Audiovisuals","url":"https:\/\/www.aplicacionsaudiovisuals.com\/es\/","logo":{"@type":"ImageObject","inLanguage":"es","@id":"https:\/\/www.aplicacionsaudiovisuals.com\/es\/#\/schema\/logo\/image\/","url":"https:\/\/www.aplicacionsaudiovisuals.com\/wp-content\/uploads\/2025\/03\/aplicacions-audiovisuals-logo-negre.png","contentUrl":"https:\/\/www.aplicacionsaudiovisuals.com\/wp-content\/uploads\/2025\/03\/aplicacions-audiovisuals-logo-negre.png","width":500,"height":195,"caption":"Aplicacions Audiovisuals"},"image":{"@id":"https:\/\/www.aplicacionsaudiovisuals.com\/es\/#\/schema\/logo\/image\/"},"sameAs":["https:\/\/www.facebook.com\/aplicacionsaudiovisuals"]}]}},"_links":{"self":[{"href":"https:\/\/www.aplicacionsaudiovisuals.com\/es\/wp-json\/wp\/v2\/product\/12859","targetHints":{"allow":["GET"]}}],"collection":[{"href":"https:\/\/www.aplicacionsaudiovisuals.com\/es\/wp-json\/wp\/v2\/product"}],"about":[{"href":"https:\/\/www.aplicacionsaudiovisuals.com\/es\/wp-json\/wp\/v2\/types\/product"}],"version-history":[{"count":3,"href":"https:\/\/www.aplicacionsaudiovisuals.com\/es\/wp-json\/wp\/v2\/product\/12859\/revisions"}],"predecessor-version":[{"id":13151,"href":"https:\/\/www.aplicacionsaudiovisuals.com\/es\/wp-json\/wp\/v2\/product\/12859\/revisions\/13151"}],"wp:featuredmedia":[{"embeddable":true,"href":"https:\/\/www.aplicacionsaudiovisuals.com\/es\/wp-json\/wp\/v2\/media\/12867"}],"wp:attachment":[{"href":"https:\/\/www.aplicacionsaudiovisuals.com\/es\/wp-json\/wp\/v2\/media?parent=12859"}],"wp:term":[{"taxonomy":"product_brand","embeddable":true,"href":"https:\/\/www.aplicacionsaudiovisuals.com\/es\/wp-json\/wp\/v2\/product_brand?post=12859"},{"taxonomy":"product_cat","embeddable":true,"href":"https:\/\/www.aplicacionsaudiovisuals.com\/es\/wp-json\/wp\/v2\/product_cat?post=12859"},{"taxonomy":"product_tag","embeddable":true,"href":"https:\/\/www.aplicacionsaudiovisuals.com\/es\/wp-json\/wp\/v2\/product_tag?post=12859"}],"curies":[{"name":"wp","href":"https:\/\/api.w.org\/{rel}","templated":true}]}}