{"id":12846,"date":"2026-02-24T15:25:13","date_gmt":"2026-02-24T14:25:13","guid":{"rendered":"https:\/\/www.aplicacionsaudiovisuals.com\/?post_type=product&#038;p=12846"},"modified":"2026-02-26T17:44:25","modified_gmt":"2026-02-26T16:44:25","slug":"hm4x4s-copia-copia-copia-copia-copia","status":"publish","type":"product","link":"https:\/\/www.aplicacionsaudiovisuals.com\/es\/producto\/mezcladores\/hm4x4s-copia-copia-copia-copia-copia\/","title":{"rendered":"CONTROL USB BT"},"content":{"rendered":"<p data-path-to-node=\"1\"><strong>Especificaciones T\u00e9cnicas<\/strong><\/p>\n<ul>\n<li data-path-to-node=\"2,0,0\"><b data-path-to-node=\"2,0,0\" data-index-in-node=\"0\">Impedancia de entrada:<\/b> L\u00ednea 10k ohmios, Micr\u00f3fono 600 ohmios<\/li>\n<li data-path-to-node=\"2,1,0\"><b data-path-to-node=\"2,1,0\" data-index-in-node=\"0\"><span class=\"citation-148\">Relaci\u00f3n Se\u00f1al\/Ruido (S\/N Ratio):<\/span><\/b><span class=\"citation-148 citation-end-148\"> &gt;98 dB<\/span><\/li>\n<li data-path-to-node=\"2,2,0\"><b data-path-to-node=\"2,2,0\" data-index-in-node=\"0\">Distorsi\u00f3n Arm\u00f3nica Total (THD):<\/b><span class=\"citation-147 citation-end-147\"> &lt;0,02% (1 kHz)<\/span><\/li>\n<li data-path-to-node=\"2,3,0\"><b data-path-to-node=\"2,3,0\" data-index-in-node=\"0\"><span class=\"citation-146\">Respuesta en frecuencia:<\/span><\/b><span class=\"citation-146 citation-end-146\"> 20 Hz &#8211; 20 kHz<\/span><\/li>\n<li data-path-to-node=\"2,4,0\"><b data-path-to-node=\"2,4,0\" data-index-in-node=\"0\"><span class=\"citation-145\">Consumo de energ\u00eda:<\/span><\/b><span class=\"citation-145 citation-end-145\"> 200-240V AC, 4,5W<\/span><\/li>\n<li data-path-to-node=\"2,5,0\"><b data-path-to-node=\"2,5,0\" data-index-in-node=\"0\">Dimensiones del panel frontal:<\/b> 482 x 44,4 mm<\/li>\n<li data-path-to-node=\"2,6,0\"><b data-path-to-node=\"2,6,0\" data-index-in-node=\"0\"><span class=\"citation-144\">Dimensiones del panel posterior:<\/span><\/b><span class=\"citation-144 citation-end-144\"> 400 x 44,4 mm<\/span><\/li>\n<li data-path-to-node=\"2,7,0\"><b data-path-to-node=\"2,7,0\" data-index-in-node=\"0\">Profundidad del chasis:<\/b> 139 mm (excluyendo conectores)<\/li>\n<li data-path-to-node=\"2,9,0\"><b data-path-to-node=\"2,9,0\" data-index-in-node=\"0\">Pes:<\/b><span class=\"citation-142 citation-end-142\"> 2,2 kg<\/span><\/li>\n<\/ul>\n","protected":false},"excerpt":{"rendered":"<p data-path-to-node=\"2\">El <b data-path-to-node=\"2\" data-index-in-node=\"3\">CONTROL USB BT<\/b> es un mezclador de rack est\u00e9reo de 19&#8243; b\u00e1sico de 3 canales con reproductor USB\/SD\/Bluetooth integrado. El canal 1 est\u00e1 asignado a la entrada de micr\u00f3fono. En el canal 2 puedes reproducir tus archivos de m\u00fasica mp3\/wav desde una tarjeta USB o SD, o conectar otro dispositivo de 3,5 mm. El canal 3 te permite controlar cualquier fuente de l\u00ednea externa a trav\u00e9s de un par de entradas RCA est\u00e9reo en la parte trasera.   <\/p>\n<p data-path-to-node=\"3\"><b data-path-to-node=\"3\" data-index-in-node=\"0\">Caracter\u00edsticas principales<\/b><\/p>\n<ul>\n<li data-path-to-node=\"4,0,0\"><span class=\"citation-121 citation-end-121\">Dise\u00f1o de audio de 1U compacto y de bajo ruido.<\/span><\/li>\n<li data-path-to-node=\"4,1,0\"><span class=\"citation-120 citation-end-120\">Reproductor USB\/SD\/Bluetooth.<\/span><\/li>\n<li data-path-to-node=\"4,2,0\"><span class=\"citation-119 citation-end-119\">Controles de volumen individuales por canal.<\/span><\/li>\n<li data-path-to-node=\"4,3,0\"><span class=\"citation-118 citation-end-118\">Secci\u00f3n Master con controles de Volumen, Graves y Agudos.<\/span><\/li>\n<li data-path-to-node=\"4,4,0\"><span class=\"citation-117 citation-end-117\">Entrada de micr\u00f3fono por Jack y entrada de l\u00ednea est\u00e9reo de 3,5 mm en el panel frontal.<\/span><\/li>\n<li data-path-to-node=\"4,5,0\"><span class=\"citation-116 citation-end-116\">1 entrada de l\u00ednea est\u00e9reo RCA en la parte trasera.<\/span><\/li>\n<li data-path-to-node=\"4,6,0\"><span class=\"citation-115 citation-end-115\">Salidas Master tanto en RCA como en XLR balanceado.<\/span><\/li>\n<li id=\"p-rc_d77e6301e5656b39-96\" data-path-to-node=\"4,7,0\"><span class=\"citation-114 citation-end-114\">Funci\u00f3n de reproducci\u00f3n aleatoria (shuffle) y lectura de archivos WAV y MP3.<\/span><\/li>\n<\/ul>\n[otaru_core_button button_layout=\"filled\" text=\"Manual\" link=\"https:\/\/www.aplicacionsaudiovisuals.com\/wp-content\/uploads\/2026\/02\/newhank-control-usb-bt-manual.pdf\" target=\"_blank\" _transform_keep_proportions=\"yes\" _transform_keep_proportions_hover=\"yes\"]\n[otaru_core_button button_layout=\"filled\" text=\"Ficha t\u00e9cnica\" link=\"https:\/\/www.aplicacionsaudiovisuals.com\/wp-content\/uploads\/2026\/02\/Newhank-Control-USB-BT-datasheet.pdf\" target=\"_blank\" _transform_keep_proportions=\"yes\" _transform_keep_proportions_hover=\"yes\"]\n<p>&nbsp;<\/p>\n","protected":false},"featured_media":12850,"template":"","meta":[],"product_brand":[],"product_cat":[214],"product_tag":[202],"class_list":{"0":"post-12846","1":"product","2":"type-product","3":"status-publish","4":"has-post-thumbnail","6":"product_cat-mezcladores","7":"product_tag-newhank-es","8":"pa_marca-newhank-es","10":"first","11":"instock","12":"shipping-taxable","13":"product-type-simple"},"yoast_head":"<!-- This site is optimized with the Yoast SEO plugin v24.9 - https:\/\/yoast.com\/wordpress\/plugins\/seo\/ -->\n<title>CONTROL USB BT - Aplicacions Audiovisuals<\/title>\n<meta name=\"description\" content=\"NewHank CONTROL USB BT en Aplicaciones Audiovisuales: Mezclador de rack 1U de 3 canales con USB, SD y Bluetooth. Salidas XLR\/RCA y control de tonos. Ideal para instalaciones.\" \/>\n<meta name=\"robots\" content=\"index, follow, max-snippet:-1, max-image-preview:large, max-video-preview:-1\" \/>\n<link rel=\"canonical\" href=\"https:\/\/www.aplicacionsaudiovisuals.com\/es\/producto\/mezcladores\/hm4x4s-copia-copia-copia-copia-copia\/\" \/>\n<meta property=\"og:locale\" content=\"es_ES\" \/>\n<meta property=\"og:type\" content=\"article\" \/>\n<meta property=\"og:title\" content=\"CONTROL USB BT - Aplicacions Audiovisuals\" \/>\n<meta property=\"og:description\" content=\"NewHank CONTROL USB BT en Aplicaciones Audiovisuales: Mezclador de rack 1U de 3 canales con USB, SD y Bluetooth. Salidas XLR\/RCA y control de tonos. Ideal para instalaciones.\" \/>\n<meta property=\"og:url\" content=\"https:\/\/www.aplicacionsaudiovisuals.com\/es\/producto\/mezcladores\/hm4x4s-copia-copia-copia-copia-copia\/\" \/>\n<meta property=\"og:site_name\" content=\"Aplicacions Audiovisuals\" \/>\n<meta property=\"article:publisher\" content=\"https:\/\/www.facebook.com\/aplicacionsaudiovisuals\" \/>\n<meta property=\"article:modified_time\" content=\"2026-02-26T16:44:25+00:00\" \/>\n<meta property=\"og:image\" content=\"https:\/\/www.aplicacionsaudiovisuals.com\/wp-content\/uploads\/2026\/02\/newhank-CONTROL-USB-BT.jpg\" \/>\n\t<meta property=\"og:image:width\" content=\"1000\" \/>\n\t<meta property=\"og:image:height\" content=\"1200\" \/>\n\t<meta property=\"og:image:type\" content=\"image\/jpeg\" \/>\n<meta name=\"twitter:card\" content=\"summary_large_image\" \/>\n<script type=\"application\/ld+json\" class=\"yoast-schema-graph\">{\"@context\":\"https:\/\/schema.org\",\"@graph\":[{\"@type\":\"WebPage\",\"@id\":\"https:\/\/www.aplicacionsaudiovisuals.com\/es\/producto\/mezcladores\/hm4x4s-copia-copia-copia-copia-copia\/\",\"url\":\"https:\/\/www.aplicacionsaudiovisuals.com\/es\/producto\/mezcladores\/hm4x4s-copia-copia-copia-copia-copia\/\",\"name\":\"CONTROL USB BT - Aplicacions Audiovisuals\",\"isPartOf\":{\"@id\":\"https:\/\/www.aplicacionsaudiovisuals.com\/es\/#website\"},\"primaryImageOfPage\":{\"@id\":\"https:\/\/www.aplicacionsaudiovisuals.com\/es\/producto\/mezcladores\/hm4x4s-copia-copia-copia-copia-copia\/#primaryimage\"},\"image\":{\"@id\":\"https:\/\/www.aplicacionsaudiovisuals.com\/es\/producto\/mezcladores\/hm4x4s-copia-copia-copia-copia-copia\/#primaryimage\"},\"thumbnailUrl\":\"https:\/\/www.aplicacionsaudiovisuals.com\/wp-content\/uploads\/2026\/02\/newhank-CONTROL-USB-BT.jpg\",\"datePublished\":\"2026-02-24T14:25:13+00:00\",\"dateModified\":\"2026-02-26T16:44:25+00:00\",\"description\":\"NewHank CONTROL USB BT en Aplicaciones Audiovisuales: Mezclador de rack 1U de 3 canales con USB, SD y Bluetooth. Salidas XLR\/RCA y control de tonos. Ideal para instalaciones.\",\"breadcrumb\":{\"@id\":\"https:\/\/www.aplicacionsaudiovisuals.com\/es\/producto\/mezcladores\/hm4x4s-copia-copia-copia-copia-copia\/#breadcrumb\"},\"inLanguage\":\"es\",\"potentialAction\":[{\"@type\":\"ReadAction\",\"target\":[\"https:\/\/www.aplicacionsaudiovisuals.com\/es\/producto\/mezcladores\/hm4x4s-copia-copia-copia-copia-copia\/\"]}]},{\"@type\":\"ImageObject\",\"inLanguage\":\"es\",\"@id\":\"https:\/\/www.aplicacionsaudiovisuals.com\/es\/producto\/mezcladores\/hm4x4s-copia-copia-copia-copia-copia\/#primaryimage\",\"url\":\"https:\/\/www.aplicacionsaudiovisuals.com\/wp-content\/uploads\/2026\/02\/newhank-CONTROL-USB-BT.jpg\",\"contentUrl\":\"https:\/\/www.aplicacionsaudiovisuals.com\/wp-content\/uploads\/2026\/02\/newhank-CONTROL-USB-BT.jpg\",\"width\":1000,\"height\":1200,\"caption\":\"NewHank CONTROL USB BT\"},{\"@type\":\"BreadcrumbList\",\"@id\":\"https:\/\/www.aplicacionsaudiovisuals.com\/es\/producto\/mezcladores\/hm4x4s-copia-copia-copia-copia-copia\/#breadcrumb\",\"itemListElement\":[{\"@type\":\"ListItem\",\"position\":1,\"name\":\"Inici\",\"item\":\"https:\/\/www.aplicacionsaudiovisuals.com\/es\/\"},{\"@type\":\"ListItem\",\"position\":2,\"name\":\"Cat\u00e1logo\",\"item\":\"https:\/\/www.aplicacionsaudiovisuals.com\/es\/catalogo\/\"},{\"@type\":\"ListItem\",\"position\":3,\"name\":\"CONTROL USB BT\"}]},{\"@type\":\"WebSite\",\"@id\":\"https:\/\/www.aplicacionsaudiovisuals.com\/es\/#website\",\"url\":\"https:\/\/www.aplicacionsaudiovisuals.com\/es\/\",\"name\":\"Aplicacions Audiovisuals\",\"description\":\"Projectes de condicionament ac\u00fastic\",\"publisher\":{\"@id\":\"https:\/\/www.aplicacionsaudiovisuals.com\/es\/#organization\"},\"alternateName\":\"Aplicacions Audiovisuals\",\"potentialAction\":[{\"@type\":\"SearchAction\",\"target\":{\"@type\":\"EntryPoint\",\"urlTemplate\":\"https:\/\/www.aplicacionsaudiovisuals.com\/es\/?s={search_term_string}\"},\"query-input\":{\"@type\":\"PropertyValueSpecification\",\"valueRequired\":true,\"valueName\":\"search_term_string\"}}],\"inLanguage\":\"es\"},{\"@type\":\"Organization\",\"@id\":\"https:\/\/www.aplicacionsaudiovisuals.com\/es\/#organization\",\"name\":\"Aplicacions Audiovisuals\",\"url\":\"https:\/\/www.aplicacionsaudiovisuals.com\/es\/\",\"logo\":{\"@type\":\"ImageObject\",\"inLanguage\":\"es\",\"@id\":\"https:\/\/www.aplicacionsaudiovisuals.com\/es\/#\/schema\/logo\/image\/\",\"url\":\"https:\/\/www.aplicacionsaudiovisuals.com\/wp-content\/uploads\/2025\/03\/aplicacions-audiovisuals-logo-negre.png\",\"contentUrl\":\"https:\/\/www.aplicacionsaudiovisuals.com\/wp-content\/uploads\/2025\/03\/aplicacions-audiovisuals-logo-negre.png\",\"width\":500,\"height\":195,\"caption\":\"Aplicacions Audiovisuals\"},\"image\":{\"@id\":\"https:\/\/www.aplicacionsaudiovisuals.com\/es\/#\/schema\/logo\/image\/\"},\"sameAs\":[\"https:\/\/www.facebook.com\/aplicacionsaudiovisuals\"]}]}<\/script>\n<!-- \/ Yoast SEO plugin. -->","yoast_head_json":{"title":"CONTROL USB BT - Aplicacions Audiovisuals","description":"NewHank CONTROL USB BT en Aplicaciones Audiovisuales: Mezclador de rack 1U de 3 canales con USB, SD y Bluetooth. Salidas XLR\/RCA y control de tonos. Ideal para instalaciones.","robots":{"index":"index","follow":"follow","max-snippet":"max-snippet:-1","max-image-preview":"max-image-preview:large","max-video-preview":"max-video-preview:-1"},"canonical":"https:\/\/www.aplicacionsaudiovisuals.com\/es\/producto\/mezcladores\/hm4x4s-copia-copia-copia-copia-copia\/","og_locale":"es_ES","og_type":"article","og_title":"CONTROL USB BT - Aplicacions Audiovisuals","og_description":"NewHank CONTROL USB BT en Aplicaciones Audiovisuales: Mezclador de rack 1U de 3 canales con USB, SD y Bluetooth. Salidas XLR\/RCA y control de tonos. Ideal para instalaciones.","og_url":"https:\/\/www.aplicacionsaudiovisuals.com\/es\/producto\/mezcladores\/hm4x4s-copia-copia-copia-copia-copia\/","og_site_name":"Aplicacions Audiovisuals","article_publisher":"https:\/\/www.facebook.com\/aplicacionsaudiovisuals","article_modified_time":"2026-02-26T16:44:25+00:00","og_image":[{"width":1000,"height":1200,"url":"https:\/\/www.aplicacionsaudiovisuals.com\/wp-content\/uploads\/2026\/02\/newhank-CONTROL-USB-BT.jpg","type":"image\/jpeg"}],"twitter_card":"summary_large_image","schema":{"@context":"https:\/\/schema.org","@graph":[{"@type":"WebPage","@id":"https:\/\/www.aplicacionsaudiovisuals.com\/es\/producto\/mezcladores\/hm4x4s-copia-copia-copia-copia-copia\/","url":"https:\/\/www.aplicacionsaudiovisuals.com\/es\/producto\/mezcladores\/hm4x4s-copia-copia-copia-copia-copia\/","name":"CONTROL USB BT - Aplicacions Audiovisuals","isPartOf":{"@id":"https:\/\/www.aplicacionsaudiovisuals.com\/es\/#website"},"primaryImageOfPage":{"@id":"https:\/\/www.aplicacionsaudiovisuals.com\/es\/producto\/mezcladores\/hm4x4s-copia-copia-copia-copia-copia\/#primaryimage"},"image":{"@id":"https:\/\/www.aplicacionsaudiovisuals.com\/es\/producto\/mezcladores\/hm4x4s-copia-copia-copia-copia-copia\/#primaryimage"},"thumbnailUrl":"https:\/\/www.aplicacionsaudiovisuals.com\/wp-content\/uploads\/2026\/02\/newhank-CONTROL-USB-BT.jpg","datePublished":"2026-02-24T14:25:13+00:00","dateModified":"2026-02-26T16:44:25+00:00","description":"NewHank CONTROL USB BT en Aplicaciones Audiovisuales: Mezclador de rack 1U de 3 canales con USB, SD y Bluetooth. Salidas XLR\/RCA y control de tonos. Ideal para instalaciones.","breadcrumb":{"@id":"https:\/\/www.aplicacionsaudiovisuals.com\/es\/producto\/mezcladores\/hm4x4s-copia-copia-copia-copia-copia\/#breadcrumb"},"inLanguage":"es","potentialAction":[{"@type":"ReadAction","target":["https:\/\/www.aplicacionsaudiovisuals.com\/es\/producto\/mezcladores\/hm4x4s-copia-copia-copia-copia-copia\/"]}]},{"@type":"ImageObject","inLanguage":"es","@id":"https:\/\/www.aplicacionsaudiovisuals.com\/es\/producto\/mezcladores\/hm4x4s-copia-copia-copia-copia-copia\/#primaryimage","url":"https:\/\/www.aplicacionsaudiovisuals.com\/wp-content\/uploads\/2026\/02\/newhank-CONTROL-USB-BT.jpg","contentUrl":"https:\/\/www.aplicacionsaudiovisuals.com\/wp-content\/uploads\/2026\/02\/newhank-CONTROL-USB-BT.jpg","width":1000,"height":1200,"caption":"NewHank CONTROL USB BT"},{"@type":"BreadcrumbList","@id":"https:\/\/www.aplicacionsaudiovisuals.com\/es\/producto\/mezcladores\/hm4x4s-copia-copia-copia-copia-copia\/#breadcrumb","itemListElement":[{"@type":"ListItem","position":1,"name":"Inici","item":"https:\/\/www.aplicacionsaudiovisuals.com\/es\/"},{"@type":"ListItem","position":2,"name":"Cat\u00e1logo","item":"https:\/\/www.aplicacionsaudiovisuals.com\/es\/catalogo\/"},{"@type":"ListItem","position":3,"name":"CONTROL USB BT"}]},{"@type":"WebSite","@id":"https:\/\/www.aplicacionsaudiovisuals.com\/es\/#website","url":"https:\/\/www.aplicacionsaudiovisuals.com\/es\/","name":"Aplicacions Audiovisuals","description":"Projectes de condicionament ac\u00fastic","publisher":{"@id":"https:\/\/www.aplicacionsaudiovisuals.com\/es\/#organization"},"alternateName":"Aplicacions Audiovisuals","potentialAction":[{"@type":"SearchAction","target":{"@type":"EntryPoint","urlTemplate":"https:\/\/www.aplicacionsaudiovisuals.com\/es\/?s={search_term_string}"},"query-input":{"@type":"PropertyValueSpecification","valueRequired":true,"valueName":"search_term_string"}}],"inLanguage":"es"},{"@type":"Organization","@id":"https:\/\/www.aplicacionsaudiovisuals.com\/es\/#organization","name":"Aplicacions Audiovisuals","url":"https:\/\/www.aplicacionsaudiovisuals.com\/es\/","logo":{"@type":"ImageObject","inLanguage":"es","@id":"https:\/\/www.aplicacionsaudiovisuals.com\/es\/#\/schema\/logo\/image\/","url":"https:\/\/www.aplicacionsaudiovisuals.com\/wp-content\/uploads\/2025\/03\/aplicacions-audiovisuals-logo-negre.png","contentUrl":"https:\/\/www.aplicacionsaudiovisuals.com\/wp-content\/uploads\/2025\/03\/aplicacions-audiovisuals-logo-negre.png","width":500,"height":195,"caption":"Aplicacions Audiovisuals"},"image":{"@id":"https:\/\/www.aplicacionsaudiovisuals.com\/es\/#\/schema\/logo\/image\/"},"sameAs":["https:\/\/www.facebook.com\/aplicacionsaudiovisuals"]}]}},"_links":{"self":[{"href":"https:\/\/www.aplicacionsaudiovisuals.com\/es\/wp-json\/wp\/v2\/product\/12846","targetHints":{"allow":["GET"]}}],"collection":[{"href":"https:\/\/www.aplicacionsaudiovisuals.com\/es\/wp-json\/wp\/v2\/product"}],"about":[{"href":"https:\/\/www.aplicacionsaudiovisuals.com\/es\/wp-json\/wp\/v2\/types\/product"}],"version-history":[{"count":3,"href":"https:\/\/www.aplicacionsaudiovisuals.com\/es\/wp-json\/wp\/v2\/product\/12846\/revisions"}],"predecessor-version":[{"id":13150,"href":"https:\/\/www.aplicacionsaudiovisuals.com\/es\/wp-json\/wp\/v2\/product\/12846\/revisions\/13150"}],"wp:featuredmedia":[{"embeddable":true,"href":"https:\/\/www.aplicacionsaudiovisuals.com\/es\/wp-json\/wp\/v2\/media\/12850"}],"wp:attachment":[{"href":"https:\/\/www.aplicacionsaudiovisuals.com\/es\/wp-json\/wp\/v2\/media?parent=12846"}],"wp:term":[{"taxonomy":"product_brand","embeddable":true,"href":"https:\/\/www.aplicacionsaudiovisuals.com\/es\/wp-json\/wp\/v2\/product_brand?post=12846"},{"taxonomy":"product_cat","embeddable":true,"href":"https:\/\/www.aplicacionsaudiovisuals.com\/es\/wp-json\/wp\/v2\/product_cat?post=12846"},{"taxonomy":"product_tag","embeddable":true,"href":"https:\/\/www.aplicacionsaudiovisuals.com\/es\/wp-json\/wp\/v2\/product_tag?post=12846"}],"curies":[{"name":"wp","href":"https:\/\/api.w.org\/{rel}","templated":true}]}}