{"id":12836,"date":"2026-02-24T15:19:43","date_gmt":"2026-02-24T14:19:43","guid":{"rendered":"https:\/\/www.aplicacionsaudiovisuals.com\/?post_type=product&#038;p=12836"},"modified":"2026-02-26T17:43:20","modified_gmt":"2026-02-26T16:43:20","slug":"hm4x4s-copia-copia-copia-copia","status":"publish","type":"product","link":"https:\/\/www.aplicacionsaudiovisuals.com\/es\/producto\/reproductores\/hm4x4s-copia-copia-copia-copia\/","title":{"rendered":"CHECKMATE"},"content":{"rendered":"<p data-path-to-node=\"1\"><strong>Especificaciones T\u00e9cnicas<\/strong><\/p>\n<ul>\n<li data-path-to-node=\"2,0,0\"><b data-path-to-node=\"2,0,0\" data-index-in-node=\"0\"><span class=\"citation-88\">Fuente de alimentaci\u00f3n:<\/span><\/b><span class=\"citation-88 citation-end-88\"> 90V &#8211; 260V (50 Hz \/ 60 Hz)<\/span><\/li>\n<li data-path-to-node=\"2,1,0\"><b data-path-to-node=\"2,1,0\" data-index-in-node=\"0\"><span class=\"citation-87\">Consumo de energ\u00eda:<\/span><\/b><span class=\"citation-87 citation-end-87\"> 10W &#8211; 15W<\/span><\/li>\n<li data-path-to-node=\"2,2,0\"><b data-path-to-node=\"2,2,0\" data-index-in-node=\"0\">Relaci\u00f3n Se\u00f1al\/Ruido (SNR):<\/b> 95 dB<\/li>\n<li data-path-to-node=\"2,3,0\"><b data-path-to-node=\"2,3,0\" data-index-in-node=\"0\"><span class=\"citation-86\">Respuesta en frecuencia:<\/span><\/b><span class=\"citation-86 citation-end-86\"> 20 Hz &#8211; 20 kHz<\/span><\/li>\n<li data-path-to-node=\"2,4,0\"><b data-path-to-node=\"2,4,0\" data-index-in-node=\"0\"><span class=\"citation-85\">Salia de audio:<\/span><\/b><span class=\"citation-85 citation-end-85\"> RCA, XLR<\/span><\/li>\n<li data-path-to-node=\"2,5,0\">Especificaciones de sonido: FM \/ Bluetooth \/ USB (soporta archivos de audio WAV, MP3, WMA)<\/li>\n<li data-path-to-node=\"2,6,0\"><b data-path-to-node=\"2,6,0\" data-index-in-node=\"0\"><span class=\"citation-83\">Distorsi\u00f3n Arm\u00f3nica Total(THD):<\/span><\/b><span class=\"citation-83 citation-end-83\"> &gt; 0,01%<\/span><\/li>\n<li data-path-to-node=\"2,7,0\"><b data-path-to-node=\"2,7,0\" data-index-in-node=\"0\"><span class=\"citation-82\">Rango din\u00e1mico:<\/span><\/b><span class=\"citation-82 citation-end-82\"> &gt; 92 dB<\/span><\/li>\n<li data-path-to-node=\"2,8,0\"><b data-path-to-node=\"2,8,0\" data-index-in-node=\"0\"><span class=\"citation-81\">Distorsi\u00f3n:<\/span><\/b><span class=\"citation-81 citation-end-81\"> &gt; 0,01%<\/span><\/li>\n<li data-path-to-node=\"2,9,0\"><b data-path-to-node=\"2,9,0\" data-index-in-node=\"0\"><span class=\"citation-80\">Frecuencia de muestreo:<\/span><\/b><span class=\"citation-80 citation-end-80\"> 44,1 kHz<\/span><\/li>\n<li data-path-to-node=\"2,10,0\"><b data-path-to-node=\"2,10,0\" data-index-in-node=\"0\"><span class=\"citation-79\">Dimensiones:<\/span><\/b><span class=\"citation-79 citation-end-79\"> 483 x 44 x 130 mm<\/span><\/li>\n<li data-path-to-node=\"2,12,0\"><b data-path-to-node=\"2,12,0\" data-index-in-node=\"0\">Peso:<\/b><span class=\"citation-77 citation-end-77\"> 2 kg<\/span><\/li>\n<\/ul>\n","protected":false},"excerpt":{"rendered":"<p data-path-to-node=\"2\">El <b data-path-to-node=\"2\" data-index-in-node=\"3\">CHECKMATE<\/b> es una fuente de audio est\u00e9reo que incluye sintonizador FM, ranura USB, ranura SD y conexi\u00f3n Bluetooth. Dispone de salidas de audio est\u00e9reo tanto balanceadas como no balanceadas, as\u00ed como una salida de auriculares (jack) con control de volumen en el panel frontal. Incluye mando a distancia por infrarrojos, antena FM, 2 cables RCA y soportes para montaje en rack.  <\/p>\n<p data-path-to-node=\"3\"><b data-path-to-node=\"3\" data-index-in-node=\"0\">Caracter\u00edsticas principales<\/b><\/p>\n<ul>\n<li data-path-to-node=\"4,0,0\">Reproductor de audio con Bluetooth.<\/li>\n<li data-path-to-node=\"4,1,0\">Conexiones para USB, SD, sintonizador FM y Bluetooth.<\/li>\n<li data-path-to-node=\"4,2,0\">Salida est\u00e9reo no balanceada (2xRCA).<\/li>\n<li data-path-to-node=\"4,3,0\">Salida est\u00e9reo balanceada (2xXLR).<\/li>\n<li data-path-to-node=\"4,4,0\">Salidas de audio: 1 x est\u00e9reo no bal. + 1 x est\u00e9reo bal. <\/li>\n<li data-path-to-node=\"4,5,0\">Medios locales: USB, SD, sintonizador FM y conexi\u00f3n Bluetooth.<\/li>\n<li data-path-to-node=\"4,6,0\">Otros: Mando IR, antena FM, 2 cables RCA y soportes de rack incluidos.<\/li>\n<li data-path-to-node=\"4,7,0\">Accesorios incluidos.<\/li>\n<\/ul>\n<p data-path-to-node=\"5\"><b data-path-to-node=\"5\" data-index-in-node=\"0\">Aplicaciones<\/b><\/p>\n<ul>\n<li data-path-to-node=\"6,0,0\">Fuente de sonido de audio en aplicaciones corporativas de A\/V, retail y educaci\u00f3n.<\/li>\n<li data-path-to-node=\"6,1,0\">Integraci\u00f3 en sistemes de control global d&#8217;instal\u00b7lacions.<\/li>\n<\/ul>\n[otaru_core_button button_layout=\"filled\" text=\"Manual\" link=\"https:\/\/www.aplicacionsaudiovisuals.com\/wp-content\/uploads\/2026\/02\/checkmate-manual.pdf\" target=\"_blank\" _transform_keep_proportions=\"yes\" _transform_keep_proportions_hover=\"yes\"]\n<p>&nbsp;<\/p>\n","protected":false},"featured_media":12840,"template":"","meta":[],"product_brand":[],"product_cat":[215],"product_tag":[202],"class_list":{"0":"post-12836","1":"product","2":"type-product","3":"status-publish","4":"has-post-thumbnail","6":"product_cat-reproductores","7":"product_tag-newhank-es","8":"pa_marca-newhank-es","10":"first","11":"instock","12":"shipping-taxable","13":"product-type-simple"},"yoast_head":"<!-- This site is optimized with the Yoast SEO plugin v24.9 - https:\/\/yoast.com\/wordpress\/plugins\/seo\/ -->\n<title>CHECKMATE - Aplicacions Audiovisuals<\/title>\n<meta name=\"description\" content=\"NewHank CHECKMATE a Aplicacions Audiovisuals: Reproductor d&#039;\u00e0udio est\u00e8reo amb Bluetooth, USB, SD i FM. Sortides XLR\/RCA i format rack. Ideal per a retail i oficines.\" \/>\n<meta name=\"robots\" content=\"index, follow, max-snippet:-1, max-image-preview:large, max-video-preview:-1\" \/>\n<link rel=\"canonical\" href=\"https:\/\/www.aplicacionsaudiovisuals.com\/es\/producto\/reproductores\/hm4x4s-copia-copia-copia-copia\/\" \/>\n<meta property=\"og:locale\" content=\"es_ES\" \/>\n<meta property=\"og:type\" content=\"article\" \/>\n<meta property=\"og:title\" content=\"CHECKMATE - Aplicacions Audiovisuals\" \/>\n<meta property=\"og:description\" content=\"NewHank CHECKMATE a Aplicacions Audiovisuals: Reproductor d&#039;\u00e0udio est\u00e8reo amb Bluetooth, USB, SD i FM. Sortides XLR\/RCA i format rack. Ideal per a retail i oficines.\" \/>\n<meta property=\"og:url\" content=\"https:\/\/www.aplicacionsaudiovisuals.com\/es\/producto\/reproductores\/hm4x4s-copia-copia-copia-copia\/\" \/>\n<meta property=\"og:site_name\" content=\"Aplicacions Audiovisuals\" \/>\n<meta property=\"article:publisher\" content=\"https:\/\/www.facebook.com\/aplicacionsaudiovisuals\" \/>\n<meta property=\"article:modified_time\" content=\"2026-02-26T16:43:20+00:00\" \/>\n<meta property=\"og:image\" content=\"https:\/\/www.aplicacionsaudiovisuals.com\/wp-content\/uploads\/2026\/02\/newhank-CHECKMATE.jpg\" \/>\n\t<meta property=\"og:image:width\" content=\"1000\" \/>\n\t<meta property=\"og:image:height\" content=\"1200\" \/>\n\t<meta property=\"og:image:type\" content=\"image\/jpeg\" \/>\n<meta name=\"twitter:card\" content=\"summary_large_image\" \/>\n<script type=\"application\/ld+json\" class=\"yoast-schema-graph\">{\"@context\":\"https:\/\/schema.org\",\"@graph\":[{\"@type\":\"WebPage\",\"@id\":\"https:\/\/www.aplicacionsaudiovisuals.com\/es\/producto\/reproductores\/hm4x4s-copia-copia-copia-copia\/\",\"url\":\"https:\/\/www.aplicacionsaudiovisuals.com\/es\/producto\/reproductores\/hm4x4s-copia-copia-copia-copia\/\",\"name\":\"CHECKMATE - Aplicacions Audiovisuals\",\"isPartOf\":{\"@id\":\"https:\/\/www.aplicacionsaudiovisuals.com\/es\/#website\"},\"primaryImageOfPage\":{\"@id\":\"https:\/\/www.aplicacionsaudiovisuals.com\/es\/producto\/reproductores\/hm4x4s-copia-copia-copia-copia\/#primaryimage\"},\"image\":{\"@id\":\"https:\/\/www.aplicacionsaudiovisuals.com\/es\/producto\/reproductores\/hm4x4s-copia-copia-copia-copia\/#primaryimage\"},\"thumbnailUrl\":\"https:\/\/www.aplicacionsaudiovisuals.com\/wp-content\/uploads\/2026\/02\/newhank-CHECKMATE.jpg\",\"datePublished\":\"2026-02-24T14:19:43+00:00\",\"dateModified\":\"2026-02-26T16:43:20+00:00\",\"description\":\"NewHank CHECKMATE a Aplicacions Audiovisuals: Reproductor d'\u00e0udio est\u00e8reo amb Bluetooth, USB, SD i FM. Sortides XLR\/RCA i format rack. Ideal per a retail i oficines.\",\"breadcrumb\":{\"@id\":\"https:\/\/www.aplicacionsaudiovisuals.com\/es\/producto\/reproductores\/hm4x4s-copia-copia-copia-copia\/#breadcrumb\"},\"inLanguage\":\"es\",\"potentialAction\":[{\"@type\":\"ReadAction\",\"target\":[\"https:\/\/www.aplicacionsaudiovisuals.com\/es\/producto\/reproductores\/hm4x4s-copia-copia-copia-copia\/\"]}]},{\"@type\":\"ImageObject\",\"inLanguage\":\"es\",\"@id\":\"https:\/\/www.aplicacionsaudiovisuals.com\/es\/producto\/reproductores\/hm4x4s-copia-copia-copia-copia\/#primaryimage\",\"url\":\"https:\/\/www.aplicacionsaudiovisuals.com\/wp-content\/uploads\/2026\/02\/newhank-CHECKMATE.jpg\",\"contentUrl\":\"https:\/\/www.aplicacionsaudiovisuals.com\/wp-content\/uploads\/2026\/02\/newhank-CHECKMATE.jpg\",\"width\":1000,\"height\":1200,\"caption\":\"NewHank CHECKMATE\"},{\"@type\":\"BreadcrumbList\",\"@id\":\"https:\/\/www.aplicacionsaudiovisuals.com\/es\/producto\/reproductores\/hm4x4s-copia-copia-copia-copia\/#breadcrumb\",\"itemListElement\":[{\"@type\":\"ListItem\",\"position\":1,\"name\":\"Inici\",\"item\":\"https:\/\/www.aplicacionsaudiovisuals.com\/es\/\"},{\"@type\":\"ListItem\",\"position\":2,\"name\":\"Cat\u00e1logo\",\"item\":\"https:\/\/www.aplicacionsaudiovisuals.com\/es\/catalogo\/\"},{\"@type\":\"ListItem\",\"position\":3,\"name\":\"CHECKMATE\"}]},{\"@type\":\"WebSite\",\"@id\":\"https:\/\/www.aplicacionsaudiovisuals.com\/es\/#website\",\"url\":\"https:\/\/www.aplicacionsaudiovisuals.com\/es\/\",\"name\":\"Aplicacions Audiovisuals\",\"description\":\"Projectes de condicionament ac\u00fastic\",\"publisher\":{\"@id\":\"https:\/\/www.aplicacionsaudiovisuals.com\/es\/#organization\"},\"alternateName\":\"Aplicacions Audiovisuals\",\"potentialAction\":[{\"@type\":\"SearchAction\",\"target\":{\"@type\":\"EntryPoint\",\"urlTemplate\":\"https:\/\/www.aplicacionsaudiovisuals.com\/es\/?s={search_term_string}\"},\"query-input\":{\"@type\":\"PropertyValueSpecification\",\"valueRequired\":true,\"valueName\":\"search_term_string\"}}],\"inLanguage\":\"es\"},{\"@type\":\"Organization\",\"@id\":\"https:\/\/www.aplicacionsaudiovisuals.com\/es\/#organization\",\"name\":\"Aplicacions Audiovisuals\",\"url\":\"https:\/\/www.aplicacionsaudiovisuals.com\/es\/\",\"logo\":{\"@type\":\"ImageObject\",\"inLanguage\":\"es\",\"@id\":\"https:\/\/www.aplicacionsaudiovisuals.com\/es\/#\/schema\/logo\/image\/\",\"url\":\"https:\/\/www.aplicacionsaudiovisuals.com\/wp-content\/uploads\/2025\/03\/aplicacions-audiovisuals-logo-negre.png\",\"contentUrl\":\"https:\/\/www.aplicacionsaudiovisuals.com\/wp-content\/uploads\/2025\/03\/aplicacions-audiovisuals-logo-negre.png\",\"width\":500,\"height\":195,\"caption\":\"Aplicacions Audiovisuals\"},\"image\":{\"@id\":\"https:\/\/www.aplicacionsaudiovisuals.com\/es\/#\/schema\/logo\/image\/\"},\"sameAs\":[\"https:\/\/www.facebook.com\/aplicacionsaudiovisuals\"]}]}<\/script>\n<!-- \/ Yoast SEO plugin. -->","yoast_head_json":{"title":"CHECKMATE - Aplicacions Audiovisuals","description":"NewHank CHECKMATE a Aplicacions Audiovisuals: Reproductor d'\u00e0udio est\u00e8reo amb Bluetooth, USB, SD i FM. Sortides XLR\/RCA i format rack. Ideal per a retail i oficines.","robots":{"index":"index","follow":"follow","max-snippet":"max-snippet:-1","max-image-preview":"max-image-preview:large","max-video-preview":"max-video-preview:-1"},"canonical":"https:\/\/www.aplicacionsaudiovisuals.com\/es\/producto\/reproductores\/hm4x4s-copia-copia-copia-copia\/","og_locale":"es_ES","og_type":"article","og_title":"CHECKMATE - Aplicacions Audiovisuals","og_description":"NewHank CHECKMATE a Aplicacions Audiovisuals: Reproductor d'\u00e0udio est\u00e8reo amb Bluetooth, USB, SD i FM. Sortides XLR\/RCA i format rack. Ideal per a retail i oficines.","og_url":"https:\/\/www.aplicacionsaudiovisuals.com\/es\/producto\/reproductores\/hm4x4s-copia-copia-copia-copia\/","og_site_name":"Aplicacions Audiovisuals","article_publisher":"https:\/\/www.facebook.com\/aplicacionsaudiovisuals","article_modified_time":"2026-02-26T16:43:20+00:00","og_image":[{"width":1000,"height":1200,"url":"https:\/\/www.aplicacionsaudiovisuals.com\/wp-content\/uploads\/2026\/02\/newhank-CHECKMATE.jpg","type":"image\/jpeg"}],"twitter_card":"summary_large_image","schema":{"@context":"https:\/\/schema.org","@graph":[{"@type":"WebPage","@id":"https:\/\/www.aplicacionsaudiovisuals.com\/es\/producto\/reproductores\/hm4x4s-copia-copia-copia-copia\/","url":"https:\/\/www.aplicacionsaudiovisuals.com\/es\/producto\/reproductores\/hm4x4s-copia-copia-copia-copia\/","name":"CHECKMATE - Aplicacions Audiovisuals","isPartOf":{"@id":"https:\/\/www.aplicacionsaudiovisuals.com\/es\/#website"},"primaryImageOfPage":{"@id":"https:\/\/www.aplicacionsaudiovisuals.com\/es\/producto\/reproductores\/hm4x4s-copia-copia-copia-copia\/#primaryimage"},"image":{"@id":"https:\/\/www.aplicacionsaudiovisuals.com\/es\/producto\/reproductores\/hm4x4s-copia-copia-copia-copia\/#primaryimage"},"thumbnailUrl":"https:\/\/www.aplicacionsaudiovisuals.com\/wp-content\/uploads\/2026\/02\/newhank-CHECKMATE.jpg","datePublished":"2026-02-24T14:19:43+00:00","dateModified":"2026-02-26T16:43:20+00:00","description":"NewHank CHECKMATE a Aplicacions Audiovisuals: Reproductor d'\u00e0udio est\u00e8reo amb Bluetooth, USB, SD i FM. Sortides XLR\/RCA i format rack. Ideal per a retail i oficines.","breadcrumb":{"@id":"https:\/\/www.aplicacionsaudiovisuals.com\/es\/producto\/reproductores\/hm4x4s-copia-copia-copia-copia\/#breadcrumb"},"inLanguage":"es","potentialAction":[{"@type":"ReadAction","target":["https:\/\/www.aplicacionsaudiovisuals.com\/es\/producto\/reproductores\/hm4x4s-copia-copia-copia-copia\/"]}]},{"@type":"ImageObject","inLanguage":"es","@id":"https:\/\/www.aplicacionsaudiovisuals.com\/es\/producto\/reproductores\/hm4x4s-copia-copia-copia-copia\/#primaryimage","url":"https:\/\/www.aplicacionsaudiovisuals.com\/wp-content\/uploads\/2026\/02\/newhank-CHECKMATE.jpg","contentUrl":"https:\/\/www.aplicacionsaudiovisuals.com\/wp-content\/uploads\/2026\/02\/newhank-CHECKMATE.jpg","width":1000,"height":1200,"caption":"NewHank CHECKMATE"},{"@type":"BreadcrumbList","@id":"https:\/\/www.aplicacionsaudiovisuals.com\/es\/producto\/reproductores\/hm4x4s-copia-copia-copia-copia\/#breadcrumb","itemListElement":[{"@type":"ListItem","position":1,"name":"Inici","item":"https:\/\/www.aplicacionsaudiovisuals.com\/es\/"},{"@type":"ListItem","position":2,"name":"Cat\u00e1logo","item":"https:\/\/www.aplicacionsaudiovisuals.com\/es\/catalogo\/"},{"@type":"ListItem","position":3,"name":"CHECKMATE"}]},{"@type":"WebSite","@id":"https:\/\/www.aplicacionsaudiovisuals.com\/es\/#website","url":"https:\/\/www.aplicacionsaudiovisuals.com\/es\/","name":"Aplicacions Audiovisuals","description":"Projectes de condicionament ac\u00fastic","publisher":{"@id":"https:\/\/www.aplicacionsaudiovisuals.com\/es\/#organization"},"alternateName":"Aplicacions Audiovisuals","potentialAction":[{"@type":"SearchAction","target":{"@type":"EntryPoint","urlTemplate":"https:\/\/www.aplicacionsaudiovisuals.com\/es\/?s={search_term_string}"},"query-input":{"@type":"PropertyValueSpecification","valueRequired":true,"valueName":"search_term_string"}}],"inLanguage":"es"},{"@type":"Organization","@id":"https:\/\/www.aplicacionsaudiovisuals.com\/es\/#organization","name":"Aplicacions Audiovisuals","url":"https:\/\/www.aplicacionsaudiovisuals.com\/es\/","logo":{"@type":"ImageObject","inLanguage":"es","@id":"https:\/\/www.aplicacionsaudiovisuals.com\/es\/#\/schema\/logo\/image\/","url":"https:\/\/www.aplicacionsaudiovisuals.com\/wp-content\/uploads\/2025\/03\/aplicacions-audiovisuals-logo-negre.png","contentUrl":"https:\/\/www.aplicacionsaudiovisuals.com\/wp-content\/uploads\/2025\/03\/aplicacions-audiovisuals-logo-negre.png","width":500,"height":195,"caption":"Aplicacions Audiovisuals"},"image":{"@id":"https:\/\/www.aplicacionsaudiovisuals.com\/es\/#\/schema\/logo\/image\/"},"sameAs":["https:\/\/www.facebook.com\/aplicacionsaudiovisuals"]}]}},"_links":{"self":[{"href":"https:\/\/www.aplicacionsaudiovisuals.com\/es\/wp-json\/wp\/v2\/product\/12836","targetHints":{"allow":["GET"]}}],"collection":[{"href":"https:\/\/www.aplicacionsaudiovisuals.com\/es\/wp-json\/wp\/v2\/product"}],"about":[{"href":"https:\/\/www.aplicacionsaudiovisuals.com\/es\/wp-json\/wp\/v2\/types\/product"}],"version-history":[{"count":3,"href":"https:\/\/www.aplicacionsaudiovisuals.com\/es\/wp-json\/wp\/v2\/product\/12836\/revisions"}],"predecessor-version":[{"id":13149,"href":"https:\/\/www.aplicacionsaudiovisuals.com\/es\/wp-json\/wp\/v2\/product\/12836\/revisions\/13149"}],"wp:featuredmedia":[{"embeddable":true,"href":"https:\/\/www.aplicacionsaudiovisuals.com\/es\/wp-json\/wp\/v2\/media\/12840"}],"wp:attachment":[{"href":"https:\/\/www.aplicacionsaudiovisuals.com\/es\/wp-json\/wp\/v2\/media?parent=12836"}],"wp:term":[{"taxonomy":"product_brand","embeddable":true,"href":"https:\/\/www.aplicacionsaudiovisuals.com\/es\/wp-json\/wp\/v2\/product_brand?post=12836"},{"taxonomy":"product_cat","embeddable":true,"href":"https:\/\/www.aplicacionsaudiovisuals.com\/es\/wp-json\/wp\/v2\/product_cat?post=12836"},{"taxonomy":"product_tag","embeddable":true,"href":"https:\/\/www.aplicacionsaudiovisuals.com\/es\/wp-json\/wp\/v2\/product_tag?post=12836"}],"curies":[{"name":"wp","href":"https:\/\/api.w.org\/{rel}","templated":true}]}}