{"id":12822,"date":"2026-02-24T14:51:42","date_gmt":"2026-02-24T13:51:42","guid":{"rendered":"https:\/\/www.aplicacionsaudiovisuals.com\/?post_type=product&#038;p=12822"},"modified":"2026-02-26T17:56:13","modified_gmt":"2026-02-26T16:56:13","slug":"hm4x4s-copia-copia-copia","status":"publish","type":"product","link":"https:\/\/www.aplicacionsaudiovisuals.com\/es\/producto\/mezcladores\/hm4x4s-copia-copia-copia\/","title":{"rendered":"AEROBIX XL"},"content":{"rendered":"<p data-path-to-node=\"1\"><strong>Especificaciones T\u00e9cnicas<\/strong><\/p>\n<ul>\n<li>Impedancia de entrada: L\u00ednea 10k ohmios, Micr\u00f3fono 600 ohmios<\/li>\n<li data-path-to-node=\"2,1,0\"><b data-path-to-node=\"2,1,0\" data-index-in-node=\"0\"><span class=\"citation-54\">Relaci\u00f3n Se\u00f1al\/Ruido (S\/N Ratio):<\/span><\/b><span class=\"citation-54 citation-end-54\"> 106 dB<\/span><\/li>\n<li data-path-to-node=\"2,2,0\"><b data-path-to-node=\"2,2,0\" data-index-in-node=\"0\">Distorsi\u00f3n Arm\u00f3nica Total (THD):<\/b><span class=\"citation-53 citation-end-53\"> &lt;0,02% (1 kHz)<\/span><\/li>\n<li data-path-to-node=\"2,3,0\"><b data-path-to-node=\"2,3,0\" data-index-in-node=\"0\"><span class=\"citation-52\">Respuesta en frecuencia:<\/span><\/b><span class=\"citation-52 citation-end-52\"> 20 Hz &#8211; 20 kHz<\/span><\/li>\n<li data-path-to-node=\"2,4,0\"><b data-path-to-node=\"2,4,0\" data-index-in-node=\"0\"><span class=\"citation-51\">Consumo de energ\u00eda:<\/span><\/b><span class=\"citation-51 citation-end-51\"> 110-120V \/ 200-240V AC, 10W<\/span><\/li>\n<li data-path-to-node=\"2,5,0\">Dimensiones del panel frontal: 483 x 44,4 mm<\/li>\n<li data-path-to-node=\"2,6,0\"><b data-path-to-node=\"2,6,0\" data-index-in-node=\"0\"><span class=\"citation-49\">Dimensiones del panel posterior:<\/span><\/b><span class=\"citation-49 citation-end-49\"> 433 x 44,4 mm<\/span><\/li>\n<li data-path-to-node=\"2,7,0\"><b data-path-to-node=\"2,7,0\" data-index-in-node=\"0\">Profundidad del chasis:<\/b> 150 mm (excluyendo conectores)<\/li>\n<li data-path-to-node=\"2,9,0\"><b data-path-to-node=\"2,9,0\" data-index-in-node=\"0\"><span class=\"citation-48\">Peso:<\/span><\/b><span class=\"citation-48 citation-end-48\"> 4 kg<\/span><\/li>\n<\/ul>\n","protected":false},"excerpt":{"rendered":"<p data-path-to-node=\"2\">El <b data-path-to-node=\"2\" data-index-in-node=\"3\">NewHank AEROBIX XL<\/b> es un mezclador de rack de 1U profesional y f\u00e1cil de utilizar. Dispone de 3 entradas de l\u00ednea est\u00e9reo en la parte trasera (RCA), 1 entrada de l\u00ednea est\u00e9reo en la parte frontal (mini-jack de 3,5 mm) y 2 entradas de micr\u00f3fono (XLR trasera y Jack frontal). Ambas entradas de micro est\u00e1n equipadas con interruptores PAD de 30 dB para aceptar nivel de L\u00cdNEA y un conmutador Izquierda\/Derecha para que se puedan utilizar como par est\u00e9reo. En el panel frontal tienes el control de 4 fuentes (y un MUTE maestro) y de las dos entradas de micr\u00f3fono. En caso de que desees emitir mensajes a trav\u00e9s de una entrada de micro, el sistema incluye un sistema de atenuaci\u00f3n autom\u00e1tica (AUTO Ducking o Auto Talk-Over); los controles de sensibilidad y ajuste para los micr\u00f3fonos se encuentran en la parte trasera.    <\/p>\n<p data-path-to-node=\"3\">As\u00ed pues, a pesar de su \u00abapariencia sencilla\u00bb, la AEROBIX XL es en realidad una \u00abnavaja suiza\u00bb: es imposible equivocarse. Esto es precisamente lo que se busca en la mayor\u00eda de aplicaciones de audio sencillas, como gimnasios, tiendas, bares, vest\u00edbulos, etc. Por otro lado, el AEROBIX XL est\u00e1 equipado con una salida est\u00e9reo (XLR y RCA). Si necesitas crear m\u00e1s zonas, te recomendamos echar un vistazo a la gama de procesadores ACX UNO o NEUTRINO.   <\/p>\n<p data-path-to-node=\"4\"><b data-path-to-node=\"4\" data-index-in-node=\"0\">Caracter\u00edsticas principales<\/b><\/p>\n<ul data-path-to-node=\"5\">\n<li>Dise\u00f1o de audio de 1U compacto y de bajo ruido.<\/li>\n<li>2 entradas de micr\u00f3fono con conectores Jack de 6,3 mm y XLR.<\/li>\n<li>Las 2 entradas de micro se pueden conmutar individualmente a nivel de l\u00ednea y actuar como un par est\u00e9reo.<\/li>\n<li>3 entradas de l\u00ednea RCA est\u00e9reo.<\/li>\n<li>1 entrada Jack est\u00e9reo de 3,5 mm en el panel frontal.<\/li>\n<li>Funci\u00f3n Talk Over autom\u00e1tica ajustable.<\/li>\n<li>Controles de volumen individuales.<\/li>\n<li>Controles de graves y agudos (potenci\u00f3metros empotrados).<\/li>\n<li>Interruptor de silencio (Mute) para la m\u00fasica.<\/li>\n<li>Salida maestro est\u00e9reo tanto en RCA como en XLR.<\/li>\n<li>El nivel de salida m\u00ednimo\/m\u00e1ximo se puede ajustar en el panel posterior.<\/li>\n<\/ul>\n[otaru_core_button button_layout=\"filled\" text=\"Manual\" link=\"https:\/\/www.aplicacionsaudiovisuals.com\/wp-content\/uploads\/2026\/02\/Newhank-Aerobix-XL-Manual.pdf\" target=\"_blank\" _transform_keep_proportions=\"yes\" _transform_keep_proportions_hover=\"yes\"]\n[otaru_core_button button_layout=\"filled\" text=\"Ficha t\u00e9cnica\" link=\"https:\/\/www.aplicacionsaudiovisuals.com\/wp-content\/uploads\/2026\/02\/Newhank_Aerobix_XL_Specsheet.pdf\" target=\"_blank\" _transform_keep_proportions=\"yes\" _transform_keep_proportions_hover=\"yes\"]\n","protected":false},"featured_media":12826,"template":"","meta":[],"product_brand":[],"product_cat":[214],"product_tag":[202],"class_list":{"0":"post-12822","1":"product","2":"type-product","3":"status-publish","4":"has-post-thumbnail","6":"product_cat-mezcladores","7":"product_tag-newhank-es","8":"pa_marca-newhank-es","10":"first","11":"instock","12":"shipping-taxable","13":"product-type-simple"},"yoast_head":"<!-- This site is optimized with the Yoast SEO plugin v24.9 - https:\/\/yoast.com\/wordpress\/plugins\/seo\/ -->\n<title>AEROBIX XL - Aplicacions Audiovisuals<\/title>\n<meta name=\"description\" content=\"NewHank AEROBIX XL en Aplicaciones Audiovisuales: Mezclador de rack 1U profesional para gimnasios y locales. 4 entradas de l\u00ednea, 2 de micro y funci\u00f3n Auto Talk-Over.\" \/>\n<meta name=\"robots\" content=\"index, follow, max-snippet:-1, max-image-preview:large, max-video-preview:-1\" \/>\n<link rel=\"canonical\" href=\"https:\/\/www.aplicacionsaudiovisuals.com\/es\/producto\/mezcladores\/hm4x4s-copia-copia-copia\/\" \/>\n<meta property=\"og:locale\" content=\"es_ES\" \/>\n<meta property=\"og:type\" content=\"article\" \/>\n<meta property=\"og:title\" content=\"AEROBIX XL - Aplicacions Audiovisuals\" \/>\n<meta property=\"og:description\" content=\"NewHank AEROBIX XL en Aplicaciones Audiovisuales: Mezclador de rack 1U profesional para gimnasios y locales. 4 entradas de l\u00ednea, 2 de micro y funci\u00f3n Auto Talk-Over.\" \/>\n<meta property=\"og:url\" content=\"https:\/\/www.aplicacionsaudiovisuals.com\/es\/producto\/mezcladores\/hm4x4s-copia-copia-copia\/\" \/>\n<meta property=\"og:site_name\" content=\"Aplicacions Audiovisuals\" \/>\n<meta property=\"article:publisher\" content=\"https:\/\/www.facebook.com\/aplicacionsaudiovisuals\" \/>\n<meta property=\"article:modified_time\" content=\"2026-02-26T16:56:13+00:00\" \/>\n<meta property=\"og:image\" content=\"https:\/\/www.aplicacionsaudiovisuals.com\/wp-content\/uploads\/2026\/02\/newhank-AEROBIX-XL.jpg\" \/>\n\t<meta property=\"og:image:width\" content=\"1000\" \/>\n\t<meta property=\"og:image:height\" content=\"1200\" \/>\n\t<meta property=\"og:image:type\" content=\"image\/jpeg\" \/>\n<meta name=\"twitter:card\" content=\"summary_large_image\" \/>\n<script type=\"application\/ld+json\" class=\"yoast-schema-graph\">{\"@context\":\"https:\/\/schema.org\",\"@graph\":[{\"@type\":\"WebPage\",\"@id\":\"https:\/\/www.aplicacionsaudiovisuals.com\/es\/producto\/mezcladores\/hm4x4s-copia-copia-copia\/\",\"url\":\"https:\/\/www.aplicacionsaudiovisuals.com\/es\/producto\/mezcladores\/hm4x4s-copia-copia-copia\/\",\"name\":\"AEROBIX XL - Aplicacions Audiovisuals\",\"isPartOf\":{\"@id\":\"https:\/\/www.aplicacionsaudiovisuals.com\/es\/#website\"},\"primaryImageOfPage\":{\"@id\":\"https:\/\/www.aplicacionsaudiovisuals.com\/es\/producto\/mezcladores\/hm4x4s-copia-copia-copia\/#primaryimage\"},\"image\":{\"@id\":\"https:\/\/www.aplicacionsaudiovisuals.com\/es\/producto\/mezcladores\/hm4x4s-copia-copia-copia\/#primaryimage\"},\"thumbnailUrl\":\"https:\/\/www.aplicacionsaudiovisuals.com\/wp-content\/uploads\/2026\/02\/newhank-AEROBIX-XL.jpg\",\"datePublished\":\"2026-02-24T13:51:42+00:00\",\"dateModified\":\"2026-02-26T16:56:13+00:00\",\"description\":\"NewHank AEROBIX XL en Aplicaciones Audiovisuales: Mezclador de rack 1U profesional para gimnasios y locales. 4 entradas de l\u00ednea, 2 de micro y funci\u00f3n Auto Talk-Over.\",\"breadcrumb\":{\"@id\":\"https:\/\/www.aplicacionsaudiovisuals.com\/es\/producto\/mezcladores\/hm4x4s-copia-copia-copia\/#breadcrumb\"},\"inLanguage\":\"es\",\"potentialAction\":[{\"@type\":\"ReadAction\",\"target\":[\"https:\/\/www.aplicacionsaudiovisuals.com\/es\/producto\/mezcladores\/hm4x4s-copia-copia-copia\/\"]}]},{\"@type\":\"ImageObject\",\"inLanguage\":\"es\",\"@id\":\"https:\/\/www.aplicacionsaudiovisuals.com\/es\/producto\/mezcladores\/hm4x4s-copia-copia-copia\/#primaryimage\",\"url\":\"https:\/\/www.aplicacionsaudiovisuals.com\/wp-content\/uploads\/2026\/02\/newhank-AEROBIX-XL.jpg\",\"contentUrl\":\"https:\/\/www.aplicacionsaudiovisuals.com\/wp-content\/uploads\/2026\/02\/newhank-AEROBIX-XL.jpg\",\"width\":1000,\"height\":1200,\"caption\":\"NewHank AEROBIX XL\"},{\"@type\":\"BreadcrumbList\",\"@id\":\"https:\/\/www.aplicacionsaudiovisuals.com\/es\/producto\/mezcladores\/hm4x4s-copia-copia-copia\/#breadcrumb\",\"itemListElement\":[{\"@type\":\"ListItem\",\"position\":1,\"name\":\"Inici\",\"item\":\"https:\/\/www.aplicacionsaudiovisuals.com\/es\/\"},{\"@type\":\"ListItem\",\"position\":2,\"name\":\"Cat\u00e1logo\",\"item\":\"https:\/\/www.aplicacionsaudiovisuals.com\/es\/catalogo\/\"},{\"@type\":\"ListItem\",\"position\":3,\"name\":\"AEROBIX XL\"}]},{\"@type\":\"WebSite\",\"@id\":\"https:\/\/www.aplicacionsaudiovisuals.com\/es\/#website\",\"url\":\"https:\/\/www.aplicacionsaudiovisuals.com\/es\/\",\"name\":\"Aplicacions Audiovisuals\",\"description\":\"Projectes de condicionament ac\u00fastic\",\"publisher\":{\"@id\":\"https:\/\/www.aplicacionsaudiovisuals.com\/es\/#organization\"},\"alternateName\":\"Aplicacions Audiovisuals\",\"potentialAction\":[{\"@type\":\"SearchAction\",\"target\":{\"@type\":\"EntryPoint\",\"urlTemplate\":\"https:\/\/www.aplicacionsaudiovisuals.com\/es\/?s={search_term_string}\"},\"query-input\":{\"@type\":\"PropertyValueSpecification\",\"valueRequired\":true,\"valueName\":\"search_term_string\"}}],\"inLanguage\":\"es\"},{\"@type\":\"Organization\",\"@id\":\"https:\/\/www.aplicacionsaudiovisuals.com\/es\/#organization\",\"name\":\"Aplicacions Audiovisuals\",\"url\":\"https:\/\/www.aplicacionsaudiovisuals.com\/es\/\",\"logo\":{\"@type\":\"ImageObject\",\"inLanguage\":\"es\",\"@id\":\"https:\/\/www.aplicacionsaudiovisuals.com\/es\/#\/schema\/logo\/image\/\",\"url\":\"https:\/\/www.aplicacionsaudiovisuals.com\/wp-content\/uploads\/2025\/03\/aplicacions-audiovisuals-logo-negre.png\",\"contentUrl\":\"https:\/\/www.aplicacionsaudiovisuals.com\/wp-content\/uploads\/2025\/03\/aplicacions-audiovisuals-logo-negre.png\",\"width\":500,\"height\":195,\"caption\":\"Aplicacions Audiovisuals\"},\"image\":{\"@id\":\"https:\/\/www.aplicacionsaudiovisuals.com\/es\/#\/schema\/logo\/image\/\"},\"sameAs\":[\"https:\/\/www.facebook.com\/aplicacionsaudiovisuals\"]}]}<\/script>\n<!-- \/ Yoast SEO plugin. -->","yoast_head_json":{"title":"AEROBIX XL - Aplicacions Audiovisuals","description":"NewHank AEROBIX XL en Aplicaciones Audiovisuales: Mezclador de rack 1U profesional para gimnasios y locales. 4 entradas de l\u00ednea, 2 de micro y funci\u00f3n Auto Talk-Over.","robots":{"index":"index","follow":"follow","max-snippet":"max-snippet:-1","max-image-preview":"max-image-preview:large","max-video-preview":"max-video-preview:-1"},"canonical":"https:\/\/www.aplicacionsaudiovisuals.com\/es\/producto\/mezcladores\/hm4x4s-copia-copia-copia\/","og_locale":"es_ES","og_type":"article","og_title":"AEROBIX XL - Aplicacions Audiovisuals","og_description":"NewHank AEROBIX XL en Aplicaciones Audiovisuales: Mezclador de rack 1U profesional para gimnasios y locales. 4 entradas de l\u00ednea, 2 de micro y funci\u00f3n Auto Talk-Over.","og_url":"https:\/\/www.aplicacionsaudiovisuals.com\/es\/producto\/mezcladores\/hm4x4s-copia-copia-copia\/","og_site_name":"Aplicacions Audiovisuals","article_publisher":"https:\/\/www.facebook.com\/aplicacionsaudiovisuals","article_modified_time":"2026-02-26T16:56:13+00:00","og_image":[{"width":1000,"height":1200,"url":"https:\/\/www.aplicacionsaudiovisuals.com\/wp-content\/uploads\/2026\/02\/newhank-AEROBIX-XL.jpg","type":"image\/jpeg"}],"twitter_card":"summary_large_image","schema":{"@context":"https:\/\/schema.org","@graph":[{"@type":"WebPage","@id":"https:\/\/www.aplicacionsaudiovisuals.com\/es\/producto\/mezcladores\/hm4x4s-copia-copia-copia\/","url":"https:\/\/www.aplicacionsaudiovisuals.com\/es\/producto\/mezcladores\/hm4x4s-copia-copia-copia\/","name":"AEROBIX XL - Aplicacions Audiovisuals","isPartOf":{"@id":"https:\/\/www.aplicacionsaudiovisuals.com\/es\/#website"},"primaryImageOfPage":{"@id":"https:\/\/www.aplicacionsaudiovisuals.com\/es\/producto\/mezcladores\/hm4x4s-copia-copia-copia\/#primaryimage"},"image":{"@id":"https:\/\/www.aplicacionsaudiovisuals.com\/es\/producto\/mezcladores\/hm4x4s-copia-copia-copia\/#primaryimage"},"thumbnailUrl":"https:\/\/www.aplicacionsaudiovisuals.com\/wp-content\/uploads\/2026\/02\/newhank-AEROBIX-XL.jpg","datePublished":"2026-02-24T13:51:42+00:00","dateModified":"2026-02-26T16:56:13+00:00","description":"NewHank AEROBIX XL en Aplicaciones Audiovisuales: Mezclador de rack 1U profesional para gimnasios y locales. 4 entradas de l\u00ednea, 2 de micro y funci\u00f3n Auto Talk-Over.","breadcrumb":{"@id":"https:\/\/www.aplicacionsaudiovisuals.com\/es\/producto\/mezcladores\/hm4x4s-copia-copia-copia\/#breadcrumb"},"inLanguage":"es","potentialAction":[{"@type":"ReadAction","target":["https:\/\/www.aplicacionsaudiovisuals.com\/es\/producto\/mezcladores\/hm4x4s-copia-copia-copia\/"]}]},{"@type":"ImageObject","inLanguage":"es","@id":"https:\/\/www.aplicacionsaudiovisuals.com\/es\/producto\/mezcladores\/hm4x4s-copia-copia-copia\/#primaryimage","url":"https:\/\/www.aplicacionsaudiovisuals.com\/wp-content\/uploads\/2026\/02\/newhank-AEROBIX-XL.jpg","contentUrl":"https:\/\/www.aplicacionsaudiovisuals.com\/wp-content\/uploads\/2026\/02\/newhank-AEROBIX-XL.jpg","width":1000,"height":1200,"caption":"NewHank AEROBIX XL"},{"@type":"BreadcrumbList","@id":"https:\/\/www.aplicacionsaudiovisuals.com\/es\/producto\/mezcladores\/hm4x4s-copia-copia-copia\/#breadcrumb","itemListElement":[{"@type":"ListItem","position":1,"name":"Inici","item":"https:\/\/www.aplicacionsaudiovisuals.com\/es\/"},{"@type":"ListItem","position":2,"name":"Cat\u00e1logo","item":"https:\/\/www.aplicacionsaudiovisuals.com\/es\/catalogo\/"},{"@type":"ListItem","position":3,"name":"AEROBIX XL"}]},{"@type":"WebSite","@id":"https:\/\/www.aplicacionsaudiovisuals.com\/es\/#website","url":"https:\/\/www.aplicacionsaudiovisuals.com\/es\/","name":"Aplicacions Audiovisuals","description":"Projectes de condicionament ac\u00fastic","publisher":{"@id":"https:\/\/www.aplicacionsaudiovisuals.com\/es\/#organization"},"alternateName":"Aplicacions Audiovisuals","potentialAction":[{"@type":"SearchAction","target":{"@type":"EntryPoint","urlTemplate":"https:\/\/www.aplicacionsaudiovisuals.com\/es\/?s={search_term_string}"},"query-input":{"@type":"PropertyValueSpecification","valueRequired":true,"valueName":"search_term_string"}}],"inLanguage":"es"},{"@type":"Organization","@id":"https:\/\/www.aplicacionsaudiovisuals.com\/es\/#organization","name":"Aplicacions Audiovisuals","url":"https:\/\/www.aplicacionsaudiovisuals.com\/es\/","logo":{"@type":"ImageObject","inLanguage":"es","@id":"https:\/\/www.aplicacionsaudiovisuals.com\/es\/#\/schema\/logo\/image\/","url":"https:\/\/www.aplicacionsaudiovisuals.com\/wp-content\/uploads\/2025\/03\/aplicacions-audiovisuals-logo-negre.png","contentUrl":"https:\/\/www.aplicacionsaudiovisuals.com\/wp-content\/uploads\/2025\/03\/aplicacions-audiovisuals-logo-negre.png","width":500,"height":195,"caption":"Aplicacions Audiovisuals"},"image":{"@id":"https:\/\/www.aplicacionsaudiovisuals.com\/es\/#\/schema\/logo\/image\/"},"sameAs":["https:\/\/www.facebook.com\/aplicacionsaudiovisuals"]}]}},"_links":{"self":[{"href":"https:\/\/www.aplicacionsaudiovisuals.com\/es\/wp-json\/wp\/v2\/product\/12822","targetHints":{"allow":["GET"]}}],"collection":[{"href":"https:\/\/www.aplicacionsaudiovisuals.com\/es\/wp-json\/wp\/v2\/product"}],"about":[{"href":"https:\/\/www.aplicacionsaudiovisuals.com\/es\/wp-json\/wp\/v2\/types\/product"}],"version-history":[{"count":4,"href":"https:\/\/www.aplicacionsaudiovisuals.com\/es\/wp-json\/wp\/v2\/product\/12822\/revisions"}],"predecessor-version":[{"id":13163,"href":"https:\/\/www.aplicacionsaudiovisuals.com\/es\/wp-json\/wp\/v2\/product\/12822\/revisions\/13163"}],"wp:featuredmedia":[{"embeddable":true,"href":"https:\/\/www.aplicacionsaudiovisuals.com\/es\/wp-json\/wp\/v2\/media\/12826"}],"wp:attachment":[{"href":"https:\/\/www.aplicacionsaudiovisuals.com\/es\/wp-json\/wp\/v2\/media?parent=12822"}],"wp:term":[{"taxonomy":"product_brand","embeddable":true,"href":"https:\/\/www.aplicacionsaudiovisuals.com\/es\/wp-json\/wp\/v2\/product_brand?post=12822"},{"taxonomy":"product_cat","embeddable":true,"href":"https:\/\/www.aplicacionsaudiovisuals.com\/es\/wp-json\/wp\/v2\/product_cat?post=12822"},{"taxonomy":"product_tag","embeddable":true,"href":"https:\/\/www.aplicacionsaudiovisuals.com\/es\/wp-json\/wp\/v2\/product_tag?post=12822"}],"curies":[{"name":"wp","href":"https:\/\/api.w.org\/{rel}","templated":true}]}}