{"id":12811,"date":"2026-02-24T14:40:19","date_gmt":"2026-02-24T13:40:19","guid":{"rendered":"https:\/\/www.aplicacionsaudiovisuals.com\/?post_type=product&#038;p=12811"},"modified":"2026-02-26T17:42:23","modified_gmt":"2026-02-26T16:42:23","slug":"hm4x4s-copia-copia","status":"publish","type":"product","link":"https:\/\/www.aplicacionsaudiovisuals.com\/es\/producto\/video-es\/hm4x4s-copia-copia\/","title":{"rendered":"HS4x1"},"content":{"rendered":"<p data-path-to-node=\"1\"><strong>Especificaciones T\u00e9cnicas<\/strong><\/p>\n<p><strong>V\u00cdDEO<\/strong><br \/>\n<strong>Entrada de v\u00eddeo:<\/strong> (4) HDMI(1-4)<br \/>\n<strong>Conector de entrada de v\u00eddeo:<\/strong> (4) HDMI hembra tipo A<br \/>\nEntrada de v\u00eddeo Resoluci\u00f3n de v\u00eddeo: Hasta 4K a 30 Hz 4:4:4<br \/>\n<strong>Salida de v\u00eddeo:<\/strong> (1) HDMI<br \/>\n<strong>Conector de salida de v\u00eddeo: <\/strong>(1) HDMI hembra tipo A<br \/>\n<strong>Resoluci\u00f3n de salida de v\u00eddeo:<\/strong> Hasta 4K a 30 Hz RGB<br \/>\n<strong>Est\u00e1ndar HDMI:<\/strong> HDMI 1.4<br \/>\n<strong>Versi\u00f3n HDCP:<\/strong> Hasta a 2.2<\/p>\n<p>&nbsp;<\/p>\n<p><strong>ENTRADA DE AUDIO<\/strong><br \/>\n<strong>Entrada de audio:<\/strong> (1) ENTRADA DE LINEA, (1) ENTRADA DE MIXA.<br \/>\n<strong>Conector de entrada de audio:<\/strong> (2) conectores de terminal de 3 pines<br \/>\n<strong>Respuesta de frecuencia:<\/strong> De 20 Hz a 20 kHz, \u00b13 dB<br \/>\n<strong>Nivel de entrada m\u00e1ximo<\/strong>: 2.0 Vrms \u00b1 0.5 dB. Margen de 2 V = 16 B por encima de la se\u00f1al de nivel de l\u00ednea nominal del consumidor de -10 dBV (316 mV).<br \/>\n<strong>Desviaci\u00f3n del nivel L-R:<\/strong> &lt; 0,3 dB, sinusoidal de 1 kHz a nivel de 0 dBFS (o nivel m\u00e1ximo antes del recorte)<br \/>\n<strong>Impedancia de entrada:<\/strong> &gt; 10 kohm<br \/>\n<strong>Formato de audio:<\/strong> PCM 2CH<\/p>\n<p>&nbsp;<\/p>\n<p><strong>SALIDA SPDIF<\/strong><br \/>\nSalida SPDIF: (1) SPDIF<br \/>\nConector de salida de audio: (1) Toslink<br \/>\nNivel m\u00e1ximo de salida: \u00b10,05 dBFS<br \/>\nRespuesta de frecuencia: 20 Hz ~ 20 kHz, \u00b11 dB<br \/>\nTHD+N: &lt; 0,05 %, ancho de banda de 20 Hz a 20 kHz, sinusoidal de 1 kHz a nivel de 0 dBFS (o nivel m\u00e1ximo)<br \/>\nRelaci\u00f3n se\u00f1al-ruido: &gt; 90 dB, ancho de banda de 20 Hz a 20 kHz<br \/>\nAislamiento de diafon\u00eda: &lt; -70 dB, sinusoidal de 10 kHz a nivel de 0 dBFS (o nivel m\u00e1ximo antes del recorte)<br \/>\nRuido: -90 dB<br \/>\nFormato de audio: PCM 2CH<\/p>\n<p>&nbsp;<\/p>\n<p><strong>SALIDA DE AUDIO<\/strong><br \/>\n<strong>Salida de audio:<\/strong> (1) AUDIO<br \/>\n<strong>Conector de salida de audio:<\/strong> (1) minijack de 3,5 mm<br \/>\n<strong>Respuesta de frecuencia:<\/strong> 20 Hz ~ 20 kHz, \u00b11 dB<br \/>\n<strong>Nivel m\u00e1ximo de salida:<\/strong> 2,0 Vrms \u00b1 0,5 dB. 2V = 16dB de margen por encima de la se\u00f1al de nivel de l\u00ednea nominal del consumidor de -10dBV (316 mV)<br \/>\nTHD+N: &lt; 0,05%, ancho de banda de 20 Hz a 20 kHz, sinusoidal de 1 kHz a nivel de 0 dBFS (o nivel m\u00e1ximo)<br \/>\n<strong>Relaci\u00f3n se\u00f1al-ruido:<\/strong> &gt; 80dB, ancho de banda de 20 Hz ~ 20 kHz<br \/>\n<strong>Aislamiento de diafon\u00eda:<\/strong> &lt; -80 dB, sinusoidal de 10 kHz a nivel de 0 dBFS (o nivel m\u00e1ximo antes del recorte)<br \/>\n<strong>Desviaci\u00f3n del nivelE-R:<\/strong> &lt; 0,05 dB, sinusoidal de 1 kHz a nivel de 0 dBFS (o nivel m\u00e1ximo antes del recorte)<br \/>\n<strong>Capacidad de carga de salida:<\/strong> 1k ohm y superior (admite 10 cargas en paralelo de 10k ohms)<br \/>\nRuido: -80dB<\/p>\n<p>&nbsp;<\/p>\n<p><strong>CONTROL<\/strong><br \/>\nPuerto de control: (1) RS232, (1) TCP\/IP<br \/>\n<strong>Conector de control:<\/strong> (1) bloque de terminales de 3 pines, (1) RJ45<\/p>\n<p>&nbsp;<\/p>\n<p><strong>GENERAL<\/strong><br \/>\n<strong>Temperatura de funcionamiento:<\/strong> -5~ +55 \u2103<br \/>\n<strong>Temperatura de almacenamiento:<\/strong> -25 ~ +70 \u2103<br \/>\n<strong>Humedad relativa:<\/strong> 10% -90%<br \/>\n<strong>Fuente de alimentaci\u00f3n externa:<\/strong> Entrada: CA 100~240V, 50\/60Hz; Salida: 24V CC 1.25A<br \/>\n<strong>Consumo m\u00e1ximo de energ\u00eda:<\/strong> 13W<br \/>\n<strong>Dimensiones (A*A*P):<\/strong> 285mm x 27mm x 172.5mm<br \/>\n<strong>Peso neto:<\/strong> 1.24kg<\/p>\n","protected":false},"excerpt":{"rendered":"<p data-path-to-node=\"2\">El <b data-path-to-node=\"2\" data-index-in-node=\"3\">NewHank HS4x1<\/b> es un escalador y conmutador HDMI 4K \u00abmulti-view\u00bb sin fisuras (seamless), dise\u00f1ado para permitir una visualizaci\u00f3n 4K real. El conmutador dispone de cuatro entradas HDMI y una salida HDMI que permite mostrar cuatro fuentes de v\u00eddeo en una sola pantalla. Tambi\u00e9n incluye una entrada de l\u00ednea, una entrada de mezcla, una salida SPDIF y una salida anal\u00f3gica para el procesamiento de audio. Script Lua \u00abplug and play\u00bb disponible para sistemas Xilica.  <\/p>\n<div class=\"source-inline-chip-container ng-star-inserted\"><\/div>\n<p data-path-to-node=\"3\"><b data-path-to-node=\"3\" data-index-in-node=\"0\">Caracter\u00edsticas profesionales<\/b><\/p>\n<ul data-path-to-node=\"4\">\n<li><span class=\"citation-33 citation-end-33\">4 entradas HDMI y 1 salida HDMI.<\/span><\/li>\n<li><span class=\"citation-32 citation-end-32\">Admite 4K@30Hz 4:4:4 y HDCP 2.2.<\/span><\/li>\n<li>Conmutaci\u00f3n sin fisuras entre los 4 puertos de entrada.<\/li>\n<li>Escalador autom\u00e1tico (Auto Scaler) en cada entrada de fuente.<\/li>\n<li>Admite incrustaci\u00f3n (embedding) y mezcla de audio.<\/li>\n<li>Admite desincrustaci\u00f3n (de-embedding) de audio.<\/li>\n<li>Conmutaci\u00f3n autom\u00e1tica en ventana \u00fanica.<\/li>\n<li>Conmuta c\u00edclicamente entre las ventanas de la A a la D mediante el bot\u00f3n \u00abswap\u00bb.<\/li>\n<li>Basado en tecnolog\u00eda FPGA; el dise\u00f1o y tama\u00f1o de las ventanas se pueden personalizar.<\/li>\n<li>Redimensiona las ventanas en 3 tama\u00f1os distintos.<\/li>\n<li><span class=\"citation-31 citation-end-31\">16 dise\u00f1os (layouts) predefinidos para multiview.<\/span><\/li>\n<li>M\u00faltiples m\u00e9todos de control, incluyendo panel frontal asignable, mando IR, interfaz web GUI y puerto RS232.<\/li>\n<\/ul>\n[otaru_core_button button_layout=\"filled\" text=\"Manual\" link=\"https:\/\/www.aplicacionsaudiovisuals.com\/wp-content\/uploads\/2026\/02\/NewHank-HS4x1-Manual.pdf\" target=\"_blank\" _transform_keep_proportions=\"yes\" _transform_keep_proportions_hover=\"yes\"]\n","protected":false},"featured_media":12817,"template":"","meta":[],"product_brand":[],"product_cat":[217],"product_tag":[202],"class_list":{"0":"post-12811","1":"product","2":"type-product","3":"status-publish","4":"has-post-thumbnail","6":"product_cat-video-es","7":"product_tag-newhank-es","8":"pa_marca-newhank-es","10":"first","11":"instock","12":"shipping-taxable","13":"product-type-simple"},"yoast_head":"<!-- This site is optimized with the Yoast SEO plugin v24.9 - https:\/\/yoast.com\/wordpress\/plugins\/seo\/ -->\n<title>HS4x1 - Aplicacions Audiovisuals<\/title>\n<meta name=\"description\" content=\"NewHank HS4x1 en Aplicaciones Audiovisuales: Conmutador Multi-view HDMI 4K sin fisuras. Muestra 4 fuentes en una pantalla con escalador y control profesional.\" \/>\n<meta name=\"robots\" content=\"index, follow, max-snippet:-1, max-image-preview:large, max-video-preview:-1\" \/>\n<link rel=\"canonical\" href=\"https:\/\/www.aplicacionsaudiovisuals.com\/es\/producto\/video-es\/hm4x4s-copia-copia\/\" \/>\n<meta property=\"og:locale\" content=\"es_ES\" \/>\n<meta property=\"og:type\" content=\"article\" \/>\n<meta property=\"og:title\" content=\"HS4x1 - Aplicacions Audiovisuals\" \/>\n<meta property=\"og:description\" content=\"NewHank HS4x1 en Aplicaciones Audiovisuales: Conmutador Multi-view HDMI 4K sin fisuras. Muestra 4 fuentes en una pantalla con escalador y control profesional.\" \/>\n<meta property=\"og:url\" content=\"https:\/\/www.aplicacionsaudiovisuals.com\/es\/producto\/video-es\/hm4x4s-copia-copia\/\" \/>\n<meta property=\"og:site_name\" content=\"Aplicacions Audiovisuals\" \/>\n<meta property=\"article:publisher\" content=\"https:\/\/www.facebook.com\/aplicacionsaudiovisuals\" \/>\n<meta property=\"article:modified_time\" content=\"2026-02-26T16:42:23+00:00\" \/>\n<meta property=\"og:image\" content=\"https:\/\/www.aplicacionsaudiovisuals.com\/wp-content\/uploads\/2026\/02\/newhank-HS4x1.jpg\" \/>\n\t<meta property=\"og:image:width\" content=\"1000\" \/>\n\t<meta property=\"og:image:height\" content=\"1200\" \/>\n\t<meta property=\"og:image:type\" content=\"image\/jpeg\" \/>\n<meta name=\"twitter:card\" content=\"summary_large_image\" \/>\n<meta name=\"twitter:label1\" content=\"Tiempo de lectura\" \/>\n\t<meta name=\"twitter:data1\" content=\"2 minutos\" \/>\n<script type=\"application\/ld+json\" class=\"yoast-schema-graph\">{\"@context\":\"https:\/\/schema.org\",\"@graph\":[{\"@type\":\"WebPage\",\"@id\":\"https:\/\/www.aplicacionsaudiovisuals.com\/es\/producto\/video-es\/hm4x4s-copia-copia\/\",\"url\":\"https:\/\/www.aplicacionsaudiovisuals.com\/es\/producto\/video-es\/hm4x4s-copia-copia\/\",\"name\":\"HS4x1 - Aplicacions Audiovisuals\",\"isPartOf\":{\"@id\":\"https:\/\/www.aplicacionsaudiovisuals.com\/es\/#website\"},\"primaryImageOfPage\":{\"@id\":\"https:\/\/www.aplicacionsaudiovisuals.com\/es\/producto\/video-es\/hm4x4s-copia-copia\/#primaryimage\"},\"image\":{\"@id\":\"https:\/\/www.aplicacionsaudiovisuals.com\/es\/producto\/video-es\/hm4x4s-copia-copia\/#primaryimage\"},\"thumbnailUrl\":\"https:\/\/www.aplicacionsaudiovisuals.com\/wp-content\/uploads\/2026\/02\/newhank-HS4x1.jpg\",\"datePublished\":\"2026-02-24T13:40:19+00:00\",\"dateModified\":\"2026-02-26T16:42:23+00:00\",\"description\":\"NewHank HS4x1 en Aplicaciones Audiovisuales: Conmutador Multi-view HDMI 4K sin fisuras. Muestra 4 fuentes en una pantalla con escalador y control profesional.\",\"breadcrumb\":{\"@id\":\"https:\/\/www.aplicacionsaudiovisuals.com\/es\/producto\/video-es\/hm4x4s-copia-copia\/#breadcrumb\"},\"inLanguage\":\"es\",\"potentialAction\":[{\"@type\":\"ReadAction\",\"target\":[\"https:\/\/www.aplicacionsaudiovisuals.com\/es\/producto\/video-es\/hm4x4s-copia-copia\/\"]}]},{\"@type\":\"ImageObject\",\"inLanguage\":\"es\",\"@id\":\"https:\/\/www.aplicacionsaudiovisuals.com\/es\/producto\/video-es\/hm4x4s-copia-copia\/#primaryimage\",\"url\":\"https:\/\/www.aplicacionsaudiovisuals.com\/wp-content\/uploads\/2026\/02\/newhank-HS4x1.jpg\",\"contentUrl\":\"https:\/\/www.aplicacionsaudiovisuals.com\/wp-content\/uploads\/2026\/02\/newhank-HS4x1.jpg\",\"width\":1000,\"height\":1200,\"caption\":\"NewHank HS4x1\"},{\"@type\":\"BreadcrumbList\",\"@id\":\"https:\/\/www.aplicacionsaudiovisuals.com\/es\/producto\/video-es\/hm4x4s-copia-copia\/#breadcrumb\",\"itemListElement\":[{\"@type\":\"ListItem\",\"position\":1,\"name\":\"Inici\",\"item\":\"https:\/\/www.aplicacionsaudiovisuals.com\/es\/\"},{\"@type\":\"ListItem\",\"position\":2,\"name\":\"Cat\u00e1logo\",\"item\":\"https:\/\/www.aplicacionsaudiovisuals.com\/es\/catalogo\/\"},{\"@type\":\"ListItem\",\"position\":3,\"name\":\"HS4x1\"}]},{\"@type\":\"WebSite\",\"@id\":\"https:\/\/www.aplicacionsaudiovisuals.com\/es\/#website\",\"url\":\"https:\/\/www.aplicacionsaudiovisuals.com\/es\/\",\"name\":\"Aplicacions Audiovisuals\",\"description\":\"Projectes de condicionament ac\u00fastic\",\"publisher\":{\"@id\":\"https:\/\/www.aplicacionsaudiovisuals.com\/es\/#organization\"},\"alternateName\":\"Aplicacions Audiovisuals\",\"potentialAction\":[{\"@type\":\"SearchAction\",\"target\":{\"@type\":\"EntryPoint\",\"urlTemplate\":\"https:\/\/www.aplicacionsaudiovisuals.com\/es\/?s={search_term_string}\"},\"query-input\":{\"@type\":\"PropertyValueSpecification\",\"valueRequired\":true,\"valueName\":\"search_term_string\"}}],\"inLanguage\":\"es\"},{\"@type\":\"Organization\",\"@id\":\"https:\/\/www.aplicacionsaudiovisuals.com\/es\/#organization\",\"name\":\"Aplicacions Audiovisuals\",\"url\":\"https:\/\/www.aplicacionsaudiovisuals.com\/es\/\",\"logo\":{\"@type\":\"ImageObject\",\"inLanguage\":\"es\",\"@id\":\"https:\/\/www.aplicacionsaudiovisuals.com\/es\/#\/schema\/logo\/image\/\",\"url\":\"https:\/\/www.aplicacionsaudiovisuals.com\/wp-content\/uploads\/2025\/03\/aplicacions-audiovisuals-logo-negre.png\",\"contentUrl\":\"https:\/\/www.aplicacionsaudiovisuals.com\/wp-content\/uploads\/2025\/03\/aplicacions-audiovisuals-logo-negre.png\",\"width\":500,\"height\":195,\"caption\":\"Aplicacions Audiovisuals\"},\"image\":{\"@id\":\"https:\/\/www.aplicacionsaudiovisuals.com\/es\/#\/schema\/logo\/image\/\"},\"sameAs\":[\"https:\/\/www.facebook.com\/aplicacionsaudiovisuals\"]}]}<\/script>\n<!-- \/ Yoast SEO plugin. -->","yoast_head_json":{"title":"HS4x1 - Aplicacions Audiovisuals","description":"NewHank HS4x1 en Aplicaciones Audiovisuales: Conmutador Multi-view HDMI 4K sin fisuras. Muestra 4 fuentes en una pantalla con escalador y control profesional.","robots":{"index":"index","follow":"follow","max-snippet":"max-snippet:-1","max-image-preview":"max-image-preview:large","max-video-preview":"max-video-preview:-1"},"canonical":"https:\/\/www.aplicacionsaudiovisuals.com\/es\/producto\/video-es\/hm4x4s-copia-copia\/","og_locale":"es_ES","og_type":"article","og_title":"HS4x1 - Aplicacions Audiovisuals","og_description":"NewHank HS4x1 en Aplicaciones Audiovisuales: Conmutador Multi-view HDMI 4K sin fisuras. Muestra 4 fuentes en una pantalla con escalador y control profesional.","og_url":"https:\/\/www.aplicacionsaudiovisuals.com\/es\/producto\/video-es\/hm4x4s-copia-copia\/","og_site_name":"Aplicacions Audiovisuals","article_publisher":"https:\/\/www.facebook.com\/aplicacionsaudiovisuals","article_modified_time":"2026-02-26T16:42:23+00:00","og_image":[{"width":1000,"height":1200,"url":"https:\/\/www.aplicacionsaudiovisuals.com\/wp-content\/uploads\/2026\/02\/newhank-HS4x1.jpg","type":"image\/jpeg"}],"twitter_card":"summary_large_image","twitter_misc":{"Tiempo de lectura":"2 minutos"},"schema":{"@context":"https:\/\/schema.org","@graph":[{"@type":"WebPage","@id":"https:\/\/www.aplicacionsaudiovisuals.com\/es\/producto\/video-es\/hm4x4s-copia-copia\/","url":"https:\/\/www.aplicacionsaudiovisuals.com\/es\/producto\/video-es\/hm4x4s-copia-copia\/","name":"HS4x1 - Aplicacions Audiovisuals","isPartOf":{"@id":"https:\/\/www.aplicacionsaudiovisuals.com\/es\/#website"},"primaryImageOfPage":{"@id":"https:\/\/www.aplicacionsaudiovisuals.com\/es\/producto\/video-es\/hm4x4s-copia-copia\/#primaryimage"},"image":{"@id":"https:\/\/www.aplicacionsaudiovisuals.com\/es\/producto\/video-es\/hm4x4s-copia-copia\/#primaryimage"},"thumbnailUrl":"https:\/\/www.aplicacionsaudiovisuals.com\/wp-content\/uploads\/2026\/02\/newhank-HS4x1.jpg","datePublished":"2026-02-24T13:40:19+00:00","dateModified":"2026-02-26T16:42:23+00:00","description":"NewHank HS4x1 en Aplicaciones Audiovisuales: Conmutador Multi-view HDMI 4K sin fisuras. Muestra 4 fuentes en una pantalla con escalador y control profesional.","breadcrumb":{"@id":"https:\/\/www.aplicacionsaudiovisuals.com\/es\/producto\/video-es\/hm4x4s-copia-copia\/#breadcrumb"},"inLanguage":"es","potentialAction":[{"@type":"ReadAction","target":["https:\/\/www.aplicacionsaudiovisuals.com\/es\/producto\/video-es\/hm4x4s-copia-copia\/"]}]},{"@type":"ImageObject","inLanguage":"es","@id":"https:\/\/www.aplicacionsaudiovisuals.com\/es\/producto\/video-es\/hm4x4s-copia-copia\/#primaryimage","url":"https:\/\/www.aplicacionsaudiovisuals.com\/wp-content\/uploads\/2026\/02\/newhank-HS4x1.jpg","contentUrl":"https:\/\/www.aplicacionsaudiovisuals.com\/wp-content\/uploads\/2026\/02\/newhank-HS4x1.jpg","width":1000,"height":1200,"caption":"NewHank HS4x1"},{"@type":"BreadcrumbList","@id":"https:\/\/www.aplicacionsaudiovisuals.com\/es\/producto\/video-es\/hm4x4s-copia-copia\/#breadcrumb","itemListElement":[{"@type":"ListItem","position":1,"name":"Inici","item":"https:\/\/www.aplicacionsaudiovisuals.com\/es\/"},{"@type":"ListItem","position":2,"name":"Cat\u00e1logo","item":"https:\/\/www.aplicacionsaudiovisuals.com\/es\/catalogo\/"},{"@type":"ListItem","position":3,"name":"HS4x1"}]},{"@type":"WebSite","@id":"https:\/\/www.aplicacionsaudiovisuals.com\/es\/#website","url":"https:\/\/www.aplicacionsaudiovisuals.com\/es\/","name":"Aplicacions Audiovisuals","description":"Projectes de condicionament ac\u00fastic","publisher":{"@id":"https:\/\/www.aplicacionsaudiovisuals.com\/es\/#organization"},"alternateName":"Aplicacions Audiovisuals","potentialAction":[{"@type":"SearchAction","target":{"@type":"EntryPoint","urlTemplate":"https:\/\/www.aplicacionsaudiovisuals.com\/es\/?s={search_term_string}"},"query-input":{"@type":"PropertyValueSpecification","valueRequired":true,"valueName":"search_term_string"}}],"inLanguage":"es"},{"@type":"Organization","@id":"https:\/\/www.aplicacionsaudiovisuals.com\/es\/#organization","name":"Aplicacions Audiovisuals","url":"https:\/\/www.aplicacionsaudiovisuals.com\/es\/","logo":{"@type":"ImageObject","inLanguage":"es","@id":"https:\/\/www.aplicacionsaudiovisuals.com\/es\/#\/schema\/logo\/image\/","url":"https:\/\/www.aplicacionsaudiovisuals.com\/wp-content\/uploads\/2025\/03\/aplicacions-audiovisuals-logo-negre.png","contentUrl":"https:\/\/www.aplicacionsaudiovisuals.com\/wp-content\/uploads\/2025\/03\/aplicacions-audiovisuals-logo-negre.png","width":500,"height":195,"caption":"Aplicacions Audiovisuals"},"image":{"@id":"https:\/\/www.aplicacionsaudiovisuals.com\/es\/#\/schema\/logo\/image\/"},"sameAs":["https:\/\/www.facebook.com\/aplicacionsaudiovisuals"]}]}},"_links":{"self":[{"href":"https:\/\/www.aplicacionsaudiovisuals.com\/es\/wp-json\/wp\/v2\/product\/12811","targetHints":{"allow":["GET"]}}],"collection":[{"href":"https:\/\/www.aplicacionsaudiovisuals.com\/es\/wp-json\/wp\/v2\/product"}],"about":[{"href":"https:\/\/www.aplicacionsaudiovisuals.com\/es\/wp-json\/wp\/v2\/types\/product"}],"version-history":[{"count":3,"href":"https:\/\/www.aplicacionsaudiovisuals.com\/es\/wp-json\/wp\/v2\/product\/12811\/revisions"}],"predecessor-version":[{"id":13148,"href":"https:\/\/www.aplicacionsaudiovisuals.com\/es\/wp-json\/wp\/v2\/product\/12811\/revisions\/13148"}],"wp:featuredmedia":[{"embeddable":true,"href":"https:\/\/www.aplicacionsaudiovisuals.com\/es\/wp-json\/wp\/v2\/media\/12817"}],"wp:attachment":[{"href":"https:\/\/www.aplicacionsaudiovisuals.com\/es\/wp-json\/wp\/v2\/media?parent=12811"}],"wp:term":[{"taxonomy":"product_brand","embeddable":true,"href":"https:\/\/www.aplicacionsaudiovisuals.com\/es\/wp-json\/wp\/v2\/product_brand?post=12811"},{"taxonomy":"product_cat","embeddable":true,"href":"https:\/\/www.aplicacionsaudiovisuals.com\/es\/wp-json\/wp\/v2\/product_cat?post=12811"},{"taxonomy":"product_tag","embeddable":true,"href":"https:\/\/www.aplicacionsaudiovisuals.com\/es\/wp-json\/wp\/v2\/product_tag?post=12811"}],"curies":[{"name":"wp","href":"https:\/\/api.w.org\/{rel}","templated":true}]}}