{"id":12801,"date":"2026-02-24T14:28:02","date_gmt":"2026-02-24T13:28:02","guid":{"rendered":"https:\/\/www.aplicacionsaudiovisuals.com\/?post_type=product&#038;p=12801"},"modified":"2026-02-24T16:53:08","modified_gmt":"2026-02-24T15:53:08","slug":"hm4x4s-copia","status":"publish","type":"product","link":"https:\/\/www.aplicacionsaudiovisuals.com\/es\/producto\/video-es\/hm4x4s-copia\/","title":{"rendered":"HM8x8"},"content":{"rendered":"<p data-path-to-node=\"1\"><strong>Especificaciones T\u00e9cnicas<\/strong><\/p>\n<p data-path-to-node=\"2\"><b data-path-to-node=\"2\" data-index-in-node=\"0\">V\u00eddeo<\/b><\/p>\n<ul data-path-to-node=\"3\">\n<li><b data-path-to-node=\"3,0,0\" data-index-in-node=\"0\">Entrada de v\u00eddeo:<\/b> (8) HDMI<\/li>\n<li><b data-path-to-node=\"3,1,0\" data-index-in-node=\"0\">Conector de entrada de v\u00eddeo:<\/b> (8) HDMI tipo A hembra<\/li>\n<li><b data-path-to-node=\"3,2,0\" data-index-in-node=\"0\">Resoluci\u00f3n de la entrada de v\u00eddeo:<\/b> Hasta a 4K @60Hz 4:4:4<\/li>\n<li><b data-path-to-node=\"3,3,0\" data-index-in-node=\"0\">Salida de v\u00eddeo:<\/b> (8) HDMI<\/li>\n<li><b data-path-to-node=\"3,4,0\" data-index-in-node=\"0\">Conector de salida de v\u00eddeo:<\/b> (8) HDMI tipo A hembra<\/li>\n<li><b data-path-to-node=\"3,5,0\" data-index-in-node=\"0\">Resoluci\u00f3n de la salida de v\u00eddeo:<\/b> Hasta a 4K @60Hz 4:4:4<\/li>\n<li><b data-path-to-node=\"3,6,0\" data-index-in-node=\"0\">Salida HDMI:<\/b> Adimete hasta 5V 500mA por cable AoC<\/li>\n<li><b data-path-to-node=\"3,7,0\" data-index-in-node=\"0\">Versi\u00f3n HDMI:<\/b> Hasta a 2.0<\/li>\n<li><b data-path-to-node=\"3,8,0\" data-index-in-node=\"0\">Versi\u00f3n HDCP:<\/b> Hasta 2.3<\/li>\n<li><b data-path-to-node=\"3,9,0\" data-index-in-node=\"0\">Se\u00f1al de audio HDMI: <\/b>LPCM 7.1, Dolby Atmos\u00ae, Dolby\u00ae TrueHD, Dolby Digital\u00ae Plus, DTS:X\u2122 y paso a trav\u00e9s de DTS-HD\u00ae Master Audio\u2122<\/li>\n<\/ul>\n<p data-path-to-node=\"4\"><b data-path-to-node=\"4\" data-index-in-node=\"0\">Salida de audio digital<\/b><\/p>\n<ul data-path-to-node=\"5\">\n<li><b data-path-to-node=\"5,0,0\" data-index-in-node=\"0\">Salida:<\/b> (8) Audio digital SPDIF<\/li>\n<li><b data-path-to-node=\"5,1,0\" data-index-in-node=\"0\">Conector de salida:<\/b> (8) Conector Toslink<\/li>\n<li><b data-path-to-node=\"5,2,0\" data-index-in-node=\"0\">Formato de audio digital SPDIF:<\/b> Admite PCM, Dolby Digital, DTS, DTS-HD<\/li>\n<li><b data-path-to-node=\"5,3,0\" data-index-in-node=\"0\">Respuesta en frecuencia:<\/b> 20 Hz a 20 kHz, \u00b11 dB<\/li>\n<li><b data-path-to-node=\"5,4,0\" data-index-in-node=\"0\">Nivel m\u00e1ximo de salida:<\/b> \u00b10,05 dBFS<\/li>\n<li><b data-path-to-node=\"5,5,0\" data-index-in-node=\"0\">THD+N:<\/b> &lt; 0,05%, ancho de banda 20 Hz \u2013 20 kHz, sinusoidal d&#8217;1 kHz a nivel 0 dBFS<\/li>\n<li><b data-path-to-node=\"5,6,0\" data-index-in-node=\"0\">SNR:<\/b> &gt; 90 dB, ancho de banda 20 Hz &#8211; 20 kHz<\/li>\n<li><b data-path-to-node=\"5,7,0\" data-index-in-node=\"0\">Aislamiento de diafon\u00eda:<\/b> &lt; -70 dB, sinusoidal de 10 kHz a nivel 0 dBFS<\/li>\n<li><b data-path-to-node=\"5,8,0\" data-index-in-node=\"0\">Ruido:<\/b> -90 dB<\/li>\n<\/ul>\n<p data-path-to-node=\"6\"><b data-path-to-node=\"6\" data-index-in-node=\"0\">Salida de audio anal\u00f3gico<\/b><\/p>\n<ul data-path-to-node=\"7\">\n<li><b data-path-to-node=\"7,0,0\" data-index-in-node=\"0\">Sortida:<\/b> (8) \u00c0udio anal\u00f2gic L\/R<\/li>\n<li><b data-path-to-node=\"7,1,0\" data-index-in-node=\"0\">Conector de salida:<\/b> (8) L&amp;R (RCA)<\/li>\n<li><b data-path-to-node=\"7,2,0\" data-index-in-node=\"0\">Formato de audio digital SPDIF:<\/b> PCM 2CH<\/li>\n<li><b data-path-to-node=\"7,3,0\" data-index-in-node=\"0\">Respuesta en frecuencia:<\/b> 20 Hz a 20 kHz, \u00b11 dB<\/li>\n<li><b data-path-to-node=\"7,4,0\" data-index-in-node=\"0\">Nivel m\u00e1ximo de salida:<\/b> 2,0 Vrms \u00b1 0,5 dB (2V = 16 dB de margen por encima del nivel de l\u00ednea nominal de -10 dBV)<\/li>\n<li><b data-path-to-node=\"7,5,0\" data-index-in-node=\"0\">THD+N:<\/b> &lt; 0,05%, ancho de banda 20 Hz \u2013 20 kHz, sinusoidal d&#8217;1 kHz a nivel 0 dBFS<\/li>\n<li><b data-path-to-node=\"7,6,0\" data-index-in-node=\"0\">SNR:<\/b> &gt; 80 dB, ancho de banda 20 Hz &#8211; 20 kHz<\/li>\n<li><b data-path-to-node=\"7,7,0\" data-index-in-node=\"0\">Aislamiento de diafon\u00eda:<\/b> &lt; -80 dB, sinusoidal de 10 kHz a nivel 0 dBFS<\/li>\n<li><b data-path-to-node=\"7,8,0\" data-index-in-node=\"0\">Desviaci\u00f3n de nivel L-R:<\/b> &lt; 0,05 dB, sinusoidal d&#8217;1 kHz a nivel 0 dBFS<\/li>\n<li><b data-path-to-node=\"7,9,0\" data-index-in-node=\"0\">Desviaci\u00f3n de la respuesta en frecuencia:<\/b> &lt; \u00b1 0,5 dB 20 Hz &#8211; 20 kHz<\/li>\n<li><b data-path-to-node=\"7,10,0\" data-index-in-node=\"0\">Capacidad de carga de salida:<\/b> 1k ohm o superior<\/li>\n<li><b data-path-to-node=\"7,11,0\" data-index-in-node=\"0\">Ruido:<\/b> -80 dB<\/li>\n<\/ul>\n<p data-path-to-node=\"8\"><b data-path-to-node=\"8\" data-index-in-node=\"0\">Control<\/b><\/p>\n<ul data-path-to-node=\"9\">\n<li><b data-path-to-node=\"9,0,0\" data-index-in-node=\"0\">Puertos de control:<\/b> (1) IR EYE, (1) RS232, (1) FIRMWARE, (1) TCP\/IP<\/li>\n<li><b data-path-to-node=\"9,1,0\" data-index-in-node=\"0\">Conectores de control:<\/b> (1) Jack 3,5 mm, (1) Bloque de terminales de 3 pines, (1) USB-A, (1) RJ45<\/li>\n<\/ul>\n<p data-path-to-node=\"10\"><b data-path-to-node=\"10\" data-index-in-node=\"0\">General<\/b><\/p>\n<ul data-path-to-node=\"11\">\n<li><b data-path-to-node=\"11,0,0\" data-index-in-node=\"0\">Distancia de transmisi\u00f3n:<\/b> 4K\/60Hz\/444 (5 m), 4K\/60Hz\/420 (10 m), 1080P (15 m)<\/li>\n<li><b data-path-to-node=\"11,1,0\" data-index-in-node=\"0\">Ancho de banda:<\/b> 18 Gbps<\/li>\n<li><b data-path-to-node=\"11,2,0\" data-index-in-node=\"0\">Temperatura de funcionamiento:<\/b> -5 \u2103 ~ +55 \u2103<\/li>\n<li><b data-path-to-node=\"11,3,0\" data-index-in-node=\"0\">Temperatura de almacenamiento:<\/b> -25 \u2103 ~ +70 \u2103<\/li>\n<li><b data-path-to-node=\"11,4,0\" data-index-in-node=\"0\">Humedad relativa:<\/b> 10% &#8211; 90% RH<\/li>\n<li><b data-path-to-node=\"11,5,0\" data-index-in-node=\"0\">Fuente de alimentaci\u00f3n externa: <\/b>Entrada AC 100~240V, 50\/60Hz; Salida 24V DC 1,25A<\/li>\n<li><b data-path-to-node=\"11,6,0\" data-index-in-node=\"0\">Consumo m\u00e1ximo de energ\u00eda:<\/b> 18,3 W<\/li>\n<li><b data-path-to-node=\"11,7,0\" data-index-in-node=\"0\">Dimensiones (Ancho x Alto x Fondo):<\/b> 436,4 mm * 44 mm * 236 mm<\/li>\n<li><b data-path-to-node=\"11,8,0\" data-index-in-node=\"0\">Peso neto:<\/b> 3 kg<\/li>\n<\/ul>\n","protected":false},"excerpt":{"rendered":"<p data-path-to-node=\"2\">El <b data-path-to-node=\"2\" data-index-in-node=\"3\">NewHank HM8x8<\/b> es una matriz de conmutaci\u00f3n de v\u00eddeo HDMI 8&#215;8 profesional de 18 Gbps con matriz de audio integrada. Incluye 8 entradas HDMI y 8 salidas HDMI, las cuatro \u00faltimas con funci\u00f3n de down-scaling, dise\u00f1ada para conmutar se\u00f1ales compatibles con HDMI 18 Gbps y HDCP2.3. Tambi\u00e9n dispone de 8 salidas SPDIF y 8 salidas de audio anal\u00f3gico para la funci\u00f3n de matriz de audio. Script Lua \u00abplug and play\u00bb disponible para sistemas Xilica.   <\/p>\n<p data-path-to-node=\"3\"><b data-path-to-node=\"3\" data-index-in-node=\"0\">Caracter\u00edsticas profesionales<\/b><\/p>\n<ul data-path-to-node=\"4\">\n<li>Matriz de conmutaci\u00f3n de v\u00eddeo HDMI 8&#215;8 de 18 Gbps.<\/li>\n<li>Admite 4K\/60 4:4:4, HDR y es compatible con HDCP2.3.<\/li>\n<li>Matriz de audio; la salida de audio puede desincrustarse de cualquier entrada o salida arbitraria.<\/li>\n<li>Ajuste de volumen individual en cada salida L+R.<\/li>\n<li>Admite down-scaling de 4K a 1080p en hasta 4 salidas.<\/li>\n<li>La salida HDMI proporciona 2,5 W para alimentar cables \u00f3pticos activos (AOC).<\/li>\n<li>Salida HDMI compatible con hasta 5V 500mA para cable AOC.<\/li>\n<li>Controlable mediante el panel frontal, IR, RS232 y TCP\/IP.<\/li>\n<li>C\u00f3digo EAN: 8718868408181.<\/li>\n<li>C\u00f3digo Com\/HS: 8517629900.<\/li>\n<\/ul>\n[otaru_core_button button_layout=\"filled\" text=\"Manual\" link=\"https:\/\/www.aplicacionsaudiovisuals.com\/wp-content\/uploads\/2026\/02\/NewHank-HM8x8-Manual.pdf\" target=\"_blank\" _transform_keep_proportions=\"yes\" _transform_keep_proportions_hover=\"yes\"]\n","protected":false},"featured_media":12805,"template":"","meta":[],"product_brand":[],"product_cat":[217],"product_tag":[202],"class_list":{"0":"post-12801","1":"product","2":"type-product","3":"status-publish","4":"has-post-thumbnail","6":"product_cat-video-es","7":"product_tag-newhank-es","8":"pa_marca-newhank-es","10":"first","11":"instock","12":"shipping-taxable","13":"product-type-simple"},"yoast_head":"<!-- This site is optimized with the Yoast SEO plugin v24.9 - https:\/\/yoast.com\/wordpress\/plugins\/seo\/ -->\n<title>HM8x8 - Aplicacions Audiovisuals<\/title>\n<meta name=\"description\" content=\"NewHank HM8x8 en Aplicaciones Audiovisuales: Matriz HDMI 8x8 profesional 18Gbps con 4K60, HDR y matriz de audio. Incluye funci\u00f3n down-scaling y control por IP.\" \/>\n<meta name=\"robots\" content=\"index, follow, max-snippet:-1, max-image-preview:large, max-video-preview:-1\" \/>\n<link rel=\"canonical\" href=\"https:\/\/www.aplicacionsaudiovisuals.com\/es\/producto\/video-es\/hm4x4s-copia\/\" \/>\n<meta property=\"og:locale\" content=\"es_ES\" \/>\n<meta property=\"og:type\" content=\"article\" \/>\n<meta property=\"og:title\" content=\"HM8x8 - Aplicacions Audiovisuals\" \/>\n<meta property=\"og:description\" content=\"NewHank HM8x8 en Aplicaciones Audiovisuales: Matriz HDMI 8x8 profesional 18Gbps con 4K60, HDR y matriz de audio. Incluye funci\u00f3n down-scaling y control por IP.\" \/>\n<meta property=\"og:url\" content=\"https:\/\/www.aplicacionsaudiovisuals.com\/es\/producto\/video-es\/hm4x4s-copia\/\" \/>\n<meta property=\"og:site_name\" content=\"Aplicacions Audiovisuals\" \/>\n<meta property=\"article:publisher\" content=\"https:\/\/www.facebook.com\/aplicacionsaudiovisuals\" \/>\n<meta property=\"article:modified_time\" content=\"2026-02-24T15:53:08+00:00\" \/>\n<meta property=\"og:image\" content=\"https:\/\/www.aplicacionsaudiovisuals.com\/wp-content\/uploads\/2026\/02\/newhank-HM8x8.jpg\" \/>\n\t<meta property=\"og:image:width\" content=\"1000\" \/>\n\t<meta property=\"og:image:height\" content=\"1200\" \/>\n\t<meta property=\"og:image:type\" content=\"image\/jpeg\" \/>\n<meta name=\"twitter:card\" content=\"summary_large_image\" \/>\n<meta name=\"twitter:label1\" content=\"Tiempo de lectura\" \/>\n\t<meta name=\"twitter:data1\" content=\"2 minutos\" \/>\n<script type=\"application\/ld+json\" class=\"yoast-schema-graph\">{\"@context\":\"https:\/\/schema.org\",\"@graph\":[{\"@type\":\"WebPage\",\"@id\":\"https:\/\/www.aplicacionsaudiovisuals.com\/es\/producto\/video-es\/hm4x4s-copia\/\",\"url\":\"https:\/\/www.aplicacionsaudiovisuals.com\/es\/producto\/video-es\/hm4x4s-copia\/\",\"name\":\"HM8x8 - Aplicacions Audiovisuals\",\"isPartOf\":{\"@id\":\"https:\/\/www.aplicacionsaudiovisuals.com\/es\/#website\"},\"primaryImageOfPage\":{\"@id\":\"https:\/\/www.aplicacionsaudiovisuals.com\/es\/producto\/video-es\/hm4x4s-copia\/#primaryimage\"},\"image\":{\"@id\":\"https:\/\/www.aplicacionsaudiovisuals.com\/es\/producto\/video-es\/hm4x4s-copia\/#primaryimage\"},\"thumbnailUrl\":\"https:\/\/www.aplicacionsaudiovisuals.com\/wp-content\/uploads\/2026\/02\/newhank-HM8x8.jpg\",\"datePublished\":\"2026-02-24T13:28:02+00:00\",\"dateModified\":\"2026-02-24T15:53:08+00:00\",\"description\":\"NewHank HM8x8 en Aplicaciones Audiovisuales: Matriz HDMI 8x8 profesional 18Gbps con 4K60, HDR y matriz de audio. Incluye funci\u00f3n down-scaling y control por IP.\",\"breadcrumb\":{\"@id\":\"https:\/\/www.aplicacionsaudiovisuals.com\/es\/producto\/video-es\/hm4x4s-copia\/#breadcrumb\"},\"inLanguage\":\"es\",\"potentialAction\":[{\"@type\":\"ReadAction\",\"target\":[\"https:\/\/www.aplicacionsaudiovisuals.com\/es\/producto\/video-es\/hm4x4s-copia\/\"]}]},{\"@type\":\"ImageObject\",\"inLanguage\":\"es\",\"@id\":\"https:\/\/www.aplicacionsaudiovisuals.com\/es\/producto\/video-es\/hm4x4s-copia\/#primaryimage\",\"url\":\"https:\/\/www.aplicacionsaudiovisuals.com\/wp-content\/uploads\/2026\/02\/newhank-HM8x8.jpg\",\"contentUrl\":\"https:\/\/www.aplicacionsaudiovisuals.com\/wp-content\/uploads\/2026\/02\/newhank-HM8x8.jpg\",\"width\":1000,\"height\":1200,\"caption\":\"NewHank HM8x8\"},{\"@type\":\"BreadcrumbList\",\"@id\":\"https:\/\/www.aplicacionsaudiovisuals.com\/es\/producto\/video-es\/hm4x4s-copia\/#breadcrumb\",\"itemListElement\":[{\"@type\":\"ListItem\",\"position\":1,\"name\":\"Inici\",\"item\":\"https:\/\/www.aplicacionsaudiovisuals.com\/es\/\"},{\"@type\":\"ListItem\",\"position\":2,\"name\":\"Cat\u00e1logo\",\"item\":\"https:\/\/www.aplicacionsaudiovisuals.com\/es\/catalogo\/\"},{\"@type\":\"ListItem\",\"position\":3,\"name\":\"HM8x8\"}]},{\"@type\":\"WebSite\",\"@id\":\"https:\/\/www.aplicacionsaudiovisuals.com\/es\/#website\",\"url\":\"https:\/\/www.aplicacionsaudiovisuals.com\/es\/\",\"name\":\"Aplicacions Audiovisuals\",\"description\":\"Projectes de condicionament ac\u00fastic\",\"publisher\":{\"@id\":\"https:\/\/www.aplicacionsaudiovisuals.com\/es\/#organization\"},\"alternateName\":\"Aplicacions Audiovisuals\",\"potentialAction\":[{\"@type\":\"SearchAction\",\"target\":{\"@type\":\"EntryPoint\",\"urlTemplate\":\"https:\/\/www.aplicacionsaudiovisuals.com\/es\/?s={search_term_string}\"},\"query-input\":{\"@type\":\"PropertyValueSpecification\",\"valueRequired\":true,\"valueName\":\"search_term_string\"}}],\"inLanguage\":\"es\"},{\"@type\":\"Organization\",\"@id\":\"https:\/\/www.aplicacionsaudiovisuals.com\/es\/#organization\",\"name\":\"Aplicacions Audiovisuals\",\"url\":\"https:\/\/www.aplicacionsaudiovisuals.com\/es\/\",\"logo\":{\"@type\":\"ImageObject\",\"inLanguage\":\"es\",\"@id\":\"https:\/\/www.aplicacionsaudiovisuals.com\/es\/#\/schema\/logo\/image\/\",\"url\":\"https:\/\/www.aplicacionsaudiovisuals.com\/wp-content\/uploads\/2025\/03\/aplicacions-audiovisuals-logo-negre.png\",\"contentUrl\":\"https:\/\/www.aplicacionsaudiovisuals.com\/wp-content\/uploads\/2025\/03\/aplicacions-audiovisuals-logo-negre.png\",\"width\":500,\"height\":195,\"caption\":\"Aplicacions Audiovisuals\"},\"image\":{\"@id\":\"https:\/\/www.aplicacionsaudiovisuals.com\/es\/#\/schema\/logo\/image\/\"},\"sameAs\":[\"https:\/\/www.facebook.com\/aplicacionsaudiovisuals\"]}]}<\/script>\n<!-- \/ Yoast SEO plugin. -->","yoast_head_json":{"title":"HM8x8 - Aplicacions Audiovisuals","description":"NewHank HM8x8 en Aplicaciones Audiovisuales: Matriz HDMI 8x8 profesional 18Gbps con 4K60, HDR y matriz de audio. Incluye funci\u00f3n down-scaling y control por IP.","robots":{"index":"index","follow":"follow","max-snippet":"max-snippet:-1","max-image-preview":"max-image-preview:large","max-video-preview":"max-video-preview:-1"},"canonical":"https:\/\/www.aplicacionsaudiovisuals.com\/es\/producto\/video-es\/hm4x4s-copia\/","og_locale":"es_ES","og_type":"article","og_title":"HM8x8 - Aplicacions Audiovisuals","og_description":"NewHank HM8x8 en Aplicaciones Audiovisuales: Matriz HDMI 8x8 profesional 18Gbps con 4K60, HDR y matriz de audio. Incluye funci\u00f3n down-scaling y control por IP.","og_url":"https:\/\/www.aplicacionsaudiovisuals.com\/es\/producto\/video-es\/hm4x4s-copia\/","og_site_name":"Aplicacions Audiovisuals","article_publisher":"https:\/\/www.facebook.com\/aplicacionsaudiovisuals","article_modified_time":"2026-02-24T15:53:08+00:00","og_image":[{"width":1000,"height":1200,"url":"https:\/\/www.aplicacionsaudiovisuals.com\/wp-content\/uploads\/2026\/02\/newhank-HM8x8.jpg","type":"image\/jpeg"}],"twitter_card":"summary_large_image","twitter_misc":{"Tiempo de lectura":"2 minutos"},"schema":{"@context":"https:\/\/schema.org","@graph":[{"@type":"WebPage","@id":"https:\/\/www.aplicacionsaudiovisuals.com\/es\/producto\/video-es\/hm4x4s-copia\/","url":"https:\/\/www.aplicacionsaudiovisuals.com\/es\/producto\/video-es\/hm4x4s-copia\/","name":"HM8x8 - Aplicacions Audiovisuals","isPartOf":{"@id":"https:\/\/www.aplicacionsaudiovisuals.com\/es\/#website"},"primaryImageOfPage":{"@id":"https:\/\/www.aplicacionsaudiovisuals.com\/es\/producto\/video-es\/hm4x4s-copia\/#primaryimage"},"image":{"@id":"https:\/\/www.aplicacionsaudiovisuals.com\/es\/producto\/video-es\/hm4x4s-copia\/#primaryimage"},"thumbnailUrl":"https:\/\/www.aplicacionsaudiovisuals.com\/wp-content\/uploads\/2026\/02\/newhank-HM8x8.jpg","datePublished":"2026-02-24T13:28:02+00:00","dateModified":"2026-02-24T15:53:08+00:00","description":"NewHank HM8x8 en Aplicaciones Audiovisuales: Matriz HDMI 8x8 profesional 18Gbps con 4K60, HDR y matriz de audio. Incluye funci\u00f3n down-scaling y control por IP.","breadcrumb":{"@id":"https:\/\/www.aplicacionsaudiovisuals.com\/es\/producto\/video-es\/hm4x4s-copia\/#breadcrumb"},"inLanguage":"es","potentialAction":[{"@type":"ReadAction","target":["https:\/\/www.aplicacionsaudiovisuals.com\/es\/producto\/video-es\/hm4x4s-copia\/"]}]},{"@type":"ImageObject","inLanguage":"es","@id":"https:\/\/www.aplicacionsaudiovisuals.com\/es\/producto\/video-es\/hm4x4s-copia\/#primaryimage","url":"https:\/\/www.aplicacionsaudiovisuals.com\/wp-content\/uploads\/2026\/02\/newhank-HM8x8.jpg","contentUrl":"https:\/\/www.aplicacionsaudiovisuals.com\/wp-content\/uploads\/2026\/02\/newhank-HM8x8.jpg","width":1000,"height":1200,"caption":"NewHank HM8x8"},{"@type":"BreadcrumbList","@id":"https:\/\/www.aplicacionsaudiovisuals.com\/es\/producto\/video-es\/hm4x4s-copia\/#breadcrumb","itemListElement":[{"@type":"ListItem","position":1,"name":"Inici","item":"https:\/\/www.aplicacionsaudiovisuals.com\/es\/"},{"@type":"ListItem","position":2,"name":"Cat\u00e1logo","item":"https:\/\/www.aplicacionsaudiovisuals.com\/es\/catalogo\/"},{"@type":"ListItem","position":3,"name":"HM8x8"}]},{"@type":"WebSite","@id":"https:\/\/www.aplicacionsaudiovisuals.com\/es\/#website","url":"https:\/\/www.aplicacionsaudiovisuals.com\/es\/","name":"Aplicacions Audiovisuals","description":"Projectes de condicionament ac\u00fastic","publisher":{"@id":"https:\/\/www.aplicacionsaudiovisuals.com\/es\/#organization"},"alternateName":"Aplicacions Audiovisuals","potentialAction":[{"@type":"SearchAction","target":{"@type":"EntryPoint","urlTemplate":"https:\/\/www.aplicacionsaudiovisuals.com\/es\/?s={search_term_string}"},"query-input":{"@type":"PropertyValueSpecification","valueRequired":true,"valueName":"search_term_string"}}],"inLanguage":"es"},{"@type":"Organization","@id":"https:\/\/www.aplicacionsaudiovisuals.com\/es\/#organization","name":"Aplicacions Audiovisuals","url":"https:\/\/www.aplicacionsaudiovisuals.com\/es\/","logo":{"@type":"ImageObject","inLanguage":"es","@id":"https:\/\/www.aplicacionsaudiovisuals.com\/es\/#\/schema\/logo\/image\/","url":"https:\/\/www.aplicacionsaudiovisuals.com\/wp-content\/uploads\/2025\/03\/aplicacions-audiovisuals-logo-negre.png","contentUrl":"https:\/\/www.aplicacionsaudiovisuals.com\/wp-content\/uploads\/2025\/03\/aplicacions-audiovisuals-logo-negre.png","width":500,"height":195,"caption":"Aplicacions Audiovisuals"},"image":{"@id":"https:\/\/www.aplicacionsaudiovisuals.com\/es\/#\/schema\/logo\/image\/"},"sameAs":["https:\/\/www.facebook.com\/aplicacionsaudiovisuals"]}]}},"_links":{"self":[{"href":"https:\/\/www.aplicacionsaudiovisuals.com\/es\/wp-json\/wp\/v2\/product\/12801","targetHints":{"allow":["GET"]}}],"collection":[{"href":"https:\/\/www.aplicacionsaudiovisuals.com\/es\/wp-json\/wp\/v2\/product"}],"about":[{"href":"https:\/\/www.aplicacionsaudiovisuals.com\/es\/wp-json\/wp\/v2\/types\/product"}],"version-history":[{"count":2,"href":"https:\/\/www.aplicacionsaudiovisuals.com\/es\/wp-json\/wp\/v2\/product\/12801\/revisions"}],"predecessor-version":[{"id":13017,"href":"https:\/\/www.aplicacionsaudiovisuals.com\/es\/wp-json\/wp\/v2\/product\/12801\/revisions\/13017"}],"wp:featuredmedia":[{"embeddable":true,"href":"https:\/\/www.aplicacionsaudiovisuals.com\/es\/wp-json\/wp\/v2\/media\/12805"}],"wp:attachment":[{"href":"https:\/\/www.aplicacionsaudiovisuals.com\/es\/wp-json\/wp\/v2\/media?parent=12801"}],"wp:term":[{"taxonomy":"product_brand","embeddable":true,"href":"https:\/\/www.aplicacionsaudiovisuals.com\/es\/wp-json\/wp\/v2\/product_brand?post=12801"},{"taxonomy":"product_cat","embeddable":true,"href":"https:\/\/www.aplicacionsaudiovisuals.com\/es\/wp-json\/wp\/v2\/product_cat?post=12801"},{"taxonomy":"product_tag","embeddable":true,"href":"https:\/\/www.aplicacionsaudiovisuals.com\/es\/wp-json\/wp\/v2\/product_tag?post=12801"}],"curies":[{"name":"wp","href":"https:\/\/api.w.org\/{rel}","templated":true}]}}