{"id":12775,"date":"2026-02-24T12:53:19","date_gmt":"2026-02-24T11:53:19","guid":{"rendered":"https:\/\/www.aplicacionsaudiovisuals.com\/?post_type=product&#038;p=12775"},"modified":"2026-02-26T17:40:21","modified_gmt":"2026-02-26T16:40:21","slug":"dconbt-copia-copia-copia","status":"publish","type":"product","link":"https:\/\/www.aplicacionsaudiovisuals.com\/es\/producto\/reproductores\/dconbt-copia-copia-copia\/","title":{"rendered":"STREAM IT 3"},"content":{"rendered":"<p data-path-to-node=\"3\"><b data-path-to-node=\"3\" data-index-in-node=\"0\">Caracter\u00edsticas principales:<\/b><\/p>\n<ul data-path-to-node=\"4\">\n<li><b data-path-to-node=\"4,0,0\" data-index-in-node=\"0\">Streaming sin l\u00edmites:<\/b> Transmite m\u00fasica v\u00eda red sin restricciones de distancia o por Bluetooth 5.0 hasta 15 metros.<\/li>\n<li><b data-path-to-node=\"4,1,0\" data-index-in-node=\"0\">Bluetooth 5.0 aptX HD:<\/b> Para una experiencia musical de verdadera alta resoluci\u00f3n.<\/li>\n<li><b data-path-to-node=\"4,2,0\" data-index-in-node=\"0\">Compatibilidad total:<\/b> Admite Airplay, Spotify Connect, Qplay, DLNA, protocolos UPnP y aplicaciones de terceros.<\/li>\n<li><b data-path-to-node=\"4,3,0\" data-index-in-node=\"0\">M\u00faltiples fuentes:<\/b> Streaming desde servicios online, memoria de dispositivos inteligentes, unidades USB, NAS, Bluetooth y entrada de l\u00ednea.<\/li>\n<li><b data-path-to-node=\"4,4,0\" data-index-in-node=\"0\">Multiroom y Multizona:<\/b> Permite la transmisi\u00f3n simult\u00e1nea en varias unidades conectadas a la misma red.<\/li>\n<li><b data-path-to-node=\"4,5,0\" data-index-in-node=\"0\">Sincronizaci\u00f3n total:<\/b> Todas las fuentes de m\u00fasica se pueden retransmitir en sincron\u00eda a varias unidades.<\/li>\n<li><b data-path-to-node=\"4,6,0\" data-index-in-node=\"0\">Alta fidelidad:<\/b> Descodificaci\u00f3n de hasta 24 bits y 192 kHz.<\/li>\n<li><b data-path-to-node=\"4,7,0\" data-index-in-node=\"0\">Salidas digitales:<\/b> Incluye RCA Coaxial y Toslink \u00d3ptica.<\/li>\n<li><b data-path-to-node=\"4,8,0\" data-index-in-node=\"0\">Servicios integrados:<\/b> Spotify, Deezer, Tidal, Qobuz, iHeartRadio, TuneIn, Napster y muchos m\u00e1s integrados en la aplicaci\u00f3n.<\/li>\n<li><b data-path-to-node=\"4,9,0\" data-index-in-node=\"0\">App gratuita:<\/b> Disponible para iOS y Android, con actualizaciones globales online para nuevas funciones.<\/li>\n<li><b data-path-to-node=\"4,10,0\" data-index-in-node=\"0\">Control total:<\/b> Mando a distancia completo y panel con pantalla OLED para visualizar la informaci\u00f3n.<\/li>\n<li><b data-path-to-node=\"4,11,0\" data-index-in-node=\"0\">Conectividad extra:<\/b> Entradas anal\u00f3gicas y digitales, y salida espec\u00edfica para subwoofer activo.<\/li>\n<li><b data-path-to-node=\"4,12,0\" data-index-in-node=\"0\">Personalizaci\u00f3n:<\/b> Ajuste de EQ v\u00eda app o comando, y listas de reproducci\u00f3n predefinidas para reproducci\u00f3n con un solo bot\u00f3n.<\/li>\n<\/ul>\n","protected":false},"excerpt":{"rendered":"<p data-path-to-node=\"2\">El <b data-path-to-node=\"2\" data-index-in-node=\"2\">STREAM IT 3<\/b> es un preamplificador de audio de alta gama con servicios de streaming a trav\u00e9s de red y conectividad Bluetooth aptX HD. El uso del STREAM IT en tu sistema te permite transmitir m\u00fasica desde tu dispositivo m\u00f3vil, USB, NAS o servicios de streaming como Spotify, Tidal o Qobuz en alta resoluci\u00f3n mediante la aplicaci\u00f3n 4STREAM, AirPlay, Bluetooth oa trav\u00e9s de las entradas locales RCA (anal\u00f3gica) o Toslink \u00f3ptica (digital). Conecta tu amplificador o altavoces activos en las salidas anal\u00f3gicas RCA (Izquierda\/Derecha\/Sub) o digitales v\u00eda RCA coaxial o Toslink \u00f3ptica. Mediante el uso de varias unidades, puedes configurar un sistema multiroom para la distribuci\u00f3n de audio en hogares u oficinas.   <\/p>\n[otaru_core_button button_layout=\"filled\" text=\"Manual\" link=\"https:\/\/www.aplicacionsaudiovisuals.com\/wp-content\/uploads\/2026\/02\/newhank-streamit3-manual.pdf\" target=\"_blank\" _transform_keep_proportions=\"yes\" _transform_keep_proportions_hover=\"yes\"]\n<p>&nbsp;<\/p>\n","protected":false},"featured_media":12781,"template":"","meta":[],"product_brand":[],"product_cat":[215],"product_tag":[202],"class_list":{"0":"post-12775","1":"product","2":"type-product","3":"status-publish","4":"has-post-thumbnail","6":"product_cat-reproductores","7":"product_tag-newhank-es","8":"pa_marca-newhank-es","10":"first","11":"instock","12":"shipping-taxable","13":"product-type-simple"},"yoast_head":"<!-- This site is optimized with the Yoast SEO plugin v24.9 - https:\/\/yoast.com\/wordpress\/plugins\/seo\/ -->\n<title>STREAM IT 3 - Aplicacions Audiovisuals<\/title>\n<meta name=\"description\" content=\"NewHank STREAM IT 3 en Aplicaciones Audiovisuales: Preamplificador de streaming de alta resoluci\u00f3n (24-bit\/192kHz) con Multiroom, AirPlay, Bluetooth aptX HD y Spotify.\" \/>\n<meta name=\"robots\" content=\"index, follow, max-snippet:-1, max-image-preview:large, max-video-preview:-1\" \/>\n<link rel=\"canonical\" href=\"https:\/\/www.aplicacionsaudiovisuals.com\/es\/producto\/reproductores\/dconbt-copia-copia-copia\/\" \/>\n<meta property=\"og:locale\" content=\"es_ES\" \/>\n<meta property=\"og:type\" content=\"article\" \/>\n<meta property=\"og:title\" content=\"STREAM IT 3 - Aplicacions Audiovisuals\" \/>\n<meta property=\"og:description\" content=\"NewHank STREAM IT 3 en Aplicaciones Audiovisuales: Preamplificador de streaming de alta resoluci\u00f3n (24-bit\/192kHz) con Multiroom, AirPlay, Bluetooth aptX HD y Spotify.\" \/>\n<meta property=\"og:url\" content=\"https:\/\/www.aplicacionsaudiovisuals.com\/es\/producto\/reproductores\/dconbt-copia-copia-copia\/\" \/>\n<meta property=\"og:site_name\" content=\"Aplicacions Audiovisuals\" \/>\n<meta property=\"article:publisher\" content=\"https:\/\/www.facebook.com\/aplicacionsaudiovisuals\" \/>\n<meta property=\"article:modified_time\" content=\"2026-02-26T16:40:21+00:00\" \/>\n<meta property=\"og:image\" content=\"https:\/\/www.aplicacionsaudiovisuals.com\/wp-content\/uploads\/2026\/02\/newhank-STREAM-IT-3.jpg\" \/>\n\t<meta property=\"og:image:width\" content=\"1000\" \/>\n\t<meta property=\"og:image:height\" content=\"1200\" \/>\n\t<meta property=\"og:image:type\" content=\"image\/jpeg\" \/>\n<meta name=\"twitter:card\" content=\"summary_large_image\" \/>\n<meta name=\"twitter:label1\" content=\"Tiempo de lectura\" \/>\n\t<meta name=\"twitter:data1\" content=\"1 minuto\" \/>\n<script type=\"application\/ld+json\" class=\"yoast-schema-graph\">{\"@context\":\"https:\/\/schema.org\",\"@graph\":[{\"@type\":\"WebPage\",\"@id\":\"https:\/\/www.aplicacionsaudiovisuals.com\/es\/producto\/reproductores\/dconbt-copia-copia-copia\/\",\"url\":\"https:\/\/www.aplicacionsaudiovisuals.com\/es\/producto\/reproductores\/dconbt-copia-copia-copia\/\",\"name\":\"STREAM IT 3 - Aplicacions Audiovisuals\",\"isPartOf\":{\"@id\":\"https:\/\/www.aplicacionsaudiovisuals.com\/es\/#website\"},\"primaryImageOfPage\":{\"@id\":\"https:\/\/www.aplicacionsaudiovisuals.com\/es\/producto\/reproductores\/dconbt-copia-copia-copia\/#primaryimage\"},\"image\":{\"@id\":\"https:\/\/www.aplicacionsaudiovisuals.com\/es\/producto\/reproductores\/dconbt-copia-copia-copia\/#primaryimage\"},\"thumbnailUrl\":\"https:\/\/www.aplicacionsaudiovisuals.com\/wp-content\/uploads\/2026\/02\/newhank-STREAM-IT-3.jpg\",\"datePublished\":\"2026-02-24T11:53:19+00:00\",\"dateModified\":\"2026-02-26T16:40:21+00:00\",\"description\":\"NewHank STREAM IT 3 en Aplicaciones Audiovisuales: Preamplificador de streaming de alta resoluci\u00f3n (24-bit\/192kHz) con Multiroom, AirPlay, Bluetooth aptX HD y Spotify.\",\"breadcrumb\":{\"@id\":\"https:\/\/www.aplicacionsaudiovisuals.com\/es\/producto\/reproductores\/dconbt-copia-copia-copia\/#breadcrumb\"},\"inLanguage\":\"es\",\"potentialAction\":[{\"@type\":\"ReadAction\",\"target\":[\"https:\/\/www.aplicacionsaudiovisuals.com\/es\/producto\/reproductores\/dconbt-copia-copia-copia\/\"]}]},{\"@type\":\"ImageObject\",\"inLanguage\":\"es\",\"@id\":\"https:\/\/www.aplicacionsaudiovisuals.com\/es\/producto\/reproductores\/dconbt-copia-copia-copia\/#primaryimage\",\"url\":\"https:\/\/www.aplicacionsaudiovisuals.com\/wp-content\/uploads\/2026\/02\/newhank-STREAM-IT-3.jpg\",\"contentUrl\":\"https:\/\/www.aplicacionsaudiovisuals.com\/wp-content\/uploads\/2026\/02\/newhank-STREAM-IT-3.jpg\",\"width\":1000,\"height\":1200,\"caption\":\"NewHank STREAM IT 3\"},{\"@type\":\"BreadcrumbList\",\"@id\":\"https:\/\/www.aplicacionsaudiovisuals.com\/es\/producto\/reproductores\/dconbt-copia-copia-copia\/#breadcrumb\",\"itemListElement\":[{\"@type\":\"ListItem\",\"position\":1,\"name\":\"Inici\",\"item\":\"https:\/\/www.aplicacionsaudiovisuals.com\/es\/\"},{\"@type\":\"ListItem\",\"position\":2,\"name\":\"Cat\u00e1logo\",\"item\":\"https:\/\/www.aplicacionsaudiovisuals.com\/es\/catalogo\/\"},{\"@type\":\"ListItem\",\"position\":3,\"name\":\"STREAM IT 3\"}]},{\"@type\":\"WebSite\",\"@id\":\"https:\/\/www.aplicacionsaudiovisuals.com\/es\/#website\",\"url\":\"https:\/\/www.aplicacionsaudiovisuals.com\/es\/\",\"name\":\"Aplicacions Audiovisuals\",\"description\":\"Projectes de condicionament ac\u00fastic\",\"publisher\":{\"@id\":\"https:\/\/www.aplicacionsaudiovisuals.com\/es\/#organization\"},\"alternateName\":\"Aplicacions Audiovisuals\",\"potentialAction\":[{\"@type\":\"SearchAction\",\"target\":{\"@type\":\"EntryPoint\",\"urlTemplate\":\"https:\/\/www.aplicacionsaudiovisuals.com\/es\/?s={search_term_string}\"},\"query-input\":{\"@type\":\"PropertyValueSpecification\",\"valueRequired\":true,\"valueName\":\"search_term_string\"}}],\"inLanguage\":\"es\"},{\"@type\":\"Organization\",\"@id\":\"https:\/\/www.aplicacionsaudiovisuals.com\/es\/#organization\",\"name\":\"Aplicacions Audiovisuals\",\"url\":\"https:\/\/www.aplicacionsaudiovisuals.com\/es\/\",\"logo\":{\"@type\":\"ImageObject\",\"inLanguage\":\"es\",\"@id\":\"https:\/\/www.aplicacionsaudiovisuals.com\/es\/#\/schema\/logo\/image\/\",\"url\":\"https:\/\/www.aplicacionsaudiovisuals.com\/wp-content\/uploads\/2025\/03\/aplicacions-audiovisuals-logo-negre.png\",\"contentUrl\":\"https:\/\/www.aplicacionsaudiovisuals.com\/wp-content\/uploads\/2025\/03\/aplicacions-audiovisuals-logo-negre.png\",\"width\":500,\"height\":195,\"caption\":\"Aplicacions Audiovisuals\"},\"image\":{\"@id\":\"https:\/\/www.aplicacionsaudiovisuals.com\/es\/#\/schema\/logo\/image\/\"},\"sameAs\":[\"https:\/\/www.facebook.com\/aplicacionsaudiovisuals\"]}]}<\/script>\n<!-- \/ Yoast SEO plugin. -->","yoast_head_json":{"title":"STREAM IT 3 - Aplicacions Audiovisuals","description":"NewHank STREAM IT 3 en Aplicaciones Audiovisuales: Preamplificador de streaming de alta resoluci\u00f3n (24-bit\/192kHz) con Multiroom, AirPlay, Bluetooth aptX HD y Spotify.","robots":{"index":"index","follow":"follow","max-snippet":"max-snippet:-1","max-image-preview":"max-image-preview:large","max-video-preview":"max-video-preview:-1"},"canonical":"https:\/\/www.aplicacionsaudiovisuals.com\/es\/producto\/reproductores\/dconbt-copia-copia-copia\/","og_locale":"es_ES","og_type":"article","og_title":"STREAM IT 3 - Aplicacions Audiovisuals","og_description":"NewHank STREAM IT 3 en Aplicaciones Audiovisuales: Preamplificador de streaming de alta resoluci\u00f3n (24-bit\/192kHz) con Multiroom, AirPlay, Bluetooth aptX HD y Spotify.","og_url":"https:\/\/www.aplicacionsaudiovisuals.com\/es\/producto\/reproductores\/dconbt-copia-copia-copia\/","og_site_name":"Aplicacions Audiovisuals","article_publisher":"https:\/\/www.facebook.com\/aplicacionsaudiovisuals","article_modified_time":"2026-02-26T16:40:21+00:00","og_image":[{"width":1000,"height":1200,"url":"https:\/\/www.aplicacionsaudiovisuals.com\/wp-content\/uploads\/2026\/02\/newhank-STREAM-IT-3.jpg","type":"image\/jpeg"}],"twitter_card":"summary_large_image","twitter_misc":{"Tiempo de lectura":"1 minuto"},"schema":{"@context":"https:\/\/schema.org","@graph":[{"@type":"WebPage","@id":"https:\/\/www.aplicacionsaudiovisuals.com\/es\/producto\/reproductores\/dconbt-copia-copia-copia\/","url":"https:\/\/www.aplicacionsaudiovisuals.com\/es\/producto\/reproductores\/dconbt-copia-copia-copia\/","name":"STREAM IT 3 - Aplicacions Audiovisuals","isPartOf":{"@id":"https:\/\/www.aplicacionsaudiovisuals.com\/es\/#website"},"primaryImageOfPage":{"@id":"https:\/\/www.aplicacionsaudiovisuals.com\/es\/producto\/reproductores\/dconbt-copia-copia-copia\/#primaryimage"},"image":{"@id":"https:\/\/www.aplicacionsaudiovisuals.com\/es\/producto\/reproductores\/dconbt-copia-copia-copia\/#primaryimage"},"thumbnailUrl":"https:\/\/www.aplicacionsaudiovisuals.com\/wp-content\/uploads\/2026\/02\/newhank-STREAM-IT-3.jpg","datePublished":"2026-02-24T11:53:19+00:00","dateModified":"2026-02-26T16:40:21+00:00","description":"NewHank STREAM IT 3 en Aplicaciones Audiovisuales: Preamplificador de streaming de alta resoluci\u00f3n (24-bit\/192kHz) con Multiroom, AirPlay, Bluetooth aptX HD y Spotify.","breadcrumb":{"@id":"https:\/\/www.aplicacionsaudiovisuals.com\/es\/producto\/reproductores\/dconbt-copia-copia-copia\/#breadcrumb"},"inLanguage":"es","potentialAction":[{"@type":"ReadAction","target":["https:\/\/www.aplicacionsaudiovisuals.com\/es\/producto\/reproductores\/dconbt-copia-copia-copia\/"]}]},{"@type":"ImageObject","inLanguage":"es","@id":"https:\/\/www.aplicacionsaudiovisuals.com\/es\/producto\/reproductores\/dconbt-copia-copia-copia\/#primaryimage","url":"https:\/\/www.aplicacionsaudiovisuals.com\/wp-content\/uploads\/2026\/02\/newhank-STREAM-IT-3.jpg","contentUrl":"https:\/\/www.aplicacionsaudiovisuals.com\/wp-content\/uploads\/2026\/02\/newhank-STREAM-IT-3.jpg","width":1000,"height":1200,"caption":"NewHank STREAM IT 3"},{"@type":"BreadcrumbList","@id":"https:\/\/www.aplicacionsaudiovisuals.com\/es\/producto\/reproductores\/dconbt-copia-copia-copia\/#breadcrumb","itemListElement":[{"@type":"ListItem","position":1,"name":"Inici","item":"https:\/\/www.aplicacionsaudiovisuals.com\/es\/"},{"@type":"ListItem","position":2,"name":"Cat\u00e1logo","item":"https:\/\/www.aplicacionsaudiovisuals.com\/es\/catalogo\/"},{"@type":"ListItem","position":3,"name":"STREAM IT 3"}]},{"@type":"WebSite","@id":"https:\/\/www.aplicacionsaudiovisuals.com\/es\/#website","url":"https:\/\/www.aplicacionsaudiovisuals.com\/es\/","name":"Aplicacions Audiovisuals","description":"Projectes de condicionament ac\u00fastic","publisher":{"@id":"https:\/\/www.aplicacionsaudiovisuals.com\/es\/#organization"},"alternateName":"Aplicacions Audiovisuals","potentialAction":[{"@type":"SearchAction","target":{"@type":"EntryPoint","urlTemplate":"https:\/\/www.aplicacionsaudiovisuals.com\/es\/?s={search_term_string}"},"query-input":{"@type":"PropertyValueSpecification","valueRequired":true,"valueName":"search_term_string"}}],"inLanguage":"es"},{"@type":"Organization","@id":"https:\/\/www.aplicacionsaudiovisuals.com\/es\/#organization","name":"Aplicacions Audiovisuals","url":"https:\/\/www.aplicacionsaudiovisuals.com\/es\/","logo":{"@type":"ImageObject","inLanguage":"es","@id":"https:\/\/www.aplicacionsaudiovisuals.com\/es\/#\/schema\/logo\/image\/","url":"https:\/\/www.aplicacionsaudiovisuals.com\/wp-content\/uploads\/2025\/03\/aplicacions-audiovisuals-logo-negre.png","contentUrl":"https:\/\/www.aplicacionsaudiovisuals.com\/wp-content\/uploads\/2025\/03\/aplicacions-audiovisuals-logo-negre.png","width":500,"height":195,"caption":"Aplicacions Audiovisuals"},"image":{"@id":"https:\/\/www.aplicacionsaudiovisuals.com\/es\/#\/schema\/logo\/image\/"},"sameAs":["https:\/\/www.facebook.com\/aplicacionsaudiovisuals"]}]}},"_links":{"self":[{"href":"https:\/\/www.aplicacionsaudiovisuals.com\/es\/wp-json\/wp\/v2\/product\/12775","targetHints":{"allow":["GET"]}}],"collection":[{"href":"https:\/\/www.aplicacionsaudiovisuals.com\/es\/wp-json\/wp\/v2\/product"}],"about":[{"href":"https:\/\/www.aplicacionsaudiovisuals.com\/es\/wp-json\/wp\/v2\/types\/product"}],"version-history":[{"count":3,"href":"https:\/\/www.aplicacionsaudiovisuals.com\/es\/wp-json\/wp\/v2\/product\/12775\/revisions"}],"predecessor-version":[{"id":13146,"href":"https:\/\/www.aplicacionsaudiovisuals.com\/es\/wp-json\/wp\/v2\/product\/12775\/revisions\/13146"}],"wp:featuredmedia":[{"embeddable":true,"href":"https:\/\/www.aplicacionsaudiovisuals.com\/es\/wp-json\/wp\/v2\/media\/12781"}],"wp:attachment":[{"href":"https:\/\/www.aplicacionsaudiovisuals.com\/es\/wp-json\/wp\/v2\/media?parent=12775"}],"wp:term":[{"taxonomy":"product_brand","embeddable":true,"href":"https:\/\/www.aplicacionsaudiovisuals.com\/es\/wp-json\/wp\/v2\/product_brand?post=12775"},{"taxonomy":"product_cat","embeddable":true,"href":"https:\/\/www.aplicacionsaudiovisuals.com\/es\/wp-json\/wp\/v2\/product_cat?post=12775"},{"taxonomy":"product_tag","embeddable":true,"href":"https:\/\/www.aplicacionsaudiovisuals.com\/es\/wp-json\/wp\/v2\/product_tag?post=12775"}],"curies":[{"name":"wp","href":"https:\/\/api.w.org\/{rel}","templated":true}]}}