{"id":12760,"date":"2026-02-24T12:32:02","date_gmt":"2026-02-24T11:32:02","guid":{"rendered":"https:\/\/www.aplicacionsaudiovisuals.com\/?post_type=product&#038;p=12760"},"modified":"2026-02-26T17:41:32","modified_gmt":"2026-02-26T16:41:32","slug":"dconbt-copia-copia","status":"publish","type":"product","link":"https:\/\/www.aplicacionsaudiovisuals.com\/es\/producto\/reproductores\/dconbt-copia-copia\/","title":{"rendered":"MULTIMATE PRO"},"content":{"rendered":"<p data-path-to-node=\"5\"><b data-path-to-node=\"5\" data-index-in-node=\"0\">Caracter\u00edsticas principales:<\/b><\/p>\n<ul data-path-to-node=\"6\">\n<li><b data-path-to-node=\"6,0,0\" data-index-in-node=\"0\">Radio por Internet:<\/b> Acceso a m\u00e1s de 20.000 emisoras, podcasts y servicios a la carta.<\/li>\n<li><b data-path-to-node=\"6,1,0\" data-index-in-node=\"0\">Reproductor de m\u00fasica:<\/b> Navegaci\u00f3n y reproducci\u00f3n f\u00e1cil v\u00eda USB (soporta AAC\/AAC+, MP3, WMA, WAV).<\/li>\n<li>Radio digital DAB\/DAB+: Amplia elecci\u00f3n de canales con calidad de sonido digital.<\/li>\n<li><b data-path-to-node=\"6,3,0\" data-index-in-node=\"0\">FM con RDS<\/b> (Radio Data System).<\/li>\n<li><b data-path-to-node=\"6,4,0\" data-index-in-node=\"0\">Entrada Auxiliar:<\/b> Para fuentes de m\u00fasica externas.<\/li>\n<li><b data-path-to-node=\"6,5,0\" data-index-in-node=\"0\">Bluetooth y Spotify Connect\u2122.<\/b><\/li>\n<li><b data-path-to-node=\"6,6,0\" data-index-in-node=\"0\">Pantalla de 2,7 pulgadas:<\/b> Para un f\u00e1cil control y visualizaci\u00f3n clara de informaci\u00f3n (hasta 6 l\u00edneas de texto).<\/li>\n<li><b data-path-to-node=\"6,7,0\" data-index-in-node=\"0\">Control:<\/b> Mando a distancia por infrarrojos, aplicaci\u00f3n remota y puerto RS232.<\/li>\n<li><b data-path-to-node=\"6,8,0\" data-index-in-node=\"0\">Funciones de reloj:<\/b> Actualizaci\u00f3n autom\u00e1tica, alarmas duales independientes y modo de reposo (sleep\/snooze).<\/li>\n<li><b data-path-to-node=\"6,9,0\" data-index-in-node=\"0\">Configuraci\u00f3n:<\/b> M\u00faltiples perfiles de red y men\u00fa en 13 idiomas.<\/li>\n<\/ul>\n","protected":false},"excerpt":{"rendered":"<p data-path-to-node=\"2\">El sucesor actualizado del popular MULTIMATE RS, que aporta mejoradas caracter\u00edsticas y una imagen renovada. Este nuevo modelo mantiene la funcionalidad fiable que los usuarios tanto valoraban en la versi\u00f3n RS, a\u00f1adiendo <b data-path-to-node=\"2\" data-index-in-node=\"219\">salidas XLR balanceadas<\/b> para mejorar la calidad del audio y la integridad de la se\u00f1al, lo que le convierte en la elecci\u00f3n perfecta para entornos de audio profesional. Con un dise\u00f1o modernizado, el MULTIMATE Pro presenta una est\u00e9tica elegante y actual que mejora tanto su apariencia como su facilidad de uso. Este vers\u00e1til multisintonizador y reproductor en red ofrece un sonido de calidad y controles intuitivos en formato robusto y estilizado.   <\/p>\n<p data-path-to-node=\"3\">\u00a1Descubre y disfruta de la m\u00fasica de todo el mundo con el NewHank MULTIMATE! Este reproductor musical y radio Internet, FM y DAB\/DAB+ profesional en formato rack de 1U combina todo lo que necesitas para estar conectado. El MULTIMATE te permite escuchar estaciones de radio locales y globales, reproducir archivos de m\u00fasica directamente desde una unidad USB o transmitir m\u00fasica a trav\u00e9s de Bluetooth o Spotify Connect. Con su pantalla grande y clara y un dial giratorio de selecci\u00f3n pulsable, navegar por las opciones es sencillo e intuitivo. NewHank MULTIMATE es tu compa\u00f1ero musical definitivo, dise\u00f1ado para mantenerte conectado a todas tus canciones favoritas.    <\/p>\n<p data-path-to-node=\"4\">El Multimate Pro incluye Bluetooth\u2122 y Spotify Connect\u2122. Mediante el uso de un conversor externo de RS232 a Ethernet, podemos proporcionar un script en Lua para permitir el control total del Multimate Pro a trav\u00e9s de una instalaci\u00f3n Xilica o ACX. <\/p>\n[otaru_core_button button_layout=\"filled\" text=\"Manual\" link=\"https:\/\/www.aplicacionsaudiovisuals.com\/wp-content\/uploads\/2026\/02\/Newhank-Multimate-Pro-Manual.pdf\" target=\"_blank\" _transform_keep_proportions=\"yes\" _transform_keep_proportions_hover=\"yes\"]\n[otaru_core_button button_layout=\"filled\" text=\"Ficha t\u00e9cnica\" link=\"https:\/\/www.aplicacionsaudiovisuals.com\/wp-content\/uploads\/2026\/02\/Datasheet_MULTIMATE-Pro.pdf\" target=\"_blank\" _transform_keep_proportions=\"yes\" _transform_keep_proportions_hover=\"yes\"]\n","protected":false},"featured_media":12764,"template":"","meta":[],"product_brand":[],"product_cat":[215],"product_tag":[202],"class_list":{"0":"post-12760","1":"product","2":"type-product","3":"status-publish","4":"has-post-thumbnail","6":"product_cat-reproductores","7":"product_tag-newhank-es","8":"pa_marca-newhank-es","10":"first","11":"instock","12":"shipping-taxable","13":"product-type-simple"},"yoast_head":"<!-- This site is optimized with the Yoast SEO plugin v24.9 - https:\/\/yoast.com\/wordpress\/plugins\/seo\/ -->\n<title>MULTIMATE PRO - Aplicacions Audiovisuals<\/title>\n<meta name=\"description\" content=\"NewHank MULTIMATE Pro en Aplicaciones Audiovisuales: El reproductor todo en uno con Internet radio, DAB+, Spotify Connect y salidas XLR. Soluci\u00f3n profesional 1U.\" \/>\n<meta name=\"robots\" content=\"index, follow, max-snippet:-1, max-image-preview:large, max-video-preview:-1\" \/>\n<link rel=\"canonical\" href=\"https:\/\/www.aplicacionsaudiovisuals.com\/es\/producto\/reproductores\/dconbt-copia-copia\/\" \/>\n<meta property=\"og:locale\" content=\"es_ES\" \/>\n<meta property=\"og:type\" content=\"article\" \/>\n<meta property=\"og:title\" content=\"MULTIMATE PRO - Aplicacions Audiovisuals\" \/>\n<meta property=\"og:description\" content=\"NewHank MULTIMATE Pro en Aplicaciones Audiovisuales: El reproductor todo en uno con Internet radio, DAB+, Spotify Connect y salidas XLR. Soluci\u00f3n profesional 1U.\" \/>\n<meta property=\"og:url\" content=\"https:\/\/www.aplicacionsaudiovisuals.com\/es\/producto\/reproductores\/dconbt-copia-copia\/\" \/>\n<meta property=\"og:site_name\" content=\"Aplicacions Audiovisuals\" \/>\n<meta property=\"article:publisher\" content=\"https:\/\/www.facebook.com\/aplicacionsaudiovisuals\" \/>\n<meta property=\"article:modified_time\" content=\"2026-02-26T16:41:32+00:00\" \/>\n<meta property=\"og:image\" content=\"https:\/\/www.aplicacionsaudiovisuals.com\/wp-content\/uploads\/2026\/02\/newhank-MULTIMATE-PRO.jpg\" \/>\n\t<meta property=\"og:image:width\" content=\"1000\" \/>\n\t<meta property=\"og:image:height\" content=\"1200\" \/>\n\t<meta property=\"og:image:type\" content=\"image\/jpeg\" \/>\n<meta name=\"twitter:card\" content=\"summary_large_image\" \/>\n<meta name=\"twitter:label1\" content=\"Tiempo de lectura\" \/>\n\t<meta name=\"twitter:data1\" content=\"1 minuto\" \/>\n<script type=\"application\/ld+json\" class=\"yoast-schema-graph\">{\"@context\":\"https:\/\/schema.org\",\"@graph\":[{\"@type\":\"WebPage\",\"@id\":\"https:\/\/www.aplicacionsaudiovisuals.com\/es\/producto\/reproductores\/dconbt-copia-copia\/\",\"url\":\"https:\/\/www.aplicacionsaudiovisuals.com\/es\/producto\/reproductores\/dconbt-copia-copia\/\",\"name\":\"MULTIMATE PRO - Aplicacions Audiovisuals\",\"isPartOf\":{\"@id\":\"https:\/\/www.aplicacionsaudiovisuals.com\/es\/#website\"},\"primaryImageOfPage\":{\"@id\":\"https:\/\/www.aplicacionsaudiovisuals.com\/es\/producto\/reproductores\/dconbt-copia-copia\/#primaryimage\"},\"image\":{\"@id\":\"https:\/\/www.aplicacionsaudiovisuals.com\/es\/producto\/reproductores\/dconbt-copia-copia\/#primaryimage\"},\"thumbnailUrl\":\"https:\/\/www.aplicacionsaudiovisuals.com\/wp-content\/uploads\/2026\/02\/newhank-MULTIMATE-PRO.jpg\",\"datePublished\":\"2026-02-24T11:32:02+00:00\",\"dateModified\":\"2026-02-26T16:41:32+00:00\",\"description\":\"NewHank MULTIMATE Pro en Aplicaciones Audiovisuales: El reproductor todo en uno con Internet radio, DAB+, Spotify Connect y salidas XLR. Soluci\u00f3n profesional 1U.\",\"breadcrumb\":{\"@id\":\"https:\/\/www.aplicacionsaudiovisuals.com\/es\/producto\/reproductores\/dconbt-copia-copia\/#breadcrumb\"},\"inLanguage\":\"es\",\"potentialAction\":[{\"@type\":\"ReadAction\",\"target\":[\"https:\/\/www.aplicacionsaudiovisuals.com\/es\/producto\/reproductores\/dconbt-copia-copia\/\"]}]},{\"@type\":\"ImageObject\",\"inLanguage\":\"es\",\"@id\":\"https:\/\/www.aplicacionsaudiovisuals.com\/es\/producto\/reproductores\/dconbt-copia-copia\/#primaryimage\",\"url\":\"https:\/\/www.aplicacionsaudiovisuals.com\/wp-content\/uploads\/2026\/02\/newhank-MULTIMATE-PRO.jpg\",\"contentUrl\":\"https:\/\/www.aplicacionsaudiovisuals.com\/wp-content\/uploads\/2026\/02\/newhank-MULTIMATE-PRO.jpg\",\"width\":1000,\"height\":1200,\"caption\":\"NewHank MULTIMATE PRO\"},{\"@type\":\"BreadcrumbList\",\"@id\":\"https:\/\/www.aplicacionsaudiovisuals.com\/es\/producto\/reproductores\/dconbt-copia-copia\/#breadcrumb\",\"itemListElement\":[{\"@type\":\"ListItem\",\"position\":1,\"name\":\"Inici\",\"item\":\"https:\/\/www.aplicacionsaudiovisuals.com\/es\/\"},{\"@type\":\"ListItem\",\"position\":2,\"name\":\"Cat\u00e1logo\",\"item\":\"https:\/\/www.aplicacionsaudiovisuals.com\/es\/catalogo\/\"},{\"@type\":\"ListItem\",\"position\":3,\"name\":\"MULTIMATE PRO\"}]},{\"@type\":\"WebSite\",\"@id\":\"https:\/\/www.aplicacionsaudiovisuals.com\/es\/#website\",\"url\":\"https:\/\/www.aplicacionsaudiovisuals.com\/es\/\",\"name\":\"Aplicacions Audiovisuals\",\"description\":\"Projectes de condicionament ac\u00fastic\",\"publisher\":{\"@id\":\"https:\/\/www.aplicacionsaudiovisuals.com\/es\/#organization\"},\"alternateName\":\"Aplicacions Audiovisuals\",\"potentialAction\":[{\"@type\":\"SearchAction\",\"target\":{\"@type\":\"EntryPoint\",\"urlTemplate\":\"https:\/\/www.aplicacionsaudiovisuals.com\/es\/?s={search_term_string}\"},\"query-input\":{\"@type\":\"PropertyValueSpecification\",\"valueRequired\":true,\"valueName\":\"search_term_string\"}}],\"inLanguage\":\"es\"},{\"@type\":\"Organization\",\"@id\":\"https:\/\/www.aplicacionsaudiovisuals.com\/es\/#organization\",\"name\":\"Aplicacions Audiovisuals\",\"url\":\"https:\/\/www.aplicacionsaudiovisuals.com\/es\/\",\"logo\":{\"@type\":\"ImageObject\",\"inLanguage\":\"es\",\"@id\":\"https:\/\/www.aplicacionsaudiovisuals.com\/es\/#\/schema\/logo\/image\/\",\"url\":\"https:\/\/www.aplicacionsaudiovisuals.com\/wp-content\/uploads\/2025\/03\/aplicacions-audiovisuals-logo-negre.png\",\"contentUrl\":\"https:\/\/www.aplicacionsaudiovisuals.com\/wp-content\/uploads\/2025\/03\/aplicacions-audiovisuals-logo-negre.png\",\"width\":500,\"height\":195,\"caption\":\"Aplicacions Audiovisuals\"},\"image\":{\"@id\":\"https:\/\/www.aplicacionsaudiovisuals.com\/es\/#\/schema\/logo\/image\/\"},\"sameAs\":[\"https:\/\/www.facebook.com\/aplicacionsaudiovisuals\"]}]}<\/script>\n<!-- \/ Yoast SEO plugin. -->","yoast_head_json":{"title":"MULTIMATE PRO - Aplicacions Audiovisuals","description":"NewHank MULTIMATE Pro en Aplicaciones Audiovisuales: El reproductor todo en uno con Internet radio, DAB+, Spotify Connect y salidas XLR. Soluci\u00f3n profesional 1U.","robots":{"index":"index","follow":"follow","max-snippet":"max-snippet:-1","max-image-preview":"max-image-preview:large","max-video-preview":"max-video-preview:-1"},"canonical":"https:\/\/www.aplicacionsaudiovisuals.com\/es\/producto\/reproductores\/dconbt-copia-copia\/","og_locale":"es_ES","og_type":"article","og_title":"MULTIMATE PRO - Aplicacions Audiovisuals","og_description":"NewHank MULTIMATE Pro en Aplicaciones Audiovisuales: El reproductor todo en uno con Internet radio, DAB+, Spotify Connect y salidas XLR. Soluci\u00f3n profesional 1U.","og_url":"https:\/\/www.aplicacionsaudiovisuals.com\/es\/producto\/reproductores\/dconbt-copia-copia\/","og_site_name":"Aplicacions Audiovisuals","article_publisher":"https:\/\/www.facebook.com\/aplicacionsaudiovisuals","article_modified_time":"2026-02-26T16:41:32+00:00","og_image":[{"width":1000,"height":1200,"url":"https:\/\/www.aplicacionsaudiovisuals.com\/wp-content\/uploads\/2026\/02\/newhank-MULTIMATE-PRO.jpg","type":"image\/jpeg"}],"twitter_card":"summary_large_image","twitter_misc":{"Tiempo de lectura":"1 minuto"},"schema":{"@context":"https:\/\/schema.org","@graph":[{"@type":"WebPage","@id":"https:\/\/www.aplicacionsaudiovisuals.com\/es\/producto\/reproductores\/dconbt-copia-copia\/","url":"https:\/\/www.aplicacionsaudiovisuals.com\/es\/producto\/reproductores\/dconbt-copia-copia\/","name":"MULTIMATE PRO - Aplicacions Audiovisuals","isPartOf":{"@id":"https:\/\/www.aplicacionsaudiovisuals.com\/es\/#website"},"primaryImageOfPage":{"@id":"https:\/\/www.aplicacionsaudiovisuals.com\/es\/producto\/reproductores\/dconbt-copia-copia\/#primaryimage"},"image":{"@id":"https:\/\/www.aplicacionsaudiovisuals.com\/es\/producto\/reproductores\/dconbt-copia-copia\/#primaryimage"},"thumbnailUrl":"https:\/\/www.aplicacionsaudiovisuals.com\/wp-content\/uploads\/2026\/02\/newhank-MULTIMATE-PRO.jpg","datePublished":"2026-02-24T11:32:02+00:00","dateModified":"2026-02-26T16:41:32+00:00","description":"NewHank MULTIMATE Pro en Aplicaciones Audiovisuales: El reproductor todo en uno con Internet radio, DAB+, Spotify Connect y salidas XLR. Soluci\u00f3n profesional 1U.","breadcrumb":{"@id":"https:\/\/www.aplicacionsaudiovisuals.com\/es\/producto\/reproductores\/dconbt-copia-copia\/#breadcrumb"},"inLanguage":"es","potentialAction":[{"@type":"ReadAction","target":["https:\/\/www.aplicacionsaudiovisuals.com\/es\/producto\/reproductores\/dconbt-copia-copia\/"]}]},{"@type":"ImageObject","inLanguage":"es","@id":"https:\/\/www.aplicacionsaudiovisuals.com\/es\/producto\/reproductores\/dconbt-copia-copia\/#primaryimage","url":"https:\/\/www.aplicacionsaudiovisuals.com\/wp-content\/uploads\/2026\/02\/newhank-MULTIMATE-PRO.jpg","contentUrl":"https:\/\/www.aplicacionsaudiovisuals.com\/wp-content\/uploads\/2026\/02\/newhank-MULTIMATE-PRO.jpg","width":1000,"height":1200,"caption":"NewHank MULTIMATE PRO"},{"@type":"BreadcrumbList","@id":"https:\/\/www.aplicacionsaudiovisuals.com\/es\/producto\/reproductores\/dconbt-copia-copia\/#breadcrumb","itemListElement":[{"@type":"ListItem","position":1,"name":"Inici","item":"https:\/\/www.aplicacionsaudiovisuals.com\/es\/"},{"@type":"ListItem","position":2,"name":"Cat\u00e1logo","item":"https:\/\/www.aplicacionsaudiovisuals.com\/es\/catalogo\/"},{"@type":"ListItem","position":3,"name":"MULTIMATE PRO"}]},{"@type":"WebSite","@id":"https:\/\/www.aplicacionsaudiovisuals.com\/es\/#website","url":"https:\/\/www.aplicacionsaudiovisuals.com\/es\/","name":"Aplicacions Audiovisuals","description":"Projectes de condicionament ac\u00fastic","publisher":{"@id":"https:\/\/www.aplicacionsaudiovisuals.com\/es\/#organization"},"alternateName":"Aplicacions Audiovisuals","potentialAction":[{"@type":"SearchAction","target":{"@type":"EntryPoint","urlTemplate":"https:\/\/www.aplicacionsaudiovisuals.com\/es\/?s={search_term_string}"},"query-input":{"@type":"PropertyValueSpecification","valueRequired":true,"valueName":"search_term_string"}}],"inLanguage":"es"},{"@type":"Organization","@id":"https:\/\/www.aplicacionsaudiovisuals.com\/es\/#organization","name":"Aplicacions Audiovisuals","url":"https:\/\/www.aplicacionsaudiovisuals.com\/es\/","logo":{"@type":"ImageObject","inLanguage":"es","@id":"https:\/\/www.aplicacionsaudiovisuals.com\/es\/#\/schema\/logo\/image\/","url":"https:\/\/www.aplicacionsaudiovisuals.com\/wp-content\/uploads\/2025\/03\/aplicacions-audiovisuals-logo-negre.png","contentUrl":"https:\/\/www.aplicacionsaudiovisuals.com\/wp-content\/uploads\/2025\/03\/aplicacions-audiovisuals-logo-negre.png","width":500,"height":195,"caption":"Aplicacions Audiovisuals"},"image":{"@id":"https:\/\/www.aplicacionsaudiovisuals.com\/es\/#\/schema\/logo\/image\/"},"sameAs":["https:\/\/www.facebook.com\/aplicacionsaudiovisuals"]}]}},"_links":{"self":[{"href":"https:\/\/www.aplicacionsaudiovisuals.com\/es\/wp-json\/wp\/v2\/product\/12760","targetHints":{"allow":["GET"]}}],"collection":[{"href":"https:\/\/www.aplicacionsaudiovisuals.com\/es\/wp-json\/wp\/v2\/product"}],"about":[{"href":"https:\/\/www.aplicacionsaudiovisuals.com\/es\/wp-json\/wp\/v2\/types\/product"}],"version-history":[{"count":3,"href":"https:\/\/www.aplicacionsaudiovisuals.com\/es\/wp-json\/wp\/v2\/product\/12760\/revisions"}],"predecessor-version":[{"id":13147,"href":"https:\/\/www.aplicacionsaudiovisuals.com\/es\/wp-json\/wp\/v2\/product\/12760\/revisions\/13147"}],"wp:featuredmedia":[{"embeddable":true,"href":"https:\/\/www.aplicacionsaudiovisuals.com\/es\/wp-json\/wp\/v2\/media\/12764"}],"wp:attachment":[{"href":"https:\/\/www.aplicacionsaudiovisuals.com\/es\/wp-json\/wp\/v2\/media?parent=12760"}],"wp:term":[{"taxonomy":"product_brand","embeddable":true,"href":"https:\/\/www.aplicacionsaudiovisuals.com\/es\/wp-json\/wp\/v2\/product_brand?post=12760"},{"taxonomy":"product_cat","embeddable":true,"href":"https:\/\/www.aplicacionsaudiovisuals.com\/es\/wp-json\/wp\/v2\/product_cat?post=12760"},{"taxonomy":"product_tag","embeddable":true,"href":"https:\/\/www.aplicacionsaudiovisuals.com\/es\/wp-json\/wp\/v2\/product_tag?post=12760"}],"curies":[{"name":"wp","href":"https:\/\/api.w.org\/{rel}","templated":true}]}}