{"id":12748,"date":"2026-02-24T10:18:24","date_gmt":"2026-02-24T09:18:24","guid":{"rendered":"https:\/\/www.aplicacionsaudiovisuals.com\/product\/sin categor\u00eda\/drivemate-fx\/"},"modified":"2026-02-24T10:18:24","modified_gmt":"2026-02-24T09:18:24","slug":"drivemate-fx","status":"publish","type":"product","link":"https:\/\/www.aplicacionsaudiovisuals.com\/es\/producto\/mezcladores\/drivemate-fx\/","title":{"rendered":"Drivemate FX"},"content":{"rendered":"<p data-path-to-node=\"1\"><strong>Especificaciones T\u00e9cnicas<\/strong><\/p>\n<p>&nbsp;<\/p>\n<table data-path-to-node=\"2\">\n<thead>\n<tr>\n<td><strong>Par\u00e1metro<\/strong><\/td>\n<td><strong>Detalle<\/strong><\/td>\n<\/tr>\n<\/thead>\n<tbody>\n<tr>\n<td><span data-path-to-node=\"2,1,0,0\"><b data-path-to-node=\"2,1,0,0\" data-index-in-node=\"0\">Respuesta en frecuencia<\/b> (Entrada micro @20dB)<\/span><\/td>\n<td><span data-path-to-node=\"2,1,1,0\">10 Hz &#8211; 22 kHz +\/- 1 dB<\/span><\/td>\n<\/tr>\n<tr>\n<td><span data-path-to-node=\"2,2,0,0\"><b data-path-to-node=\"2,2,0,0\" data-index-in-node=\"0\">Relaci\u00f3n se\u00f1al-sonido<\/b><\/span><\/td>\n<td><span data-path-to-node=\"2,2,1,0\">&gt; 90 dB<\/span><\/td>\n<\/tr>\n<tr>\n<td><span data-path-to-node=\"2,3,0,0\"><b data-path-to-node=\"2,3,0,0\" data-index-in-node=\"0\">THD<\/b> (Entrada micro @ -20dB)<\/span><\/td>\n<td><span data-path-to-node=\"2,3,1,0\">0,01%<\/span><\/td>\n<\/tr>\n<tr>\n<td><span data-path-to-node=\"2,4,0,0\"><b data-path-to-node=\"2,4,0,0\" data-index-in-node=\"0\">Sonido del preamplificador<\/b> (EIN font 150\u03a9)<\/span><\/td>\n<td><span data-path-to-node=\"2,4,1,0\">&lt; 114 dB<\/span><\/td>\n<\/tr>\n<tr>\n<td><span data-path-to-node=\"2,5,0,0\"><b data-path-to-node=\"2,5,0,0\" data-index-in-node=\"0\">Sonido de salida residual<\/b><\/span><\/td>\n<td><span data-path-to-node=\"2,5,1,0\">&lt; 95 dB<\/span><\/td>\n<\/tr>\n<tr>\n<td><span data-path-to-node=\"2,6,0,0\"><b data-path-to-node=\"2,6,0,0\" data-index-in-node=\"0\">CMRR<\/b> (Ganancia m\u00e1xima)<\/span><\/td>\n<td><span data-path-to-node=\"2,6,1,0\">&gt; 50 dB @ 1 kHz<\/span><\/td>\n<\/tr>\n<tr>\n<td><span data-path-to-node=\"2,7,0,0\"><b data-path-to-node=\"2,7,0,0\" data-index-in-node=\"0\">Diafon\u00eda<\/b> (En canales adyacentes)<\/span><\/td>\n<td><span data-path-to-node=\"2,7,1,0\">&lt; 65 dB<\/span><\/td>\n<\/tr>\n<tr>\n<td><span data-path-to-node=\"2,8,0,0\"><b data-path-to-node=\"2,8,0,0\" data-index-in-node=\"0\">Fuente de alimentaci\u00f3n<\/b><\/span><\/td>\n<td><span data-path-to-node=\"2,8,1,0\">100-250 VAC, 50-60 Hz<\/span><\/td>\n<\/tr>\n<tr>\n<td><span data-path-to-node=\"2,9,0,0\"><b data-path-to-node=\"2,9,0,0\" data-index-in-node=\"0\">Consumo de energ\u00eda<\/b><\/span><\/td>\n<p><\/p>\n<td><span data-path-to-node=\"2,9,1,0\">25 W<\/span><\/td>\n<\/tr>\n<tr>\n<td><span data-path-to-node=\"2,10,0,0\"><b data-path-to-node=\"2,10,0,0\" data-index-in-node=\"0\">Peso<\/b><\/span><\/td>\n<td><span data-path-to-node=\"2,10,1,0\">3,75 kg (8,3 lbs)<\/span><\/td>\n<\/tr>\n<tr>\n<td><span data-path-to-node=\"2,11,0,0\"><b data-path-to-node=\"2,11,0,0\" data-index-in-node=\"0\">Dimensiones<\/b><\/span><\/td>\n<td><span data-path-to-node=\"2,11,1,0\">483 x 133 x 162 mm (19&#8243;, 3U)<\/span><\/td>\n<\/tr>\n<\/tbody>\n<\/table>\n","protected":false},"excerpt":{"rendered":"<p data-path-to-node=\"1\"><b data-path-to-node=\"1\" data-index-in-node=\"3\">DRIVEMATE FX<\/b> es un mezclador de 12 canales vers\u00e1til dise\u00f1ado para una integraci\u00f3n perfecta en entornos de sonido en directo, estudios e instalaciones fijas. Su formato para montaje en rack de 19&#8243; garantiza una soluci\u00f3n eficiente en espacio sin comprometer su funcionalidad. <\/p>\n<p data-path-to-node=\"2\">El DRIVEMATE FX incorpora funciones avanzadas como procesamiento de efectos (FX) integrado, opciones de enrutamiento flexibles y configuraciones de entrada\/salida completas. Est\u00e1 dise\u00f1ado para gestionar diversas necesidades de audio en aplicaciones comerciales, educativas y de entretenimiento. <\/p>\n<p data-path-to-node=\"3\">Equipado con controles intuitivos y construcci\u00f3n robusta, ofrece un rendimiento fiable a la vez que se integra sin esfuerzo en cualquier configuraci\u00f3n AV profesional. Es la herramienta perfecta para usuarios que exigen calidad, flexibilidad y precisi\u00f3n. <\/p>\n<p data-path-to-node=\"5\"><strong>Caracter\u00edsticas clave<\/strong><\/p>\n<ul data-path-to-node=\"6\">\n<li><b data-path-to-node=\"6,0,0\" data-index-in-node=\"0\">12 canales:<\/b> 8 mono micro\/l\u00ednea con ganancia, EQ, pan y nivel; 2 canales est\u00e9reo para teclados o reproductores multimedia.<\/li>\n<li><b data-path-to-node=\"6,1,0\" data-index-in-node=\"0\">M\u00f3dulo de efectos (FX):<\/b> 16 preajustes (como reverbo, delay y chorus) con un bus de efectos dedicado para el enrutamiento.<\/li>\n<li><b data-path-to-node=\"6,2,0\" data-index-in-node=\"0\">Soporte AUX:<\/b> 1 env\u00edo AUX para monitores o efectos y un retorno AUX est\u00e9reo para fuentes externas.<\/li>\n<li><b data-path-to-node=\"6,3,0\" data-index-in-node=\"0\">Dise\u00f1o ergon\u00f3mico:<\/b> Controles intuitivos y construcci\u00f3n robusta para un rendimiento fiable.<\/li>\n<li><b data-path-to-node=\"6,4,0\" data-index-in-node=\"0\">Montable en rack:<\/b> Dise\u00f1o compacto de 19\u201d para una integraci\u00f3n sencilla en armarios de rack.<\/li>\n<\/ul>\n<p>&nbsp;<\/p>\n[otaru_core_button button_layout=\"filled\" text=\"Manual\" link=\"https:\/\/www.aplicacionsaudiovisuals.com\/wp-content\/uploads\/2026\/02\/Manual_DRIVEMATE-FX.pdf\" target=\"_blank\" _transform_keep_proportions=\"yes\" _transform_keep_proportions_hover=\"yes\"]\n[otaru_core_button button_layout=\"filled\" text=\"Ficha t\u00e9cnica\" link=\"https:\/\/www.aplicacionsaudiovisuals.com\/wp-content\/uploads\/2026\/02\/Datasheet_DRIVEMATE-FX.pdf\" target=\"_blank\" _transform_keep_proportions=\"yes\" _transform_keep_proportions_hover=\"yes\"]\n","protected":false},"featured_media":12698,"template":"","meta":[],"product_brand":[],"product_cat":[214],"product_tag":[202],"class_list":{"0":"post-12748","1":"product","2":"type-product","3":"status-publish","4":"has-post-thumbnail","6":"product_cat-mezcladores","7":"product_tag-newhank-es","8":"pa_marca-newhank-es","10":"first","11":"instock","12":"shipping-taxable","13":"product-type-simple"},"yoast_head":"<!-- This site is optimized with the Yoast SEO plugin v24.9 - https:\/\/yoast.com\/wordpress\/plugins\/seo\/ -->\n<title>Drivemate FX - Aplicacions Audiovisuals<\/title>\n<meta name=\"description\" content=\"NewHank Drivemate FX en Aplicaciones Audiovisuales: Mezclador profesional de 12 canales en formato rack 19&quot;. Con 16 efectos digitales, 8 entradas micro y 2 est\u00e9reo. Ideal para instalaciones.\" \/>\n<meta name=\"robots\" content=\"index, follow, max-snippet:-1, max-image-preview:large, max-video-preview:-1\" \/>\n<link rel=\"canonical\" href=\"https:\/\/www.aplicacionsaudiovisuals.com\/es\/producto\/mezcladores\/drivemate-fx\/\" \/>\n<meta property=\"og:locale\" content=\"es_ES\" \/>\n<meta property=\"og:type\" content=\"article\" \/>\n<meta property=\"og:title\" content=\"Drivemate FX - Aplicacions Audiovisuals\" \/>\n<meta property=\"og:description\" content=\"NewHank Drivemate FX en Aplicaciones Audiovisuales: Mezclador profesional de 12 canales en formato rack 19&quot;. Con 16 efectos digitales, 8 entradas micro y 2 est\u00e9reo. Ideal para instalaciones.\" \/>\n<meta property=\"og:url\" content=\"https:\/\/www.aplicacionsaudiovisuals.com\/es\/producto\/mezcladores\/drivemate-fx\/\" \/>\n<meta property=\"og:site_name\" content=\"Aplicacions Audiovisuals\" \/>\n<meta property=\"article:publisher\" content=\"https:\/\/www.facebook.com\/aplicacionsaudiovisuals\" \/>\n<meta property=\"og:image\" content=\"https:\/\/www.aplicacionsaudiovisuals.com\/wp-content\/uploads\/2026\/02\/newhank-Drivemate-FX.jpg\" \/>\n\t<meta property=\"og:image:width\" content=\"1000\" \/>\n\t<meta property=\"og:image:height\" content=\"1200\" \/>\n\t<meta property=\"og:image:type\" content=\"image\/jpeg\" \/>\n<meta name=\"twitter:card\" content=\"summary_large_image\" \/>\n<script type=\"application\/ld+json\" class=\"yoast-schema-graph\">{\"@context\":\"https:\/\/schema.org\",\"@graph\":[{\"@type\":\"WebPage\",\"@id\":\"https:\/\/www.aplicacionsaudiovisuals.com\/es\/producto\/mezcladores\/drivemate-fx\/\",\"url\":\"https:\/\/www.aplicacionsaudiovisuals.com\/es\/producto\/mezcladores\/drivemate-fx\/\",\"name\":\"Drivemate FX - Aplicacions Audiovisuals\",\"isPartOf\":{\"@id\":\"https:\/\/www.aplicacionsaudiovisuals.com\/es\/#website\"},\"primaryImageOfPage\":{\"@id\":\"https:\/\/www.aplicacionsaudiovisuals.com\/es\/producto\/mezcladores\/drivemate-fx\/#primaryimage\"},\"image\":{\"@id\":\"https:\/\/www.aplicacionsaudiovisuals.com\/es\/producto\/mezcladores\/drivemate-fx\/#primaryimage\"},\"thumbnailUrl\":\"https:\/\/www.aplicacionsaudiovisuals.com\/wp-content\/uploads\/2026\/02\/newhank-Drivemate-FX.jpg\",\"datePublished\":\"2026-02-24T09:18:24+00:00\",\"description\":\"NewHank Drivemate FX en Aplicaciones Audiovisuales: Mezclador profesional de 12 canales en formato rack 19\\\". Con 16 efectos digitales, 8 entradas micro y 2 est\u00e9reo. Ideal para instalaciones.\",\"breadcrumb\":{\"@id\":\"https:\/\/www.aplicacionsaudiovisuals.com\/es\/producto\/mezcladores\/drivemate-fx\/#breadcrumb\"},\"inLanguage\":\"es\",\"potentialAction\":[{\"@type\":\"ReadAction\",\"target\":[\"https:\/\/www.aplicacionsaudiovisuals.com\/es\/producto\/mezcladores\/drivemate-fx\/\"]}]},{\"@type\":\"ImageObject\",\"inLanguage\":\"es\",\"@id\":\"https:\/\/www.aplicacionsaudiovisuals.com\/es\/producto\/mezcladores\/drivemate-fx\/#primaryimage\",\"url\":\"https:\/\/www.aplicacionsaudiovisuals.com\/wp-content\/uploads\/2026\/02\/newhank-Drivemate-FX.jpg\",\"contentUrl\":\"https:\/\/www.aplicacionsaudiovisuals.com\/wp-content\/uploads\/2026\/02\/newhank-Drivemate-FX.jpg\",\"width\":1000,\"height\":1200,\"caption\":\"NewHank Drivemate FX\"},{\"@type\":\"BreadcrumbList\",\"@id\":\"https:\/\/www.aplicacionsaudiovisuals.com\/es\/producto\/mezcladores\/drivemate-fx\/#breadcrumb\",\"itemListElement\":[{\"@type\":\"ListItem\",\"position\":1,\"name\":\"Inici\",\"item\":\"https:\/\/www.aplicacionsaudiovisuals.com\/es\/\"},{\"@type\":\"ListItem\",\"position\":2,\"name\":\"Cat\u00e1logo\",\"item\":\"https:\/\/www.aplicacionsaudiovisuals.com\/es\/catalogo\/\"},{\"@type\":\"ListItem\",\"position\":3,\"name\":\"Drivemate FX\"}]},{\"@type\":\"WebSite\",\"@id\":\"https:\/\/www.aplicacionsaudiovisuals.com\/es\/#website\",\"url\":\"https:\/\/www.aplicacionsaudiovisuals.com\/es\/\",\"name\":\"Aplicacions Audiovisuals\",\"description\":\"Projectes de condicionament ac\u00fastic\",\"publisher\":{\"@id\":\"https:\/\/www.aplicacionsaudiovisuals.com\/es\/#organization\"},\"alternateName\":\"Aplicacions Audiovisuals\",\"potentialAction\":[{\"@type\":\"SearchAction\",\"target\":{\"@type\":\"EntryPoint\",\"urlTemplate\":\"https:\/\/www.aplicacionsaudiovisuals.com\/es\/?s={search_term_string}\"},\"query-input\":{\"@type\":\"PropertyValueSpecification\",\"valueRequired\":true,\"valueName\":\"search_term_string\"}}],\"inLanguage\":\"es\"},{\"@type\":\"Organization\",\"@id\":\"https:\/\/www.aplicacionsaudiovisuals.com\/es\/#organization\",\"name\":\"Aplicacions Audiovisuals\",\"url\":\"https:\/\/www.aplicacionsaudiovisuals.com\/es\/\",\"logo\":{\"@type\":\"ImageObject\",\"inLanguage\":\"es\",\"@id\":\"https:\/\/www.aplicacionsaudiovisuals.com\/es\/#\/schema\/logo\/image\/\",\"url\":\"https:\/\/www.aplicacionsaudiovisuals.com\/wp-content\/uploads\/2025\/03\/aplicacions-audiovisuals-logo-negre.png\",\"contentUrl\":\"https:\/\/www.aplicacionsaudiovisuals.com\/wp-content\/uploads\/2025\/03\/aplicacions-audiovisuals-logo-negre.png\",\"width\":500,\"height\":195,\"caption\":\"Aplicacions Audiovisuals\"},\"image\":{\"@id\":\"https:\/\/www.aplicacionsaudiovisuals.com\/es\/#\/schema\/logo\/image\/\"},\"sameAs\":[\"https:\/\/www.facebook.com\/aplicacionsaudiovisuals\"]}]}<\/script>\n<!-- \/ Yoast SEO plugin. -->","yoast_head_json":{"title":"Drivemate FX - Aplicacions Audiovisuals","description":"NewHank Drivemate FX en Aplicaciones Audiovisuales: Mezclador profesional de 12 canales en formato rack 19\". Con 16 efectos digitales, 8 entradas micro y 2 est\u00e9reo. Ideal para instalaciones.","robots":{"index":"index","follow":"follow","max-snippet":"max-snippet:-1","max-image-preview":"max-image-preview:large","max-video-preview":"max-video-preview:-1"},"canonical":"https:\/\/www.aplicacionsaudiovisuals.com\/es\/producto\/mezcladores\/drivemate-fx\/","og_locale":"es_ES","og_type":"article","og_title":"Drivemate FX - Aplicacions Audiovisuals","og_description":"NewHank Drivemate FX en Aplicaciones Audiovisuales: Mezclador profesional de 12 canales en formato rack 19\". Con 16 efectos digitales, 8 entradas micro y 2 est\u00e9reo. Ideal para instalaciones.","og_url":"https:\/\/www.aplicacionsaudiovisuals.com\/es\/producto\/mezcladores\/drivemate-fx\/","og_site_name":"Aplicacions Audiovisuals","article_publisher":"https:\/\/www.facebook.com\/aplicacionsaudiovisuals","og_image":[{"width":1000,"height":1200,"url":"https:\/\/www.aplicacionsaudiovisuals.com\/wp-content\/uploads\/2026\/02\/newhank-Drivemate-FX.jpg","type":"image\/jpeg"}],"twitter_card":"summary_large_image","schema":{"@context":"https:\/\/schema.org","@graph":[{"@type":"WebPage","@id":"https:\/\/www.aplicacionsaudiovisuals.com\/es\/producto\/mezcladores\/drivemate-fx\/","url":"https:\/\/www.aplicacionsaudiovisuals.com\/es\/producto\/mezcladores\/drivemate-fx\/","name":"Drivemate FX - Aplicacions Audiovisuals","isPartOf":{"@id":"https:\/\/www.aplicacionsaudiovisuals.com\/es\/#website"},"primaryImageOfPage":{"@id":"https:\/\/www.aplicacionsaudiovisuals.com\/es\/producto\/mezcladores\/drivemate-fx\/#primaryimage"},"image":{"@id":"https:\/\/www.aplicacionsaudiovisuals.com\/es\/producto\/mezcladores\/drivemate-fx\/#primaryimage"},"thumbnailUrl":"https:\/\/www.aplicacionsaudiovisuals.com\/wp-content\/uploads\/2026\/02\/newhank-Drivemate-FX.jpg","datePublished":"2026-02-24T09:18:24+00:00","description":"NewHank Drivemate FX en Aplicaciones Audiovisuales: Mezclador profesional de 12 canales en formato rack 19\". Con 16 efectos digitales, 8 entradas micro y 2 est\u00e9reo. Ideal para instalaciones.","breadcrumb":{"@id":"https:\/\/www.aplicacionsaudiovisuals.com\/es\/producto\/mezcladores\/drivemate-fx\/#breadcrumb"},"inLanguage":"es","potentialAction":[{"@type":"ReadAction","target":["https:\/\/www.aplicacionsaudiovisuals.com\/es\/producto\/mezcladores\/drivemate-fx\/"]}]},{"@type":"ImageObject","inLanguage":"es","@id":"https:\/\/www.aplicacionsaudiovisuals.com\/es\/producto\/mezcladores\/drivemate-fx\/#primaryimage","url":"https:\/\/www.aplicacionsaudiovisuals.com\/wp-content\/uploads\/2026\/02\/newhank-Drivemate-FX.jpg","contentUrl":"https:\/\/www.aplicacionsaudiovisuals.com\/wp-content\/uploads\/2026\/02\/newhank-Drivemate-FX.jpg","width":1000,"height":1200,"caption":"NewHank Drivemate FX"},{"@type":"BreadcrumbList","@id":"https:\/\/www.aplicacionsaudiovisuals.com\/es\/producto\/mezcladores\/drivemate-fx\/#breadcrumb","itemListElement":[{"@type":"ListItem","position":1,"name":"Inici","item":"https:\/\/www.aplicacionsaudiovisuals.com\/es\/"},{"@type":"ListItem","position":2,"name":"Cat\u00e1logo","item":"https:\/\/www.aplicacionsaudiovisuals.com\/es\/catalogo\/"},{"@type":"ListItem","position":3,"name":"Drivemate FX"}]},{"@type":"WebSite","@id":"https:\/\/www.aplicacionsaudiovisuals.com\/es\/#website","url":"https:\/\/www.aplicacionsaudiovisuals.com\/es\/","name":"Aplicacions Audiovisuals","description":"Projectes de condicionament ac\u00fastic","publisher":{"@id":"https:\/\/www.aplicacionsaudiovisuals.com\/es\/#organization"},"alternateName":"Aplicacions Audiovisuals","potentialAction":[{"@type":"SearchAction","target":{"@type":"EntryPoint","urlTemplate":"https:\/\/www.aplicacionsaudiovisuals.com\/es\/?s={search_term_string}"},"query-input":{"@type":"PropertyValueSpecification","valueRequired":true,"valueName":"search_term_string"}}],"inLanguage":"es"},{"@type":"Organization","@id":"https:\/\/www.aplicacionsaudiovisuals.com\/es\/#organization","name":"Aplicacions Audiovisuals","url":"https:\/\/www.aplicacionsaudiovisuals.com\/es\/","logo":{"@type":"ImageObject","inLanguage":"es","@id":"https:\/\/www.aplicacionsaudiovisuals.com\/es\/#\/schema\/logo\/image\/","url":"https:\/\/www.aplicacionsaudiovisuals.com\/wp-content\/uploads\/2025\/03\/aplicacions-audiovisuals-logo-negre.png","contentUrl":"https:\/\/www.aplicacionsaudiovisuals.com\/wp-content\/uploads\/2025\/03\/aplicacions-audiovisuals-logo-negre.png","width":500,"height":195,"caption":"Aplicacions Audiovisuals"},"image":{"@id":"https:\/\/www.aplicacionsaudiovisuals.com\/es\/#\/schema\/logo\/image\/"},"sameAs":["https:\/\/www.facebook.com\/aplicacionsaudiovisuals"]}]}},"_links":{"self":[{"href":"https:\/\/www.aplicacionsaudiovisuals.com\/es\/wp-json\/wp\/v2\/product\/12748","targetHints":{"allow":["GET"]}}],"collection":[{"href":"https:\/\/www.aplicacionsaudiovisuals.com\/es\/wp-json\/wp\/v2\/product"}],"about":[{"href":"https:\/\/www.aplicacionsaudiovisuals.com\/es\/wp-json\/wp\/v2\/types\/product"}],"version-history":[{"count":0,"href":"https:\/\/www.aplicacionsaudiovisuals.com\/es\/wp-json\/wp\/v2\/product\/12748\/revisions"}],"wp:featuredmedia":[{"embeddable":true,"href":"https:\/\/www.aplicacionsaudiovisuals.com\/es\/wp-json\/wp\/v2\/media\/12698"}],"wp:attachment":[{"href":"https:\/\/www.aplicacionsaudiovisuals.com\/es\/wp-json\/wp\/v2\/media?parent=12748"}],"wp:term":[{"taxonomy":"product_brand","embeddable":true,"href":"https:\/\/www.aplicacionsaudiovisuals.com\/es\/wp-json\/wp\/v2\/product_brand?post=12748"},{"taxonomy":"product_cat","embeddable":true,"href":"https:\/\/www.aplicacionsaudiovisuals.com\/es\/wp-json\/wp\/v2\/product_cat?post=12748"},{"taxonomy":"product_tag","embeddable":true,"href":"https:\/\/www.aplicacionsaudiovisuals.com\/es\/wp-json\/wp\/v2\/product_tag?post=12748"}],"curies":[{"name":"wp","href":"https:\/\/api.w.org\/{rel}","templated":true}]}}