{"id":12420,"date":"2025-03-07T14:30:41","date_gmt":"2025-03-07T13:30:41","guid":{"rendered":"https:\/\/www.aplicacionsaudiovisuals.com\/product\/sin%20categor\u00eda\/f2\/"},"modified":"2025-04-28T12:02:02","modified_gmt":"2025-04-28T10:02:02","slug":"f2","status":"publish","type":"product","link":"https:\/\/www.aplicacionsaudiovisuals.com\/es\/producto\/altavoces\/f2\/","title":{"rendered":"F2"},"content":{"rendered":"\t\t<div data-elementor-type=\"wp-post\" data-elementor-id=\"12420\" class=\"elementor elementor-12420 elementor-11162\">\n\t\t\t\t<div class=\"elementor-element elementor-element-beb5276 e-con-full e-flex e-con e-parent\" data-id=\"beb5276\" data-element_type=\"container\">\n\t\t\t\t<div class=\"elementor-element elementor-element-9b5c9a5 elementor-widget elementor-widget-text-editor\" data-id=\"9b5c9a5\" data-element_type=\"widget\" data-widget_type=\"text-editor.default\">\n\t\t\t\t<div class=\"elementor-widget-container\">\n\t\t\t\t\t\t\t\t\t<p>Los altavoces de la serie F son adecuados para todas las aplicaciones en las que se requiere una transmisi\u00f3n de sonido de alta precisi\u00f3n y banda ancha hasta las frecuencias bajas.<\/p><p>Esto facilita una integraci\u00f3n perfecta y abre muchas posibilidades de aplicaci\u00f3n en el \u00e1mbito de eventos corporativos, ferias comerciales y presentaciones de productos, conferencias de prensa, en salas de conferencias y aulas, en teatros, salas de conciertos y cines, as\u00ed como en pabellones deportivos y centros de fitness.<\/p><p>Si los altavoces est\u00e1n apoyados por subwoofers, tambi\u00e9n son posibles niveles de concierto. La disposici\u00f3n de sus componentes garantiza una buena focalizaci\u00f3n para optimizar la inteligibilidad del habla. <\/p><p>Todos los modelos presentan componentes de primera clase recientemente desarrollados para conseguir la mejor calidad de sonido posible y caracter\u00edsticas de racimo definidas.<\/p>\t\t\t\t\t\t\t\t<\/div>\n\t\t\t\t<\/div>\n\t\t\t\t<\/div>\n\t\t<div class=\"elementor-element elementor-element-3e53877 e-con-full e-flex e-con e-parent\" data-id=\"3e53877\" data-element_type=\"container\">\n\t\t<div class=\"elementor-element elementor-element-58f919f e-con-full e-flex e-con e-child\" data-id=\"58f919f\" data-element_type=\"container\">\n\t\t\t\t<div class=\"elementor-element elementor-element-c8c95e5 elementor-widget-mobile__width-inherit elementor-widget-tablet__width-inherit elementor-widget elementor-widget-otaru_core_section_title\" data-id=\"c8c95e5\" data-element_type=\"widget\" data-widget_type=\"otaru_core_section_title.default\">\n\t\t\t\t<div class=\"elementor-widget-container\">\n\t\t\t\t\t<div class=\"qodef-shortcode qodef-m  qodef-section-title qodef-alignment--left qodef-title-break--disabled  \">\n\t\t\t<h4 class=\"qodef-m-title\" >\n\t\tCaracter\u00edsticas:\t\t<\/h4>\n\t\t<\/div>\n\t\t\t\t<\/div>\n\t\t\t\t<\/div>\n\t\t\t\t<\/div>\n\t\t\t\t<\/div>\n\t\t<div class=\"elementor-element elementor-element-9617548 e-con-full e-flex e-con e-parent\" data-id=\"9617548\" data-element_type=\"container\">\n\t\t<div class=\"elementor-element elementor-element-0ee337b e-con-full e-flex e-con e-child\" data-id=\"0ee337b\" data-element_type=\"container\">\n\t\t\t\t<div class=\"elementor-element elementor-element-8f2cf42 elementor-widget elementor-widget-text-editor\" data-id=\"8f2cf42\" data-element_type=\"widget\" data-widget_type=\"text-editor.default\">\n\t\t\t\t<div class=\"elementor-widget-container\">\n\t\t\t\t\t\t\t\t\t<ul><li><strong>Componentes del altavoz:<\/strong> 2 x 6,5\u201c Nd (2,5\u201c VC) \/ 1\u201c Nd (1,7\u201c VC)<\/li><li><strong>Descripci\u00f3n: <\/strong>Fullrange Speaker System<\/li><li><strong>Potencia AES \/ pico:<\/strong> 600 W \/ 1800 W<\/li><li><strong>Impedancia<\/strong> nominal: 8 \u03a9<\/li><li><strong>Intervalo \u00fatil:<\/strong> 65 Hz &#8211; 20 kHz (-6 dB)<\/li><li><strong>Excursi\u00f3n de frecuencia de afinaci\u00f3n m\u00ednima:<\/strong> de 65 Hz<\/li><li><strong>Peso:<\/strong> 12,5 kg<\/li><li><strong>Medidas:<\/strong> 52,0 x 21,0 x 30,0 cm<\/li><li><strong>Referencia<\/strong>: 00315<\/li><\/ul>\t\t\t\t\t\t\t\t<\/div>\n\t\t\t\t<\/div>\n\t\t\t\t<\/div>\n\t\t\t\t<\/div>\n\t\t<div class=\"elementor-element elementor-element-166b50f e-con-full e-flex e-con e-parent\" data-id=\"166b50f\" data-element_type=\"container\">\n\t\t\t\t<div class=\"elementor-element elementor-element-6087668 elementor-widget-mobile__width-inherit elementor-widget-tablet__width-inherit elementor-widget elementor-widget-otaru_core_section_title\" data-id=\"6087668\" data-element_type=\"widget\" data-widget_type=\"otaru_core_section_title.default\">\n\t\t\t\t<div class=\"elementor-widget-container\">\n\t\t\t\t\t<div class=\"qodef-shortcode qodef-m  qodef-section-title qodef-alignment--left qodef-title-break--disabled  \">\n\t\t\t<h2 class=\"qodef-m-title\" >\n\t\tProductos relacionados\t\t<\/h2>\n\t\t<\/div>\n\t\t\t\t<\/div>\n\t\t\t\t<\/div>\n\t\t\t\t<div class=\"elementor-element elementor-element-d34de34 elementor-widget elementor-widget-qi_addons_for_elementor_product_list\" data-id=\"d34de34\" data-element_type=\"widget\" data-widget_type=\"qi_addons_for_elementor_product_list.default\">\n\t\t\t\t<div class=\"elementor-widget-container\">\n\t\t\t\t\t<div class=\"qodef-shortcode qodef-m qodef-addons-woo-shortcode qodef-qi-woo-shortcode-product-list qodef-item-layout--info-below-with-hover qodef-image--hover-zoom qodef-qi-grid qodef-layout--qi-columns qodef-col-num--3 qodef-item-layout--info-below-with-hover qodef-responsive--predefined\" >\n\t<div class=\"qodef-grid-inner\">\n\t\t<div class=\"qodef-e qodef-grid-item product type-product post-12414 status-publish first instock product_cat-altavoces product_tag-f-series-es has-post-thumbnail shipping-taxable product-type-simple\">\n\t<div class=\"qodef-e-product-inner\">\n\t\t\t\t\t<div class=\"qodef-e-product-image\">\n\t\t\t\t\t\t\t\t\t<div class=\"qodef-e-product-image-holder\">\n\t\t\t\t\t<img fetchpriority=\"high\" decoding=\"async\" width=\"1000\" height=\"1200\" src=\"https:\/\/www.aplicacionsaudiovisuals.com\/wp-content\/uploads\/2025\/03\/F1.jpg\" class=\"attachment-full size-full\" alt=\"F 1 Seeburg\" srcset=\"https:\/\/www.aplicacionsaudiovisuals.com\/wp-content\/uploads\/2025\/03\/F1.jpg 1000w, https:\/\/www.aplicacionsaudiovisuals.com\/wp-content\/uploads\/2025\/03\/F1-250x300.jpg 250w, https:\/\/www.aplicacionsaudiovisuals.com\/wp-content\/uploads\/2025\/03\/F1-853x1024.jpg 853w, https:\/\/www.aplicacionsaudiovisuals.com\/wp-content\/uploads\/2025\/03\/F1-768x922.jpg 768w, https:\/\/www.aplicacionsaudiovisuals.com\/wp-content\/uploads\/2025\/03\/F1-300x360.jpg 300w, https:\/\/www.aplicacionsaudiovisuals.com\/wp-content\/uploads\/2025\/03\/F1-600x720.jpg 600w\" sizes=\"(max-width: 1000px) 100vw, 1000px\" \/>\t\t\t\t<\/div>\n\t\t\t\t<div class=\"qodef-e-product-image-inner\">\n\t\t\t\t\t<a href=\"https:\/\/www.aplicacionsaudiovisuals.com\/es\/producto\/altavoces\/f1\/\" class=\"woocommerce-LoopProduct-link woocommerce-loop-product__link\"><\/a>\t\t\t\t\t<a class=\"qodef-shortcode qodef-m button product_type_simple qodef-qi-button qodef-html--link qodef-layout--filled qodef-type--standard qodef-icon--right qodef-hover--icon-move-horizontal-short\" href=\"https:\/\/www.aplicacionsaudiovisuals.com\/es\/producto\/altavoces\/f1\/\" target=\"_self\" data-product_id=\"12414\" data-product_sku=\"00310\" aria-label=\"Lee m\u00e1s sobre \u201cF1\u201d\" rel=\"nofollow\" data-quantity=\"1\">\t<span class=\"qodef-m-text\">Leer m\u00e1s<\/span>\t<\/a>\t\t\t\t<\/div>\n\t\t\t<\/div>\n\t\t\t\t<div class=\"qodef-e-product-content\">\n\t\t\t<div class=\"qodef-e-product-heading\">\n\t\t\t\t<h4 itemprop=\"name\" class=\"qodef-e-product-title qodef-e-title entry-title\">\n\t<a itemprop=\"url\" class=\"qodef-e-product-title-link\" href=\"https:\/\/www.aplicacionsaudiovisuals.com\/es\/producto\/altavoces\/f1\/\">\n\t\tF1\t<\/a>\n<\/h4>\n\t\t\t\t\t\t\t<\/div>\n\t\t\t\t<div class=\"qodef-e-product-categories\"><a href=\"https:\/\/www.aplicacionsaudiovisuals.com\/es\/categoria-producto\/altavoces\/\" rel=\"tag\">Altavoces<\/a><\/div>\n\t\t\t\t\t\t\t\t<\/div>\n\t<\/div>\n<\/div>\n\t<\/div>\n\t<\/div>\n\t\t\t\t<\/div>\n\t\t\t\t<\/div>\n\t\t\t\t<\/div>\n\t\t\t\t<\/div>\n\t\t","protected":false},"excerpt":{"rendered":"<p>Los altavoces de la serie F son adecuados para todas las aplicaciones en las que se requiere una transmisi\u00f3n de sonido de alta precisi\u00f3n y banda ancha hasta las frecuencias bajas.<\/p>\n<p>Esto facilita una integraci\u00f3n perfecta y abre muchas posibilidades de aplicaci\u00f3n en el \u00e1mbito de eventos corporativos, ferias comerciales y presentaciones de productos, conferencias de prensa, en salas de conferencias y aulas, en teatros, salas de conciertos y cines, as\u00ed como en pabellones deportivos y centros de fitness.<\/p>\n<p>Si los altavoces est\u00e1n apoyados por subwoofers, tambi\u00e9n son posibles niveles de concierto. La disposici\u00f3n de sus componentes garantiza una buena focalizaci\u00f3n para optimizar la inteligibilidad del habla. <\/p>\n<p>Todos los modelos presentan componentes de primera clase recientemente desarrollados para conseguir la mejor calidad de sonido posible y caracter\u00edsticas de racimo definidas.<br \/>\n&nbsp;<\/p>\n[otaru_core_button button_layout=\"filled\" text=\"Ficha t\u00e9cnica F 2\" link=\"https:\/\/www.aplicacionsaudiovisuals.com\/wp-content\/uploads\/2025\/03\/F2_Datenblatt_en.pdf\" target=\"_blank\" _transform_keep_proportions=\"yes\" _transform_keep_proportions_hover=\"yes\"]\n","protected":false},"featured_media":11961,"template":"","meta":[],"product_brand":[],"product_cat":[138],"product_tag":[146],"class_list":{"0":"post-12420","1":"product","2":"type-product","3":"status-publish","4":"has-post-thumbnail","6":"product_cat-altavoces","7":"product_tag-f-series-es","8":"pa_altaveus-seeburg-f-series-es","9":"pa_marca-seeburg-es","11":"","12":"instock","13":"shipping-taxable","14":"product-type-simple"},"yoast_head":"<!-- This site is optimized with the Yoast SEO plugin v24.9 - https:\/\/yoast.com\/wordpress\/plugins\/seo\/ -->\n<title>F2 - Aplicacions Audiovisuals<\/title>\n<meta name=\"description\" content=\"Los altavoces de la serie F son adecuados para todas las aplicaciones en las que se requiere una transmisi\u00f3n de sonido de alta precisi\u00f3n y banda ancha hasta las frecuencias bajas. Modelo: F2\" \/>\n<meta name=\"robots\" content=\"index, follow, max-snippet:-1, max-image-preview:large, max-video-preview:-1\" \/>\n<link rel=\"canonical\" href=\"https:\/\/www.aplicacionsaudiovisuals.com\/es\/producto\/altavoces\/f2\/\" \/>\n<meta property=\"og:locale\" content=\"es_ES\" \/>\n<meta property=\"og:type\" content=\"article\" \/>\n<meta property=\"og:title\" content=\"F2 - Aplicacions Audiovisuals\" \/>\n<meta property=\"og:description\" content=\"Los altavoces de la serie F son adecuados para todas las aplicaciones en las que se requiere una transmisi\u00f3n de sonido de alta precisi\u00f3n y banda ancha hasta las frecuencias bajas. Modelo: F2\" \/>\n<meta property=\"og:url\" content=\"https:\/\/www.aplicacionsaudiovisuals.com\/es\/producto\/altavoces\/f2\/\" \/>\n<meta property=\"og:site_name\" content=\"Aplicacions Audiovisuals\" \/>\n<meta property=\"article:publisher\" content=\"https:\/\/www.facebook.com\/aplicacionsaudiovisuals\" \/>\n<meta property=\"article:modified_time\" content=\"2025-04-28T10:02:02+00:00\" \/>\n<meta property=\"og:image\" content=\"https:\/\/www.aplicacionsaudiovisuals.com\/wp-content\/uploads\/2025\/03\/F2.jpg\" \/>\n\t<meta property=\"og:image:width\" content=\"1000\" \/>\n\t<meta property=\"og:image:height\" content=\"1200\" \/>\n\t<meta property=\"og:image:type\" content=\"image\/jpeg\" \/>\n<meta name=\"twitter:card\" content=\"summary_large_image\" \/>\n<meta name=\"twitter:label1\" content=\"Tiempo de lectura\" \/>\n\t<meta name=\"twitter:data1\" content=\"2 minutos\" \/>\n<script type=\"application\/ld+json\" class=\"yoast-schema-graph\">{\"@context\":\"https:\/\/schema.org\",\"@graph\":[{\"@type\":\"WebPage\",\"@id\":\"https:\/\/www.aplicacionsaudiovisuals.com\/es\/producto\/altavoces\/f2\/\",\"url\":\"https:\/\/www.aplicacionsaudiovisuals.com\/es\/producto\/altavoces\/f2\/\",\"name\":\"F2 - Aplicacions Audiovisuals\",\"isPartOf\":{\"@id\":\"https:\/\/www.aplicacionsaudiovisuals.com\/es\/#website\"},\"primaryImageOfPage\":{\"@id\":\"https:\/\/www.aplicacionsaudiovisuals.com\/es\/producto\/altavoces\/f2\/#primaryimage\"},\"image\":{\"@id\":\"https:\/\/www.aplicacionsaudiovisuals.com\/es\/producto\/altavoces\/f2\/#primaryimage\"},\"thumbnailUrl\":\"https:\/\/www.aplicacionsaudiovisuals.com\/wp-content\/uploads\/2025\/03\/F2.jpg\",\"datePublished\":\"2025-03-07T13:30:41+00:00\",\"dateModified\":\"2025-04-28T10:02:02+00:00\",\"description\":\"Los altavoces de la serie F son adecuados para todas las aplicaciones en las que se requiere una transmisi\u00f3n de sonido de alta precisi\u00f3n y banda ancha hasta las frecuencias bajas. Modelo: F2\",\"breadcrumb\":{\"@id\":\"https:\/\/www.aplicacionsaudiovisuals.com\/es\/producto\/altavoces\/f2\/#breadcrumb\"},\"inLanguage\":\"es\",\"potentialAction\":[{\"@type\":\"ReadAction\",\"target\":[\"https:\/\/www.aplicacionsaudiovisuals.com\/es\/producto\/altavoces\/f2\/\"]}]},{\"@type\":\"ImageObject\",\"inLanguage\":\"es\",\"@id\":\"https:\/\/www.aplicacionsaudiovisuals.com\/es\/producto\/altavoces\/f2\/#primaryimage\",\"url\":\"https:\/\/www.aplicacionsaudiovisuals.com\/wp-content\/uploads\/2025\/03\/F2.jpg\",\"contentUrl\":\"https:\/\/www.aplicacionsaudiovisuals.com\/wp-content\/uploads\/2025\/03\/F2.jpg\",\"width\":1000,\"height\":1200,\"caption\":\"F 2 Seeburg\"},{\"@type\":\"BreadcrumbList\",\"@id\":\"https:\/\/www.aplicacionsaudiovisuals.com\/es\/producto\/altavoces\/f2\/#breadcrumb\",\"itemListElement\":[{\"@type\":\"ListItem\",\"position\":1,\"name\":\"Inici\",\"item\":\"https:\/\/www.aplicacionsaudiovisuals.com\/es\/\"},{\"@type\":\"ListItem\",\"position\":2,\"name\":\"Cat\u00e1logo\",\"item\":\"https:\/\/www.aplicacionsaudiovisuals.com\/es\/catalogo\/\"},{\"@type\":\"ListItem\",\"position\":3,\"name\":\"F2\"}]},{\"@type\":\"WebSite\",\"@id\":\"https:\/\/www.aplicacionsaudiovisuals.com\/es\/#website\",\"url\":\"https:\/\/www.aplicacionsaudiovisuals.com\/es\/\",\"name\":\"Aplicacions Audiovisuals\",\"description\":\"Projectes de condicionament ac\u00fastic\",\"publisher\":{\"@id\":\"https:\/\/www.aplicacionsaudiovisuals.com\/es\/#organization\"},\"alternateName\":\"Aplicacions Audiovisuals\",\"potentialAction\":[{\"@type\":\"SearchAction\",\"target\":{\"@type\":\"EntryPoint\",\"urlTemplate\":\"https:\/\/www.aplicacionsaudiovisuals.com\/es\/?s={search_term_string}\"},\"query-input\":{\"@type\":\"PropertyValueSpecification\",\"valueRequired\":true,\"valueName\":\"search_term_string\"}}],\"inLanguage\":\"es\"},{\"@type\":\"Organization\",\"@id\":\"https:\/\/www.aplicacionsaudiovisuals.com\/es\/#organization\",\"name\":\"Aplicacions Audiovisuals\",\"url\":\"https:\/\/www.aplicacionsaudiovisuals.com\/es\/\",\"logo\":{\"@type\":\"ImageObject\",\"inLanguage\":\"es\",\"@id\":\"https:\/\/www.aplicacionsaudiovisuals.com\/es\/#\/schema\/logo\/image\/\",\"url\":\"https:\/\/www.aplicacionsaudiovisuals.com\/wp-content\/uploads\/2025\/03\/aplicacions-audiovisuals-logo-negre.png\",\"contentUrl\":\"https:\/\/www.aplicacionsaudiovisuals.com\/wp-content\/uploads\/2025\/03\/aplicacions-audiovisuals-logo-negre.png\",\"width\":500,\"height\":195,\"caption\":\"Aplicacions Audiovisuals\"},\"image\":{\"@id\":\"https:\/\/www.aplicacionsaudiovisuals.com\/es\/#\/schema\/logo\/image\/\"},\"sameAs\":[\"https:\/\/www.facebook.com\/aplicacionsaudiovisuals\"]}]}<\/script>\n<!-- \/ Yoast SEO plugin. -->","yoast_head_json":{"title":"F2 - Aplicacions Audiovisuals","description":"Los altavoces de la serie F son adecuados para todas las aplicaciones en las que se requiere una transmisi\u00f3n de sonido de alta precisi\u00f3n y banda ancha hasta las frecuencias bajas. Modelo: F2","robots":{"index":"index","follow":"follow","max-snippet":"max-snippet:-1","max-image-preview":"max-image-preview:large","max-video-preview":"max-video-preview:-1"},"canonical":"https:\/\/www.aplicacionsaudiovisuals.com\/es\/producto\/altavoces\/f2\/","og_locale":"es_ES","og_type":"article","og_title":"F2 - Aplicacions Audiovisuals","og_description":"Los altavoces de la serie F son adecuados para todas las aplicaciones en las que se requiere una transmisi\u00f3n de sonido de alta precisi\u00f3n y banda ancha hasta las frecuencias bajas. Modelo: F2","og_url":"https:\/\/www.aplicacionsaudiovisuals.com\/es\/producto\/altavoces\/f2\/","og_site_name":"Aplicacions Audiovisuals","article_publisher":"https:\/\/www.facebook.com\/aplicacionsaudiovisuals","article_modified_time":"2025-04-28T10:02:02+00:00","og_image":[{"width":1000,"height":1200,"url":"https:\/\/www.aplicacionsaudiovisuals.com\/wp-content\/uploads\/2025\/03\/F2.jpg","type":"image\/jpeg"}],"twitter_card":"summary_large_image","twitter_misc":{"Tiempo de lectura":"2 minutos"},"schema":{"@context":"https:\/\/schema.org","@graph":[{"@type":"WebPage","@id":"https:\/\/www.aplicacionsaudiovisuals.com\/es\/producto\/altavoces\/f2\/","url":"https:\/\/www.aplicacionsaudiovisuals.com\/es\/producto\/altavoces\/f2\/","name":"F2 - Aplicacions Audiovisuals","isPartOf":{"@id":"https:\/\/www.aplicacionsaudiovisuals.com\/es\/#website"},"primaryImageOfPage":{"@id":"https:\/\/www.aplicacionsaudiovisuals.com\/es\/producto\/altavoces\/f2\/#primaryimage"},"image":{"@id":"https:\/\/www.aplicacionsaudiovisuals.com\/es\/producto\/altavoces\/f2\/#primaryimage"},"thumbnailUrl":"https:\/\/www.aplicacionsaudiovisuals.com\/wp-content\/uploads\/2025\/03\/F2.jpg","datePublished":"2025-03-07T13:30:41+00:00","dateModified":"2025-04-28T10:02:02+00:00","description":"Los altavoces de la serie F son adecuados para todas las aplicaciones en las que se requiere una transmisi\u00f3n de sonido de alta precisi\u00f3n y banda ancha hasta las frecuencias bajas. Modelo: F2","breadcrumb":{"@id":"https:\/\/www.aplicacionsaudiovisuals.com\/es\/producto\/altavoces\/f2\/#breadcrumb"},"inLanguage":"es","potentialAction":[{"@type":"ReadAction","target":["https:\/\/www.aplicacionsaudiovisuals.com\/es\/producto\/altavoces\/f2\/"]}]},{"@type":"ImageObject","inLanguage":"es","@id":"https:\/\/www.aplicacionsaudiovisuals.com\/es\/producto\/altavoces\/f2\/#primaryimage","url":"https:\/\/www.aplicacionsaudiovisuals.com\/wp-content\/uploads\/2025\/03\/F2.jpg","contentUrl":"https:\/\/www.aplicacionsaudiovisuals.com\/wp-content\/uploads\/2025\/03\/F2.jpg","width":1000,"height":1200,"caption":"F 2 Seeburg"},{"@type":"BreadcrumbList","@id":"https:\/\/www.aplicacionsaudiovisuals.com\/es\/producto\/altavoces\/f2\/#breadcrumb","itemListElement":[{"@type":"ListItem","position":1,"name":"Inici","item":"https:\/\/www.aplicacionsaudiovisuals.com\/es\/"},{"@type":"ListItem","position":2,"name":"Cat\u00e1logo","item":"https:\/\/www.aplicacionsaudiovisuals.com\/es\/catalogo\/"},{"@type":"ListItem","position":3,"name":"F2"}]},{"@type":"WebSite","@id":"https:\/\/www.aplicacionsaudiovisuals.com\/es\/#website","url":"https:\/\/www.aplicacionsaudiovisuals.com\/es\/","name":"Aplicacions Audiovisuals","description":"Projectes de condicionament ac\u00fastic","publisher":{"@id":"https:\/\/www.aplicacionsaudiovisuals.com\/es\/#organization"},"alternateName":"Aplicacions Audiovisuals","potentialAction":[{"@type":"SearchAction","target":{"@type":"EntryPoint","urlTemplate":"https:\/\/www.aplicacionsaudiovisuals.com\/es\/?s={search_term_string}"},"query-input":{"@type":"PropertyValueSpecification","valueRequired":true,"valueName":"search_term_string"}}],"inLanguage":"es"},{"@type":"Organization","@id":"https:\/\/www.aplicacionsaudiovisuals.com\/es\/#organization","name":"Aplicacions Audiovisuals","url":"https:\/\/www.aplicacionsaudiovisuals.com\/es\/","logo":{"@type":"ImageObject","inLanguage":"es","@id":"https:\/\/www.aplicacionsaudiovisuals.com\/es\/#\/schema\/logo\/image\/","url":"https:\/\/www.aplicacionsaudiovisuals.com\/wp-content\/uploads\/2025\/03\/aplicacions-audiovisuals-logo-negre.png","contentUrl":"https:\/\/www.aplicacionsaudiovisuals.com\/wp-content\/uploads\/2025\/03\/aplicacions-audiovisuals-logo-negre.png","width":500,"height":195,"caption":"Aplicacions Audiovisuals"},"image":{"@id":"https:\/\/www.aplicacionsaudiovisuals.com\/es\/#\/schema\/logo\/image\/"},"sameAs":["https:\/\/www.facebook.com\/aplicacionsaudiovisuals"]}]}},"_links":{"self":[{"href":"https:\/\/www.aplicacionsaudiovisuals.com\/es\/wp-json\/wp\/v2\/product\/12420","targetHints":{"allow":["GET"]}}],"collection":[{"href":"https:\/\/www.aplicacionsaudiovisuals.com\/es\/wp-json\/wp\/v2\/product"}],"about":[{"href":"https:\/\/www.aplicacionsaudiovisuals.com\/es\/wp-json\/wp\/v2\/types\/product"}],"version-history":[{"count":5,"href":"https:\/\/www.aplicacionsaudiovisuals.com\/es\/wp-json\/wp\/v2\/product\/12420\/revisions"}],"predecessor-version":[{"id":12426,"href":"https:\/\/www.aplicacionsaudiovisuals.com\/es\/wp-json\/wp\/v2\/product\/12420\/revisions\/12426"}],"wp:featuredmedia":[{"embeddable":true,"href":"https:\/\/www.aplicacionsaudiovisuals.com\/es\/wp-json\/wp\/v2\/media\/11961"}],"wp:attachment":[{"href":"https:\/\/www.aplicacionsaudiovisuals.com\/es\/wp-json\/wp\/v2\/media?parent=12420"}],"wp:term":[{"taxonomy":"product_brand","embeddable":true,"href":"https:\/\/www.aplicacionsaudiovisuals.com\/es\/wp-json\/wp\/v2\/product_brand?post=12420"},{"taxonomy":"product_cat","embeddable":true,"href":"https:\/\/www.aplicacionsaudiovisuals.com\/es\/wp-json\/wp\/v2\/product_cat?post=12420"},{"taxonomy":"product_tag","embeddable":true,"href":"https:\/\/www.aplicacionsaudiovisuals.com\/es\/wp-json\/wp\/v2\/product_tag?post=12420"}],"curies":[{"name":"wp","href":"https:\/\/api.w.org\/{rel}","templated":true}]}}