{"id":12356,"date":"2025-03-04T12:01:12","date_gmt":"2025-03-04T11:01:12","guid":{"rendered":"https:\/\/www.aplicacionsaudiovisuals.com\/product\/sin%20categor\u00eda\/pantallas-antivientos\/"},"modified":"2025-04-28T10:50:21","modified_gmt":"2025-04-28T08:50:21","slug":"pantallas-antivientos","status":"publish","type":"product","link":"https:\/\/www.aplicacionsaudiovisuals.com\/es\/producto\/dispositivos-de-medida\/accesorios\/pantallas-antivientos\/","title":{"rendered":"Pantallas antivientos"},"content":{"rendered":"\t\t<div data-elementor-type=\"wp-post\" data-elementor-id=\"12356\" class=\"elementor elementor-12356 elementor-10130\">\n\t\t\t\t<div class=\"elementor-element elementor-element-beb5276 e-con-full e-flex e-con e-parent\" data-id=\"beb5276\" data-element_type=\"container\">\n\t\t\t\t<div class=\"elementor-element elementor-element-9b5c9a5 elementor-widget elementor-widget-text-editor\" data-id=\"9b5c9a5\" data-element_type=\"widget\" data-widget_type=\"text-editor.default\">\n\t\t\t\t<div class=\"elementor-widget-container\">\n\t\t\t\t\t\t\t\t\t<p>Mejora los tests con ruido de baja frecuencia (LFN).<\/p><p>A medida que aumenta el di\u00e1metro de la espuma, se reduce m\u00e1s la turbulencia en el micr\u00f3fono, lo que reduce las lecturas err\u00f3neas causadas por las turbulencias de baja frecuencia.<\/p>\t\t\t\t\t\t\t\t<\/div>\n\t\t\t\t<\/div>\n\t\t\t\t<div class=\"elementor-element elementor-element-aec7fa4 elementor-widget-mobile__width-inherit elementor-widget-tablet__width-inherit elementor-widget elementor-widget-otaru_core_section_title\" data-id=\"aec7fa4\" data-element_type=\"widget\" data-widget_type=\"otaru_core_section_title.default\">\n\t\t\t\t<div class=\"elementor-widget-container\">\n\t\t\t\t\t<div class=\"qodef-shortcode qodef-m  qodef-section-title qodef-alignment--left qodef-title-break--disabled  \">\n\t\t\t<h4 class=\"qodef-m-title\" >\n\t\tCaracter\u00edsticas:\t\t<\/h4>\n\t\t<\/div>\n\t\t\t\t<\/div>\n\t\t\t\t<\/div>\n\t\t\t\t<div class=\"elementor-element elementor-element-063a036 elementor-widget elementor-widget-text-editor\" data-id=\"063a036\" data-element_type=\"widget\" data-widget_type=\"text-editor.default\">\n\t\t\t\t<div class=\"elementor-widget-container\">\n\t\t\t\t\t\t\t\t\t<h5>WS1-80T<\/h5><p>Espuma resistente a la intemperie de 3&#8243; de di\u00e1metro.<\/p><h5>WS7-80T<\/h5><p>Espuma resistente a la intemperie de 7&#8243; de di\u00e1metro.<\/p>\t\t\t\t\t\t\t\t<\/div>\n\t\t\t\t<\/div>\n\t\t\t\t<\/div>\n\t\t<div class=\"elementor-element elementor-element-61af16c e-con-full e-flex e-con e-parent\" data-id=\"61af16c\" data-element_type=\"container\">\n\t\t\t\t<div class=\"elementor-element elementor-element-2ba66b5 elementor-widget-mobile__width-inherit elementor-widget-tablet__width-inherit elementor-widget elementor-widget-otaru_core_section_title\" data-id=\"2ba66b5\" data-element_type=\"widget\" data-widget_type=\"otaru_core_section_title.default\">\n\t\t\t\t<div class=\"elementor-widget-container\">\n\t\t\t\t\t<div class=\"qodef-shortcode qodef-m  qodef-section-title qodef-alignment--left qodef-title-break--disabled  \">\n\t\t\t<h2 class=\"qodef-m-title\" >\n\t\tProductos relacionados\t\t<\/h2>\n\t\t<\/div>\n\t\t\t\t<\/div>\n\t\t\t\t<\/div>\n\t\t\t\t<div class=\"elementor-element elementor-element-a7f2d5d elementor-widget elementor-widget-qi_addons_for_elementor_product_list\" data-id=\"a7f2d5d\" data-element_type=\"widget\" data-widget_type=\"qi_addons_for_elementor_product_list.default\">\n\t\t\t\t<div class=\"elementor-widget-container\">\n\t\t\t\t\t<div class=\"qodef-shortcode qodef-m qodef-addons-woo-shortcode qodef-qi-woo-shortcode-product-list qodef-item-layout--info-below-with-hover qodef-image--hover-zoom qodef-qi-grid qodef-layout--qi-columns qodef-col-num--3 qodef-item-layout--info-below-with-hover qodef-responsive--predefined\" >\n\t<div class=\"qodef-grid-inner\">\n\t\t<div class=\"qodef-e qodef-grid-item product type-product post-12341 status-publish first instock product_cat-accesorios product_cat-dispositivos-de-medida has-post-thumbnail shipping-taxable product-type-simple\">\n\t<div class=\"qodef-e-product-inner\">\n\t\t\t\t\t<div class=\"qodef-e-product-image\">\n\t\t\t\t\t\t\t\t\t<div class=\"qodef-e-product-image-holder\">\n\t\t\t\t\t<img fetchpriority=\"high\" decoding=\"async\" width=\"1000\" height=\"1200\" src=\"https:\/\/www.aplicacionsaudiovisuals.com\/wp-content\/uploads\/2025\/03\/iMicMount.jpg\" class=\"attachment-full size-full\" alt=\"iMicMount\" srcset=\"https:\/\/www.aplicacionsaudiovisuals.com\/wp-content\/uploads\/2025\/03\/iMicMount.jpg 1000w, https:\/\/www.aplicacionsaudiovisuals.com\/wp-content\/uploads\/2025\/03\/iMicMount-250x300.jpg 250w, https:\/\/www.aplicacionsaudiovisuals.com\/wp-content\/uploads\/2025\/03\/iMicMount-853x1024.jpg 853w, https:\/\/www.aplicacionsaudiovisuals.com\/wp-content\/uploads\/2025\/03\/iMicMount-768x922.jpg 768w, https:\/\/www.aplicacionsaudiovisuals.com\/wp-content\/uploads\/2025\/03\/iMicMount-300x360.jpg 300w, https:\/\/www.aplicacionsaudiovisuals.com\/wp-content\/uploads\/2025\/03\/iMicMount-600x720.jpg 600w\" sizes=\"(max-width: 1000px) 100vw, 1000px\" \/>\t\t\t\t<\/div>\n\t\t\t\t<div class=\"qodef-e-product-image-inner\">\n\t\t\t\t\t<a href=\"https:\/\/www.aplicacionsaudiovisuals.com\/es\/producto\/dispositivos-de-medida\/accesorios\/imicmount\/\" class=\"woocommerce-LoopProduct-link woocommerce-loop-product__link\"><\/a>\t\t\t\t\t<a class=\"qodef-shortcode qodef-m button product_type_simple qodef-qi-button qodef-html--link qodef-layout--filled qodef-type--standard qodef-icon--right qodef-hover--icon-move-horizontal-short\" href=\"https:\/\/www.aplicacionsaudiovisuals.com\/es\/producto\/dispositivos-de-medida\/accesorios\/imicmount\/\" target=\"_self\" data-product_id=\"12341\" data-product_sku=\"iMicMount\" aria-label=\"Lee m\u00e1s sobre \u201ciMicMount\u201d\" rel=\"nofollow\" data-quantity=\"1\">\t<span class=\"qodef-m-text\">Leer m\u00e1s<\/span>\t<\/a>\t\t\t\t<\/div>\n\t\t\t<\/div>\n\t\t\t\t<div class=\"qodef-e-product-content\">\n\t\t\t<div class=\"qodef-e-product-heading\">\n\t\t\t\t<h4 itemprop=\"name\" class=\"qodef-e-product-title qodef-e-title entry-title\">\n\t<a itemprop=\"url\" class=\"qodef-e-product-title-link\" href=\"https:\/\/www.aplicacionsaudiovisuals.com\/es\/producto\/dispositivos-de-medida\/accesorios\/imicmount\/\">\n\t\tiMicMount\t<\/a>\n<\/h4>\n\t\t\t\t\t\t\t<\/div>\n\t\t\t\t<div class=\"qodef-e-product-categories\"><a href=\"https:\/\/www.aplicacionsaudiovisuals.com\/es\/categoria-producto\/dispositivos-de-medida\/accesorios\/\" rel=\"tag\">Accesorios<\/a><span class=\"qodef-category-separator\"><\/span><a href=\"https:\/\/www.aplicacionsaudiovisuals.com\/es\/categoria-producto\/dispositivos-de-medida\/\" rel=\"tag\">Dispositivos de medida<\/a><\/div>\n\t\t\t\t\t\t\t\t<\/div>\n\t<\/div>\n<\/div>\n\t<\/div>\n\t<\/div>\n\t\t\t\t<\/div>\n\t\t\t\t<\/div>\n\t\t\t\t<\/div>\n\t\t\t\t<\/div>\n\t\t","protected":false},"excerpt":{"rendered":"<p>Mejora los tests con ruido de baja frecuencia (LFN).<\/p>\n<p>A medida que aumenta el di\u00e1metro de la espuma, se reduce m\u00e1s la turbulencia en el micr\u00f3fono, lo que reduce las lecturas err\u00f3neas causadas por las turbulencias de baja frecuencia.<\/p>\n","protected":false},"featured_media":11861,"template":"","meta":[],"product_brand":[],"product_cat":[141,140],"product_tag":[],"class_list":{"0":"post-12356","1":"product","2":"type-product","3":"status-publish","4":"has-post-thumbnail","6":"product_cat-accesorios","7":"product_cat-dispositivos-de-medida","8":"pa_marca-studio-six-digital-es","10":"","11":"instock","12":"shipping-taxable","13":"product-type-simple"},"yoast_head":"<!-- This site is optimized with the Yoast SEO plugin v24.9 - https:\/\/yoast.com\/wordpress\/plugins\/seo\/ -->\n<title>Pantallas antivientos - Aplicacions Audiovisuals<\/title>\n<meta name=\"description\" content=\"Mejora las macetas con ruido de baja frecuencia (LFN). A medida que aumenta el di\u00e1metro de la espuma, se reduce m\u00e1s la turbulencia en el micr\u00f3fono.\" \/>\n<meta name=\"robots\" content=\"index, follow, max-snippet:-1, max-image-preview:large, max-video-preview:-1\" \/>\n<link rel=\"canonical\" href=\"https:\/\/www.aplicacionsaudiovisuals.com\/es\/producto\/dispositivos-de-medida\/accesorios\/pantallas-antivientos\/\" \/>\n<meta property=\"og:locale\" content=\"es_ES\" \/>\n<meta property=\"og:type\" content=\"article\" \/>\n<meta property=\"og:title\" content=\"Pantallas antivientos - Aplicacions Audiovisuals\" \/>\n<meta property=\"og:description\" content=\"Mejora las macetas con ruido de baja frecuencia (LFN). A medida que aumenta el di\u00e1metro de la espuma, se reduce m\u00e1s la turbulencia en el micr\u00f3fono.\" \/>\n<meta property=\"og:url\" content=\"https:\/\/www.aplicacionsaudiovisuals.com\/es\/producto\/dispositivos-de-medida\/accesorios\/pantallas-antivientos\/\" \/>\n<meta property=\"og:site_name\" content=\"Aplicacions Audiovisuals\" \/>\n<meta property=\"article:publisher\" content=\"https:\/\/www.facebook.com\/aplicacionsaudiovisuals\" \/>\n<meta property=\"article:modified_time\" content=\"2025-04-28T08:50:21+00:00\" \/>\n<meta property=\"og:image\" content=\"https:\/\/www.aplicacionsaudiovisuals.com\/wp-content\/uploads\/2025\/03\/WS-80T.jpg\" \/>\n\t<meta property=\"og:image:width\" content=\"1000\" \/>\n\t<meta property=\"og:image:height\" content=\"1200\" \/>\n\t<meta property=\"og:image:type\" content=\"image\/jpeg\" \/>\n<meta name=\"twitter:card\" content=\"summary_large_image\" \/>\n<meta name=\"twitter:label1\" content=\"Tiempo de lectura\" \/>\n\t<meta name=\"twitter:data1\" content=\"1 minuto\" \/>\n<script type=\"application\/ld+json\" class=\"yoast-schema-graph\">{\"@context\":\"https:\/\/schema.org\",\"@graph\":[{\"@type\":\"WebPage\",\"@id\":\"https:\/\/www.aplicacionsaudiovisuals.com\/es\/producto\/dispositivos-de-medida\/accesorios\/pantallas-antivientos\/\",\"url\":\"https:\/\/www.aplicacionsaudiovisuals.com\/es\/producto\/dispositivos-de-medida\/accesorios\/pantallas-antivientos\/\",\"name\":\"Pantallas antivientos - Aplicacions Audiovisuals\",\"isPartOf\":{\"@id\":\"https:\/\/www.aplicacionsaudiovisuals.com\/es\/#website\"},\"primaryImageOfPage\":{\"@id\":\"https:\/\/www.aplicacionsaudiovisuals.com\/es\/producto\/dispositivos-de-medida\/accesorios\/pantallas-antivientos\/#primaryimage\"},\"image\":{\"@id\":\"https:\/\/www.aplicacionsaudiovisuals.com\/es\/producto\/dispositivos-de-medida\/accesorios\/pantallas-antivientos\/#primaryimage\"},\"thumbnailUrl\":\"https:\/\/www.aplicacionsaudiovisuals.com\/wp-content\/uploads\/2025\/03\/WS-80T.jpg\",\"datePublished\":\"2025-03-04T11:01:12+00:00\",\"dateModified\":\"2025-04-28T08:50:21+00:00\",\"description\":\"Mejora las macetas con ruido de baja frecuencia (LFN). A medida que aumenta el di\u00e1metro de la espuma, se reduce m\u00e1s la turbulencia en el micr\u00f3fono.\",\"breadcrumb\":{\"@id\":\"https:\/\/www.aplicacionsaudiovisuals.com\/es\/producto\/dispositivos-de-medida\/accesorios\/pantallas-antivientos\/#breadcrumb\"},\"inLanguage\":\"es\",\"potentialAction\":[{\"@type\":\"ReadAction\",\"target\":[\"https:\/\/www.aplicacionsaudiovisuals.com\/es\/producto\/dispositivos-de-medida\/accesorios\/pantallas-antivientos\/\"]}]},{\"@type\":\"ImageObject\",\"inLanguage\":\"es\",\"@id\":\"https:\/\/www.aplicacionsaudiovisuals.com\/es\/producto\/dispositivos-de-medida\/accesorios\/pantallas-antivientos\/#primaryimage\",\"url\":\"https:\/\/www.aplicacionsaudiovisuals.com\/wp-content\/uploads\/2025\/03\/WS-80T.jpg\",\"contentUrl\":\"https:\/\/www.aplicacionsaudiovisuals.com\/wp-content\/uploads\/2025\/03\/WS-80T.jpg\",\"width\":1000,\"height\":1200,\"caption\":\"Pantallas antivientos\"},{\"@type\":\"BreadcrumbList\",\"@id\":\"https:\/\/www.aplicacionsaudiovisuals.com\/es\/producto\/dispositivos-de-medida\/accesorios\/pantallas-antivientos\/#breadcrumb\",\"itemListElement\":[{\"@type\":\"ListItem\",\"position\":1,\"name\":\"Inici\",\"item\":\"https:\/\/www.aplicacionsaudiovisuals.com\/es\/\"},{\"@type\":\"ListItem\",\"position\":2,\"name\":\"Cat\u00e1logo\",\"item\":\"https:\/\/www.aplicacionsaudiovisuals.com\/es\/catalogo\/\"},{\"@type\":\"ListItem\",\"position\":3,\"name\":\"Pantallas antivientos\"}]},{\"@type\":\"WebSite\",\"@id\":\"https:\/\/www.aplicacionsaudiovisuals.com\/es\/#website\",\"url\":\"https:\/\/www.aplicacionsaudiovisuals.com\/es\/\",\"name\":\"Aplicacions Audiovisuals\",\"description\":\"Projectes de condicionament ac\u00fastic\",\"publisher\":{\"@id\":\"https:\/\/www.aplicacionsaudiovisuals.com\/es\/#organization\"},\"alternateName\":\"Aplicacions Audiovisuals\",\"potentialAction\":[{\"@type\":\"SearchAction\",\"target\":{\"@type\":\"EntryPoint\",\"urlTemplate\":\"https:\/\/www.aplicacionsaudiovisuals.com\/es\/?s={search_term_string}\"},\"query-input\":{\"@type\":\"PropertyValueSpecification\",\"valueRequired\":true,\"valueName\":\"search_term_string\"}}],\"inLanguage\":\"es\"},{\"@type\":\"Organization\",\"@id\":\"https:\/\/www.aplicacionsaudiovisuals.com\/es\/#organization\",\"name\":\"Aplicacions Audiovisuals\",\"url\":\"https:\/\/www.aplicacionsaudiovisuals.com\/es\/\",\"logo\":{\"@type\":\"ImageObject\",\"inLanguage\":\"es\",\"@id\":\"https:\/\/www.aplicacionsaudiovisuals.com\/es\/#\/schema\/logo\/image\/\",\"url\":\"https:\/\/www.aplicacionsaudiovisuals.com\/wp-content\/uploads\/2025\/03\/aplicacions-audiovisuals-logo-negre.png\",\"contentUrl\":\"https:\/\/www.aplicacionsaudiovisuals.com\/wp-content\/uploads\/2025\/03\/aplicacions-audiovisuals-logo-negre.png\",\"width\":500,\"height\":195,\"caption\":\"Aplicacions Audiovisuals\"},\"image\":{\"@id\":\"https:\/\/www.aplicacionsaudiovisuals.com\/es\/#\/schema\/logo\/image\/\"},\"sameAs\":[\"https:\/\/www.facebook.com\/aplicacionsaudiovisuals\"]}]}<\/script>\n<!-- \/ Yoast SEO plugin. -->","yoast_head_json":{"title":"Pantallas antivientos - Aplicacions Audiovisuals","description":"Mejora las macetas con ruido de baja frecuencia (LFN). A medida que aumenta el di\u00e1metro de la espuma, se reduce m\u00e1s la turbulencia en el micr\u00f3fono.","robots":{"index":"index","follow":"follow","max-snippet":"max-snippet:-1","max-image-preview":"max-image-preview:large","max-video-preview":"max-video-preview:-1"},"canonical":"https:\/\/www.aplicacionsaudiovisuals.com\/es\/producto\/dispositivos-de-medida\/accesorios\/pantallas-antivientos\/","og_locale":"es_ES","og_type":"article","og_title":"Pantallas antivientos - Aplicacions Audiovisuals","og_description":"Mejora las macetas con ruido de baja frecuencia (LFN). A medida que aumenta el di\u00e1metro de la espuma, se reduce m\u00e1s la turbulencia en el micr\u00f3fono.","og_url":"https:\/\/www.aplicacionsaudiovisuals.com\/es\/producto\/dispositivos-de-medida\/accesorios\/pantallas-antivientos\/","og_site_name":"Aplicacions Audiovisuals","article_publisher":"https:\/\/www.facebook.com\/aplicacionsaudiovisuals","article_modified_time":"2025-04-28T08:50:21+00:00","og_image":[{"width":1000,"height":1200,"url":"https:\/\/www.aplicacionsaudiovisuals.com\/wp-content\/uploads\/2025\/03\/WS-80T.jpg","type":"image\/jpeg"}],"twitter_card":"summary_large_image","twitter_misc":{"Tiempo de lectura":"1 minuto"},"schema":{"@context":"https:\/\/schema.org","@graph":[{"@type":"WebPage","@id":"https:\/\/www.aplicacionsaudiovisuals.com\/es\/producto\/dispositivos-de-medida\/accesorios\/pantallas-antivientos\/","url":"https:\/\/www.aplicacionsaudiovisuals.com\/es\/producto\/dispositivos-de-medida\/accesorios\/pantallas-antivientos\/","name":"Pantallas antivientos - Aplicacions Audiovisuals","isPartOf":{"@id":"https:\/\/www.aplicacionsaudiovisuals.com\/es\/#website"},"primaryImageOfPage":{"@id":"https:\/\/www.aplicacionsaudiovisuals.com\/es\/producto\/dispositivos-de-medida\/accesorios\/pantallas-antivientos\/#primaryimage"},"image":{"@id":"https:\/\/www.aplicacionsaudiovisuals.com\/es\/producto\/dispositivos-de-medida\/accesorios\/pantallas-antivientos\/#primaryimage"},"thumbnailUrl":"https:\/\/www.aplicacionsaudiovisuals.com\/wp-content\/uploads\/2025\/03\/WS-80T.jpg","datePublished":"2025-03-04T11:01:12+00:00","dateModified":"2025-04-28T08:50:21+00:00","description":"Mejora las macetas con ruido de baja frecuencia (LFN). A medida que aumenta el di\u00e1metro de la espuma, se reduce m\u00e1s la turbulencia en el micr\u00f3fono.","breadcrumb":{"@id":"https:\/\/www.aplicacionsaudiovisuals.com\/es\/producto\/dispositivos-de-medida\/accesorios\/pantallas-antivientos\/#breadcrumb"},"inLanguage":"es","potentialAction":[{"@type":"ReadAction","target":["https:\/\/www.aplicacionsaudiovisuals.com\/es\/producto\/dispositivos-de-medida\/accesorios\/pantallas-antivientos\/"]}]},{"@type":"ImageObject","inLanguage":"es","@id":"https:\/\/www.aplicacionsaudiovisuals.com\/es\/producto\/dispositivos-de-medida\/accesorios\/pantallas-antivientos\/#primaryimage","url":"https:\/\/www.aplicacionsaudiovisuals.com\/wp-content\/uploads\/2025\/03\/WS-80T.jpg","contentUrl":"https:\/\/www.aplicacionsaudiovisuals.com\/wp-content\/uploads\/2025\/03\/WS-80T.jpg","width":1000,"height":1200,"caption":"Pantallas antivientos"},{"@type":"BreadcrumbList","@id":"https:\/\/www.aplicacionsaudiovisuals.com\/es\/producto\/dispositivos-de-medida\/accesorios\/pantallas-antivientos\/#breadcrumb","itemListElement":[{"@type":"ListItem","position":1,"name":"Inici","item":"https:\/\/www.aplicacionsaudiovisuals.com\/es\/"},{"@type":"ListItem","position":2,"name":"Cat\u00e1logo","item":"https:\/\/www.aplicacionsaudiovisuals.com\/es\/catalogo\/"},{"@type":"ListItem","position":3,"name":"Pantallas antivientos"}]},{"@type":"WebSite","@id":"https:\/\/www.aplicacionsaudiovisuals.com\/es\/#website","url":"https:\/\/www.aplicacionsaudiovisuals.com\/es\/","name":"Aplicacions Audiovisuals","description":"Projectes de condicionament ac\u00fastic","publisher":{"@id":"https:\/\/www.aplicacionsaudiovisuals.com\/es\/#organization"},"alternateName":"Aplicacions Audiovisuals","potentialAction":[{"@type":"SearchAction","target":{"@type":"EntryPoint","urlTemplate":"https:\/\/www.aplicacionsaudiovisuals.com\/es\/?s={search_term_string}"},"query-input":{"@type":"PropertyValueSpecification","valueRequired":true,"valueName":"search_term_string"}}],"inLanguage":"es"},{"@type":"Organization","@id":"https:\/\/www.aplicacionsaudiovisuals.com\/es\/#organization","name":"Aplicacions Audiovisuals","url":"https:\/\/www.aplicacionsaudiovisuals.com\/es\/","logo":{"@type":"ImageObject","inLanguage":"es","@id":"https:\/\/www.aplicacionsaudiovisuals.com\/es\/#\/schema\/logo\/image\/","url":"https:\/\/www.aplicacionsaudiovisuals.com\/wp-content\/uploads\/2025\/03\/aplicacions-audiovisuals-logo-negre.png","contentUrl":"https:\/\/www.aplicacionsaudiovisuals.com\/wp-content\/uploads\/2025\/03\/aplicacions-audiovisuals-logo-negre.png","width":500,"height":195,"caption":"Aplicacions Audiovisuals"},"image":{"@id":"https:\/\/www.aplicacionsaudiovisuals.com\/es\/#\/schema\/logo\/image\/"},"sameAs":["https:\/\/www.facebook.com\/aplicacionsaudiovisuals"]}]}},"_links":{"self":[{"href":"https:\/\/www.aplicacionsaudiovisuals.com\/es\/wp-json\/wp\/v2\/product\/12356","targetHints":{"allow":["GET"]}}],"collection":[{"href":"https:\/\/www.aplicacionsaudiovisuals.com\/es\/wp-json\/wp\/v2\/product"}],"about":[{"href":"https:\/\/www.aplicacionsaudiovisuals.com\/es\/wp-json\/wp\/v2\/types\/product"}],"version-history":[{"count":5,"href":"https:\/\/www.aplicacionsaudiovisuals.com\/es\/wp-json\/wp\/v2\/product\/12356\/revisions"}],"predecessor-version":[{"id":12362,"href":"https:\/\/www.aplicacionsaudiovisuals.com\/es\/wp-json\/wp\/v2\/product\/12356\/revisions\/12362"}],"wp:featuredmedia":[{"embeddable":true,"href":"https:\/\/www.aplicacionsaudiovisuals.com\/es\/wp-json\/wp\/v2\/media\/11861"}],"wp:attachment":[{"href":"https:\/\/www.aplicacionsaudiovisuals.com\/es\/wp-json\/wp\/v2\/media?parent=12356"}],"wp:term":[{"taxonomy":"product_brand","embeddable":true,"href":"https:\/\/www.aplicacionsaudiovisuals.com\/es\/wp-json\/wp\/v2\/product_brand?post=12356"},{"taxonomy":"product_cat","embeddable":true,"href":"https:\/\/www.aplicacionsaudiovisuals.com\/es\/wp-json\/wp\/v2\/product_cat?post=12356"},{"taxonomy":"product_tag","embeddable":true,"href":"https:\/\/www.aplicacionsaudiovisuals.com\/es\/wp-json\/wp\/v2\/product_tag?post=12356"}],"curies":[{"name":"wp","href":"https:\/\/api.w.org\/{rel}","templated":true}]}}