{"id":12334,"date":"2025-03-04T10:41:23","date_gmt":"2025-03-04T09:41:23","guid":{"rendered":"https:\/\/www.aplicacionsaudiovisuals.com\/product\/sin%20categor\u00eda\/uprecisionmic\/"},"modified":"2025-04-28T10:24:51","modified_gmt":"2025-04-28T08:24:51","slug":"uprecisionmic","status":"publish","type":"product","link":"https:\/\/www.aplicacionsaudiovisuals.com\/es\/producto\/dispositivos-de-medida\/microfonos\/uprecisionmic\/","title":{"rendered":"uPrecisionMic"},"content":{"rendered":"\t\t<div data-elementor-type=\"wp-post\" data-elementor-id=\"12334\" class=\"elementor elementor-12334 elementor-10090\">\n\t\t\t\t<div class=\"elementor-element elementor-element-beb5276 e-con-full e-flex e-con e-parent\" data-id=\"beb5276\" data-element_type=\"container\">\n\t\t\t\t<div class=\"elementor-element elementor-element-9b5c9a5 elementor-widget elementor-widget-text-editor\" data-id=\"9b5c9a5\" data-element_type=\"widget\" data-widget_type=\"text-editor.default\">\n\t\t\t\t<div class=\"elementor-widget-container\">\n\t\t\t\t\t\t\t\t\t<p>El uPrecisionMic de Studio Six Digital es un micr\u00f3fono de medida de Clase 1 que destaca por su versatilidad y capacidad para conectarse a una amplia gama de dispositivos.<\/p><p data-start=\"888\" data-end=\"1179\">Toda la electr\u00f3nica activa se encuentra dentro del cuerpo del micr\u00f3fono, incluyendo el preamplificador de micr\u00f3fono con una resistencia de entrada de 5 gigaOhms, un conversor A\/D de 24 bits de alta precisi\u00f3n y la circuiter\u00eda l\u00f3gica necesaria para comunicarse a trav\u00e9s de un enlace de audio digital USB.<\/p><p data-start=\"1181\" data-end=\"1432\">uPrecisionMic se conecta al dispositivo host USB mediante un conector USB tipo C con un cable de 1 m (39\u201d) Si tu dispositivo no dispone de una conexi\u00f3n USB-C, puedes utilizar cualquier adaptador pasivo est\u00e1ndar de USB-C a USB-A o micro USB. <\/p>\t\t\t\t\t\t\t\t<\/div>\n\t\t\t\t<\/div>\n\t\t\t\t<div class=\"elementor-element elementor-element-1e7b77b elementor-widget-mobile__width-inherit elementor-widget-tablet__width-inherit elementor-widget elementor-widget-otaru_core_section_title\" data-id=\"1e7b77b\" data-element_type=\"widget\" data-widget_type=\"otaru_core_section_title.default\">\n\t\t\t\t<div class=\"elementor-widget-container\">\n\t\t\t\t\t<div class=\"qodef-shortcode qodef-m  qodef-section-title qodef-alignment--left qodef-title-break--disabled  \">\n\t\t\t<h4 class=\"qodef-m-title\" >\n\t\tCaracter\u00edsticas:\t\t<\/h4>\n\t\t<\/div>\n\t\t\t\t<\/div>\n\t\t\t\t<\/div>\n\t\t\t\t<\/div>\n\t\t<div class=\"elementor-element elementor-element-3e53877 e-con-full e-flex e-con e-parent\" data-id=\"3e53877\" data-element_type=\"container\">\n\t\t<div class=\"elementor-element elementor-element-58f919f e-con-full e-flex e-con e-child\" data-id=\"58f919f\" data-element_type=\"container\">\n\t\t\t\t<div class=\"elementor-element elementor-element-d7058e8 elementor-widget elementor-widget-text-editor\" data-id=\"d7058e8\" data-element_type=\"widget\" data-widget_type=\"text-editor.default\">\n\t\t\t\t<div class=\"elementor-widget-container\">\n\t\t\t\t\t\t\t\t\t<p><strong>Precisi\u00f3n de Clase 1:<\/strong><\/p><ul><li>Al igual que el iPrecisionMic, el uPrecisionMic cumple con los est\u00e1ndares de Clase 1, garantizando medidas de alta precisi\u00f3n.<\/li><li>Esto le hace adecuado para aplicaciones profesionales que requieren la m\u00e1xima exactitud.<\/li><\/ul><p><strong>Conectividad vers\u00e1til:<\/strong><\/p><ul><li>Este micr\u00f3fono est\u00e1 dise\u00f1ado para ser compatible con una variedad de dispositivos ofreciendo flexibilidad en las conexiones.<\/li><li>Esta versatilidad permite realizar medidas en diferentes sistemas operativos y dispositivos.<\/li><\/ul><p><strong>Calibraci\u00f3n precisa:<\/strong><\/p><ul><li>Cada uPrecisionMic est\u00e1 calibrado de f\u00e1brica, asegurando la fiabilidad de las medidas.<\/li><li>Esta calibraci\u00f3n garantiza que las medidas obtenidas sean consistentes y precisas.<\/li><\/ul><p><strong>Dise\u00f1o robusto:<\/strong><\/p><ul><li>El micr\u00f3fono posee un dise\u00f1o duradero, adecuado para uso profesional en diversas condiciones.<\/li><\/ul><p><strong>Compatibilidad:<\/strong><\/p><ul><li>Este micr\u00f3fono puede funcionar con distintos tipos de dispositivos, proporcionando una gran versatilidad al usuario.<\/li><\/ul><p data-sourcepos=\"19:1-19:13\"><strong>En resumen:<\/strong><\/p><p data-sourcepos=\"21:1-21:249\">El uPrecisionMic es una herramienta de medici\u00f3n de audio de primer nivel que ofrece precisi\u00f3n y versatilidad. Su capacidad para conectarse a varios dispositivos y su precisi\u00f3n de Clase 1 lo hacen una excelente opci\u00f3n para profesionales del audio. <\/p>\t\t\t\t\t\t\t\t<\/div>\n\t\t\t\t<\/div>\n\t\t\t\t<\/div>\n\t\t\t\t<\/div>\n\t\t<div class=\"elementor-element elementor-element-a2555e0 e-con-full e-flex e-con e-parent\" data-id=\"a2555e0\" data-element_type=\"container\">\n\t\t\t\t<div class=\"elementor-element elementor-element-1606cb5 elementor-widget-mobile__width-inherit elementor-widget-tablet__width-inherit elementor-widget elementor-widget-otaru_core_section_title\" data-id=\"1606cb5\" data-element_type=\"widget\" data-widget_type=\"otaru_core_section_title.default\">\n\t\t\t\t<div class=\"elementor-widget-container\">\n\t\t\t\t\t<div class=\"qodef-shortcode qodef-m  qodef-section-title qodef-alignment--left qodef-title-break--disabled  \">\n\t\t\t<h2 class=\"qodef-m-title\" >\n\t\tProductos relacionados\t\t<\/h2>\n\t\t<\/div>\n\t\t\t\t<\/div>\n\t\t\t\t<\/div>\n\t\t\t\t<div class=\"elementor-element elementor-element-899bb27 elementor-widget elementor-widget-qi_addons_for_elementor_product_list\" data-id=\"899bb27\" data-element_type=\"widget\" data-widget_type=\"qi_addons_for_elementor_product_list.default\">\n\t\t\t\t<div class=\"elementor-widget-container\">\n\t\t\t\t\t<div class=\"qodef-shortcode qodef-m qodef-addons-woo-shortcode qodef-qi-woo-shortcode-product-list qodef-item-layout--info-below-with-hover qodef-image--hover-zoom qodef-qi-grid qodef-layout--qi-columns qodef-col-num--3 qodef-item-layout--info-below-with-hover qodef-responsive--predefined\" >\n\t<div class=\"qodef-grid-inner\">\n\t\t<div class=\"qodef-e qodef-grid-item product type-product post-12309 status-publish first instock product_cat-dispositivos-de-medida product_cat-microfonos has-post-thumbnail shipping-taxable product-type-simple\">\n\t<div class=\"qodef-e-product-inner\">\n\t\t\t\t\t<div class=\"qodef-e-product-image\">\n\t\t\t\t\t\t\t\t\t<div class=\"qodef-e-product-image-holder\">\n\t\t\t\t\t<img fetchpriority=\"high\" decoding=\"async\" width=\"1000\" height=\"1200\" src=\"https:\/\/www.aplicacionsaudiovisuals.com\/wp-content\/uploads\/2025\/03\/iTestMic2.jpg\" class=\"attachment-full size-full\" alt=\"iTestMic2 Studio Six Digital\" srcset=\"https:\/\/www.aplicacionsaudiovisuals.com\/wp-content\/uploads\/2025\/03\/iTestMic2.jpg 1000w, https:\/\/www.aplicacionsaudiovisuals.com\/wp-content\/uploads\/2025\/03\/iTestMic2-250x300.jpg 250w, https:\/\/www.aplicacionsaudiovisuals.com\/wp-content\/uploads\/2025\/03\/iTestMic2-853x1024.jpg 853w, https:\/\/www.aplicacionsaudiovisuals.com\/wp-content\/uploads\/2025\/03\/iTestMic2-768x922.jpg 768w, https:\/\/www.aplicacionsaudiovisuals.com\/wp-content\/uploads\/2025\/03\/iTestMic2-300x360.jpg 300w, https:\/\/www.aplicacionsaudiovisuals.com\/wp-content\/uploads\/2025\/03\/iTestMic2-600x720.jpg 600w\" sizes=\"(max-width: 1000px) 100vw, 1000px\" \/>\t\t\t\t<\/div>\n\t\t\t\t<div class=\"qodef-e-product-image-inner\">\n\t\t\t\t\t<a href=\"https:\/\/www.aplicacionsaudiovisuals.com\/es\/producto\/dispositivos-de-medida\/microfonos\/itestmic2\/\" class=\"woocommerce-LoopProduct-link woocommerce-loop-product__link\"><\/a>\t\t\t\t\t<a class=\"qodef-shortcode qodef-m button product_type_simple qodef-qi-button qodef-html--link qodef-layout--filled qodef-type--standard qodef-icon--right qodef-hover--icon-move-horizontal-short\" href=\"https:\/\/www.aplicacionsaudiovisuals.com\/es\/producto\/dispositivos-de-medida\/microfonos\/itestmic2\/\" target=\"_self\" data-product_id=\"12309\" data-product_sku=\"SD2017\" aria-label=\"Lee m\u00e1s sobre \u201ciTestMic2\u201d\" rel=\"nofollow\" data-quantity=\"1\">\t<span class=\"qodef-m-text\">Leer m\u00e1s<\/span>\t<\/a>\t\t\t\t<\/div>\n\t\t\t<\/div>\n\t\t\t\t<div class=\"qodef-e-product-content\">\n\t\t\t<div class=\"qodef-e-product-heading\">\n\t\t\t\t<h4 itemprop=\"name\" class=\"qodef-e-product-title qodef-e-title entry-title\">\n\t<a itemprop=\"url\" class=\"qodef-e-product-title-link\" href=\"https:\/\/www.aplicacionsaudiovisuals.com\/es\/producto\/dispositivos-de-medida\/microfonos\/itestmic2\/\">\n\t\tiTestMic2\t<\/a>\n<\/h4>\n\t\t\t\t\t\t\t<\/div>\n\t\t\t\t<div class=\"qodef-e-product-categories\"><a href=\"https:\/\/www.aplicacionsaudiovisuals.com\/es\/categoria-producto\/dispositivos-de-medida\/\" rel=\"tag\">Dispositivos de medida<\/a><span class=\"qodef-category-separator\"><\/span><a href=\"https:\/\/www.aplicacionsaudiovisuals.com\/es\/categoria-producto\/dispositivos-de-medida\/microfonos\/\" rel=\"tag\">Micr\u00f3fonos<\/a><\/div>\n\t\t\t\t\t\t\t\t<\/div>\n\t<\/div>\n<\/div>\n\t<\/div>\n\t<\/div>\n\t\t\t\t<\/div>\n\t\t\t\t<\/div>\n\t\t\t\t<\/div>\n\t\t\t\t<\/div>\n\t\t","protected":false},"excerpt":{"rendered":"<p>uPrecisionMic es un micr\u00f3fono de prueba y medida de precisi\u00f3n con conexi\u00f3n USB-C que cumple los est\u00e1ndares el\u00e9ctricos y ac\u00fasticos de Clase 1 seg\u00fan ANSI e IEC. Funciona con ordenadores Windows, Mac de Apple, dispositivos Android e iPad (mediante Camera Connection Kit).<\/p>\n<p>uPrecisionMic est\u00e1 calibrado de f\u00e1brica con una precisi\u00f3n de +\/-0,1 dB mediante un calibrador de compensaci\u00f3n de presi\u00f3n rastreable por el NIST. Los factores de calibraci\u00f3n para los rangos alto y bajo se registran en la tarjeta de calibraci\u00f3n de f\u00e1brica en dBFS, por lo que el software de aplicaci\u00f3n se puede calibrar para proporcionar un nivel SPL absoluto.<\/p>\n<p>El cuerpo del uPrecisionMic est\u00e1 fabricado con un tubo de bronce macizo niquelado con un acabado impecable y roscado para aceptar una c\u00e1psula de micr\u00f3fono est\u00e1ndar de 1\/2\u201d.<\/p>\n","protected":false},"featured_media":11853,"template":"","meta":[],"product_brand":[],"product_cat":[140,143],"product_tag":[],"class_list":{"0":"post-12334","1":"product","2":"type-product","3":"status-publish","4":"has-post-thumbnail","6":"product_cat-dispositivos-de-medida","7":"product_cat-microfonos","8":"pa_marca-studio-six-digital-es","10":"","11":"instock","12":"shipping-taxable","13":"product-type-simple"},"yoast_head":"<!-- This site is optimized with the Yoast SEO plugin v24.9 - https:\/\/yoast.com\/wordpress\/plugins\/seo\/ -->\n<title>uPrecisionMic - Aplicacions Audiovisuals<\/title>\n<meta name=\"description\" content=\"uPrecisionMic es un micr\u00f3fono de prueba y medida de precisi\u00f3n con conexi\u00f3n USB-C que cumple los est\u00e1ndares el\u00e9ctricos y ac\u00fasticos de Clase 1 seg\u00fan ANSI e IEC.\" \/>\n<meta name=\"robots\" content=\"index, follow, max-snippet:-1, max-image-preview:large, max-video-preview:-1\" \/>\n<link rel=\"canonical\" href=\"https:\/\/www.aplicacionsaudiovisuals.com\/es\/producto\/dispositivos-de-medida\/microfonos\/uprecisionmic\/\" \/>\n<meta property=\"og:locale\" content=\"es_ES\" \/>\n<meta property=\"og:type\" content=\"article\" \/>\n<meta property=\"og:title\" content=\"uPrecisionMic - Aplicacions Audiovisuals\" \/>\n<meta property=\"og:description\" content=\"uPrecisionMic es un micr\u00f3fono de prueba y medida de precisi\u00f3n con conexi\u00f3n USB-C que cumple los est\u00e1ndares el\u00e9ctricos y ac\u00fasticos de Clase 1 seg\u00fan ANSI e IEC.\" \/>\n<meta property=\"og:url\" content=\"https:\/\/www.aplicacionsaudiovisuals.com\/es\/producto\/dispositivos-de-medida\/microfonos\/uprecisionmic\/\" \/>\n<meta property=\"og:site_name\" content=\"Aplicacions Audiovisuals\" \/>\n<meta property=\"article:publisher\" content=\"https:\/\/www.facebook.com\/aplicacionsaudiovisuals\" \/>\n<meta property=\"article:modified_time\" content=\"2025-04-28T08:24:51+00:00\" \/>\n<meta property=\"og:image\" content=\"https:\/\/www.aplicacionsaudiovisuals.com\/wp-content\/uploads\/2025\/03\/uPrecisionMic.jpg\" \/>\n\t<meta property=\"og:image:width\" content=\"1000\" \/>\n\t<meta property=\"og:image:height\" content=\"1200\" \/>\n\t<meta property=\"og:image:type\" content=\"image\/jpeg\" \/>\n<meta name=\"twitter:card\" content=\"summary_large_image\" \/>\n<meta name=\"twitter:label1\" content=\"Tiempo de lectura\" \/>\n\t<meta name=\"twitter:data1\" content=\"2 minutos\" \/>\n<script type=\"application\/ld+json\" class=\"yoast-schema-graph\">{\"@context\":\"https:\/\/schema.org\",\"@graph\":[{\"@type\":\"WebPage\",\"@id\":\"https:\/\/www.aplicacionsaudiovisuals.com\/es\/producto\/dispositivos-de-medida\/microfonos\/uprecisionmic\/\",\"url\":\"https:\/\/www.aplicacionsaudiovisuals.com\/es\/producto\/dispositivos-de-medida\/microfonos\/uprecisionmic\/\",\"name\":\"uPrecisionMic - Aplicacions Audiovisuals\",\"isPartOf\":{\"@id\":\"https:\/\/www.aplicacionsaudiovisuals.com\/es\/#website\"},\"primaryImageOfPage\":{\"@id\":\"https:\/\/www.aplicacionsaudiovisuals.com\/es\/producto\/dispositivos-de-medida\/microfonos\/uprecisionmic\/#primaryimage\"},\"image\":{\"@id\":\"https:\/\/www.aplicacionsaudiovisuals.com\/es\/producto\/dispositivos-de-medida\/microfonos\/uprecisionmic\/#primaryimage\"},\"thumbnailUrl\":\"https:\/\/www.aplicacionsaudiovisuals.com\/wp-content\/uploads\/2025\/03\/uPrecisionMic.jpg\",\"datePublished\":\"2025-03-04T09:41:23+00:00\",\"dateModified\":\"2025-04-28T08:24:51+00:00\",\"description\":\"uPrecisionMic es un micr\u00f3fono de prueba y medida de precisi\u00f3n con conexi\u00f3n USB-C que cumple los est\u00e1ndares el\u00e9ctricos y ac\u00fasticos de Clase 1 seg\u00fan ANSI e IEC.\",\"breadcrumb\":{\"@id\":\"https:\/\/www.aplicacionsaudiovisuals.com\/es\/producto\/dispositivos-de-medida\/microfonos\/uprecisionmic\/#breadcrumb\"},\"inLanguage\":\"es\",\"potentialAction\":[{\"@type\":\"ReadAction\",\"target\":[\"https:\/\/www.aplicacionsaudiovisuals.com\/es\/producto\/dispositivos-de-medida\/microfonos\/uprecisionmic\/\"]}]},{\"@type\":\"ImageObject\",\"inLanguage\":\"es\",\"@id\":\"https:\/\/www.aplicacionsaudiovisuals.com\/es\/producto\/dispositivos-de-medida\/microfonos\/uprecisionmic\/#primaryimage\",\"url\":\"https:\/\/www.aplicacionsaudiovisuals.com\/wp-content\/uploads\/2025\/03\/uPrecisionMic.jpg\",\"contentUrl\":\"https:\/\/www.aplicacionsaudiovisuals.com\/wp-content\/uploads\/2025\/03\/uPrecisionMic.jpg\",\"width\":1000,\"height\":1200,\"caption\":\"uPrecisionMic\"},{\"@type\":\"BreadcrumbList\",\"@id\":\"https:\/\/www.aplicacionsaudiovisuals.com\/es\/producto\/dispositivos-de-medida\/microfonos\/uprecisionmic\/#breadcrumb\",\"itemListElement\":[{\"@type\":\"ListItem\",\"position\":1,\"name\":\"Inici\",\"item\":\"https:\/\/www.aplicacionsaudiovisuals.com\/es\/\"},{\"@type\":\"ListItem\",\"position\":2,\"name\":\"Cat\u00e1logo\",\"item\":\"https:\/\/www.aplicacionsaudiovisuals.com\/es\/catalogo\/\"},{\"@type\":\"ListItem\",\"position\":3,\"name\":\"uPrecisionMic\"}]},{\"@type\":\"WebSite\",\"@id\":\"https:\/\/www.aplicacionsaudiovisuals.com\/es\/#website\",\"url\":\"https:\/\/www.aplicacionsaudiovisuals.com\/es\/\",\"name\":\"Aplicacions Audiovisuals\",\"description\":\"Projectes de condicionament ac\u00fastic\",\"publisher\":{\"@id\":\"https:\/\/www.aplicacionsaudiovisuals.com\/es\/#organization\"},\"alternateName\":\"Aplicacions Audiovisuals\",\"potentialAction\":[{\"@type\":\"SearchAction\",\"target\":{\"@type\":\"EntryPoint\",\"urlTemplate\":\"https:\/\/www.aplicacionsaudiovisuals.com\/es\/?s={search_term_string}\"},\"query-input\":{\"@type\":\"PropertyValueSpecification\",\"valueRequired\":true,\"valueName\":\"search_term_string\"}}],\"inLanguage\":\"es\"},{\"@type\":\"Organization\",\"@id\":\"https:\/\/www.aplicacionsaudiovisuals.com\/es\/#organization\",\"name\":\"Aplicacions Audiovisuals\",\"url\":\"https:\/\/www.aplicacionsaudiovisuals.com\/es\/\",\"logo\":{\"@type\":\"ImageObject\",\"inLanguage\":\"es\",\"@id\":\"https:\/\/www.aplicacionsaudiovisuals.com\/es\/#\/schema\/logo\/image\/\",\"url\":\"https:\/\/www.aplicacionsaudiovisuals.com\/wp-content\/uploads\/2025\/03\/aplicacions-audiovisuals-logo-negre.png\",\"contentUrl\":\"https:\/\/www.aplicacionsaudiovisuals.com\/wp-content\/uploads\/2025\/03\/aplicacions-audiovisuals-logo-negre.png\",\"width\":500,\"height\":195,\"caption\":\"Aplicacions Audiovisuals\"},\"image\":{\"@id\":\"https:\/\/www.aplicacionsaudiovisuals.com\/es\/#\/schema\/logo\/image\/\"},\"sameAs\":[\"https:\/\/www.facebook.com\/aplicacionsaudiovisuals\"]}]}<\/script>\n<!-- \/ Yoast SEO plugin. -->","yoast_head_json":{"title":"uPrecisionMic - Aplicacions Audiovisuals","description":"uPrecisionMic es un micr\u00f3fono de prueba y medida de precisi\u00f3n con conexi\u00f3n USB-C que cumple los est\u00e1ndares el\u00e9ctricos y ac\u00fasticos de Clase 1 seg\u00fan ANSI e IEC.","robots":{"index":"index","follow":"follow","max-snippet":"max-snippet:-1","max-image-preview":"max-image-preview:large","max-video-preview":"max-video-preview:-1"},"canonical":"https:\/\/www.aplicacionsaudiovisuals.com\/es\/producto\/dispositivos-de-medida\/microfonos\/uprecisionmic\/","og_locale":"es_ES","og_type":"article","og_title":"uPrecisionMic - Aplicacions Audiovisuals","og_description":"uPrecisionMic es un micr\u00f3fono de prueba y medida de precisi\u00f3n con conexi\u00f3n USB-C que cumple los est\u00e1ndares el\u00e9ctricos y ac\u00fasticos de Clase 1 seg\u00fan ANSI e IEC.","og_url":"https:\/\/www.aplicacionsaudiovisuals.com\/es\/producto\/dispositivos-de-medida\/microfonos\/uprecisionmic\/","og_site_name":"Aplicacions Audiovisuals","article_publisher":"https:\/\/www.facebook.com\/aplicacionsaudiovisuals","article_modified_time":"2025-04-28T08:24:51+00:00","og_image":[{"width":1000,"height":1200,"url":"https:\/\/www.aplicacionsaudiovisuals.com\/wp-content\/uploads\/2025\/03\/uPrecisionMic.jpg","type":"image\/jpeg"}],"twitter_card":"summary_large_image","twitter_misc":{"Tiempo de lectura":"2 minutos"},"schema":{"@context":"https:\/\/schema.org","@graph":[{"@type":"WebPage","@id":"https:\/\/www.aplicacionsaudiovisuals.com\/es\/producto\/dispositivos-de-medida\/microfonos\/uprecisionmic\/","url":"https:\/\/www.aplicacionsaudiovisuals.com\/es\/producto\/dispositivos-de-medida\/microfonos\/uprecisionmic\/","name":"uPrecisionMic - Aplicacions Audiovisuals","isPartOf":{"@id":"https:\/\/www.aplicacionsaudiovisuals.com\/es\/#website"},"primaryImageOfPage":{"@id":"https:\/\/www.aplicacionsaudiovisuals.com\/es\/producto\/dispositivos-de-medida\/microfonos\/uprecisionmic\/#primaryimage"},"image":{"@id":"https:\/\/www.aplicacionsaudiovisuals.com\/es\/producto\/dispositivos-de-medida\/microfonos\/uprecisionmic\/#primaryimage"},"thumbnailUrl":"https:\/\/www.aplicacionsaudiovisuals.com\/wp-content\/uploads\/2025\/03\/uPrecisionMic.jpg","datePublished":"2025-03-04T09:41:23+00:00","dateModified":"2025-04-28T08:24:51+00:00","description":"uPrecisionMic es un micr\u00f3fono de prueba y medida de precisi\u00f3n con conexi\u00f3n USB-C que cumple los est\u00e1ndares el\u00e9ctricos y ac\u00fasticos de Clase 1 seg\u00fan ANSI e IEC.","breadcrumb":{"@id":"https:\/\/www.aplicacionsaudiovisuals.com\/es\/producto\/dispositivos-de-medida\/microfonos\/uprecisionmic\/#breadcrumb"},"inLanguage":"es","potentialAction":[{"@type":"ReadAction","target":["https:\/\/www.aplicacionsaudiovisuals.com\/es\/producto\/dispositivos-de-medida\/microfonos\/uprecisionmic\/"]}]},{"@type":"ImageObject","inLanguage":"es","@id":"https:\/\/www.aplicacionsaudiovisuals.com\/es\/producto\/dispositivos-de-medida\/microfonos\/uprecisionmic\/#primaryimage","url":"https:\/\/www.aplicacionsaudiovisuals.com\/wp-content\/uploads\/2025\/03\/uPrecisionMic.jpg","contentUrl":"https:\/\/www.aplicacionsaudiovisuals.com\/wp-content\/uploads\/2025\/03\/uPrecisionMic.jpg","width":1000,"height":1200,"caption":"uPrecisionMic"},{"@type":"BreadcrumbList","@id":"https:\/\/www.aplicacionsaudiovisuals.com\/es\/producto\/dispositivos-de-medida\/microfonos\/uprecisionmic\/#breadcrumb","itemListElement":[{"@type":"ListItem","position":1,"name":"Inici","item":"https:\/\/www.aplicacionsaudiovisuals.com\/es\/"},{"@type":"ListItem","position":2,"name":"Cat\u00e1logo","item":"https:\/\/www.aplicacionsaudiovisuals.com\/es\/catalogo\/"},{"@type":"ListItem","position":3,"name":"uPrecisionMic"}]},{"@type":"WebSite","@id":"https:\/\/www.aplicacionsaudiovisuals.com\/es\/#website","url":"https:\/\/www.aplicacionsaudiovisuals.com\/es\/","name":"Aplicacions Audiovisuals","description":"Projectes de condicionament ac\u00fastic","publisher":{"@id":"https:\/\/www.aplicacionsaudiovisuals.com\/es\/#organization"},"alternateName":"Aplicacions Audiovisuals","potentialAction":[{"@type":"SearchAction","target":{"@type":"EntryPoint","urlTemplate":"https:\/\/www.aplicacionsaudiovisuals.com\/es\/?s={search_term_string}"},"query-input":{"@type":"PropertyValueSpecification","valueRequired":true,"valueName":"search_term_string"}}],"inLanguage":"es"},{"@type":"Organization","@id":"https:\/\/www.aplicacionsaudiovisuals.com\/es\/#organization","name":"Aplicacions Audiovisuals","url":"https:\/\/www.aplicacionsaudiovisuals.com\/es\/","logo":{"@type":"ImageObject","inLanguage":"es","@id":"https:\/\/www.aplicacionsaudiovisuals.com\/es\/#\/schema\/logo\/image\/","url":"https:\/\/www.aplicacionsaudiovisuals.com\/wp-content\/uploads\/2025\/03\/aplicacions-audiovisuals-logo-negre.png","contentUrl":"https:\/\/www.aplicacionsaudiovisuals.com\/wp-content\/uploads\/2025\/03\/aplicacions-audiovisuals-logo-negre.png","width":500,"height":195,"caption":"Aplicacions Audiovisuals"},"image":{"@id":"https:\/\/www.aplicacionsaudiovisuals.com\/es\/#\/schema\/logo\/image\/"},"sameAs":["https:\/\/www.facebook.com\/aplicacionsaudiovisuals"]}]}},"_links":{"self":[{"href":"https:\/\/www.aplicacionsaudiovisuals.com\/es\/wp-json\/wp\/v2\/product\/12334","targetHints":{"allow":["GET"]}}],"collection":[{"href":"https:\/\/www.aplicacionsaudiovisuals.com\/es\/wp-json\/wp\/v2\/product"}],"about":[{"href":"https:\/\/www.aplicacionsaudiovisuals.com\/es\/wp-json\/wp\/v2\/types\/product"}],"version-history":[{"count":5,"href":"https:\/\/www.aplicacionsaudiovisuals.com\/es\/wp-json\/wp\/v2\/product\/12334\/revisions"}],"predecessor-version":[{"id":12340,"href":"https:\/\/www.aplicacionsaudiovisuals.com\/es\/wp-json\/wp\/v2\/product\/12334\/revisions\/12340"}],"wp:featuredmedia":[{"embeddable":true,"href":"https:\/\/www.aplicacionsaudiovisuals.com\/es\/wp-json\/wp\/v2\/media\/11853"}],"wp:attachment":[{"href":"https:\/\/www.aplicacionsaudiovisuals.com\/es\/wp-json\/wp\/v2\/media?parent=12334"}],"wp:term":[{"taxonomy":"product_brand","embeddable":true,"href":"https:\/\/www.aplicacionsaudiovisuals.com\/es\/wp-json\/wp\/v2\/product_brand?post=12334"},{"taxonomy":"product_cat","embeddable":true,"href":"https:\/\/www.aplicacionsaudiovisuals.com\/es\/wp-json\/wp\/v2\/product_cat?post=12334"},{"taxonomy":"product_tag","embeddable":true,"href":"https:\/\/www.aplicacionsaudiovisuals.com\/es\/wp-json\/wp\/v2\/product_tag?post=12334"}],"curies":[{"name":"wp","href":"https:\/\/api.w.org\/{rel}","templated":true}]}}