{"id":12284,"date":"2025-03-03T15:27:43","date_gmt":"2025-03-03T14:27:43","guid":{"rendered":"https:\/\/www.aplicacionsaudiovisuals.com\/product\/sin%20categor\u00eda\/ps-sub\/"},"modified":"2025-04-25T14:52:28","modified_gmt":"2025-04-25T12:52:28","slug":"ps-sub","status":"publish","type":"product","link":"https:\/\/www.aplicacionsaudiovisuals.com\/es\/producto\/altavoces\/ps-sub\/","title":{"rendered":"PS Sub"},"content":{"rendered":"\t\t<div data-elementor-type=\"wp-post\" data-elementor-id=\"12284\" class=\"elementor elementor-12284 elementor-9982\">\n\t\t\t\t<div class=\"elementor-element elementor-element-beb5276 e-con-full e-flex e-con e-parent\" data-id=\"beb5276\" data-element_type=\"container\">\n\t\t\t\t<div class=\"elementor-element elementor-element-9b5c9a5 elementor-widget elementor-widget-text-editor\" data-id=\"9b5c9a5\" data-element_type=\"widget\" data-widget_type=\"text-editor.default\">\n\t\t\t\t<div class=\"elementor-widget-container\">\n\t\t\t\t\t\t\t\t\t<p>Subwoofer de alto rendimiento para los sistemas de cuerno de la serie PS y uso universal. El PS Sub trabaja con un principio de carga novedoso y sofisticado, que, adem\u00e1s de un amplio rango de frecuencias utilizable, proporciona un alto grado de eficiencia y una reproducci\u00f3n inusualmente precisa y clara desde 28 Hz hacia arriba. El transductor de neodimio de 21 pulgadas con bobina de larga excursi\u00f3n de 4,5 pulgadas se enfr\u00eda de forma muy efectiva por el dise\u00f1o del recinto y, por tanto, puede procesar una alta potencia continua durante horas.  <\/p>\t\t\t\t\t\t\t\t<\/div>\n\t\t\t\t<\/div>\n\t\t\t\t<div class=\"elementor-element elementor-element-1e7b77b elementor-widget-mobile__width-inherit elementor-widget-tablet__width-inherit elementor-widget elementor-widget-otaru_core_section_title\" data-id=\"1e7b77b\" data-element_type=\"widget\" data-widget_type=\"otaru_core_section_title.default\">\n\t\t\t\t<div class=\"elementor-widget-container\">\n\t\t\t\t\t<div class=\"qodef-shortcode qodef-m  qodef-section-title qodef-alignment--left qodef-title-break--disabled  \">\n\t\t\t<h4 class=\"qodef-m-title\" >\n\t\tCaracter\u00edsticas:\t\t<\/h4>\n\t\t<\/div>\n\t\t\t\t<\/div>\n\t\t\t\t<\/div>\n\t\t\t\t<\/div>\n\t\t<div class=\"elementor-element elementor-element-3e53877 e-con-full e-flex e-con e-parent\" data-id=\"3e53877\" data-element_type=\"container\">\n\t\t<div class=\"elementor-element elementor-element-58f919f e-con-full e-flex e-con e-child\" data-id=\"58f919f\" data-element_type=\"container\">\n\t\t\t\t<div class=\"elementor-element elementor-element-a2d218d elementor-widget elementor-widget-text-editor\" data-id=\"a2d218d\" data-element_type=\"widget\" data-widget_type=\"text-editor.default\">\n\t\t\t\t<div class=\"elementor-widget-container\">\n\t\t\t\t\t\t\t\t\t<ul><li><strong>Componentes del altavoz:<\/strong> 1 x 21\u201c (4,5\u201c VC)<\/li><li><strong>Descripci\u00f3n:<\/strong> High Impact Subwoofer<\/li><li><strong>Potencia AES \/ pico: <\/strong>1500 W \/ 4500 W<\/li><li><strong>Conectores:<\/strong> 3 x Speakon NL4 in\/out Coding: 1+\/- thru, 2+\/- LF<\/li><li><strong>Impedancia<\/strong> nominal: LF: 8 \u03a9<\/li><li><strong>Intervalo \u00fatil:<\/strong> 28 Hz &#8211; 160 Hz (-6 dB)<\/li><li><strong>Excursi\u00f3n de frecuencia de afinaci\u00f3n m\u00ednima:<\/strong> de 33 Hz<\/li><li><strong>Peso:<\/strong> 74 kg<\/li><li><strong>Medidas:<\/strong> altura x anchura x profundidad 98,0 x 58,0 x 98,0 cm<\/li><\/ul>\t\t\t\t\t\t\t\t<\/div>\n\t\t\t\t<\/div>\n\t\t\t\t<\/div>\n\t\t\t\t<\/div>\n\t\t<div class=\"elementor-element elementor-element-a932d3c e-con-full e-flex e-con e-parent\" data-id=\"a932d3c\" data-element_type=\"container\">\n\t\t\t\t<div class=\"elementor-element elementor-element-c2ad2fe elementor-widget-mobile__width-inherit elementor-widget-tablet__width-inherit elementor-widget elementor-widget-otaru_core_section_title\" data-id=\"c2ad2fe\" data-element_type=\"widget\" data-widget_type=\"otaru_core_section_title.default\">\n\t\t\t\t<div class=\"elementor-widget-container\">\n\t\t\t\t\t<div class=\"qodef-shortcode qodef-m  qodef-section-title qodef-alignment--left qodef-title-break--disabled  \">\n\t\t\t<h4 class=\"qodef-m-title\" >\n\t\tAplicaciones:\t\t<\/h4>\n\t\t<\/div>\n\t\t\t\t<\/div>\n\t\t\t\t<\/div>\n\t\t\t\t<div class=\"elementor-element elementor-element-588d726 elementor-widget elementor-widget-text-editor\" data-id=\"588d726\" data-element_type=\"widget\" data-widget_type=\"text-editor.default\">\n\t\t\t\t<div class=\"elementor-widget-container\">\n\t\t\t\t\t\t\t\t\t<ul><li data-sourcepos=\"20:5-20:26\">Conciertos en directo.<\/li><li data-sourcepos=\"21:5-21:21\">Clubes nocturnos.<\/li><li data-sourcepos=\"22:5-22:32\">Eventos corporativos.<\/li><li data-sourcepos=\"23:5-23:58\">Instalaciones fijas en salas de conciertos y teatros.<\/li><li data-sourcepos=\"24:5-25:0\">Sistemas de refuerzo de sonido m\u00f3viles.<\/li><\/ul>\t\t\t\t\t\t\t\t<\/div>\n\t\t\t\t<\/div>\n\t\t\t\t<\/div>\n\t\t<div class=\"elementor-element elementor-element-548dcf9 e-con-full e-flex e-con e-parent\" data-id=\"548dcf9\" data-element_type=\"container\">\n\t\t\t\t<div class=\"elementor-element elementor-element-ff1c642 elementor-widget-mobile__width-inherit elementor-widget-tablet__width-inherit elementor-widget elementor-widget-otaru_core_section_title\" data-id=\"ff1c642\" data-element_type=\"widget\" data-widget_type=\"otaru_core_section_title.default\">\n\t\t\t\t<div class=\"elementor-widget-container\">\n\t\t\t\t\t<div class=\"qodef-shortcode qodef-m  qodef-section-title qodef-alignment--left qodef-title-break--disabled  \">\n\t\t\t<h2 class=\"qodef-m-title\" >\n\t\tProductos relacionados\t\t<\/h2>\n\t\t<\/div>\n\t\t\t\t<\/div>\n\t\t\t\t<\/div>\n\t\t\t\t<div class=\"elementor-element elementor-element-16945db elementor-widget elementor-widget-qi_addons_for_elementor_product_list\" data-id=\"16945db\" data-element_type=\"widget\" data-widget_type=\"qi_addons_for_elementor_product_list.default\">\n\t\t\t\t<div class=\"elementor-widget-container\">\n\t\t\t\t\t<div class=\"qodef-shortcode qodef-m qodef-addons-woo-shortcode qodef-qi-woo-shortcode-product-list qodef-item-layout--info-below-with-hover qodef-image--hover-zoom qodef-qi-grid qodef-layout--qi-columns qodef-col-num--2 qodef-item-layout--info-below-with-hover qodef-responsive--predefined\" >\n\t<div class=\"qodef-grid-inner\">\n\t\t<div class=\"qodef-e qodef-grid-item product type-product post-12264 status-publish first instock product_cat-altavoces product_tag-ps-series-es has-post-thumbnail shipping-taxable product-type-simple\">\n\t<div class=\"qodef-e-product-inner\">\n\t\t\t\t\t<div class=\"qodef-e-product-image\">\n\t\t\t\t\t\t\t\t\t<div class=\"qodef-e-product-image-holder\">\n\t\t\t\t\t<img fetchpriority=\"high\" decoding=\"async\" width=\"1000\" height=\"1200\" src=\"https:\/\/www.aplicacionsaudiovisuals.com\/wp-content\/uploads\/2025\/03\/PS-1.jpg\" class=\"attachment-full size-full\" alt=\"PS 1 Seeburg\" srcset=\"https:\/\/www.aplicacionsaudiovisuals.com\/wp-content\/uploads\/2025\/03\/PS-1.jpg 1000w, https:\/\/www.aplicacionsaudiovisuals.com\/wp-content\/uploads\/2025\/03\/PS-1-250x300.jpg 250w, https:\/\/www.aplicacionsaudiovisuals.com\/wp-content\/uploads\/2025\/03\/PS-1-853x1024.jpg 853w, https:\/\/www.aplicacionsaudiovisuals.com\/wp-content\/uploads\/2025\/03\/PS-1-768x922.jpg 768w, https:\/\/www.aplicacionsaudiovisuals.com\/wp-content\/uploads\/2025\/03\/PS-1-300x360.jpg 300w, https:\/\/www.aplicacionsaudiovisuals.com\/wp-content\/uploads\/2025\/03\/PS-1-600x720.jpg 600w\" sizes=\"(max-width: 1000px) 100vw, 1000px\" \/>\t\t\t\t<\/div>\n\t\t\t\t<div class=\"qodef-e-product-image-inner\">\n\t\t\t\t\t<a href=\"https:\/\/www.aplicacionsaudiovisuals.com\/es\/producto\/altavoces\/ps-1\/\" class=\"woocommerce-LoopProduct-link woocommerce-loop-product__link\"><\/a>\t\t\t\t\t<a class=\"qodef-shortcode qodef-m button product_type_simple qodef-qi-button qodef-html--link qodef-layout--filled qodef-type--standard qodef-icon--right qodef-hover--icon-move-horizontal-short\" href=\"https:\/\/www.aplicacionsaudiovisuals.com\/es\/producto\/altavoces\/ps-1\/\" target=\"_self\" data-product_id=\"12264\" data-product_sku=\"00780\" aria-label=\"Lee m\u00e1s sobre \u201cPS 1\u201d\" rel=\"nofollow\" data-quantity=\"1\">\t<span class=\"qodef-m-text\">Leer m\u00e1s<\/span>\t<\/a>\t\t\t\t<\/div>\n\t\t\t<\/div>\n\t\t\t\t<div class=\"qodef-e-product-content\">\n\t\t\t<div class=\"qodef-e-product-heading\">\n\t\t\t\t<h4 itemprop=\"name\" class=\"qodef-e-product-title qodef-e-title entry-title\">\n\t<a itemprop=\"url\" class=\"qodef-e-product-title-link\" href=\"https:\/\/www.aplicacionsaudiovisuals.com\/es\/producto\/altavoces\/ps-1\/\">\n\t\tPS 1\t<\/a>\n<\/h4>\n\t\t\t\t\t\t\t<\/div>\n\t\t\t\t<div class=\"qodef-e-product-categories\"><a href=\"https:\/\/www.aplicacionsaudiovisuals.com\/es\/categoria-producto\/altavoces\/\" rel=\"tag\">Altavoces<\/a><\/div>\n\t\t\t\t\t\t\t\t<\/div>\n\t<\/div>\n<\/div>\n\t<\/div>\n\t<\/div>\n\t\t\t\t<\/div>\n\t\t\t\t<\/div>\n\t\t\t\t<\/div>\n\t\t\t\t<\/div>\n\t\t","protected":false},"excerpt":{"rendered":"<p>Subwoofer de alto rendimiento para los sistemas de cuerno de la serie PS y uso universal. El PS Sub trabaja con un principio de carga novedoso y sofisticado, que, adem\u00e1s de un amplio rango de frecuencias utilizable, proporciona un alto grado de eficiencia y una reproducci\u00f3n inusualmente precisa y clara desde 28 Hz hacia arriba.<\/p>\n<p>El transductor de neodimio de 21 pulgadas con bobina de larga excursi\u00f3n de 4,5 pulgadas se enfr\u00eda de forma muy efectiva por el dise\u00f1o del recinto y, por tanto, puede procesar una alta potencia continua durante horas.<\/p>\n<p>&nbsp;<\/p>\n[otaru_core_button button_layout=\"filled\" text=\"Ficha t\u00e9cnica PS Sub\" link=\"https:\/\/www.aplicacionsaudiovisuals.com\/wp-content\/uploads\/2025\/03\/PS-Sub_Datasheet_en.pdf\" target=\"_blank\" _transform_keep_proportions=\"yes\" _transform_keep_proportions_hover=\"yes\"]\n","protected":false},"featured_media":11835,"template":"","meta":[],"product_brand":[],"product_cat":[138],"product_tag":[152],"class_list":{"0":"post-12284","1":"product","2":"type-product","3":"status-publish","4":"has-post-thumbnail","6":"product_cat-altavoces","7":"product_tag-ps-series-es","8":"pa_altaveus-seeburg-ps-series-es","9":"pa_marca-seeburg-es","11":"","12":"instock","13":"shipping-taxable","14":"product-type-simple"},"yoast_head":"<!-- This site is optimized with the Yoast SEO plugin v24.9 - https:\/\/yoast.com\/wordpress\/plugins\/seo\/ -->\n<title>PS Sub - Aplicacions Audiovisuals<\/title>\n<meta name=\"description\" content=\"Subwoofer de alto rendimiento para los sistemas de cuerno de la serie PS y uso universal. El PS Sub trabaja con un principio de carga novedoso y sofisticado.\" \/>\n<meta name=\"robots\" content=\"index, follow, max-snippet:-1, max-image-preview:large, max-video-preview:-1\" \/>\n<link rel=\"canonical\" href=\"https:\/\/www.aplicacionsaudiovisuals.com\/es\/producto\/altavoces\/ps-sub\/\" \/>\n<meta property=\"og:locale\" content=\"es_ES\" \/>\n<meta property=\"og:type\" content=\"article\" \/>\n<meta property=\"og:title\" content=\"PS Sub - Aplicacions Audiovisuals\" \/>\n<meta property=\"og:description\" content=\"Subwoofer de alto rendimiento para los sistemas de cuerno de la serie PS y uso universal. El PS Sub trabaja con un principio de carga novedoso y sofisticado.\" \/>\n<meta property=\"og:url\" content=\"https:\/\/www.aplicacionsaudiovisuals.com\/es\/producto\/altavoces\/ps-sub\/\" \/>\n<meta property=\"og:site_name\" content=\"Aplicacions Audiovisuals\" \/>\n<meta property=\"article:publisher\" content=\"https:\/\/www.facebook.com\/aplicacionsaudiovisuals\" \/>\n<meta property=\"article:modified_time\" content=\"2025-04-25T12:52:28+00:00\" \/>\n<meta property=\"og:image\" content=\"https:\/\/www.aplicacionsaudiovisuals.com\/wp-content\/uploads\/2025\/03\/PS-Sub.jpg\" \/>\n\t<meta property=\"og:image:width\" content=\"1000\" \/>\n\t<meta property=\"og:image:height\" content=\"1200\" \/>\n\t<meta property=\"og:image:type\" content=\"image\/jpeg\" \/>\n<meta name=\"twitter:card\" content=\"summary_large_image\" \/>\n<meta name=\"twitter:label1\" content=\"Tiempo de lectura\" \/>\n\t<meta name=\"twitter:data1\" content=\"2 minutos\" \/>\n<script type=\"application\/ld+json\" class=\"yoast-schema-graph\">{\"@context\":\"https:\/\/schema.org\",\"@graph\":[{\"@type\":\"WebPage\",\"@id\":\"https:\/\/www.aplicacionsaudiovisuals.com\/es\/producto\/altavoces\/ps-sub\/\",\"url\":\"https:\/\/www.aplicacionsaudiovisuals.com\/es\/producto\/altavoces\/ps-sub\/\",\"name\":\"PS Sub - Aplicacions Audiovisuals\",\"isPartOf\":{\"@id\":\"https:\/\/www.aplicacionsaudiovisuals.com\/es\/#website\"},\"primaryImageOfPage\":{\"@id\":\"https:\/\/www.aplicacionsaudiovisuals.com\/es\/producto\/altavoces\/ps-sub\/#primaryimage\"},\"image\":{\"@id\":\"https:\/\/www.aplicacionsaudiovisuals.com\/es\/producto\/altavoces\/ps-sub\/#primaryimage\"},\"thumbnailUrl\":\"https:\/\/www.aplicacionsaudiovisuals.com\/wp-content\/uploads\/2025\/03\/PS-Sub.jpg\",\"datePublished\":\"2025-03-03T14:27:43+00:00\",\"dateModified\":\"2025-04-25T12:52:28+00:00\",\"description\":\"Subwoofer de alto rendimiento para los sistemas de cuerno de la serie PS y uso universal. El PS Sub trabaja con un principio de carga novedoso y sofisticado.\",\"breadcrumb\":{\"@id\":\"https:\/\/www.aplicacionsaudiovisuals.com\/es\/producto\/altavoces\/ps-sub\/#breadcrumb\"},\"inLanguage\":\"es\",\"potentialAction\":[{\"@type\":\"ReadAction\",\"target\":[\"https:\/\/www.aplicacionsaudiovisuals.com\/es\/producto\/altavoces\/ps-sub\/\"]}]},{\"@type\":\"ImageObject\",\"inLanguage\":\"es\",\"@id\":\"https:\/\/www.aplicacionsaudiovisuals.com\/es\/producto\/altavoces\/ps-sub\/#primaryimage\",\"url\":\"https:\/\/www.aplicacionsaudiovisuals.com\/wp-content\/uploads\/2025\/03\/PS-Sub.jpg\",\"contentUrl\":\"https:\/\/www.aplicacionsaudiovisuals.com\/wp-content\/uploads\/2025\/03\/PS-Sub.jpg\",\"width\":1000,\"height\":1200,\"caption\":\"PS Sub Seeburg\"},{\"@type\":\"BreadcrumbList\",\"@id\":\"https:\/\/www.aplicacionsaudiovisuals.com\/es\/producto\/altavoces\/ps-sub\/#breadcrumb\",\"itemListElement\":[{\"@type\":\"ListItem\",\"position\":1,\"name\":\"Inici\",\"item\":\"https:\/\/www.aplicacionsaudiovisuals.com\/es\/\"},{\"@type\":\"ListItem\",\"position\":2,\"name\":\"Cat\u00e1logo\",\"item\":\"https:\/\/www.aplicacionsaudiovisuals.com\/es\/catalogo\/\"},{\"@type\":\"ListItem\",\"position\":3,\"name\":\"PS Sub\"}]},{\"@type\":\"WebSite\",\"@id\":\"https:\/\/www.aplicacionsaudiovisuals.com\/es\/#website\",\"url\":\"https:\/\/www.aplicacionsaudiovisuals.com\/es\/\",\"name\":\"Aplicacions Audiovisuals\",\"description\":\"Projectes de condicionament ac\u00fastic\",\"publisher\":{\"@id\":\"https:\/\/www.aplicacionsaudiovisuals.com\/es\/#organization\"},\"alternateName\":\"Aplicacions Audiovisuals\",\"potentialAction\":[{\"@type\":\"SearchAction\",\"target\":{\"@type\":\"EntryPoint\",\"urlTemplate\":\"https:\/\/www.aplicacionsaudiovisuals.com\/es\/?s={search_term_string}\"},\"query-input\":{\"@type\":\"PropertyValueSpecification\",\"valueRequired\":true,\"valueName\":\"search_term_string\"}}],\"inLanguage\":\"es\"},{\"@type\":\"Organization\",\"@id\":\"https:\/\/www.aplicacionsaudiovisuals.com\/es\/#organization\",\"name\":\"Aplicacions Audiovisuals\",\"url\":\"https:\/\/www.aplicacionsaudiovisuals.com\/es\/\",\"logo\":{\"@type\":\"ImageObject\",\"inLanguage\":\"es\",\"@id\":\"https:\/\/www.aplicacionsaudiovisuals.com\/es\/#\/schema\/logo\/image\/\",\"url\":\"https:\/\/www.aplicacionsaudiovisuals.com\/wp-content\/uploads\/2025\/03\/aplicacions-audiovisuals-logo-negre.png\",\"contentUrl\":\"https:\/\/www.aplicacionsaudiovisuals.com\/wp-content\/uploads\/2025\/03\/aplicacions-audiovisuals-logo-negre.png\",\"width\":500,\"height\":195,\"caption\":\"Aplicacions Audiovisuals\"},\"image\":{\"@id\":\"https:\/\/www.aplicacionsaudiovisuals.com\/es\/#\/schema\/logo\/image\/\"},\"sameAs\":[\"https:\/\/www.facebook.com\/aplicacionsaudiovisuals\"]}]}<\/script>\n<!-- \/ Yoast SEO plugin. -->","yoast_head_json":{"title":"PS Sub - Aplicacions Audiovisuals","description":"Subwoofer de alto rendimiento para los sistemas de cuerno de la serie PS y uso universal. El PS Sub trabaja con un principio de carga novedoso y sofisticado.","robots":{"index":"index","follow":"follow","max-snippet":"max-snippet:-1","max-image-preview":"max-image-preview:large","max-video-preview":"max-video-preview:-1"},"canonical":"https:\/\/www.aplicacionsaudiovisuals.com\/es\/producto\/altavoces\/ps-sub\/","og_locale":"es_ES","og_type":"article","og_title":"PS Sub - Aplicacions Audiovisuals","og_description":"Subwoofer de alto rendimiento para los sistemas de cuerno de la serie PS y uso universal. El PS Sub trabaja con un principio de carga novedoso y sofisticado.","og_url":"https:\/\/www.aplicacionsaudiovisuals.com\/es\/producto\/altavoces\/ps-sub\/","og_site_name":"Aplicacions Audiovisuals","article_publisher":"https:\/\/www.facebook.com\/aplicacionsaudiovisuals","article_modified_time":"2025-04-25T12:52:28+00:00","og_image":[{"width":1000,"height":1200,"url":"https:\/\/www.aplicacionsaudiovisuals.com\/wp-content\/uploads\/2025\/03\/PS-Sub.jpg","type":"image\/jpeg"}],"twitter_card":"summary_large_image","twitter_misc":{"Tiempo de lectura":"2 minutos"},"schema":{"@context":"https:\/\/schema.org","@graph":[{"@type":"WebPage","@id":"https:\/\/www.aplicacionsaudiovisuals.com\/es\/producto\/altavoces\/ps-sub\/","url":"https:\/\/www.aplicacionsaudiovisuals.com\/es\/producto\/altavoces\/ps-sub\/","name":"PS Sub - Aplicacions Audiovisuals","isPartOf":{"@id":"https:\/\/www.aplicacionsaudiovisuals.com\/es\/#website"},"primaryImageOfPage":{"@id":"https:\/\/www.aplicacionsaudiovisuals.com\/es\/producto\/altavoces\/ps-sub\/#primaryimage"},"image":{"@id":"https:\/\/www.aplicacionsaudiovisuals.com\/es\/producto\/altavoces\/ps-sub\/#primaryimage"},"thumbnailUrl":"https:\/\/www.aplicacionsaudiovisuals.com\/wp-content\/uploads\/2025\/03\/PS-Sub.jpg","datePublished":"2025-03-03T14:27:43+00:00","dateModified":"2025-04-25T12:52:28+00:00","description":"Subwoofer de alto rendimiento para los sistemas de cuerno de la serie PS y uso universal. El PS Sub trabaja con un principio de carga novedoso y sofisticado.","breadcrumb":{"@id":"https:\/\/www.aplicacionsaudiovisuals.com\/es\/producto\/altavoces\/ps-sub\/#breadcrumb"},"inLanguage":"es","potentialAction":[{"@type":"ReadAction","target":["https:\/\/www.aplicacionsaudiovisuals.com\/es\/producto\/altavoces\/ps-sub\/"]}]},{"@type":"ImageObject","inLanguage":"es","@id":"https:\/\/www.aplicacionsaudiovisuals.com\/es\/producto\/altavoces\/ps-sub\/#primaryimage","url":"https:\/\/www.aplicacionsaudiovisuals.com\/wp-content\/uploads\/2025\/03\/PS-Sub.jpg","contentUrl":"https:\/\/www.aplicacionsaudiovisuals.com\/wp-content\/uploads\/2025\/03\/PS-Sub.jpg","width":1000,"height":1200,"caption":"PS Sub Seeburg"},{"@type":"BreadcrumbList","@id":"https:\/\/www.aplicacionsaudiovisuals.com\/es\/producto\/altavoces\/ps-sub\/#breadcrumb","itemListElement":[{"@type":"ListItem","position":1,"name":"Inici","item":"https:\/\/www.aplicacionsaudiovisuals.com\/es\/"},{"@type":"ListItem","position":2,"name":"Cat\u00e1logo","item":"https:\/\/www.aplicacionsaudiovisuals.com\/es\/catalogo\/"},{"@type":"ListItem","position":3,"name":"PS Sub"}]},{"@type":"WebSite","@id":"https:\/\/www.aplicacionsaudiovisuals.com\/es\/#website","url":"https:\/\/www.aplicacionsaudiovisuals.com\/es\/","name":"Aplicacions Audiovisuals","description":"Projectes de condicionament ac\u00fastic","publisher":{"@id":"https:\/\/www.aplicacionsaudiovisuals.com\/es\/#organization"},"alternateName":"Aplicacions Audiovisuals","potentialAction":[{"@type":"SearchAction","target":{"@type":"EntryPoint","urlTemplate":"https:\/\/www.aplicacionsaudiovisuals.com\/es\/?s={search_term_string}"},"query-input":{"@type":"PropertyValueSpecification","valueRequired":true,"valueName":"search_term_string"}}],"inLanguage":"es"},{"@type":"Organization","@id":"https:\/\/www.aplicacionsaudiovisuals.com\/es\/#organization","name":"Aplicacions Audiovisuals","url":"https:\/\/www.aplicacionsaudiovisuals.com\/es\/","logo":{"@type":"ImageObject","inLanguage":"es","@id":"https:\/\/www.aplicacionsaudiovisuals.com\/es\/#\/schema\/logo\/image\/","url":"https:\/\/www.aplicacionsaudiovisuals.com\/wp-content\/uploads\/2025\/03\/aplicacions-audiovisuals-logo-negre.png","contentUrl":"https:\/\/www.aplicacionsaudiovisuals.com\/wp-content\/uploads\/2025\/03\/aplicacions-audiovisuals-logo-negre.png","width":500,"height":195,"caption":"Aplicacions Audiovisuals"},"image":{"@id":"https:\/\/www.aplicacionsaudiovisuals.com\/es\/#\/schema\/logo\/image\/"},"sameAs":["https:\/\/www.facebook.com\/aplicacionsaudiovisuals"]}]}},"_links":{"self":[{"href":"https:\/\/www.aplicacionsaudiovisuals.com\/es\/wp-json\/wp\/v2\/product\/12284","targetHints":{"allow":["GET"]}}],"collection":[{"href":"https:\/\/www.aplicacionsaudiovisuals.com\/es\/wp-json\/wp\/v2\/product"}],"about":[{"href":"https:\/\/www.aplicacionsaudiovisuals.com\/es\/wp-json\/wp\/v2\/types\/product"}],"version-history":[{"count":6,"href":"https:\/\/www.aplicacionsaudiovisuals.com\/es\/wp-json\/wp\/v2\/product\/12284\/revisions"}],"predecessor-version":[{"id":12300,"href":"https:\/\/www.aplicacionsaudiovisuals.com\/es\/wp-json\/wp\/v2\/product\/12284\/revisions\/12300"}],"wp:featuredmedia":[{"embeddable":true,"href":"https:\/\/www.aplicacionsaudiovisuals.com\/es\/wp-json\/wp\/v2\/media\/11835"}],"wp:attachment":[{"href":"https:\/\/www.aplicacionsaudiovisuals.com\/es\/wp-json\/wp\/v2\/media?parent=12284"}],"wp:term":[{"taxonomy":"product_brand","embeddable":true,"href":"https:\/\/www.aplicacionsaudiovisuals.com\/es\/wp-json\/wp\/v2\/product_brand?post=12284"},{"taxonomy":"product_cat","embeddable":true,"href":"https:\/\/www.aplicacionsaudiovisuals.com\/es\/wp-json\/wp\/v2\/product_cat?post=12284"},{"taxonomy":"product_tag","embeddable":true,"href":"https:\/\/www.aplicacionsaudiovisuals.com\/es\/wp-json\/wp\/v2\/product_tag?post=12284"}],"curies":[{"name":"wp","href":"https:\/\/api.w.org\/{rel}","templated":true}]}}