{"id":12167,"date":"2025-03-03T11:14:47","date_gmt":"2025-03-03T10:14:47","guid":{"rendered":"https:\/\/www.aplicacionsaudiovisuals.com\/product\/sin%20categor\u00eda\/a6\/"},"modified":"2025-04-23T16:37:00","modified_gmt":"2025-04-23T14:37:00","slug":"a6","status":"publish","type":"product","link":"https:\/\/www.aplicacionsaudiovisuals.com\/es\/producto\/altavoces\/a6\/","title":{"rendered":"A6"},"content":{"rendered":"\t\t<div data-elementor-type=\"wp-post\" data-elementor-id=\"12167\" class=\"elementor elementor-12167 elementor-9762\">\n\t\t\t\t<div class=\"elementor-element elementor-element-beb5276 e-con-full e-flex e-con e-parent\" data-id=\"beb5276\" data-element_type=\"container\">\n\t\t\t\t<div class=\"elementor-element elementor-element-9b5c9a5 elementor-widget elementor-widget-text-editor\" data-id=\"9b5c9a5\" data-element_type=\"widget\" data-widget_type=\"text-editor.default\">\n\t\t\t\t<div class=\"elementor-widget-container\">\n\t\t\t\t\t\t\t\t\t<p data-sourcepos=\"3:1-3:313\">Gabinete multifuncional de 12&#8243; Nd\/1&#8243; con una reproducci\u00f3n de sonido muy lineal. Igualmente adecuado para uso como unidad de rango completo\/Hi-Mid de alta calidad o en aplicaciones de monitor. El cuerno giratorio DPC (= Dual Pattern Control) de 1&#8243; mantiene una dispersi\u00f3n constante de 90\u00b0 x 60\u00b0 en un amplio rango de frecuencias.  <\/p><p data-sourcepos=\"5:1-5:176\">El A6 tambi\u00e9n est\u00e1 disponible en la versi\u00f3n dp con un amplificador integrado de 2 x 500 vatios controlado por DSP, y en la versi\u00f3n \u00abAF 6\u00bb optimizada para instalaciones permanentes.<\/p>\t\t\t\t\t\t\t\t<\/div>\n\t\t\t\t<\/div>\n\t\t\t\t<div class=\"elementor-element elementor-element-1e7b77b elementor-widget-mobile__width-inherit elementor-widget-tablet__width-inherit elementor-widget elementor-widget-otaru_core_section_title\" data-id=\"1e7b77b\" data-element_type=\"widget\" data-widget_type=\"otaru_core_section_title.default\">\n\t\t\t\t<div class=\"elementor-widget-container\">\n\t\t\t\t\t<div class=\"qodef-shortcode qodef-m  qodef-section-title qodef-alignment--left qodef-title-break--disabled  \">\n\t\t\t<h4 class=\"qodef-m-title\" >\n\t\tCaracter\u00edsticas:\t\t<\/h4>\n\t\t<\/div>\n\t\t\t\t<\/div>\n\t\t\t\t<\/div>\n\t\t\t\t<\/div>\n\t\t<div class=\"elementor-element elementor-element-3e53877 e-con-full e-flex e-con e-parent\" data-id=\"3e53877\" data-element_type=\"container\">\n\t\t<div class=\"elementor-element elementor-element-58f919f e-con-full e-flex e-con e-child\" data-id=\"58f919f\" data-element_type=\"container\">\n\t\t\t\t<div class=\"elementor-element elementor-element-a2d218d elementor-widget elementor-widget-text-editor\" data-id=\"a2d218d\" data-element_type=\"widget\" data-widget_type=\"text-editor.default\">\n\t\t\t\t<div class=\"elementor-widget-container\">\n\t\t\t\t\t\t\t\t\t<ul><li><strong>Componentes del altavoz:<\/strong> 12\u201c Nd \/ 1\u201c<\/li><li><strong>Descripci\u00f3n: <\/strong>Multi Purpose Sound System<\/li><li><strong>Potencia AES \/ pico:<\/strong> 500 W \/ 1500 W<\/li><li><strong>Conectores:<\/strong> 2 x entrada\/salida Speakon NL4MP &#8211; Codificaci\u00f3n: 1 +\/- HiMid, 2 +\/- loop thru<\/li><li><strong>Impedancia<\/strong> nominal: 8 \u03a9<\/li><li><strong>Intervalo \u00fatil:<\/strong> 60 Hz &#8211; 20 kHz (-6dB)<\/li><li><strong>Excursi\u00f3n de frecuencia de afinaci\u00f3n m\u00ednima:<\/strong> de 60 Hz<\/li><li><strong>Peso:<\/strong> 17 kg<\/li><li><strong>Medidas:<\/strong> altura x anchura x profundidad 60,6 x 36,0 x 34,0 cm<\/li><li><strong>Versiones:<\/strong> 00260\/II &#8211; 00260\/AF\/II (versi\u00f3n de instalaci\u00f3n)<\/li><\/ul>\t\t\t\t\t\t\t\t<\/div>\n\t\t\t\t<\/div>\n\t\t\t\t<\/div>\n\t\t\t\t<\/div>\n\t\t<div class=\"elementor-element elementor-element-a932d3c e-con-full e-flex e-con e-parent\" data-id=\"a932d3c\" data-element_type=\"container\">\n\t\t\t\t<div class=\"elementor-element elementor-element-c2ad2fe elementor-widget-mobile__width-inherit elementor-widget-tablet__width-inherit elementor-widget elementor-widget-otaru_core_section_title\" data-id=\"c2ad2fe\" data-element_type=\"widget\" data-widget_type=\"otaru_core_section_title.default\">\n\t\t\t\t<div class=\"elementor-widget-container\">\n\t\t\t\t\t<div class=\"qodef-shortcode qodef-m  qodef-section-title qodef-alignment--left qodef-title-break--disabled  \">\n\t\t\t<h4 class=\"qodef-m-title\" >\n\t\tAplicaciones:\t\t<\/h4>\n\t\t<\/div>\n\t\t\t\t<\/div>\n\t\t\t\t<\/div>\n\t\t\t\t<div class=\"elementor-element elementor-element-588d726 elementor-widget elementor-widget-text-editor\" data-id=\"588d726\" data-element_type=\"widget\" data-widget_type=\"text-editor.default\">\n\t\t\t\t<div class=\"elementor-widget-container\">\n\t\t\t\t\t\t\t\t\t<ul><li data-sourcepos=\"20:5-20:31\">Eventos en directo.<\/li><li data-sourcepos=\"21:5-21:44\">Instalaciones en clubs y discotecas.<\/li><li data-sourcepos=\"22:5-22:29\">Monitorizaci\u00f3n de escenario.<\/li><li data-sourcepos=\"23:5-24:0\">Aplicaciones AV.<\/li><\/ul>\t\t\t\t\t\t\t\t<\/div>\n\t\t\t\t<\/div>\n\t\t\t\t<\/div>\n\t\t<div class=\"elementor-element elementor-element-84caf5b e-con-full e-flex e-con e-parent\" data-id=\"84caf5b\" data-element_type=\"container\">\n\t\t\t\t<div class=\"elementor-element elementor-element-885637d elementor-widget-mobile__width-inherit elementor-widget-tablet__width-inherit elementor-widget elementor-widget-otaru_core_section_title\" data-id=\"885637d\" data-element_type=\"widget\" data-widget_type=\"otaru_core_section_title.default\">\n\t\t\t\t<div class=\"elementor-widget-container\">\n\t\t\t\t\t<div class=\"qodef-shortcode qodef-m  qodef-section-title qodef-alignment--left qodef-title-break--disabled  \">\n\t\t\t<h2 class=\"qodef-m-title\" >\n\t\tProductos relacionados\t\t<\/h2>\n\t\t<\/div>\n\t\t\t\t<\/div>\n\t\t\t\t<\/div>\n\t\t\t\t<div class=\"elementor-element elementor-element-c1088d9 elementor-widget elementor-widget-qi_addons_for_elementor_product_slider\" data-id=\"c1088d9\" data-element_type=\"widget\" data-widget_type=\"qi_addons_for_elementor_product_slider.default\">\n\t\t\t\t<div class=\"elementor-widget-container\">\n\t\t\t\t\t<div class=\"qodef-shortcode qodef-m qodef-addons-woo-shortcode qodef-qi-woo-shortcode-product-slider qodef-item-layout--info-below-with-hover qodef-image--hover-zoom qodef-qi-grid qodef-qi-swiper-container qodef-item-layout--info-below-with-hover\" data-options=\"{&quot;direction&quot;:&quot;horizontal&quot;,&quot;slidesPerView&quot;:&quot;3&quot;,&quot;spaceBetween&quot;:30,&quot;spaceBetweenTablet&quot;:30,&quot;spaceBetweenMobile&quot;:30,&quot;effect&quot;:&quot;&quot;,&quot;loop&quot;:true,&quot;autoplay&quot;:true,&quot;centeredSlides&quot;:false,&quot;speed&quot;:&quot;7000&quot;,&quot;speedAnimation&quot;:&quot;&quot;,&quot;outsideNavigation&quot;:&quot;no&quot;,&quot;outsidePagination&quot;:&quot;no&quot;,&quot;unique&quot;:&quot;1&quot;,&quot;partialValue&quot;:0,&quot;disablePartialValue&quot;:&quot;&quot;,&quot;parallax&quot;:&quot;no&quot;,&quot;customStages&quot;:true,&quot;slidesPerView1680&quot;:&quot;3&quot;,&quot;slidesPerView1440&quot;:&quot;3&quot;,&quot;slidesPerView1366&quot;:&quot;3&quot;,&quot;slidesPerView1024&quot;:&quot;2&quot;,&quot;slidesPerView768&quot;:&quot;2&quot;,&quot;slidesPerView680&quot;:&quot;1&quot;,&quot;slidesPerView480&quot;:&quot;1&quot;}\">\n\t<div class=\"swiper-wrapper\">\n\t\t<div class=\"qodef-e swiper-slide product type-product post-12144 status-publish first instock product_cat-altavoces product_tag-atelier-series-es has-post-thumbnail shipping-taxable product-type-simple\">\n\t<div class=\"qodef-e-product-inner\">\n\t\t\t\t\t<div class=\"qodef-e-product-image\">\n\t\t\t\t\t\t\t\t<div class=\"qodef-e-product-image-holder\">\n\t\t\t\t\t<img fetchpriority=\"high\" decoding=\"async\" width=\"1000\" height=\"1200\" src=\"https:\/\/www.aplicacionsaudiovisuals.com\/wp-content\/uploads\/2025\/03\/A-1-Multi-Media-Sound-System.jpg\" class=\"attachment-full size-full\" alt=\"A 1 Seeburg\" srcset=\"https:\/\/www.aplicacionsaudiovisuals.com\/wp-content\/uploads\/2025\/03\/A-1-Multi-Media-Sound-System.jpg 1000w, https:\/\/www.aplicacionsaudiovisuals.com\/wp-content\/uploads\/2025\/03\/A-1-Multi-Media-Sound-System-250x300.jpg 250w, https:\/\/www.aplicacionsaudiovisuals.com\/wp-content\/uploads\/2025\/03\/A-1-Multi-Media-Sound-System-853x1024.jpg 853w, https:\/\/www.aplicacionsaudiovisuals.com\/wp-content\/uploads\/2025\/03\/A-1-Multi-Media-Sound-System-768x922.jpg 768w, https:\/\/www.aplicacionsaudiovisuals.com\/wp-content\/uploads\/2025\/03\/A-1-Multi-Media-Sound-System-300x360.jpg 300w, https:\/\/www.aplicacionsaudiovisuals.com\/wp-content\/uploads\/2025\/03\/A-1-Multi-Media-Sound-System-600x720.jpg 600w\" sizes=\"(max-width: 1000px) 100vw, 1000px\" \/>\t\t\t\t<\/div>\n\t\t\t\t<div class=\"qodef-e-product-image-inner\">\n\t\t\t\t\t<a href=\"https:\/\/www.aplicacionsaudiovisuals.com\/es\/producto\/altavoces\/a1\/\" class=\"woocommerce-LoopProduct-link woocommerce-loop-product__link\"><\/a>\t\t\t\t\t<a class=\"qodef-shortcode qodef-m button product_type_simple qodef-qi-button qodef-html--link qodef-layout--filled qodef-type--standard qodef-icon--right qodef-hover--icon-move-horizontal-short\" href=\"https:\/\/www.aplicacionsaudiovisuals.com\/es\/producto\/altavoces\/a1\/\" target=\"_self\" data-product_id=\"12144\" data-product_sku=\"00210\" aria-label=\"Lee m\u00e1s sobre \u201cA1\u201d\" rel=\"nofollow\" data-quantity=\"1\">\t<span class=\"qodef-m-text\">Leer m\u00e1s<\/span>\t<\/a>\t\t\t\t<\/div>\n\t\t\t<\/div>\n\t\t\t\t<div class=\"qodef-e-product-content\">\n\t\t\t<div class=\"qodef-e-product-heading\">\n\t\t\t\t<h5 itemprop=\"name\" class=\"qodef-e-product-title qodef-e-title entry-title\">\n\t<a itemprop=\"url\" class=\"qodef-e-product-title-link\" href=\"https:\/\/www.aplicacionsaudiovisuals.com\/es\/producto\/altavoces\/a1\/\">\n\t\tA1\t<\/a>\n<\/h5>\n\t\t\t\t\t\t\t<\/div>\n\t\t\t\t<div class=\"qodef-e-product-categories\"><a href=\"https:\/\/www.aplicacionsaudiovisuals.com\/es\/categoria-producto\/altavoces\/\" rel=\"tag\">Altavoces<\/a><\/div>\n\t\t\t\t\t\t\t\t<\/div>\n\t<\/div>\n<\/div>\n\t<\/div>\n\t<\/div>\n\t\t\t\t<\/div>\n\t\t\t\t<\/div>\n\t\t\t\t<\/div>\n\t\t\t\t<\/div>\n\t\t","protected":false},"excerpt":{"rendered":"<p data-sourcepos=\"3:1-3:313\">Gabinete multifuncional de 12&#8243; Nd\/1&#8243; con una reproducci\u00f3n de sonido muy lineal. Igualmente adecuado para uso como unidad de rango completo\/Hi-Mid de alta calidad o en aplicaciones de monitor. El cuerno giratorio DPC (= Dual Pattern Control) de 1&#8243; mantiene una dispersi\u00f3n constante de 90\u00b0 x 60\u00b0 en un amplio rango de frecuencias.<\/p>\n<p data-sourcepos=\"5:1-5:176\">El A6 tambi\u00e9n est\u00e1 disponible en la versi\u00f3n dp con un amplificador integrado de 2 x 500 vatios controlado por DSP, y en la versi\u00f3n \u00abAF 6\u00bb optimizada para instalaciones permanentes.<\/p>\n<p>&nbsp;<\/p>\n[otaru_core_button button_layout=\"filled\" text=\"Ficha t\u00e9cnica A 6\" link=\"https:\/\/www.aplicacionsaudiovisuals.com\/wp-content\/uploads\/2025\/03\/A6_Datasheet_en.pdf\" target=\"_blank\" _transform_keep_proportions=\"yes\" _transform_keep_proportions_hover=\"yes\"]\n","protected":false},"featured_media":11730,"template":"","meta":[],"product_brand":[],"product_cat":[138],"product_tag":[144],"class_list":{"0":"post-12167","1":"product","2":"type-product","3":"status-publish","4":"has-post-thumbnail","6":"product_cat-altavoces","7":"product_tag-atelier-series-es","8":"pa_altaveus-seeburg-atelier-series-es","9":"pa_marca-seeburg-es","11":"","12":"instock","13":"shipping-taxable","14":"product-type-simple"},"yoast_head":"<!-- This site is optimized with the Yoast SEO plugin v24.9 - https:\/\/yoast.com\/wordpress\/plugins\/seo\/ -->\n<title>A6 - Aplicacions Audiovisuals<\/title>\n<meta name=\"description\" content=\"A6: Gabinete multifuncional de 12&quot; Nd\/1&quot; con una reproducci\u00f3n de sonido muy lineal. Igualmente adecuado para uso como unidad de rango completo\/Hi-Mid de alta calidad.\" \/>\n<meta name=\"robots\" content=\"index, follow, max-snippet:-1, max-image-preview:large, max-video-preview:-1\" \/>\n<link rel=\"canonical\" href=\"https:\/\/www.aplicacionsaudiovisuals.com\/es\/producto\/altavoces\/a6\/\" \/>\n<meta property=\"og:locale\" content=\"es_ES\" \/>\n<meta property=\"og:type\" content=\"article\" \/>\n<meta property=\"og:title\" content=\"A6 - Aplicacions Audiovisuals\" \/>\n<meta property=\"og:description\" content=\"A6: Gabinete multifuncional de 12&quot; Nd\/1&quot; con una reproducci\u00f3n de sonido muy lineal. Igualmente adecuado para uso como unidad de rango completo\/Hi-Mid de alta calidad.\" \/>\n<meta property=\"og:url\" content=\"https:\/\/www.aplicacionsaudiovisuals.com\/es\/producto\/altavoces\/a6\/\" \/>\n<meta property=\"og:site_name\" content=\"Aplicacions Audiovisuals\" \/>\n<meta property=\"article:publisher\" content=\"https:\/\/www.facebook.com\/aplicacionsaudiovisuals\" \/>\n<meta property=\"article:modified_time\" content=\"2025-04-23T14:37:00+00:00\" \/>\n<meta property=\"og:image\" content=\"https:\/\/www.aplicacionsaudiovisuals.com\/wp-content\/uploads\/2025\/03\/A-6-Multi-Purpose-Sound-System.jpg\" \/>\n\t<meta property=\"og:image:width\" content=\"1000\" \/>\n\t<meta property=\"og:image:height\" content=\"1200\" \/>\n\t<meta property=\"og:image:type\" content=\"image\/jpeg\" \/>\n<meta name=\"twitter:card\" content=\"summary_large_image\" \/>\n<meta name=\"twitter:label1\" content=\"Tiempo de lectura\" \/>\n\t<meta name=\"twitter:data1\" content=\"3 minutos\" \/>\n<script type=\"application\/ld+json\" class=\"yoast-schema-graph\">{\"@context\":\"https:\/\/schema.org\",\"@graph\":[{\"@type\":\"WebPage\",\"@id\":\"https:\/\/www.aplicacionsaudiovisuals.com\/es\/producto\/altavoces\/a6\/\",\"url\":\"https:\/\/www.aplicacionsaudiovisuals.com\/es\/producto\/altavoces\/a6\/\",\"name\":\"A6 - Aplicacions Audiovisuals\",\"isPartOf\":{\"@id\":\"https:\/\/www.aplicacionsaudiovisuals.com\/es\/#website\"},\"primaryImageOfPage\":{\"@id\":\"https:\/\/www.aplicacionsaudiovisuals.com\/es\/producto\/altavoces\/a6\/#primaryimage\"},\"image\":{\"@id\":\"https:\/\/www.aplicacionsaudiovisuals.com\/es\/producto\/altavoces\/a6\/#primaryimage\"},\"thumbnailUrl\":\"https:\/\/www.aplicacionsaudiovisuals.com\/wp-content\/uploads\/2025\/03\/A-6-Multi-Purpose-Sound-System.jpg\",\"datePublished\":\"2025-03-03T10:14:47+00:00\",\"dateModified\":\"2025-04-23T14:37:00+00:00\",\"description\":\"A6: Gabinete multifuncional de 12\\\" Nd\/1\\\" con una reproducci\u00f3n de sonido muy lineal. Igualmente adecuado para uso como unidad de rango completo\/Hi-Mid de alta calidad.\",\"breadcrumb\":{\"@id\":\"https:\/\/www.aplicacionsaudiovisuals.com\/es\/producto\/altavoces\/a6\/#breadcrumb\"},\"inLanguage\":\"es\",\"potentialAction\":[{\"@type\":\"ReadAction\",\"target\":[\"https:\/\/www.aplicacionsaudiovisuals.com\/es\/producto\/altavoces\/a6\/\"]}]},{\"@type\":\"ImageObject\",\"inLanguage\":\"es\",\"@id\":\"https:\/\/www.aplicacionsaudiovisuals.com\/es\/producto\/altavoces\/a6\/#primaryimage\",\"url\":\"https:\/\/www.aplicacionsaudiovisuals.com\/wp-content\/uploads\/2025\/03\/A-6-Multi-Purpose-Sound-System.jpg\",\"contentUrl\":\"https:\/\/www.aplicacionsaudiovisuals.com\/wp-content\/uploads\/2025\/03\/A-6-Multi-Purpose-Sound-System.jpg\",\"width\":1000,\"height\":1200,\"caption\":\"A 6 Seeburg\"},{\"@type\":\"BreadcrumbList\",\"@id\":\"https:\/\/www.aplicacionsaudiovisuals.com\/es\/producto\/altavoces\/a6\/#breadcrumb\",\"itemListElement\":[{\"@type\":\"ListItem\",\"position\":1,\"name\":\"Inici\",\"item\":\"https:\/\/www.aplicacionsaudiovisuals.com\/es\/\"},{\"@type\":\"ListItem\",\"position\":2,\"name\":\"Cat\u00e1logo\",\"item\":\"https:\/\/www.aplicacionsaudiovisuals.com\/es\/catalogo\/\"},{\"@type\":\"ListItem\",\"position\":3,\"name\":\"A6\"}]},{\"@type\":\"WebSite\",\"@id\":\"https:\/\/www.aplicacionsaudiovisuals.com\/es\/#website\",\"url\":\"https:\/\/www.aplicacionsaudiovisuals.com\/es\/\",\"name\":\"Aplicacions Audiovisuals\",\"description\":\"Projectes de condicionament ac\u00fastic\",\"publisher\":{\"@id\":\"https:\/\/www.aplicacionsaudiovisuals.com\/es\/#organization\"},\"alternateName\":\"Aplicacions Audiovisuals\",\"potentialAction\":[{\"@type\":\"SearchAction\",\"target\":{\"@type\":\"EntryPoint\",\"urlTemplate\":\"https:\/\/www.aplicacionsaudiovisuals.com\/es\/?s={search_term_string}\"},\"query-input\":{\"@type\":\"PropertyValueSpecification\",\"valueRequired\":true,\"valueName\":\"search_term_string\"}}],\"inLanguage\":\"es\"},{\"@type\":\"Organization\",\"@id\":\"https:\/\/www.aplicacionsaudiovisuals.com\/es\/#organization\",\"name\":\"Aplicacions Audiovisuals\",\"url\":\"https:\/\/www.aplicacionsaudiovisuals.com\/es\/\",\"logo\":{\"@type\":\"ImageObject\",\"inLanguage\":\"es\",\"@id\":\"https:\/\/www.aplicacionsaudiovisuals.com\/es\/#\/schema\/logo\/image\/\",\"url\":\"https:\/\/www.aplicacionsaudiovisuals.com\/wp-content\/uploads\/2025\/03\/aplicacions-audiovisuals-logo-negre.png\",\"contentUrl\":\"https:\/\/www.aplicacionsaudiovisuals.com\/wp-content\/uploads\/2025\/03\/aplicacions-audiovisuals-logo-negre.png\",\"width\":500,\"height\":195,\"caption\":\"Aplicacions Audiovisuals\"},\"image\":{\"@id\":\"https:\/\/www.aplicacionsaudiovisuals.com\/es\/#\/schema\/logo\/image\/\"},\"sameAs\":[\"https:\/\/www.facebook.com\/aplicacionsaudiovisuals\"]}]}<\/script>\n<!-- \/ Yoast SEO plugin. -->","yoast_head_json":{"title":"A6 - Aplicacions Audiovisuals","description":"A6: Gabinete multifuncional de 12\" Nd\/1\" con una reproducci\u00f3n de sonido muy lineal. Igualmente adecuado para uso como unidad de rango completo\/Hi-Mid de alta calidad.","robots":{"index":"index","follow":"follow","max-snippet":"max-snippet:-1","max-image-preview":"max-image-preview:large","max-video-preview":"max-video-preview:-1"},"canonical":"https:\/\/www.aplicacionsaudiovisuals.com\/es\/producto\/altavoces\/a6\/","og_locale":"es_ES","og_type":"article","og_title":"A6 - Aplicacions Audiovisuals","og_description":"A6: Gabinete multifuncional de 12\" Nd\/1\" con una reproducci\u00f3n de sonido muy lineal. Igualmente adecuado para uso como unidad de rango completo\/Hi-Mid de alta calidad.","og_url":"https:\/\/www.aplicacionsaudiovisuals.com\/es\/producto\/altavoces\/a6\/","og_site_name":"Aplicacions Audiovisuals","article_publisher":"https:\/\/www.facebook.com\/aplicacionsaudiovisuals","article_modified_time":"2025-04-23T14:37:00+00:00","og_image":[{"width":1000,"height":1200,"url":"https:\/\/www.aplicacionsaudiovisuals.com\/wp-content\/uploads\/2025\/03\/A-6-Multi-Purpose-Sound-System.jpg","type":"image\/jpeg"}],"twitter_card":"summary_large_image","twitter_misc":{"Tiempo de lectura":"3 minutos"},"schema":{"@context":"https:\/\/schema.org","@graph":[{"@type":"WebPage","@id":"https:\/\/www.aplicacionsaudiovisuals.com\/es\/producto\/altavoces\/a6\/","url":"https:\/\/www.aplicacionsaudiovisuals.com\/es\/producto\/altavoces\/a6\/","name":"A6 - Aplicacions Audiovisuals","isPartOf":{"@id":"https:\/\/www.aplicacionsaudiovisuals.com\/es\/#website"},"primaryImageOfPage":{"@id":"https:\/\/www.aplicacionsaudiovisuals.com\/es\/producto\/altavoces\/a6\/#primaryimage"},"image":{"@id":"https:\/\/www.aplicacionsaudiovisuals.com\/es\/producto\/altavoces\/a6\/#primaryimage"},"thumbnailUrl":"https:\/\/www.aplicacionsaudiovisuals.com\/wp-content\/uploads\/2025\/03\/A-6-Multi-Purpose-Sound-System.jpg","datePublished":"2025-03-03T10:14:47+00:00","dateModified":"2025-04-23T14:37:00+00:00","description":"A6: Gabinete multifuncional de 12\" Nd\/1\" con una reproducci\u00f3n de sonido muy lineal. Igualmente adecuado para uso como unidad de rango completo\/Hi-Mid de alta calidad.","breadcrumb":{"@id":"https:\/\/www.aplicacionsaudiovisuals.com\/es\/producto\/altavoces\/a6\/#breadcrumb"},"inLanguage":"es","potentialAction":[{"@type":"ReadAction","target":["https:\/\/www.aplicacionsaudiovisuals.com\/es\/producto\/altavoces\/a6\/"]}]},{"@type":"ImageObject","inLanguage":"es","@id":"https:\/\/www.aplicacionsaudiovisuals.com\/es\/producto\/altavoces\/a6\/#primaryimage","url":"https:\/\/www.aplicacionsaudiovisuals.com\/wp-content\/uploads\/2025\/03\/A-6-Multi-Purpose-Sound-System.jpg","contentUrl":"https:\/\/www.aplicacionsaudiovisuals.com\/wp-content\/uploads\/2025\/03\/A-6-Multi-Purpose-Sound-System.jpg","width":1000,"height":1200,"caption":"A 6 Seeburg"},{"@type":"BreadcrumbList","@id":"https:\/\/www.aplicacionsaudiovisuals.com\/es\/producto\/altavoces\/a6\/#breadcrumb","itemListElement":[{"@type":"ListItem","position":1,"name":"Inici","item":"https:\/\/www.aplicacionsaudiovisuals.com\/es\/"},{"@type":"ListItem","position":2,"name":"Cat\u00e1logo","item":"https:\/\/www.aplicacionsaudiovisuals.com\/es\/catalogo\/"},{"@type":"ListItem","position":3,"name":"A6"}]},{"@type":"WebSite","@id":"https:\/\/www.aplicacionsaudiovisuals.com\/es\/#website","url":"https:\/\/www.aplicacionsaudiovisuals.com\/es\/","name":"Aplicacions Audiovisuals","description":"Projectes de condicionament ac\u00fastic","publisher":{"@id":"https:\/\/www.aplicacionsaudiovisuals.com\/es\/#organization"},"alternateName":"Aplicacions Audiovisuals","potentialAction":[{"@type":"SearchAction","target":{"@type":"EntryPoint","urlTemplate":"https:\/\/www.aplicacionsaudiovisuals.com\/es\/?s={search_term_string}"},"query-input":{"@type":"PropertyValueSpecification","valueRequired":true,"valueName":"search_term_string"}}],"inLanguage":"es"},{"@type":"Organization","@id":"https:\/\/www.aplicacionsaudiovisuals.com\/es\/#organization","name":"Aplicacions Audiovisuals","url":"https:\/\/www.aplicacionsaudiovisuals.com\/es\/","logo":{"@type":"ImageObject","inLanguage":"es","@id":"https:\/\/www.aplicacionsaudiovisuals.com\/es\/#\/schema\/logo\/image\/","url":"https:\/\/www.aplicacionsaudiovisuals.com\/wp-content\/uploads\/2025\/03\/aplicacions-audiovisuals-logo-negre.png","contentUrl":"https:\/\/www.aplicacionsaudiovisuals.com\/wp-content\/uploads\/2025\/03\/aplicacions-audiovisuals-logo-negre.png","width":500,"height":195,"caption":"Aplicacions Audiovisuals"},"image":{"@id":"https:\/\/www.aplicacionsaudiovisuals.com\/es\/#\/schema\/logo\/image\/"},"sameAs":["https:\/\/www.facebook.com\/aplicacionsaudiovisuals"]}]}},"_links":{"self":[{"href":"https:\/\/www.aplicacionsaudiovisuals.com\/es\/wp-json\/wp\/v2\/product\/12167","targetHints":{"allow":["GET"]}}],"collection":[{"href":"https:\/\/www.aplicacionsaudiovisuals.com\/es\/wp-json\/wp\/v2\/product"}],"about":[{"href":"https:\/\/www.aplicacionsaudiovisuals.com\/es\/wp-json\/wp\/v2\/types\/product"}],"version-history":[{"count":6,"href":"https:\/\/www.aplicacionsaudiovisuals.com\/es\/wp-json\/wp\/v2\/product\/12167\/revisions"}],"predecessor-version":[{"id":12232,"href":"https:\/\/www.aplicacionsaudiovisuals.com\/es\/wp-json\/wp\/v2\/product\/12167\/revisions\/12232"}],"wp:featuredmedia":[{"embeddable":true,"href":"https:\/\/www.aplicacionsaudiovisuals.com\/es\/wp-json\/wp\/v2\/media\/11730"}],"wp:attachment":[{"href":"https:\/\/www.aplicacionsaudiovisuals.com\/es\/wp-json\/wp\/v2\/media?parent=12167"}],"wp:term":[{"taxonomy":"product_brand","embeddable":true,"href":"https:\/\/www.aplicacionsaudiovisuals.com\/es\/wp-json\/wp\/v2\/product_brand?post=12167"},{"taxonomy":"product_cat","embeddable":true,"href":"https:\/\/www.aplicacionsaudiovisuals.com\/es\/wp-json\/wp\/v2\/product_cat?post=12167"},{"taxonomy":"product_tag","embeddable":true,"href":"https:\/\/www.aplicacionsaudiovisuals.com\/es\/wp-json\/wp\/v2\/product_tag?post=12167"}],"curies":[{"name":"wp","href":"https:\/\/api.w.org\/{rel}","templated":true}]}}