{"id":12021,"date":"2025-02-25T11:34:02","date_gmt":"2025-02-25T10:34:02","guid":{"rendered":"https:\/\/www.aplicacionsaudiovisuals.com\/product\/sin%20categor\u00eda\/ibeam\/"},"modified":"2025-04-23T16:25:45","modified_gmt":"2025-04-23T14:25:45","slug":"ibeam","status":"publish","type":"product","link":"https:\/\/www.aplicacionsaudiovisuals.com\/es\/producto\/altavoces\/ibeam\/","title":{"rendered":"iBeam"},"content":{"rendered":"\t\t<div data-elementor-type=\"wp-post\" data-elementor-id=\"12021\" class=\"elementor elementor-12021 elementor-8900\">\n\t\t\t\t<div class=\"elementor-element elementor-element-beb5276 e-con-full e-flex e-con e-parent\" data-id=\"beb5276\" data-element_type=\"container\">\n\t\t\t\t<div class=\"elementor-element elementor-element-9b5c9a5 elementor-widget elementor-widget-text-editor\" data-id=\"9b5c9a5\" data-element_type=\"widget\" data-widget_type=\"text-editor.default\">\n\t\t\t\t<div class=\"elementor-widget-container\">\n\t\t\t\t\t\t\t\t\t<p>Altavoz de fuente lineal con direcci\u00f3n de haz, con hasta 24 canales DSP y amplificadores. El sistema modular se basa en el iBeam Master, que contiene ocho altavoces de banda ancha de 3\u2033, la unidad de amplificador DSP y una fuente de alimentaci\u00f3n de alto rendimiento. <\/p><p>El sistema se expande con hasta dos iBeam Slaves, que s\u00f3lo contienen los transductores y amplificadores. El volumen de la caja relativamente grande garantiza una buena reproducci\u00f3n del habla sin subwoofer adicional. <\/p>\t\t\t\t\t\t\t\t<\/div>\n\t\t\t\t<\/div>\n\t\t\t\t<div class=\"elementor-element elementor-element-1e7b77b elementor-widget-mobile__width-inherit elementor-widget-tablet__width-inherit elementor-widget elementor-widget-otaru_core_section_title\" data-id=\"1e7b77b\" data-element_type=\"widget\" data-widget_type=\"otaru_core_section_title.default\">\n\t\t\t\t<div class=\"elementor-widget-container\">\n\t\t\t\t\t<div class=\"qodef-shortcode qodef-m  qodef-section-title qodef-alignment--left qodef-title-break--disabled  \">\n\t\t\t<h4 class=\"qodef-m-title\" >\n\t\tCaracter\u00edsticas:\t\t<\/h4>\n\t\t<\/div>\n\t\t\t\t<\/div>\n\t\t\t\t<\/div>\n\t\t\t\t<\/div>\n\t\t<div class=\"elementor-element elementor-element-3e53877 e-con-full e-flex e-con e-parent\" data-id=\"3e53877\" data-element_type=\"container\">\n\t\t<div class=\"elementor-element elementor-element-58f919f e-con-full e-flex e-con e-child\" data-id=\"58f919f\" data-element_type=\"container\">\n\t\t\t\t<div class=\"elementor-element elementor-element-a2d218d elementor-widget elementor-widget-text-editor\" data-id=\"a2d218d\" data-element_type=\"widget\" data-widget_type=\"text-editor.default\">\n\t\t\t\t<div class=\"elementor-widget-container\">\n\t\t\t\t\t\t\t\t\t<p><strong>Componentes de los altavoces<\/strong><\/p><ul><li>8 x 3&#8243; Nd&gt; M\u00e1ster<\/li><li>16 x 3&#8243; Nd&gt; Master + Slave<\/li><li>24 x 3&#8243; Nd&gt; Master + 2 x Slave<\/li><li>Slave: 8 x 3&#8243; Nd<\/li><\/ul><p><strong>Descripci\u00f3n<\/strong><\/p><ul><li>Sistema de columna DSP de direcci\u00f3n de haz activo de 24 v\u00edas con<\/li><li>Direcci\u00f3n de haz de array FIR (FABS)<\/li><li>Modo de optimizaci\u00f3n de mapeo (MOM)<\/li><\/ul><p><strong>Potencia del Amplificador AES<\/strong><\/p><ul><li>8 x 44 W RMS = 352 W&gt; M\u00e1ster<\/li><li>16 x 44 W RMS = 704 W&gt; Master + Slave<\/li><li>24 x 20 W RMS = 480 W&gt; Master + 2 x Slave<\/li><\/ul><p><strong>Fuente de Alimentaci\u00f3n<\/strong><\/p><ul><li>90-240 VAC<\/li><\/ul><p><strong>iBeam Master:<\/strong><br> 107,9 x 12,0 x 12,0 cm<br> Peso 11&#8217;8 Kg<\/p><p><strong>iBeam Slave:<\/strong><\/p><p>68,1 x 12,0 x 12,0 cm<br> Peso 6&#8217;6 Kg<\/p>\t\t\t\t\t\t\t\t<\/div>\n\t\t\t\t<\/div>\n\t\t\t\t<\/div>\n\t\t<div class=\"elementor-element elementor-element-329c92a e-con-full e-flex e-con e-child\" data-id=\"329c92a\" data-element_type=\"container\">\n\t\t\t\t<div class=\"elementor-element elementor-element-e279bc2 elementor-widget elementor-widget-qi_addons_for_elementor_image_gallery\" data-id=\"e279bc2\" data-element_type=\"widget\" data-widget_type=\"qi_addons_for_elementor_image_gallery.default\">\n\t\t\t\t<div class=\"elementor-widget-container\">\n\t\t\t\t\t<div class=\"qodef-shortcode qodef-m qodef-qi-image-gallery qodef-qi-fslightbox-popup qodef-popup-gallery qodef-image--hover-zoom qodef-qi-grid qodef-layout--qi-columns qodef-col-num--2 qodef-responsive--predefined\">\n\t<div class=\"qodef-grid-inner\">\n\t\t<div class=\"qodef-e qodef-image-wrapper qodef-grid-item\">\n\t<div class=\"qodef-e-inner\">\n\t\t\t\t\t<a class=\"qodef-popup-item\" itemprop=\"image\" href=\"https:\/\/www.aplicacionsaudiovisuals.com\/wp-content\/uploads\/2025\/02\/seeburg-iBeam-master.jpg\" data-type=\"image\" data-fslightbox=\"gallery-589\">\n\t\t\t\t\t<img fetchpriority=\"high\" decoding=\"async\" width=\"800\" height=\"1200\" src=\"https:\/\/www.aplicacionsaudiovisuals.com\/wp-content\/uploads\/2025\/02\/seeburg-iBeam-master.jpg\" class=\"attachment-full size-full\" alt=\"\" srcset=\"https:\/\/www.aplicacionsaudiovisuals.com\/wp-content\/uploads\/2025\/02\/seeburg-iBeam-master.jpg 800w, https:\/\/www.aplicacionsaudiovisuals.com\/wp-content\/uploads\/2025\/02\/seeburg-iBeam-master-200x300.jpg 200w, https:\/\/www.aplicacionsaudiovisuals.com\/wp-content\/uploads\/2025\/02\/seeburg-iBeam-master-683x1024.jpg 683w, https:\/\/www.aplicacionsaudiovisuals.com\/wp-content\/uploads\/2025\/02\/seeburg-iBeam-master-768x1152.jpg 768w, https:\/\/www.aplicacionsaudiovisuals.com\/wp-content\/uploads\/2025\/02\/seeburg-iBeam-master-300x450.jpg 300w, https:\/\/www.aplicacionsaudiovisuals.com\/wp-content\/uploads\/2025\/02\/seeburg-iBeam-master-600x900.jpg 600w\" sizes=\"(max-width: 800px) 100vw, 800px\" \/>\t\t\t\t\t<\/a>\n\t\t\t<\/div>\n<\/div>\n<div class=\"qodef-e qodef-image-wrapper qodef-grid-item\">\n\t<div class=\"qodef-e-inner\">\n\t\t\t\t\t<a class=\"qodef-popup-item\" itemprop=\"image\" href=\"https:\/\/www.aplicacionsaudiovisuals.com\/wp-content\/uploads\/2025\/02\/seeburg-iBeam-slave.jpg\" data-type=\"image\" data-fslightbox=\"gallery-589\">\n\t\t\t\t\t<img decoding=\"async\" width=\"800\" height=\"1200\" src=\"https:\/\/www.aplicacionsaudiovisuals.com\/wp-content\/uploads\/2025\/02\/seeburg-iBeam-slave.jpg\" class=\"attachment-full size-full\" alt=\"\" srcset=\"https:\/\/www.aplicacionsaudiovisuals.com\/wp-content\/uploads\/2025\/02\/seeburg-iBeam-slave.jpg 800w, https:\/\/www.aplicacionsaudiovisuals.com\/wp-content\/uploads\/2025\/02\/seeburg-iBeam-slave-200x300.jpg 200w, https:\/\/www.aplicacionsaudiovisuals.com\/wp-content\/uploads\/2025\/02\/seeburg-iBeam-slave-683x1024.jpg 683w, https:\/\/www.aplicacionsaudiovisuals.com\/wp-content\/uploads\/2025\/02\/seeburg-iBeam-slave-768x1152.jpg 768w, https:\/\/www.aplicacionsaudiovisuals.com\/wp-content\/uploads\/2025\/02\/seeburg-iBeam-slave-300x450.jpg 300w, https:\/\/www.aplicacionsaudiovisuals.com\/wp-content\/uploads\/2025\/02\/seeburg-iBeam-slave-600x900.jpg 600w\" sizes=\"(max-width: 800px) 100vw, 800px\" \/>\t\t\t\t\t<\/a>\n\t\t\t<\/div>\n<\/div>\n\t<\/div>\n<\/div>\n\t\t\t\t<\/div>\n\t\t\t\t<\/div>\n\t\t\t\t<\/div>\n\t\t\t\t<\/div>\n\t\t<div class=\"elementor-element elementor-element-f186207 e-con-full e-flex e-con e-parent\" data-id=\"f186207\" data-element_type=\"container\">\n\t\t\t\t<div class=\"elementor-element elementor-element-3ea48f2 elementor-widget-mobile__width-inherit elementor-widget-tablet__width-inherit elementor-widget elementor-widget-otaru_core_section_title\" data-id=\"3ea48f2\" data-element_type=\"widget\" data-widget_type=\"otaru_core_section_title.default\">\n\t\t\t\t<div class=\"elementor-widget-container\">\n\t\t\t\t\t<div class=\"qodef-shortcode qodef-m  qodef-section-title qodef-alignment--left qodef-title-break--disabled  \">\n\t\t\t<h4 class=\"qodef-m-title\" >\n\t\tAplicaciones:\t\t<\/h4>\n\t\t<p class=\"qodef-m-text\" style=\"margin-top: 20px;color: #B6B6B6\">Salas ac\u00fasticamente dif\u00edciles como aulas de conferencias, salas de conciertos, iglesias, salas de exposiciones y vest\u00edbulos, donde se requiere una reproducci\u00f3n muy uniforme y con baja retroalimentaci\u00f3n, a la vez que una apariencia discreta.<\/p>\n\t<\/div>\n\t\t\t\t<\/div>\n\t\t\t\t<\/div>\n\t\t\t\t<div class=\"elementor-element elementor-element-219cbdf elementor-widget elementor-widget-qi_addons_for_elementor_image_gallery\" data-id=\"219cbdf\" data-element_type=\"widget\" data-widget_type=\"qi_addons_for_elementor_image_gallery.default\">\n\t\t\t\t<div class=\"elementor-widget-container\">\n\t\t\t\t\t<div class=\"qodef-shortcode qodef-m qodef-qi-image-gallery qodef-qi-fslightbox-popup qodef-popup-gallery qodef-image--hover-zoom qodef-qi-grid qodef-layout--qi-columns qodef-col-num--3 qodef-responsive--custom qodef-col-num--1680--3 qodef-col-num--1440--3 qodef-col-num--1366--1 qodef-col-num--1024--1 qodef-col-num--768--1 qodef-col-num--680--1 qodef-col-num--480--1\">\n\t<div class=\"qodef-grid-inner\">\n\t\t<div class=\"qodef-e qodef-image-wrapper qodef-grid-item\">\n\t<div class=\"qodef-e-inner\">\n\t\t\t\t\t<a class=\"qodef-popup-item\" itemprop=\"image\" href=\"https:\/\/www.aplicacionsaudiovisuals.com\/wp-content\/uploads\/2025\/02\/seeburg-iBeam-aplicacions-001.jpg\" data-type=\"image\" data-fslightbox=\"gallery-872\">\n\t\t\t\t\t<img decoding=\"async\" width=\"1200\" height=\"863\" src=\"https:\/\/www.aplicacionsaudiovisuals.com\/wp-content\/uploads\/2025\/02\/seeburg-iBeam-aplicacions-001.jpg\" class=\"attachment-full size-full\" alt=\"\" srcset=\"https:\/\/www.aplicacionsaudiovisuals.com\/wp-content\/uploads\/2025\/02\/seeburg-iBeam-aplicacions-001.jpg 1200w, https:\/\/www.aplicacionsaudiovisuals.com\/wp-content\/uploads\/2025\/02\/seeburg-iBeam-aplicacions-001-300x216.jpg 300w, https:\/\/www.aplicacionsaudiovisuals.com\/wp-content\/uploads\/2025\/02\/seeburg-iBeam-aplicacions-001-1024x736.jpg 1024w, https:\/\/www.aplicacionsaudiovisuals.com\/wp-content\/uploads\/2025\/02\/seeburg-iBeam-aplicacions-001-768x552.jpg 768w, https:\/\/www.aplicacionsaudiovisuals.com\/wp-content\/uploads\/2025\/02\/seeburg-iBeam-aplicacions-001-600x432.jpg 600w\" sizes=\"(max-width: 1200px) 100vw, 1200px\" \/>\t\t\t\t\t<\/a>\n\t\t\t<\/div>\n<\/div>\n<div class=\"qodef-e qodef-image-wrapper qodef-grid-item\">\n\t<div class=\"qodef-e-inner\">\n\t\t\t\t\t<a class=\"qodef-popup-item\" itemprop=\"image\" href=\"https:\/\/www.aplicacionsaudiovisuals.com\/wp-content\/uploads\/2025\/02\/seeburg-iBeam-aplicacions-002.jpg\" data-type=\"image\" data-fslightbox=\"gallery-872\">\n\t\t\t\t\t<img loading=\"lazy\" decoding=\"async\" width=\"1200\" height=\"863\" src=\"https:\/\/www.aplicacionsaudiovisuals.com\/wp-content\/uploads\/2025\/02\/seeburg-iBeam-aplicacions-002.jpg\" class=\"attachment-full size-full\" alt=\"\" srcset=\"https:\/\/www.aplicacionsaudiovisuals.com\/wp-content\/uploads\/2025\/02\/seeburg-iBeam-aplicacions-002.jpg 1200w, https:\/\/www.aplicacionsaudiovisuals.com\/wp-content\/uploads\/2025\/02\/seeburg-iBeam-aplicacions-002-300x216.jpg 300w, https:\/\/www.aplicacionsaudiovisuals.com\/wp-content\/uploads\/2025\/02\/seeburg-iBeam-aplicacions-002-1024x736.jpg 1024w, https:\/\/www.aplicacionsaudiovisuals.com\/wp-content\/uploads\/2025\/02\/seeburg-iBeam-aplicacions-002-768x552.jpg 768w, https:\/\/www.aplicacionsaudiovisuals.com\/wp-content\/uploads\/2025\/02\/seeburg-iBeam-aplicacions-002-600x432.jpg 600w\" sizes=\"(max-width: 1200px) 100vw, 1200px\" \/>\t\t\t\t\t<\/a>\n\t\t\t<\/div>\n<\/div>\n<div class=\"qodef-e qodef-image-wrapper qodef-grid-item\">\n\t<div class=\"qodef-e-inner\">\n\t\t\t\t\t<a class=\"qodef-popup-item\" itemprop=\"image\" href=\"https:\/\/www.aplicacionsaudiovisuals.com\/wp-content\/uploads\/2025\/02\/seeburg-iBeam-aplicacions-003.jpg\" data-type=\"image\" data-fslightbox=\"gallery-872\">\n\t\t\t\t\t<img loading=\"lazy\" decoding=\"async\" width=\"1200\" height=\"863\" src=\"https:\/\/www.aplicacionsaudiovisuals.com\/wp-content\/uploads\/2025\/02\/seeburg-iBeam-aplicacions-003.jpg\" class=\"attachment-full size-full\" alt=\"\" srcset=\"https:\/\/www.aplicacionsaudiovisuals.com\/wp-content\/uploads\/2025\/02\/seeburg-iBeam-aplicacions-003.jpg 1200w, https:\/\/www.aplicacionsaudiovisuals.com\/wp-content\/uploads\/2025\/02\/seeburg-iBeam-aplicacions-003-300x216.jpg 300w, https:\/\/www.aplicacionsaudiovisuals.com\/wp-content\/uploads\/2025\/02\/seeburg-iBeam-aplicacions-003-1024x736.jpg 1024w, https:\/\/www.aplicacionsaudiovisuals.com\/wp-content\/uploads\/2025\/02\/seeburg-iBeam-aplicacions-003-768x552.jpg 768w, https:\/\/www.aplicacionsaudiovisuals.com\/wp-content\/uploads\/2025\/02\/seeburg-iBeam-aplicacions-003-600x432.jpg 600w\" sizes=\"(max-width: 1200px) 100vw, 1200px\" \/>\t\t\t\t\t<\/a>\n\t\t\t<\/div>\n<\/div>\n\t<\/div>\n<\/div>\n\t\t\t\t<\/div>\n\t\t\t\t<\/div>\n\t\t\t\t<\/div>\n\t\t\t\t<\/div>\n\t\t","protected":false},"excerpt":{"rendered":"<p>Altavoz de fuente lineal con direcci\u00f3n de haz, con hasta 24 canales DSP y amplificadores. El sistema modular se basa en el iBeam Master, que contiene ocho altavoces de banda ancha de 3&#8243;, la unidad de amplificador DSP y una fuente de alimentaci\u00f3n de alto rendimiento.<\/p>\n<p>El sistema se expande con hasta dos iBeam Slaves, que s\u00f3lo contienen los transductores y amplificadores. El volumen de la caja relativamente grande garantiza una buena reproducci\u00f3n del habla sin subwoofer adicional.<\/p>\n[otaru_core_button button_layout=\"filled\" text=\"Ficha t\u00e9cnica iBeam\" link=\"https:\/\/www.aplicacionsaudiovisuals.com\/wp-content\/uploads\/2025\/02\/iBeam_Datasheet_en.pdf\" target=\"_blank\" _transform_keep_proportions=\"yes\" _transform_keep_proportions_hover=\"yes\"]\n","protected":false},"featured_media":11491,"template":"","meta":[],"product_brand":[],"product_cat":[138],"product_tag":[157],"class_list":{"0":"post-12021","1":"product","2":"type-product","3":"status-publish","4":"has-post-thumbnail","6":"product_cat-altavoces","7":"product_tag-ibeam-es","8":"pa_altaveus-seeburg-ibeam-es","9":"pa_marca-seeburg-es","11":"first","12":"instock","13":"shipping-taxable","14":"product-type-simple"},"yoast_head":"<!-- This site is optimized with the Yoast SEO plugin v24.9 - https:\/\/yoast.com\/wordpress\/plugins\/seo\/ -->\n<title>iBeam - Aplicacions Audiovisuals<\/title>\n<meta name=\"description\" content=\"Altavoz de fuente lineal con direcci\u00f3n de haz, con hasta 24 canales DSP y amplificadores. El sistema modular se basa en el iBeam Master de la marca SEEBURG.\" \/>\n<meta name=\"robots\" content=\"index, follow, max-snippet:-1, max-image-preview:large, max-video-preview:-1\" \/>\n<link rel=\"canonical\" href=\"https:\/\/www.aplicacionsaudiovisuals.com\/es\/producto\/altavoces\/ibeam\/\" \/>\n<meta property=\"og:locale\" content=\"es_ES\" \/>\n<meta property=\"og:type\" content=\"article\" \/>\n<meta property=\"og:title\" content=\"iBeam - Aplicacions Audiovisuals\" \/>\n<meta property=\"og:description\" content=\"Altavoz de fuente lineal con direcci\u00f3n de haz, con hasta 24 canales DSP y amplificadores. El sistema modular se basa en el iBeam Master de la marca SEEBURG.\" \/>\n<meta property=\"og:url\" content=\"https:\/\/www.aplicacionsaudiovisuals.com\/es\/producto\/altavoces\/ibeam\/\" \/>\n<meta property=\"og:site_name\" content=\"Aplicacions Audiovisuals\" \/>\n<meta property=\"article:publisher\" content=\"https:\/\/www.facebook.com\/aplicacionsaudiovisuals\" \/>\n<meta property=\"article:modified_time\" content=\"2025-04-23T14:25:45+00:00\" \/>\n<meta property=\"og:image\" content=\"https:\/\/www.aplicacionsaudiovisuals.com\/wp-content\/uploads\/2025\/02\/seeburg-iBeam.jpg\" \/>\n\t<meta property=\"og:image:width\" content=\"1000\" \/>\n\t<meta property=\"og:image:height\" content=\"1200\" \/>\n\t<meta property=\"og:image:type\" content=\"image\/jpeg\" \/>\n<meta name=\"twitter:card\" content=\"summary_large_image\" \/>\n<meta name=\"twitter:label1\" content=\"Tiempo de lectura\" \/>\n\t<meta name=\"twitter:data1\" content=\"3 minutos\" \/>\n<script type=\"application\/ld+json\" class=\"yoast-schema-graph\">{\"@context\":\"https:\/\/schema.org\",\"@graph\":[{\"@type\":\"WebPage\",\"@id\":\"https:\/\/www.aplicacionsaudiovisuals.com\/es\/producto\/altavoces\/ibeam\/\",\"url\":\"https:\/\/www.aplicacionsaudiovisuals.com\/es\/producto\/altavoces\/ibeam\/\",\"name\":\"iBeam - Aplicacions Audiovisuals\",\"isPartOf\":{\"@id\":\"https:\/\/www.aplicacionsaudiovisuals.com\/es\/#website\"},\"primaryImageOfPage\":{\"@id\":\"https:\/\/www.aplicacionsaudiovisuals.com\/es\/producto\/altavoces\/ibeam\/#primaryimage\"},\"image\":{\"@id\":\"https:\/\/www.aplicacionsaudiovisuals.com\/es\/producto\/altavoces\/ibeam\/#primaryimage\"},\"thumbnailUrl\":\"https:\/\/www.aplicacionsaudiovisuals.com\/wp-content\/uploads\/2025\/02\/seeburg-iBeam.jpg\",\"datePublished\":\"2025-02-25T10:34:02+00:00\",\"dateModified\":\"2025-04-23T14:25:45+00:00\",\"description\":\"Altavoz de fuente lineal con direcci\u00f3n de haz, con hasta 24 canales DSP y amplificadores. El sistema modular se basa en el iBeam Master de la marca SEEBURG.\",\"breadcrumb\":{\"@id\":\"https:\/\/www.aplicacionsaudiovisuals.com\/es\/producto\/altavoces\/ibeam\/#breadcrumb\"},\"inLanguage\":\"es\",\"potentialAction\":[{\"@type\":\"ReadAction\",\"target\":[\"https:\/\/www.aplicacionsaudiovisuals.com\/es\/producto\/altavoces\/ibeam\/\"]}]},{\"@type\":\"ImageObject\",\"inLanguage\":\"es\",\"@id\":\"https:\/\/www.aplicacionsaudiovisuals.com\/es\/producto\/altavoces\/ibeam\/#primaryimage\",\"url\":\"https:\/\/www.aplicacionsaudiovisuals.com\/wp-content\/uploads\/2025\/02\/seeburg-iBeam.jpg\",\"contentUrl\":\"https:\/\/www.aplicacionsaudiovisuals.com\/wp-content\/uploads\/2025\/02\/seeburg-iBeam.jpg\",\"width\":1000,\"height\":1200,\"caption\":\"Sistema Modular iBeam\"},{\"@type\":\"BreadcrumbList\",\"@id\":\"https:\/\/www.aplicacionsaudiovisuals.com\/es\/producto\/altavoces\/ibeam\/#breadcrumb\",\"itemListElement\":[{\"@type\":\"ListItem\",\"position\":1,\"name\":\"Inici\",\"item\":\"https:\/\/www.aplicacionsaudiovisuals.com\/es\/\"},{\"@type\":\"ListItem\",\"position\":2,\"name\":\"Cat\u00e1logo\",\"item\":\"https:\/\/www.aplicacionsaudiovisuals.com\/es\/catalogo\/\"},{\"@type\":\"ListItem\",\"position\":3,\"name\":\"iBeam\"}]},{\"@type\":\"WebSite\",\"@id\":\"https:\/\/www.aplicacionsaudiovisuals.com\/es\/#website\",\"url\":\"https:\/\/www.aplicacionsaudiovisuals.com\/es\/\",\"name\":\"Aplicacions Audiovisuals\",\"description\":\"Projectes de condicionament ac\u00fastic\",\"publisher\":{\"@id\":\"https:\/\/www.aplicacionsaudiovisuals.com\/es\/#organization\"},\"alternateName\":\"Aplicacions Audiovisuals\",\"potentialAction\":[{\"@type\":\"SearchAction\",\"target\":{\"@type\":\"EntryPoint\",\"urlTemplate\":\"https:\/\/www.aplicacionsaudiovisuals.com\/es\/?s={search_term_string}\"},\"query-input\":{\"@type\":\"PropertyValueSpecification\",\"valueRequired\":true,\"valueName\":\"search_term_string\"}}],\"inLanguage\":\"es\"},{\"@type\":\"Organization\",\"@id\":\"https:\/\/www.aplicacionsaudiovisuals.com\/es\/#organization\",\"name\":\"Aplicacions Audiovisuals\",\"url\":\"https:\/\/www.aplicacionsaudiovisuals.com\/es\/\",\"logo\":{\"@type\":\"ImageObject\",\"inLanguage\":\"es\",\"@id\":\"https:\/\/www.aplicacionsaudiovisuals.com\/es\/#\/schema\/logo\/image\/\",\"url\":\"https:\/\/www.aplicacionsaudiovisuals.com\/wp-content\/uploads\/2025\/03\/aplicacions-audiovisuals-logo-negre.png\",\"contentUrl\":\"https:\/\/www.aplicacionsaudiovisuals.com\/wp-content\/uploads\/2025\/03\/aplicacions-audiovisuals-logo-negre.png\",\"width\":500,\"height\":195,\"caption\":\"Aplicacions Audiovisuals\"},\"image\":{\"@id\":\"https:\/\/www.aplicacionsaudiovisuals.com\/es\/#\/schema\/logo\/image\/\"},\"sameAs\":[\"https:\/\/www.facebook.com\/aplicacionsaudiovisuals\"]}]}<\/script>\n<!-- \/ Yoast SEO plugin. -->","yoast_head_json":{"title":"iBeam - Aplicacions Audiovisuals","description":"Altavoz de fuente lineal con direcci\u00f3n de haz, con hasta 24 canales DSP y amplificadores. El sistema modular se basa en el iBeam Master de la marca SEEBURG.","robots":{"index":"index","follow":"follow","max-snippet":"max-snippet:-1","max-image-preview":"max-image-preview:large","max-video-preview":"max-video-preview:-1"},"canonical":"https:\/\/www.aplicacionsaudiovisuals.com\/es\/producto\/altavoces\/ibeam\/","og_locale":"es_ES","og_type":"article","og_title":"iBeam - Aplicacions Audiovisuals","og_description":"Altavoz de fuente lineal con direcci\u00f3n de haz, con hasta 24 canales DSP y amplificadores. El sistema modular se basa en el iBeam Master de la marca SEEBURG.","og_url":"https:\/\/www.aplicacionsaudiovisuals.com\/es\/producto\/altavoces\/ibeam\/","og_site_name":"Aplicacions Audiovisuals","article_publisher":"https:\/\/www.facebook.com\/aplicacionsaudiovisuals","article_modified_time":"2025-04-23T14:25:45+00:00","og_image":[{"width":1000,"height":1200,"url":"https:\/\/www.aplicacionsaudiovisuals.com\/wp-content\/uploads\/2025\/02\/seeburg-iBeam.jpg","type":"image\/jpeg"}],"twitter_card":"summary_large_image","twitter_misc":{"Tiempo de lectura":"3 minutos"},"schema":{"@context":"https:\/\/schema.org","@graph":[{"@type":"WebPage","@id":"https:\/\/www.aplicacionsaudiovisuals.com\/es\/producto\/altavoces\/ibeam\/","url":"https:\/\/www.aplicacionsaudiovisuals.com\/es\/producto\/altavoces\/ibeam\/","name":"iBeam - Aplicacions Audiovisuals","isPartOf":{"@id":"https:\/\/www.aplicacionsaudiovisuals.com\/es\/#website"},"primaryImageOfPage":{"@id":"https:\/\/www.aplicacionsaudiovisuals.com\/es\/producto\/altavoces\/ibeam\/#primaryimage"},"image":{"@id":"https:\/\/www.aplicacionsaudiovisuals.com\/es\/producto\/altavoces\/ibeam\/#primaryimage"},"thumbnailUrl":"https:\/\/www.aplicacionsaudiovisuals.com\/wp-content\/uploads\/2025\/02\/seeburg-iBeam.jpg","datePublished":"2025-02-25T10:34:02+00:00","dateModified":"2025-04-23T14:25:45+00:00","description":"Altavoz de fuente lineal con direcci\u00f3n de haz, con hasta 24 canales DSP y amplificadores. El sistema modular se basa en el iBeam Master de la marca SEEBURG.","breadcrumb":{"@id":"https:\/\/www.aplicacionsaudiovisuals.com\/es\/producto\/altavoces\/ibeam\/#breadcrumb"},"inLanguage":"es","potentialAction":[{"@type":"ReadAction","target":["https:\/\/www.aplicacionsaudiovisuals.com\/es\/producto\/altavoces\/ibeam\/"]}]},{"@type":"ImageObject","inLanguage":"es","@id":"https:\/\/www.aplicacionsaudiovisuals.com\/es\/producto\/altavoces\/ibeam\/#primaryimage","url":"https:\/\/www.aplicacionsaudiovisuals.com\/wp-content\/uploads\/2025\/02\/seeburg-iBeam.jpg","contentUrl":"https:\/\/www.aplicacionsaudiovisuals.com\/wp-content\/uploads\/2025\/02\/seeburg-iBeam.jpg","width":1000,"height":1200,"caption":"Sistema Modular iBeam"},{"@type":"BreadcrumbList","@id":"https:\/\/www.aplicacionsaudiovisuals.com\/es\/producto\/altavoces\/ibeam\/#breadcrumb","itemListElement":[{"@type":"ListItem","position":1,"name":"Inici","item":"https:\/\/www.aplicacionsaudiovisuals.com\/es\/"},{"@type":"ListItem","position":2,"name":"Cat\u00e1logo","item":"https:\/\/www.aplicacionsaudiovisuals.com\/es\/catalogo\/"},{"@type":"ListItem","position":3,"name":"iBeam"}]},{"@type":"WebSite","@id":"https:\/\/www.aplicacionsaudiovisuals.com\/es\/#website","url":"https:\/\/www.aplicacionsaudiovisuals.com\/es\/","name":"Aplicacions Audiovisuals","description":"Projectes de condicionament ac\u00fastic","publisher":{"@id":"https:\/\/www.aplicacionsaudiovisuals.com\/es\/#organization"},"alternateName":"Aplicacions Audiovisuals","potentialAction":[{"@type":"SearchAction","target":{"@type":"EntryPoint","urlTemplate":"https:\/\/www.aplicacionsaudiovisuals.com\/es\/?s={search_term_string}"},"query-input":{"@type":"PropertyValueSpecification","valueRequired":true,"valueName":"search_term_string"}}],"inLanguage":"es"},{"@type":"Organization","@id":"https:\/\/www.aplicacionsaudiovisuals.com\/es\/#organization","name":"Aplicacions Audiovisuals","url":"https:\/\/www.aplicacionsaudiovisuals.com\/es\/","logo":{"@type":"ImageObject","inLanguage":"es","@id":"https:\/\/www.aplicacionsaudiovisuals.com\/es\/#\/schema\/logo\/image\/","url":"https:\/\/www.aplicacionsaudiovisuals.com\/wp-content\/uploads\/2025\/03\/aplicacions-audiovisuals-logo-negre.png","contentUrl":"https:\/\/www.aplicacionsaudiovisuals.com\/wp-content\/uploads\/2025\/03\/aplicacions-audiovisuals-logo-negre.png","width":500,"height":195,"caption":"Aplicacions Audiovisuals"},"image":{"@id":"https:\/\/www.aplicacionsaudiovisuals.com\/es\/#\/schema\/logo\/image\/"},"sameAs":["https:\/\/www.facebook.com\/aplicacionsaudiovisuals"]}]}},"_links":{"self":[{"href":"https:\/\/www.aplicacionsaudiovisuals.com\/es\/wp-json\/wp\/v2\/product\/12021","targetHints":{"allow":["GET"]}}],"collection":[{"href":"https:\/\/www.aplicacionsaudiovisuals.com\/es\/wp-json\/wp\/v2\/product"}],"about":[{"href":"https:\/\/www.aplicacionsaudiovisuals.com\/es\/wp-json\/wp\/v2\/types\/product"}],"version-history":[{"count":5,"href":"https:\/\/www.aplicacionsaudiovisuals.com\/es\/wp-json\/wp\/v2\/product\/12021\/revisions"}],"predecessor-version":[{"id":12184,"href":"https:\/\/www.aplicacionsaudiovisuals.com\/es\/wp-json\/wp\/v2\/product\/12021\/revisions\/12184"}],"wp:featuredmedia":[{"embeddable":true,"href":"https:\/\/www.aplicacionsaudiovisuals.com\/es\/wp-json\/wp\/v2\/media\/11491"}],"wp:attachment":[{"href":"https:\/\/www.aplicacionsaudiovisuals.com\/es\/wp-json\/wp\/v2\/media?parent=12021"}],"wp:term":[{"taxonomy":"product_brand","embeddable":true,"href":"https:\/\/www.aplicacionsaudiovisuals.com\/es\/wp-json\/wp\/v2\/product_brand?post=12021"},{"taxonomy":"product_cat","embeddable":true,"href":"https:\/\/www.aplicacionsaudiovisuals.com\/es\/wp-json\/wp\/v2\/product_cat?post=12021"},{"taxonomy":"product_tag","embeddable":true,"href":"https:\/\/www.aplicacionsaudiovisuals.com\/es\/wp-json\/wp\/v2\/product_tag?post=12021"}],"curies":[{"name":"wp","href":"https:\/\/api.w.org\/{rel}","templated":true}]}}