{"id":11974,"date":"2025-03-04T12:27:41","date_gmt":"2025-03-04T11:27:41","guid":{"rendered":"https:\/\/www.aplicacionsaudiovisuals.com\/contacte\/"},"modified":"2025-04-23T10:09:04","modified_gmt":"2025-04-23T08:09:04","slug":"contacto","status":"publish","type":"page","link":"https:\/\/www.aplicacionsaudiovisuals.com\/es\/contacto\/","title":{"rendered":"Contacto"},"content":{"rendered":"\t\t<div data-elementor-type=\"wp-page\" data-elementor-id=\"11974\" class=\"elementor elementor-11974 elementor-10173\">\n\t\t\t\t<div class=\"elementor-element elementor-element-63e9678 e-con-full e-flex e-con e-parent\" data-id=\"63e9678\" data-element_type=\"container\">\n\t\t\t\t<div class=\"elementor-element elementor-element-cb548b5 elementor-widget elementor-widget-otaru_core_google_map\" data-id=\"cb548b5\" data-element_type=\"widget\" data-widget_type=\"otaru_core_google_map.default\">\n\t\t\t\t<div class=\"elementor-widget-container\">\n\t\t\t\t\t<div class=\"qodef-shortcode qodef-m  qodef-google-map\">\n\t<div class=\"qodef-m-map\" id=\"qodef-map-id--810\" data-addresses='[\"Carrer Major, 148, 17162 Bescan\u00f3, Girona\"]' data-pin=https:\/\/www.aplicacionsaudiovisuals.com\/wp-content\/uploads\/2025\/03\/marcador-de-posicion.png data-unique-id=810 data-height=450><\/div>\n<\/div>\n\t\t\t\t<\/div>\n\t\t\t\t<\/div>\n\t\t\t\t<\/div>\n\t\t\t\t<section class=\"elementor-section elementor-top-section elementor-element elementor-element-5d78033 elementor-section-full_width qodef-elementor-content-grid elementor-section-height-default elementor-section-height-default\" data-id=\"5d78033\" data-element_type=\"section\">\n\t\t\t\t\t\t<div class=\"elementor-container elementor-column-gap-default\">\n\t\t\t\t\t<div class=\"elementor-column elementor-col-50 elementor-top-column elementor-element elementor-element-44ab760\" data-id=\"44ab760\" data-element_type=\"column\">\n\t\t\t<div class=\"elementor-widget-wrap elementor-element-populated\">\n\t\t\t\t\t\t<div class=\"elementor-element elementor-element-01126a3 elementor-widget__width-initial elementor-widget-tablet__width-inherit elementor-widget elementor-widget-otaru_core_section_title\" data-id=\"01126a3\" data-element_type=\"widget\" data-widget_type=\"otaru_core_section_title.default\">\n\t\t\t\t<div class=\"elementor-widget-container\">\n\t\t\t\t\t<div class=\"qodef-shortcode qodef-m  qodef-section-title qodef-alignment--left   \">\n\t\t\t<h3 class=\"qodef-m-title\" >\n\t\tContacta con nosotros\t\t<\/h3>\n\t\t<p class=\"qodef-m-text\" style=\"margin-top: 20px\">En Aplicacions Audiovisuals de Bescan\u00f3 estamos a tu disposici\u00f3n para ayudarte con cualquier duda o consulta relacionada con nuestros servicios. Si quieres saber m\u00e1s sobre c\u00f3mo podemos apoyar tu proyecto audiovisual o tienes alguna pregunta, no dudes en ponerte en contacto con nosotros.\n<\/p>\n\t<\/div>\n\t\t\t\t<\/div>\n\t\t\t\t<\/div>\n\t\t\t\t<section class=\"elementor-section elementor-inner-section elementor-element elementor-element-f828977 elementor-section-full_width elementor-section-height-default elementor-section-height-default qodef-elementor-content-no\" data-id=\"f828977\" data-element_type=\"section\">\n\t\t\t\t\t\t<div class=\"elementor-container elementor-column-gap-no\">\n\t\t\t\t\t<div class=\"elementor-column elementor-col-50 elementor-inner-column elementor-element elementor-element-74a9531\" data-id=\"74a9531\" data-element_type=\"column\">\n\t\t\t<div class=\"elementor-widget-wrap elementor-element-populated\">\n\t\t\t\t\t\t<div class=\"elementor-element elementor-element-ae13dc4 elementor-widget elementor-widget-otaru_core_section_title\" data-id=\"ae13dc4\" data-element_type=\"widget\" data-widget_type=\"otaru_core_section_title.default\">\n\t\t\t\t<div class=\"elementor-widget-container\">\n\t\t\t\t\t<div class=\"qodef-shortcode qodef-m  qodef-section-title qodef-alignment--left   \">\n\t\t\t<h5 class=\"qodef-m-title\" >\n\t\tDirecci\u00f3n\t\t<\/h5>\n\t\t<\/div>\n\t\t\t\t<\/div>\n\t\t\t\t<\/div>\n\t\t\t\t<div class=\"elementor-element elementor-element-514f1f1 elementor-widget elementor-widget-otaru_core_section_title\" data-id=\"514f1f1\" data-element_type=\"widget\" data-widget_type=\"otaru_core_section_title.default\">\n\t\t\t\t<div class=\"elementor-widget-container\">\n\t\t\t\t\t<div class=\"qodef-shortcode qodef-m  qodef-section-title qodef-alignment--left   \">\n\t\t\t<p class=\"qodef-m-title\" >\n\t\t\t<a itemprop=\"url\" href=\"https:\/\/www.google.es\/maps\/place\/Carrer+Major,+148,+17162+Bescan%C3%B3,+Girona\/@41.9668444,2.7321912,17z\/data=!3m1!4b1!4m6!3m5!1s0x12badc2a71535c19:0x536d8696e274e554!8m2!3d41.9668404!4d2.7347715!16s%2Fg%2F11f57kw_lf?hl=es&#038;entry=ttu&#038;g_ep=EgoyMDI1MDMxMC4wIKXMDSoASAFQAw%3D%3D\" target=\"_blank\">\n\t\tC\/ Major, 148, 17162 Bescan\u00f3, Girona\t\t\t<\/a>\n\t\t<\/p>\n\t\t<\/div>\n\t\t\t\t<\/div>\n\t\t\t\t<\/div>\n\t\t\t\t\t<\/div>\n\t\t<\/div>\n\t\t\t\t<div class=\"elementor-column elementor-col-50 elementor-inner-column elementor-element elementor-element-606bcfe\" data-id=\"606bcfe\" data-element_type=\"column\">\n\t\t\t<div class=\"elementor-widget-wrap elementor-element-populated\">\n\t\t\t\t\t\t<div class=\"elementor-element elementor-element-8b7b965 elementor-widget elementor-widget-otaru_core_section_title\" data-id=\"8b7b965\" data-element_type=\"widget\" data-widget_type=\"otaru_core_section_title.default\">\n\t\t\t\t<div class=\"elementor-widget-container\">\n\t\t\t\t\t<div class=\"qodef-shortcode qodef-m  qodef-section-title qodef-alignment--left   \">\n\t\t\t<h5 class=\"qodef-m-title\" >\n\t\tTel\u00e9fono\t\t<\/h5>\n\t\t<\/div>\n\t\t\t\t<\/div>\n\t\t\t\t<\/div>\n\t\t\t\t<div class=\"elementor-element elementor-element-a937888 elementor-widget elementor-widget-otaru_core_section_title\" data-id=\"a937888\" data-element_type=\"widget\" data-widget_type=\"otaru_core_section_title.default\">\n\t\t\t\t<div class=\"elementor-widget-container\">\n\t\t\t\t\t<div class=\"qodef-shortcode qodef-m  qodef-section-title qodef-alignment--left   \">\n\t\t\t<p class=\"qodef-m-title\" >\n\t\t+34 972 402 492\t\t<\/p>\n\t\t<\/div>\n\t\t\t\t<\/div>\n\t\t\t\t<\/div>\n\t\t\t\t\t<\/div>\n\t\t<\/div>\n\t\t\t\t\t<\/div>\n\t\t<\/section>\n\t\t\t\t<section class=\"elementor-section elementor-inner-section elementor-element elementor-element-f433ca7 elementor-section-full_width elementor-section-height-default elementor-section-height-default qodef-elementor-content-no\" data-id=\"f433ca7\" data-element_type=\"section\">\n\t\t\t\t\t\t<div class=\"elementor-container elementor-column-gap-no\">\n\t\t\t\t\t<div class=\"elementor-column elementor-col-50 elementor-inner-column elementor-element elementor-element-480ea0d\" data-id=\"480ea0d\" data-element_type=\"column\">\n\t\t\t<div class=\"elementor-widget-wrap elementor-element-populated\">\n\t\t\t\t\t\t<div class=\"elementor-element elementor-element-dfa784c elementor-widget elementor-widget-otaru_core_section_title\" data-id=\"dfa784c\" data-element_type=\"widget\" data-widget_type=\"otaru_core_section_title.default\">\n\t\t\t\t<div class=\"elementor-widget-container\">\n\t\t\t\t\t<div class=\"qodef-shortcode qodef-m  qodef-section-title qodef-alignment--left   \">\n\t\t\t<h5 class=\"qodef-m-title\" >\n\t\tEmail\t\t<\/h5>\n\t\t<\/div>\n\t\t\t\t<\/div>\n\t\t\t\t<\/div>\n\t\t\t\t<div class=\"elementor-element elementor-element-e4783ee elementor-widget elementor-widget-otaru_core_section_title\" data-id=\"e4783ee\" data-element_type=\"widget\" data-widget_type=\"otaru_core_section_title.default\">\n\t\t\t\t<div class=\"elementor-widget-container\">\n\t\t\t\t\t<div class=\"qodef-shortcode qodef-m  qodef-section-title qodef-alignment--left   \">\n\t\t\t<p class=\"qodef-m-title\" >\n\t\t\t<a itemprop=\"url\" href=\"mailto:info@aplicacionsaudiovisuals.com\" target=\"_blank\">\n\t\tinfo@aplicacionsaudiovisuals.com\t\t\t<\/a>\n\t\t<\/p>\n\t\t<\/div>\n\t\t\t\t<\/div>\n\t\t\t\t<\/div>\n\t\t\t\t\t<\/div>\n\t\t<\/div>\n\t\t\t\t<div class=\"elementor-column elementor-col-50 elementor-inner-column elementor-element elementor-element-8508247\" data-id=\"8508247\" data-element_type=\"column\">\n\t\t\t<div class=\"elementor-widget-wrap elementor-element-populated\">\n\t\t\t\t\t\t<div class=\"elementor-element elementor-element-826342b elementor-widget elementor-widget-otaru_core_section_title\" data-id=\"826342b\" data-element_type=\"widget\" data-widget_type=\"otaru_core_section_title.default\">\n\t\t\t\t<div class=\"elementor-widget-container\">\n\t\t\t\t\t<div class=\"qodef-shortcode qodef-m  qodef-section-title qodef-alignment--left   \">\n\t\t\t<h5 class=\"qodef-m-title\" >\n\t\tHorario\t\t<\/h5>\n\t\t<\/div>\n\t\t\t\t<\/div>\n\t\t\t\t<\/div>\n\t\t\t\t<div class=\"elementor-element elementor-element-ca3e179 elementor-widget elementor-widget-otaru_core_section_title\" data-id=\"ca3e179\" data-element_type=\"widget\" data-widget_type=\"otaru_core_section_title.default\">\n\t\t\t\t<div class=\"elementor-widget-container\">\n\t\t\t\t\t<div class=\"qodef-shortcode qodef-m  qodef-section-title qodef-alignment--left   \">\n\t\t\t<p class=\"qodef-m-title\" >\n\t\t\t<a itemprop=\"url\" href=\"https:\/\/www.google.com\/maps\/place\/%D0%93%D1%83%D0%BD%D0%B4%D1%83%D0%BB%D0%B8%D1%9B%D0%B5%D0%B2+%D0%B2%D0%B5%D0%BD%D0%B0%D1%86+25,+%D0%91%D0%B5%D0%BE%D0%B3%D1%80%D0%B0%D0%B4\/@44.8188577,20.4680173,17z\/data=!3m1!4b1!4m5!3m4!1s0x475a7ab76b8540bf:0x93b9790b81262c0f!8m2!3d44.8188539!4d20.470206\" target=\"_blank\">\n\t\tLunes - viernes - 9:00 a 13:00 horas.<br>\nS\u00e1bados y domingos cerrado.\t\t\t<\/a>\n\t\t<\/p>\n\t\t<\/div>\n\t\t\t\t<\/div>\n\t\t\t\t<\/div>\n\t\t\t\t\t<\/div>\n\t\t<\/div>\n\t\t\t\t\t<\/div>\n\t\t<\/section>\n\t\t\t\t\t<\/div>\n\t\t<\/div>\n\t\t\t\t<div class=\"elementor-column elementor-col-50 elementor-top-column elementor-element elementor-element-a1c3451\" data-id=\"a1c3451\" data-element_type=\"column\">\n\t\t\t<div class=\"elementor-widget-wrap elementor-element-populated\">\n\t\t\t\t\t\t<div class=\"elementor-element elementor-element-e2f9a1a elementor-widget elementor-widget-wp-widget-otaru_core_contact_form_7\" data-id=\"e2f9a1a\" data-element_type=\"widget\" data-widget_type=\"wp-widget-otaru_core_contact_form_7.default\">\n\t\t\t\t<div class=\"elementor-widget-container\">\n\t\t\t\t\t\t\t\t<div class=\"qodef-contact-form-7\">\n\t\t\t\t\n<div class=\"wpcf7 no-js\" id=\"wpcf7-f11973-o1\" lang=\"es-ES\" dir=\"ltr\" data-wpcf7-id=\"11973\">\n<div class=\"screen-reader-response\"><p role=\"status\" aria-live=\"polite\" aria-atomic=\"true\"><\/p> <ul><\/ul><\/div>\n<form action=\"\/es\/wp-json\/wp\/v2\/pages\/11974#wpcf7-f11973-o1\" method=\"post\" class=\"wpcf7-form init\" aria-label=\"Formulario de contacto\" novalidate=\"novalidate\" data-status=\"init\">\n<div style=\"display: none;\">\n<input type=\"hidden\" name=\"_wpcf7\" value=\"11973\" \/>\n<input type=\"hidden\" name=\"_wpcf7_version\" value=\"6.0.6\" \/>\n<input type=\"hidden\" name=\"_wpcf7_locale\" value=\"es_ES\" \/>\n<input type=\"hidden\" name=\"_wpcf7_unit_tag\" value=\"wpcf7-f11973-o1\" \/>\n<input type=\"hidden\" name=\"_wpcf7_container_post\" value=\"0\" \/>\n<input type=\"hidden\" name=\"_wpcf7_posted_data_hash\" value=\"\" \/>\n<\/div>\n<div class=\"qodef-m qodef--contact-3\">\n<div class=\"qodef-m-wrapper qodef--col-wrapper\">\n<div class=\"qodef-m-col\">\n<span class=\"wpcf7-form-control-wrap\" data-name=\"tu-nombre\"><input size=\"40\" maxlength=\"400\" class=\"wpcf7-form-control wpcf7-text wpcf7-validates-as-required\" aria-required=\"true\" aria-invalid=\"false\" placeholder=\"Nombre y apellidos*\" value=\"\" type=\"text\" name=\"tu-nombre\" \/><\/span>\n<\/div>\n<div class=\"qodef-m-col\">\n<span class=\"wpcf7-form-control-wrap\" data-name=\"tu-email\"><input size=\"40\" maxlength=\"400\" class=\"wpcf7-form-control wpcf7-email wpcf7-validates-as-required wpcf7-text wpcf7-validates-as-email\" aria-required=\"true\" aria-invalid=\"false\" placeholder=\"E-mail*\" value=\"\" type=\"email\" name=\"tu-email\" \/><\/span>\n<\/div>\n<\/div>\n<div class=\"qodef-m-wrapper qodef--col-wrapper\">\n<div class=\"qodef-m-col\">\n<span class=\"wpcf7-form-control-wrap\" data-name=\"teu-telefon\"><input size=\"40\" maxlength=\"400\" class=\"wpcf7-form-control wpcf7-tel wpcf7-text wpcf7-validates-as-tel\" aria-invalid=\"false\" placeholder=\"Tel\u00e9fono\" value=\"\" type=\"tel\" name=\"teu-telefon\" \/><\/span>\n<\/div>\n<div class=\"qodef-m-col\">\n<span class=\"wpcf7-form-control-wrap\" data-name=\"your-subject\"><input size=\"40\" maxlength=\"400\" class=\"wpcf7-form-control wpcf7-text wpcf7-validates-as-required\" aria-required=\"true\" aria-invalid=\"false\" placeholder=\"Asunto*\" value=\"\" type=\"text\" name=\"your-subject\" \/><\/span>\n<\/div>\n<\/div>\n<div class=\"qodef-m-wrapper\">\n<span class=\"wpcf7-form-control-wrap\" data-name=\"message\"><textarea cols=\"40\" rows=\"4\" maxlength=\"2000\" class=\"wpcf7-form-control wpcf7-textarea wpcf7-validates-as-required\" aria-required=\"true\" aria-invalid=\"false\" placeholder=\"Mensaje*\" name=\"message\"><\/textarea><\/span>\n <span class=\"wpcf7-form-control-wrap\" data-name=\"acceptance-828\"><span class=\"wpcf7-form-control wpcf7-acceptance\"><span class=\"wpcf7-list-item\"><label><input type=\"checkbox\" name=\"acceptance-828\" value=\"1\" aria-invalid=\"false\" \/><span class=\"wpcf7-list-item-label\">He le\u00eddo y acepto la <a href=\"https:\/\/www.aplicacionsaudiovisuals.com\/es\/politica-de-privacidad\/\" target=\"_blank\">Pol\u00edtica de Privacidad<\/a> .<\/span><\/label><\/span><\/span><\/span> \n<\/div>\n<div class=\"qodef-m-wrapper qodef--button-wrapper\">\n<span class=\"wpcf7-form-control-wrap\" data-name=\"hcap-cf7\">\t\t<input\n\t\t\t\ttype=\"hidden\"\n\t\t\t\tclass=\"hcaptcha-widget-id\"\n\t\t\t\tname=\"hcaptcha-widget-id\"\n\t\t\t\tvalue=\"eyJzb3VyY2UiOlsiY29udGFjdC1mb3JtLTdcL3dwLWNvbnRhY3QtZm9ybS03LnBocCJdLCJmb3JtX2lkIjoxMTk3M30=-f7f757f0b45d44e0f048efa76976b9e9\">\n\t\t\t\t<span id=\"hcap_cf7-69e8d4645b7852.53314505\" class=\"wpcf7-form-control h-captcha \"\n\t\t\tdata-sitekey=\"5c8ab694-e9c8-4b7c-98fe-ac38174c616e\"\n\t\t\tdata-theme=\"light\"\n\t\t\tdata-size=\"normal\"\n\t\t\tdata-auto=\"false\"\n\t\t\tdata-ajax=\"false\"\n\t\t\tdata-force=\"false\">\n\t\t<\/span>\n\t\t<input type=\"hidden\" id=\"_wpnonce\" name=\"_wpnonce\" value=\"1dabb8facc\" \/><input type=\"hidden\" name=\"_wp_http_referer\" value=\"\/es\/wp-json\/wp\/v2\/pages\/11974\" \/><\/span><button class=\"wpcf7-form-control wpcf7-submit qodef-button qodef-size--normal qodef-layout--filled qodef-m\" type=\"submit\"><span class=\"qodef-m-text\">Env\u00eda<\/span><span class=\"qodef-m-icon\"><svg class=\"qodef-svg--button-arrow\" xmlns=\"http:\/\/www.w3.org\/2000\/svg\" xmlns:xlink=\"http:\/\/www.w3.org\/1999\/xlink\" x=\"0px\" y=\"0px\" viewBox=\"0 0 11 13\" xml:space=\"preserve\"><g><polygon points=\"11,6.5 0,0 0,13\" \/><\/g><\/svg><\/span><\/button>\n<\/div>\n<\/div><div class=\"wpcf7-response-output\" aria-hidden=\"true\"><\/div>\n<\/form>\n<\/div>\n\t\t\t<\/div>\n\t\t\t\t\t\t\t<\/div>\n\t\t\t\t<\/div>\n\t\t\t\t\t<\/div>\n\t\t<\/div>\n\t\t\t\t\t<\/div>\n\t\t<\/section>\n\t\t\t\t<\/div>\n\t\t","protected":false},"excerpt":{"rendered":"<p>Contacta con nosotros En Aplicacions Audiovisuals de Bescan\u00f3 estamos a tu disposici\u00f3n para ayudarte con cualquier duda o consulta relacionada con nuestros servicios. Si quieres saber m\u00e1s sobre c\u00f3mo podemos apoyar tu proyecto audiovisual o tienes alguna pregunta, no dudes en ponerte en contacto con nosotros. Direcci\u00f3n C\/ Major, 148, 17162 Bescan\u00f3, Girona Tel\u00e9fono +34 [&hellip;]<\/p>\n","protected":false},"author":1,"featured_media":0,"parent":0,"menu_order":0,"comment_status":"closed","ping_status":"closed","template":"page-full-width.php","meta":{"footnotes":""},"class_list":["post-11974","page","type-page","status-publish","hentry"],"yoast_head":"<!-- This site is optimized with the Yoast SEO plugin v24.9 - https:\/\/yoast.com\/wordpress\/plugins\/seo\/ -->\n<title>Contacto - Aplicacions Audiovisuals<\/title>\n<meta name=\"description\" content=\"Informaci\u00f3n de contacto: Calle Major, 148, 17162 Bescan\u00f3, Girona - Email: info@aplicacionsaudiovisuals.com - Tel\u00e9fono: 972 402 492\" \/>\n<meta name=\"robots\" content=\"index, follow, max-snippet:-1, max-image-preview:large, max-video-preview:-1\" \/>\n<link rel=\"canonical\" href=\"https:\/\/www.aplicacionsaudiovisuals.com\/es\/contacto\/\" \/>\n<meta property=\"og:locale\" content=\"es_ES\" \/>\n<meta property=\"og:type\" content=\"article\" \/>\n<meta property=\"og:title\" content=\"Contacto - Aplicacions Audiovisuals\" \/>\n<meta property=\"og:description\" content=\"Informaci\u00f3n de contacto: Calle Major, 148, 17162 Bescan\u00f3, Girona - Email: info@aplicacionsaudiovisuals.com - Tel\u00e9fono: 972 402 492\" \/>\n<meta property=\"og:url\" content=\"https:\/\/www.aplicacionsaudiovisuals.com\/es\/contacto\/\" \/>\n<meta property=\"og:site_name\" content=\"Aplicacions Audiovisuals\" \/>\n<meta property=\"article:publisher\" content=\"https:\/\/www.facebook.com\/aplicacionsaudiovisuals\" \/>\n<meta property=\"article:modified_time\" content=\"2025-04-23T08:09:04+00:00\" \/>\n<meta property=\"og:image\" content=\"https:\/\/www.aplicacionsaudiovisuals.com\/wp-content\/uploads\/2025\/03\/altaveus-header-seeburg.jpg\" \/>\n\t<meta property=\"og:image:width\" content=\"1920\" \/>\n\t<meta property=\"og:image:height\" content=\"1096\" \/>\n\t<meta property=\"og:image:type\" content=\"image\/jpeg\" \/>\n<meta name=\"twitter:card\" content=\"summary_large_image\" \/>\n<meta name=\"twitter:label1\" content=\"Tiempo de lectura\" \/>\n\t<meta name=\"twitter:data1\" content=\"1 minuto\" \/>\n<script type=\"application\/ld+json\" class=\"yoast-schema-graph\">{\"@context\":\"https:\/\/schema.org\",\"@graph\":[{\"@type\":\"WebPage\",\"@id\":\"https:\/\/www.aplicacionsaudiovisuals.com\/es\/contacto\/\",\"url\":\"https:\/\/www.aplicacionsaudiovisuals.com\/es\/contacto\/\",\"name\":\"Contacto - Aplicacions Audiovisuals\",\"isPartOf\":{\"@id\":\"https:\/\/www.aplicacionsaudiovisuals.com\/es\/#website\"},\"datePublished\":\"2025-03-04T11:27:41+00:00\",\"dateModified\":\"2025-04-23T08:09:04+00:00\",\"description\":\"Informaci\u00f3n de contacto: Calle Major, 148, 17162 Bescan\u00f3, Girona - Email: info@aplicacionsaudiovisuals.com - Tel\u00e9fono: 972 402 492\",\"breadcrumb\":{\"@id\":\"https:\/\/www.aplicacionsaudiovisuals.com\/es\/contacto\/#breadcrumb\"},\"inLanguage\":\"es\",\"potentialAction\":[{\"@type\":\"ReadAction\",\"target\":[\"https:\/\/www.aplicacionsaudiovisuals.com\/es\/contacto\/\"]}]},{\"@type\":\"BreadcrumbList\",\"@id\":\"https:\/\/www.aplicacionsaudiovisuals.com\/es\/contacto\/#breadcrumb\",\"itemListElement\":[{\"@type\":\"ListItem\",\"position\":1,\"name\":\"Inici\",\"item\":\"https:\/\/www.aplicacionsaudiovisuals.com\/es\/\"},{\"@type\":\"ListItem\",\"position\":2,\"name\":\"Contacto\"}]},{\"@type\":\"WebSite\",\"@id\":\"https:\/\/www.aplicacionsaudiovisuals.com\/es\/#website\",\"url\":\"https:\/\/www.aplicacionsaudiovisuals.com\/es\/\",\"name\":\"Aplicacions Audiovisuals\",\"description\":\"Projectes de condicionament ac\u00fastic\",\"publisher\":{\"@id\":\"https:\/\/www.aplicacionsaudiovisuals.com\/es\/#organization\"},\"alternateName\":\"Aplicacions Audiovisuals\",\"potentialAction\":[{\"@type\":\"SearchAction\",\"target\":{\"@type\":\"EntryPoint\",\"urlTemplate\":\"https:\/\/www.aplicacionsaudiovisuals.com\/es\/?s={search_term_string}\"},\"query-input\":{\"@type\":\"PropertyValueSpecification\",\"valueRequired\":true,\"valueName\":\"search_term_string\"}}],\"inLanguage\":\"es\"},{\"@type\":\"Organization\",\"@id\":\"https:\/\/www.aplicacionsaudiovisuals.com\/es\/#organization\",\"name\":\"Aplicacions Audiovisuals\",\"url\":\"https:\/\/www.aplicacionsaudiovisuals.com\/es\/\",\"logo\":{\"@type\":\"ImageObject\",\"inLanguage\":\"es\",\"@id\":\"https:\/\/www.aplicacionsaudiovisuals.com\/es\/#\/schema\/logo\/image\/\",\"url\":\"https:\/\/www.aplicacionsaudiovisuals.com\/wp-content\/uploads\/2025\/03\/aplicacions-audiovisuals-logo-negre.png\",\"contentUrl\":\"https:\/\/www.aplicacionsaudiovisuals.com\/wp-content\/uploads\/2025\/03\/aplicacions-audiovisuals-logo-negre.png\",\"width\":500,\"height\":195,\"caption\":\"Aplicacions Audiovisuals\"},\"image\":{\"@id\":\"https:\/\/www.aplicacionsaudiovisuals.com\/es\/#\/schema\/logo\/image\/\"},\"sameAs\":[\"https:\/\/www.facebook.com\/aplicacionsaudiovisuals\"]}]}<\/script>\n<!-- \/ Yoast SEO plugin. -->","yoast_head_json":{"title":"Contacto - Aplicacions Audiovisuals","description":"Informaci\u00f3n de contacto: Calle Major, 148, 17162 Bescan\u00f3, Girona - Email: info@aplicacionsaudiovisuals.com - Tel\u00e9fono: 972 402 492","robots":{"index":"index","follow":"follow","max-snippet":"max-snippet:-1","max-image-preview":"max-image-preview:large","max-video-preview":"max-video-preview:-1"},"canonical":"https:\/\/www.aplicacionsaudiovisuals.com\/es\/contacto\/","og_locale":"es_ES","og_type":"article","og_title":"Contacto - Aplicacions Audiovisuals","og_description":"Informaci\u00f3n de contacto: Calle Major, 148, 17162 Bescan\u00f3, Girona - Email: info@aplicacionsaudiovisuals.com - Tel\u00e9fono: 972 402 492","og_url":"https:\/\/www.aplicacionsaudiovisuals.com\/es\/contacto\/","og_site_name":"Aplicacions Audiovisuals","article_publisher":"https:\/\/www.facebook.com\/aplicacionsaudiovisuals","article_modified_time":"2025-04-23T08:09:04+00:00","og_image":[{"width":1920,"height":1096,"url":"https:\/\/www.aplicacionsaudiovisuals.com\/wp-content\/uploads\/2025\/03\/altaveus-header-seeburg.jpg","type":"image\/jpeg"}],"twitter_card":"summary_large_image","twitter_misc":{"Tiempo de lectura":"1 minuto"},"schema":{"@context":"https:\/\/schema.org","@graph":[{"@type":"WebPage","@id":"https:\/\/www.aplicacionsaudiovisuals.com\/es\/contacto\/","url":"https:\/\/www.aplicacionsaudiovisuals.com\/es\/contacto\/","name":"Contacto - Aplicacions Audiovisuals","isPartOf":{"@id":"https:\/\/www.aplicacionsaudiovisuals.com\/es\/#website"},"datePublished":"2025-03-04T11:27:41+00:00","dateModified":"2025-04-23T08:09:04+00:00","description":"Informaci\u00f3n de contacto: Calle Major, 148, 17162 Bescan\u00f3, Girona - Email: info@aplicacionsaudiovisuals.com - Tel\u00e9fono: 972 402 492","breadcrumb":{"@id":"https:\/\/www.aplicacionsaudiovisuals.com\/es\/contacto\/#breadcrumb"},"inLanguage":"es","potentialAction":[{"@type":"ReadAction","target":["https:\/\/www.aplicacionsaudiovisuals.com\/es\/contacto\/"]}]},{"@type":"BreadcrumbList","@id":"https:\/\/www.aplicacionsaudiovisuals.com\/es\/contacto\/#breadcrumb","itemListElement":[{"@type":"ListItem","position":1,"name":"Inici","item":"https:\/\/www.aplicacionsaudiovisuals.com\/es\/"},{"@type":"ListItem","position":2,"name":"Contacto"}]},{"@type":"WebSite","@id":"https:\/\/www.aplicacionsaudiovisuals.com\/es\/#website","url":"https:\/\/www.aplicacionsaudiovisuals.com\/es\/","name":"Aplicacions Audiovisuals","description":"Projectes de condicionament ac\u00fastic","publisher":{"@id":"https:\/\/www.aplicacionsaudiovisuals.com\/es\/#organization"},"alternateName":"Aplicacions Audiovisuals","potentialAction":[{"@type":"SearchAction","target":{"@type":"EntryPoint","urlTemplate":"https:\/\/www.aplicacionsaudiovisuals.com\/es\/?s={search_term_string}"},"query-input":{"@type":"PropertyValueSpecification","valueRequired":true,"valueName":"search_term_string"}}],"inLanguage":"es"},{"@type":"Organization","@id":"https:\/\/www.aplicacionsaudiovisuals.com\/es\/#organization","name":"Aplicacions Audiovisuals","url":"https:\/\/www.aplicacionsaudiovisuals.com\/es\/","logo":{"@type":"ImageObject","inLanguage":"es","@id":"https:\/\/www.aplicacionsaudiovisuals.com\/es\/#\/schema\/logo\/image\/","url":"https:\/\/www.aplicacionsaudiovisuals.com\/wp-content\/uploads\/2025\/03\/aplicacions-audiovisuals-logo-negre.png","contentUrl":"https:\/\/www.aplicacionsaudiovisuals.com\/wp-content\/uploads\/2025\/03\/aplicacions-audiovisuals-logo-negre.png","width":500,"height":195,"caption":"Aplicacions Audiovisuals"},"image":{"@id":"https:\/\/www.aplicacionsaudiovisuals.com\/es\/#\/schema\/logo\/image\/"},"sameAs":["https:\/\/www.facebook.com\/aplicacionsaudiovisuals"]}]}},"_links":{"self":[{"href":"https:\/\/www.aplicacionsaudiovisuals.com\/es\/wp-json\/wp\/v2\/pages\/11974","targetHints":{"allow":["GET"]}}],"collection":[{"href":"https:\/\/www.aplicacionsaudiovisuals.com\/es\/wp-json\/wp\/v2\/pages"}],"about":[{"href":"https:\/\/www.aplicacionsaudiovisuals.com\/es\/wp-json\/wp\/v2\/types\/page"}],"author":[{"embeddable":true,"href":"https:\/\/www.aplicacionsaudiovisuals.com\/es\/wp-json\/wp\/v2\/users\/1"}],"replies":[{"embeddable":true,"href":"https:\/\/www.aplicacionsaudiovisuals.com\/es\/wp-json\/wp\/v2\/comments?post=11974"}],"version-history":[{"count":4,"href":"https:\/\/www.aplicacionsaudiovisuals.com\/es\/wp-json\/wp\/v2\/pages\/11974\/revisions"}],"predecessor-version":[{"id":11978,"href":"https:\/\/www.aplicacionsaudiovisuals.com\/es\/wp-json\/wp\/v2\/pages\/11974\/revisions\/11978"}],"wp:attachment":[{"href":"https:\/\/www.aplicacionsaudiovisuals.com\/es\/wp-json\/wp\/v2\/media?parent=11974"}],"curies":[{"name":"wp","href":"https:\/\/api.w.org\/{rel}","templated":true}]}}